{"id":3549,"date":"2024-11-08T09:25:49","date_gmt":"2024-11-08T07:25:49","guid":{"rendered":"https:\/\/ortoto.se.lt\/prieziuros-vadovas\/"},"modified":"2025-09-05T11:26:54","modified_gmt":"2025-09-05T11:26:54","slug":"prieziuros-vadovas","status":"publish","type":"page","link":"https:\/\/ortoto.com\/lt\/prieziuros-vadovas\/","title":{"rendered":"Prie\u017ei\u016bros vadovas"},"content":{"rendered":"\t\t<div data-elementor-type=\"wp-page\" data-elementor-id=\"3549\" class=\"elementor elementor-3549 elementor-1129\" data-elementor-post-type=\"page\">\n\t\t\t\t<div class=\"elementor-element elementor-element-61a5eae e-flex e-con-boxed e-con e-parent\" data-id=\"61a5eae\" data-element_type=\"container\">\n\t\t\t\t\t<div class=\"e-con-inner\">\n\t\t\t\t<div class=\"elementor-element elementor-element-6970fab elementor-widget elementor-widget-spacer\" data-id=\"6970fab\" data-element_type=\"widget\" data-widget_type=\"spacer.default\">\n\t\t\t\t\t\t\t<div class=\"elementor-spacer\">\n\t\t\t<div class=\"elementor-spacer-inner\"><\/div>\n\t\t<\/div>\n\t\t\t\t\t\t<\/div>\n\t\t\t\t<div class=\"elementor-element elementor-element-1c63f82 elementor-widget__width-initial elementor-widget elementor-widget-heading\" data-id=\"1c63f82\" data-element_type=\"widget\" data-widget_type=\"heading.default\">\n\t\t\t\t\t<h1 class=\"elementor-heading-title elementor-size-default\">Prie\u017ei\u016bros vadovas<\/h1>\t\t\t\t<\/div>\n\t\t\t\t<div class=\"elementor-element elementor-element-eefaf9e elementor-widget elementor-widget-spacer\" data-id=\"eefaf9e\" data-element_type=\"widget\" data-widget_type=\"spacer.default\">\n\t\t\t\t\t\t\t<div class=\"elementor-spacer\">\n\t\t\t<div class=\"elementor-spacer-inner\"><\/div>\n\t\t<\/div>\n\t\t\t\t\t\t<\/div>\n\t\t\t\t<div class=\"elementor-element elementor-element-4c3ebc9 elementor-widget elementor-widget-image\" data-id=\"4c3ebc9\" data-element_type=\"widget\" data-widget_type=\"image.default\">\n\t\t\t\t\t\t\t\t\t\t\t\t\t\t\t<img loading=\"lazy\" decoding=\"async\" width=\"800\" height=\"78\" src=\"https:\/\/ortoto.com\/app\/uploads\/2025\/05\/ikonos.svg\" class=\"attachment-large size-large wp-image-3535\" alt=\"\" loading=\"lazy\" \/>\t\t\t\t\t\t\t\t\t\t\t\t\t\t\t<\/div>\n\t\t\t\t<div class=\"elementor-element elementor-element-9170075 elementor-widget elementor-widget-spacer\" data-id=\"9170075\" data-element_type=\"widget\" data-widget_type=\"spacer.default\">\n\t\t\t\t\t\t\t<div class=\"elementor-spacer\">\n\t\t\t<div class=\"elementor-spacer-inner\"><\/div>\n\t\t<\/div>\n\t\t\t\t\t\t<\/div>\n\t\t\t\t<div class=\"elementor-element elementor-element-119f7a0 elementor-widget__width-initial elementor-widget elementor-widget-heading\" data-id=\"119f7a0\" data-element_type=\"widget\" data-widget_type=\"heading.default\">\n\t\t\t\t\t<h2 class=\"elementor-heading-title elementor-size-default\">REKOMENDACIJOS, KAIP PRAT\u0118STI ORTOTO ILGAAM\u017dI\u0160KUM\u0104<\/h2>\t\t\t\t<\/div>\n\t\t\t\t<div class=\"elementor-element elementor-element-ceb656d elementor-widget elementor-widget-text-editor\" data-id=\"ceb656d\" data-element_type=\"widget\" data-widget_type=\"text-editor.default\">\n\t\t\t\t\t\t\t\t\t<ul><li><p><strong>Naudokite tik ant \u0161vari\u0173, lygi\u0173 pavir\u0161i\u0173<\/strong> D\u0117dami ORTOTO produktus ant lygaus ir \u0161varaus pavir\u0161iaus padedate i\u0161vengti nereikalingo dilimo. \u0160iurk\u0161t\u016bs arba nelyg\u016bs pavir\u0161iai gali pakenkti med\u017eiagai ir sutrumpinti produkto tarnavimo laik\u0105. <\/p><\/li><li><p><strong>Venkite tiesiogini\u0173 saul\u0117s spinduli\u0173<\/strong> Ilgalaikis tiesiogin\u0117s saul\u0117s poveikis gali i\u0161blukinti med\u017eiag\u0105 ir arba j\u0105 perkaitinti, d\u0117l ko gali atsirasti spalvos poky\u010di\u0173 ar i\u0161kraipym\u0173.<\/p><\/li><li><p><strong>Laikykite sausoje, v\u0117sioje vietoje<\/strong> Tinkama laikymo vieta \u2014 \u0161vari, sausa aplinka. Ji apsaugos produkto ilgaam\u017ei\u0161kum\u0105 ir u\u017etikrins, kad jis i\u0161likt\u0173 geros b\u016bkl\u0117s kuo ilgiau.<\/p><\/li><li><p><strong>Venkite d\u0117ti sunkius daiktus ant kilim\u0117li\u0173<\/strong> Per didelis sl\u0117gis, ypa\u010d pad\u0117jus sunkius daiktus, gali sukelti med\u017eiagos i\u0161kraipym\u0105 ar formos pasikeitim\u0105.<\/p><\/li><li><p><strong>Nelaikykite produkto deformuoto ilg\u0105 laik\u0105<\/strong> Ilgalaikis produkto deformavimas gali sukelti med\u017eiagos i\u0161kraipym\u0105 arba formos pasikeitim\u0105.<\/p><\/li><li><p><strong>Neplaukite indaplov\u0117je<\/strong> Netinkamas plovimas gali pa\u017eeisti med\u017eiag\u0105 ir suma\u017einti produkto tarnavimo laik\u0105 \u2014 rekomenduojame ORTOTO produktus plauti tik su vandeniu ir muilu.<\/p><\/li><li><p><strong>Venkite naudoti abrazyvines valymo priemones<\/strong> Naudojant abrazyvines valymo priemones, gali b\u016bti pa\u017eeista med\u017eiaga ir sutrumpintas produkto tarnavimo laikas. <\/p><\/li><\/ul>\t\t\t\t\t\t\t\t<\/div>\n\t\t\t\t<div class=\"elementor-element elementor-element-3f74609 elementor-widget elementor-widget-spacer\" data-id=\"3f74609\" data-element_type=\"widget\" data-widget_type=\"spacer.default\">\n\t\t\t\t\t\t\t<div class=\"elementor-spacer\">\n\t\t\t<div class=\"elementor-spacer-inner\"><\/div>\n\t\t<\/div>\n\t\t\t\t\t\t<\/div>\n\t\t\t\t\t<\/div>\n\t\t\t\t<\/div>\n\t\t\t\t<\/div>\n\t\t","protected":false},"excerpt":{"rendered":"<p>Prie\u017ei\u016bros vadovas REKOMENDACIJOS, KAIP PRAT\u0118STI ORTOTO ILGAAM\u017dI\u0160KUM\u0104 Naudokite tik ant \u0161vari\u0173, lygi\u0173 pavir\u0161i\u0173 D\u0117dami ORTOTO produktus ant lygaus ir \u0161varaus pavir\u0161iaus padedate i\u0161vengti nereikalingo dilimo. \u0160iurk\u0161t\u016bs arba nelyg\u016bs pavir\u0161iai gali pakenkti med\u017eiagai ir sutrumpinti produkto tarnavimo laik\u0105. Venkite tiesiogini\u0173 saul\u0117s spinduli\u0173 Ilgalaikis tiesiogin\u0117s saul\u0117s poveikis gali i\u0161blukinti med\u017eiag\u0105 ir arba j\u0105 perkaitinti, d\u0117l ko gali [&hellip;]<\/p>\n","protected":false},"author":1,"featured_media":0,"parent":0,"menu_order":0,"comment_status":"closed","ping_status":"closed","template":"","meta":{"_acf_changed":false,"footnotes":""},"class_list":["post-3549","page","type-page","status-publish","hentry"],"acf":[],"yoast_head":"<!-- This site is optimized with the Yoast SEO plugin v26.5 - https:\/\/yoast.com\/wordpress\/plugins\/seo\/ -->\n<title>Prie\u017ei\u016bros vadovas - Ortoto<\/title>\n<meta name=\"robots\" content=\"index, follow, max-snippet:-1, max-image-preview:large, max-video-preview:-1\" \/>\n<link rel=\"canonical\" href=\"https:\/\/ortoto.com\/lt\/prieziuros-vadovas\/\" \/>\n<meta property=\"og:locale\" content=\"lt_LT\" \/>\n<meta property=\"og:type\" content=\"article\" \/>\n<meta property=\"og:title\" content=\"Prie\u017ei\u016bros vadovas - Ortoto\" \/>\n<meta property=\"og:description\" content=\"Prie\u017ei\u016bros vadovas REKOMENDACIJOS, KAIP PRAT\u0118STI ORTOTO ILGAAM\u017dI\u0160KUM\u0104 Naudokite tik ant \u0161vari\u0173, lygi\u0173 pavir\u0161i\u0173 D\u0117dami ORTOTO produktus ant lygaus ir \u0161varaus pavir\u0161iaus padedate i\u0161vengti nereikalingo dilimo. \u0160iurk\u0161t\u016bs arba nelyg\u016bs pavir\u0161iai gali pakenkti med\u017eiagai ir sutrumpinti produkto tarnavimo laik\u0105. Venkite tiesiogini\u0173 saul\u0117s spinduli\u0173 Ilgalaikis tiesiogin\u0117s saul\u0117s poveikis gali i\u0161blukinti med\u017eiag\u0105 ir arba j\u0105 perkaitinti, d\u0117l ko gali [&hellip;]\" \/>\n<meta property=\"og:url\" content=\"https:\/\/ortoto.com\/lt\/prieziuros-vadovas\/\" \/>\n<meta property=\"og:site_name\" content=\"Ortoto\" \/>\n<meta property=\"article:modified_time\" content=\"2025-09-05T11:26:54+00:00\" \/>\n<meta name=\"twitter:card\" content=\"summary_large_image\" \/>\n<meta name=\"twitter:label1\" content=\"Est. reading time\" \/>\n\t<meta name=\"twitter:data1\" content=\"1 minute\" \/>\n<script type=\"application\/ld+json\" class=\"yoast-schema-graph\">{\"@context\":\"https:\/\/schema.org\",\"@graph\":[{\"@type\":\"WebPage\",\"@id\":\"https:\/\/ortoto.com\/lt\/prieziuros-vadovas\/\",\"url\":\"https:\/\/ortoto.com\/lt\/prieziuros-vadovas\/\",\"name\":\"Prie\u017ei\u016bros vadovas - Ortoto\",\"isPartOf\":{\"@id\":\"https:\/\/ortoto.com\/lt\/#website\"},\"primaryImageOfPage\":{\"@id\":\"https:\/\/ortoto.com\/lt\/prieziuros-vadovas\/#primaryimage\"},\"image\":{\"@id\":\"https:\/\/ortoto.com\/lt\/prieziuros-vadovas\/#primaryimage\"},\"thumbnailUrl\":\"https:\/\/ortoto.com\/app\/uploads\/2025\/05\/ikonos.svg\",\"datePublished\":\"2024-11-08T07:25:49+00:00\",\"dateModified\":\"2025-09-05T11:26:54+00:00\",\"breadcrumb\":{\"@id\":\"https:\/\/ortoto.com\/lt\/prieziuros-vadovas\/#breadcrumb\"},\"inLanguage\":\"lt-LT\",\"potentialAction\":[{\"@type\":\"ReadAction\",\"target\":[\"https:\/\/ortoto.com\/lt\/prieziuros-vadovas\/\"]}]},{\"@type\":\"ImageObject\",\"inLanguage\":\"lt-LT\",\"@id\":\"https:\/\/ortoto.com\/lt\/prieziuros-vadovas\/#primaryimage\",\"url\":\"https:\/\/ortoto.com\/app\/uploads\/2025\/05\/ikonos.svg\",\"contentUrl\":\"https:\/\/ortoto.com\/app\/uploads\/2025\/05\/ikonos.svg\"},{\"@type\":\"BreadcrumbList\",\"@id\":\"https:\/\/ortoto.com\/lt\/prieziuros-vadovas\/#breadcrumb\",\"itemListElement\":[{\"@type\":\"ListItem\",\"position\":1,\"name\":\"Home\",\"item\":\"https:\/\/ortoto.com\/lt\/\"},{\"@type\":\"ListItem\",\"position\":2,\"name\":\"Prie\u017ei\u016bros vadovas\"}]},{\"@type\":\"WebSite\",\"@id\":\"https:\/\/ortoto.com\/lt\/#website\",\"url\":\"https:\/\/ortoto.com\/lt\/\",\"name\":\"Ortoto\",\"description\":\"Massage Puzzle Mats\",\"potentialAction\":[{\"@type\":\"SearchAction\",\"target\":{\"@type\":\"EntryPoint\",\"urlTemplate\":\"https:\/\/ortoto.com\/lt\/?s={search_term_string}\"},\"query-input\":{\"@type\":\"PropertyValueSpecification\",\"valueRequired\":true,\"valueName\":\"search_term_string\"}}],\"inLanguage\":\"lt-LT\"}]}<\/script>\n<!-- \/ Yoast SEO plugin. -->","yoast_head_json":{"title":"Prie\u017ei\u016bros vadovas - Ortoto","robots":{"index":"index","follow":"follow","max-snippet":"max-snippet:-1","max-image-preview":"max-image-preview:large","max-video-preview":"max-video-preview:-1"},"canonical":"https:\/\/ortoto.com\/lt\/prieziuros-vadovas\/","og_locale":"lt_LT","og_type":"article","og_title":"Prie\u017ei\u016bros vadovas - Ortoto","og_description":"Prie\u017ei\u016bros vadovas REKOMENDACIJOS, KAIP PRAT\u0118STI ORTOTO ILGAAM\u017dI\u0160KUM\u0104 Naudokite tik ant \u0161vari\u0173, lygi\u0173 pavir\u0161i\u0173 D\u0117dami ORTOTO produktus ant lygaus ir \u0161varaus pavir\u0161iaus padedate i\u0161vengti nereikalingo dilimo. \u0160iurk\u0161t\u016bs arba nelyg\u016bs pavir\u0161iai gali pakenkti med\u017eiagai ir sutrumpinti produkto tarnavimo laik\u0105. Venkite tiesiogini\u0173 saul\u0117s spinduli\u0173 Ilgalaikis tiesiogin\u0117s saul\u0117s poveikis gali i\u0161blukinti med\u017eiag\u0105 ir arba j\u0105 perkaitinti, d\u0117l ko gali [&hellip;]","og_url":"https:\/\/ortoto.com\/lt\/prieziuros-vadovas\/","og_site_name":"Ortoto","article_modified_time":"2025-09-05T11:26:54+00:00","twitter_card":"summary_large_image","twitter_misc":{"Est. reading time":"1 minute"},"schema":{"@context":"https:\/\/schema.org","@graph":[{"@type":"WebPage","@id":"https:\/\/ortoto.com\/lt\/prieziuros-vadovas\/","url":"https:\/\/ortoto.com\/lt\/prieziuros-vadovas\/","name":"Prie\u017ei\u016bros vadovas - Ortoto","isPartOf":{"@id":"https:\/\/ortoto.com\/lt\/#website"},"primaryImageOfPage":{"@id":"https:\/\/ortoto.com\/lt\/prieziuros-vadovas\/#primaryimage"},"image":{"@id":"https:\/\/ortoto.com\/lt\/prieziuros-vadovas\/#primaryimage"},"thumbnailUrl":"https:\/\/ortoto.com\/app\/uploads\/2025\/05\/ikonos.svg","datePublished":"2024-11-08T07:25:49+00:00","dateModified":"2025-09-05T11:26:54+00:00","breadcrumb":{"@id":"https:\/\/ortoto.com\/lt\/prieziuros-vadovas\/#breadcrumb"},"inLanguage":"lt-LT","potentialAction":[{"@type":"ReadAction","target":["https:\/\/ortoto.com\/lt\/prieziuros-vadovas\/"]}]},{"@type":"ImageObject","inLanguage":"lt-LT","@id":"https:\/\/ortoto.com\/lt\/prieziuros-vadovas\/#primaryimage","url":"https:\/\/ortoto.com\/app\/uploads\/2025\/05\/ikonos.svg","contentUrl":"https:\/\/ortoto.com\/app\/uploads\/2025\/05\/ikonos.svg"},{"@type":"BreadcrumbList","@id":"https:\/\/ortoto.com\/lt\/prieziuros-vadovas\/#breadcrumb","itemListElement":[{"@type":"ListItem","position":1,"name":"Home","item":"https:\/\/ortoto.com\/lt\/"},{"@type":"ListItem","position":2,"name":"Prie\u017ei\u016bros vadovas"}]},{"@type":"WebSite","@id":"https:\/\/ortoto.com\/lt\/#website","url":"https:\/\/ortoto.com\/lt\/","name":"Ortoto","description":"Massage Puzzle Mats","potentialAction":[{"@type":"SearchAction","target":{"@type":"EntryPoint","urlTemplate":"https:\/\/ortoto.com\/lt\/?s={search_term_string}"},"query-input":{"@type":"PropertyValueSpecification","valueRequired":true,"valueName":"search_term_string"}}],"inLanguage":"lt-LT"}]}},"_links":{"self":[{"href":"https:\/\/ortoto.com\/lt\/wp-json\/wp\/v2\/pages\/3549","targetHints":{"allow":["GET"]}}],"collection":[{"href":"https:\/\/ortoto.com\/lt\/wp-json\/wp\/v2\/pages"}],"about":[{"href":"https:\/\/ortoto.com\/lt\/wp-json\/wp\/v2\/types\/page"}],"author":[{"embeddable":true,"href":"https:\/\/ortoto.com\/lt\/wp-json\/wp\/v2\/users\/1"}],"replies":[{"embeddable":true,"href":"https:\/\/ortoto.com\/lt\/wp-json\/wp\/v2\/comments?post=3549"}],"version-history":[{"count":0,"href":"https:\/\/ortoto.com\/lt\/wp-json\/wp\/v2\/pages\/3549\/revisions"}],"wp:attachment":[{"href":"https:\/\/ortoto.com\/lt\/wp-json\/wp\/v2\/media?parent=3549"}],"curies":[{"name":"wp","href":"https:\/\/api.w.org\/{rel}","templated":true}]}}