{"id":3551,"date":"2024-10-02T13:06:30","date_gmt":"2024-10-02T11:06:30","guid":{"rendered":"https:\/\/ortoto.se.lt\/taisykles-ir-salygos\/"},"modified":"2025-10-29T11:31:13","modified_gmt":"2025-10-29T11:31:13","slug":"taisykles-ir-salygos","status":"publish","type":"page","link":"https:\/\/ortoto.com\/lt\/taisykles-ir-salygos\/","title":{"rendered":"Taisykl\u0117s ir s\u0105lygos"},"content":{"rendered":"\n<p class=\"has-medium-font-size\"><strong>Taisykl\u0117s ir s\u0105lygos<\/strong><\/p>\n\n\n\n<p><strong>Pardav\u0117jas <\/strong>\u2014 ribotos atsakomyb\u0117s bendrov\u0117 \u201eLats Import Ltd.\u201c, registracijos numeris &#8211; 40203618163, PVM mok\u0117tojo kodas LV40203618163, juridinis adresas Baznicas street 13-19, Ryga, LV-1010, Latvija, el. pa\u0161tas: b2c@ortoto.com.<\/p>\n\n\n\n<p><strong>Vartotojas <\/strong>\u2013 fizinis asmuo, kuris parei\u0161kia nor\u0105 \u012fsigyti, perka arba gal\u0117t\u0173 \u012fsigyti, arba naudoti prekes ar paslaugas tikslu, nesusijusiu su jo ekonomine ar profesine veikla;<\/p>\n\n\n\n<p><strong>Pirk\u0117jas <\/strong>\u2013 asmuo, perkantis prekes per Pardav\u0117jo interneto svetain\u0119. Pirk\u0117ju gali b\u016bti tiek Vartotojas, tiek ne Vartotojas; <\/p>\n\n\n\n<p><strong>Prek\u0117s <\/strong>\u2013 bet koks daiktas, si\u016blomas arba parduodamas Vartotojui interneto svetain\u0117je;<\/p>\n\n\n\n<p><strong>Gamintojas <\/strong>\u2013 asmuo, kuris savo ekonomin\u0117s ar profesin\u0117s veiklos srityje gamina arba atnaujina prekes pardavimui arba identifikuoja save kaip gamintoj\u0105, nurodydamas (\u017eenklindamas) ant prek\u0117s ar jos pakuot\u0117s, arba prek\u0117s technin\u0117je dokumentacijoje savo pavadinim\u0105 (firmos pavadinim\u0105), vard\u0105, pavard\u0119, prek\u0117s \u017eenkl\u0105 ar kit\u0105 skiriam\u0105j\u012f \u017eenkl\u0105;<\/p>\n\n\n\n<p><strong>Teis\u0117s aktai<\/strong> \u2014 2014 m. gegu\u017e\u0117s 20 d. Ministr\u0173 kabineto reglamentas Nr. 20 255 \u201eNuotolin\u0117s prekybos sutarties nuostatos\u201c, 2011 m. spalio 25 d. EUROPOS PARLAMENTO IR TARYBOS DIREKTYVA 2011\/83\/ES d\u0117l vartotoj\u0173 teisi\u0173, kuria i\u0161 dalies kei\u010diamos Tarybos direktyva 93\/13\/EEB ir Europos Parlamento ir Tarybos direktyva 1999\/44\/EB bei panaikinamos Tarybos direktyva 85\/577\/EEB ir Europos Parlamento ir Tarybos direktyva 97\/7\/EB, Civilin\u0117 teis\u0117, Komercin\u0117 teis\u0117 ir kiti susij\u0119 teis\u0117s aktai;<\/p>\n\n\n\n<p><strong>Garantija <\/strong>\u2013 tai neatlygintinas gamintojo, pardav\u0117jo ar prekybininko \u012fsipareigojimas gr\u0105\u017einti u\u017e prekes ar gaminius sumok\u0117t\u0105 pinig\u0173 sum\u0105, pakeisti prekes ar gaminius \u012f atitinkan\u010dias reikalavimus prekes ar gaminius, nemokamai pa\u0161alinti bet kokius preki\u0173 ar gamini\u0173 neatitikimus arba atlikti kitus veiksmus, jei prek\u0117s ar gaminiai neatitinka reklamoje numatyt\u0173 savybi\u0173;<\/p>\n\n\n\n<p><strong>Naudojimo s\u0105lygos<\/strong> \u2013 gamintojo ar paslaug\u0173 teik\u0117jo nurodymai, kuri\u0173 laikantis prek\u0117s ar paslaugos i\u0161laiko savo eksploatacines (naudojimo) savybes ir tinkam\u0105 kokyb\u0119, nekelia gr\u0117sm\u0117s Vartotojo turtui, sveikatai ir gyvybei bei aplinkai;<\/p>\n\n\n\n<p><strong>Kainos <\/strong>\u2013 galutin\u0117 prek\u0117s kaina, nurodyta interneto svetain\u0117je, \u012fskaitant mokes\u010dius ir rinkliavas, kuria Pardav\u0117jas parduoda prekes per \u0161i\u0105 svetain\u0119. \u012e kain\u0105 ne\u012feina prek\u0117s pristatymo i\u0161laidos; <\/p>\n\n\n\n<p><strong>Interneto svetain\u0117 <\/strong>\u2014 Pardav\u0117jo svetain\u0117 www.ortoto.com ;<\/p>\n\n\n\n<p><strong>\u0160alys <\/strong>\u2014 Pardav\u0117jas ir Pirk\u0117jas;<\/p>\n\n\n\n<p><strong>Bendrosios s\u0105lygos ir nuostatos <\/strong>\u2013 \u0161ios s\u0105lygos (toliau \u2013 <strong>BENDROSIOS S\u0104LYGOS IR NUOSTATOS<\/strong>).<\/p>\n\n\n\n<p><strong>1. Bendrosios s\u0105lygos<\/strong><\/p>\n\n\n\n<p>1.1. \u0160ios S\u0105lygos nustato teisinius santykius tarp Pirk\u0117jo ir Pardav\u0117jo.<\/p>\n\n\n\n<p>1.2. Prie\u0161 prad\u0117dami naudotis interneto svetaine, atid\u017eiai perskaitykite \u0161ias Naudojimo s\u0105lygas.<\/p>\n\n\n\n<p>1.3. Naudodamasis interneto svetaine, vartotojas sutinka laikytis \u0161i\u0173 Taisykli\u0173.<\/p>\n\n\n\n<p>1.4. Pardav\u0117jas gali i\u0161 dalies arba visi\u0161kai i\u0161trinti, keisti, atnaujinti informacij\u0105 interneto svetain\u0117je be i\u0161ankstinio \u012fsp\u0117jimo.<\/p>\n\n\n\n<p>1.5. Preki\u0173 nuotraukos ir apra\u0161ymas gali \u0161iek tiek skirtis nuo si\u016blom\u0173 preki\u0173.<\/p>\n\n\n\n<p><strong>2. At\u0161aukimo teis\u0117s naudojimas<\/strong><\/p>\n\n\n\n<p>2.1. Vartotojas gali pasinaudoti teise atsisakyti prek\u0117s ir viena\u0161ali\u0161kai atsisakyti jos per 14 (keturiolika) dien\u0173, padengdamas i\u0161laidas, vadovaudamasis teis\u0117s aktais.<\/p>\n\n\n\n<p>2.2. At\u0161aukimo teis\u0117s \u012fgyvendinimo terminas skai\u010diuojamas nuo preki\u0173 pristatymo dienos \u2013 jei u\u017esakoma viena prek\u0117; nuo paskutin\u0117s prek\u0117s pristatymo dienos \u2013 jei u\u017esakyme yra kelios prek\u0117s; nuo paskutin\u0117s preki\u0173 partijos ar dali\u0173 pristatymo dienos \u2013 jei pristatymas turi b\u016bti atliekamas partijomis ar dalimis.<\/p>\n\n\n\n<p>2.3. Pasinaudojimas atsisakymo teise rei\u0161kia Pirk\u0117jo prane\u0161im\u0105 apie prek\u0117s atsisakym\u0105 ir jos pateikim\u0105 arba i\u0161siuntim\u0105 Pardav\u0117jui.<\/p>\n\n\n\n<p>2.4. Vartotojas gali naudoti At\u0161aukimo prane\u0161im\u0105, nor\u0117damas naudoti Pardav\u0117jo atsisakymo form\u0105 arba bet kok\u012f kit\u0105 ai\u0161k\u0173 ar numanom\u0105 atsisakymo prane\u0161im\u0105, kuriame Vartotojas b\u016btinai nurodo:<br><br>Adresatas (pardav\u0117jo vardas, pavard\u0117, tikrasis adresas, telefono numeris, el. pa\u0161to adresas)<br><br>Parei\u0161kiu, kad noriu atsisakyti tokios prek\u0117s pirkimo<br>U\u017esakymo data \/ gavimo data<br>Vartotojo vardas ir pavard\u0117<br>Vartotojo adresas<br>Vartotojo para\u0161as (tik jei \u0161i forma siun\u010diama popierine forma)<br>Data<\/p>\n\n\n\n<p>2.5. Gr\u0105\u017einamos prek\u0117s Vartotojui turi b\u016bti pristatytos pristatymo \u012fmon\u0117s ir turi b\u016bti pilnos komplektacijos.<\/p>\n\n\n\n<p>2.6. Pasinaudodamas atsisakymo teise, Vartotojas gali gr\u0105\u017einti prek\u0119 Pardav\u0117jui be pakuot\u0117s, jei Vartotojas negal\u0117jo ap\u017ei\u016br\u0117ti prek\u0117s neatidar\u0119s pakuot\u0117s ir negal\u0117jo i\u0161saugoti prek\u0117s pakuot\u0117s, pavyzd\u017eiui, d\u0117l pakuot\u0117s dyd\u017eio, nes ji n\u0117ra neatsiejama prek\u0117s dalis.<\/p>\n\n\n\n<p>2.7. Pateikus atsisakymo form\u0105 arba pasinaudojus atsisakymo teise, sutartis nutraukiama ir Vartotojas atleid\u017eiamas nuo bet koki\u0173 sutartini\u0173 \u012fsipareigojim\u0173, kylan\u010di\u0173 i\u0161 sutarties arba nuo pareigos sudaryti toki\u0105 sutart\u012f, jei pasi\u016blym\u0105 pateik\u0117 Vartotojas.<\/p>\n\n\n\n<p>2.8. Vartotojas negali pasinaudoti teise atsisakyti sutarties, jei prek\u0117 pagaminta pagal Vartotojo nurodymus arba prek\u0117 yra akivaizd\u017eiai suasmeninta; jei prek\u0117 yra greitai gendanti arba jos galiojimo laikas greitai baigiasi; jei Vartotojas atidar\u0117 pakuot\u0119; d\u0117l sveikatos ir higienos prie\u017eas\u010di\u0173 prek\u0117s negalima gr\u0105\u017einti; prek\u0117 d\u0117l pristatymo yra negr\u012f\u017etamai sumai\u0161yta su kitais daiktais ir pan. Preki\u0173 gr\u0105\u017einimas netaikomas skintoms g\u0117l\u0117ms, g\u0117li\u0173 puok\u0161t\u0117ms, g\u0117li\u0173 kompozicijoms ir kambariniams augalams. <\/p>\n\n\n\n<p>2.9. Gr\u0105\u017einama suma \u012fskaitoma naudojant pradin\u012f mok\u0117jimo b\u016bd\u0105.<\/p>\n\n\n\n<p>3. <strong>Vartotojo atsakomyb\u0117<\/strong><\/p>\n\n\n\n<p>3.1. Vartotojas atsako u\u017e prek\u0117s vert\u0117s suma\u017einim\u0105 arba jos naudojim\u0105 prie\u0161 s\u0105\u017einingum\u0105, jei prek\u0117 buvo naudojama pasinaudojant atsisakymo teise vir\u0161yti ribas, reikalingas jos savyb\u0117ms ir r\u016b\u0161iai nustatyti ir patikrinti.<\/p>\n\n\n\n<p>3.2. Vartotojas privalo ne v\u0117liau kaip per 14 dien\u0173 nuo ra\u0161ti\u0161ko atsisakymo i\u0161siuntimo Pardav\u0117jui gr\u0105\u017einti prek\u0119. Pardav\u0117jas privalo ne v\u0117liau kaip per 14 dien\u0173 nuo tos dienos, kai gauna informacij\u0105 apie Vartotojo sprendim\u0105 atsisakyti sutarties, gr\u0105\u017einti Vartotojui jo sumok\u0117t\u0105 pinig\u0173 sum\u0105, \u012fskaitant Vartotojo sumok\u0117tas pristatymo i\u0161laidas. <\/p>\n\n\n\n<p>3.3. Vartotojas yra atsakingas u\u017e prek\u0117s kokyb\u0117s ir saugos i\u0161saugojim\u0105 atsisakymo teis\u0117s \u012fgyvendinimo laikotarpiu.<\/p>\n\n\n\n<p><strong>4. <\/strong><strong>Garantija<\/strong><\/p>\n\n\n\n<p>4.1. Vartotojas turi teis\u0119 pateikti Pardav\u0117jui pretenzij\u0105 d\u0117l preki\u0173 neatitikimo per dvejus metus nuo preki\u0173 \u012fsigijimo datos. Pra\u0161ym\u0105 d\u0117l neatitikimo Vartotojas pateikia Pardav\u0117jui per du m\u0117nesius nuo tos dienos, kai buvo nustatytas preki\u0173 tr\u016bkumas. Preki\u0173 \u012fsigijimo data laikoma ta diena, kai Pardav\u0117jas perdav\u0117, o Vartotojas pri\u0117m\u0117 atitinkamas prekes.  <\/p>\n\n\n\n<p>4.2. Jei Gamintojas arba Pardav\u0117jas suteik\u0117 prekei garantij\u0105, pasibaigus 4.1 punkte nurodytam laikotarpiui, Vartotojas turi teis\u0119 pateikti pretenzij\u0105 per likus\u012f garantijos laikotarp\u012f pagal garantijos dokumente nurodytas s\u0105lygas. Vartotojo pretenzija nagrin\u0117jama pagal garantijos dokumente nurodytas s\u0105lygas. <\/p>\n\n\n\n<p>4.3. Kreipdamasis \u012f gamintoj\u0105 arba pardav\u0117j\u0105 d\u0117l prek\u0117s defekto, Vartotojas prie pretenzijos turi prid\u0117ti sandor\u012f patvirtinan\u010dio dokumento kopij\u0105.<\/p>\n\n\n\n<p>4.4. Vartotojo pretenzija bus i\u0161nagrin\u0117ta per 7 darbo dienas nuo pretenzijos gavimo dienos, o atsakymas bus i\u0161si\u0173stas pretenzijoje nurodytu kontaktiniu adresu. Jei pretenzija bus pripa\u017einta nepagr\u012fsta ir Pirk\u0117jas su ja nesutinka, jis turi teis\u0119 pasinaudoti kitomis norminiuose aktuose numatytomis teis\u0117mis. <\/p>\n\n\n\n<p><strong>5. Pristatymas<\/strong><\/p>\n\n\n\n<p>Tarptautinis pristatymas &#8211; 21,00 \u20ac<\/p>\n\n\n\n<p>(U\u017esakymams nuo 250,00 \u20ac &#8211; pristatymas nemokamas)<\/p>\n\n\n\n<p>Jei su gav\u0117ju nepavyksta susisiekti ir jis\/ji n\u0117ra pasiekiamas pristatymo adresu, u\u017esakymas gr\u0105\u017einamas Pardav\u0117jui ir pakartotinai pristatomas nurodytu adresu kitu laiku (u\u017e pristatym\u0105 imamas papildomas mokestis).<\/p>\n\n\n\n<p>Apie u\u017esakymo pristatym\u0105 adresatui prane\u0161ime.<\/p>\n\n\n\n<p>Greito pristatymo atveju patartina susisiekti su mumis telefonu.<\/p>\n\n\n\n<p>U\u017esakymai, pateikti ne darbo valandomis, bus apdoroti kit\u0105 darbo dien\u0105 nuo ryto.<\/p>\n\n\n\n<p><strong>6. Apmok\u0117jimas<\/strong><\/p>\n\n\n\n<p><a><\/a>U\u017e prekes galima atsiskaityti vienu i\u0161 \u0161i\u0173 b\u016bd\u0173: negrynaisiais banko pavedimu arba internetu naudojantis \u201eVisa\u201c arba \u201eMasterCard\u201c mok\u0117jimo kortele.<\/p>\n\n\n\n<p>7. <strong>Taikoma teis\u0117<\/strong><\/p>\n\n\n\n<p>7.1 \u0160alys \u012fsipareigoja stengtis i\u0161spr\u0119sti visus gin\u010dus, susijusius su \u0161i\u0173 S\u0105lyg\u0173 vykdymu ar kylan\u010dius d\u0117l j\u0173, abipus\u0117mis derybomis, ta\u010diau jei tai ne\u012fmanoma, gin\u010das perduodamas spr\u0119sti Teismui.<\/p>\n\n\n\n<p>7.2 \u0160ios S\u0105lygos sudarytos vadovaujantis Latvijos Respublikos \u012fstatymais.<\/p>\n\n\n\n<p>7.3 Visi gin\u010dai <strong>tarp Pardav\u0117jo ir Pirk\u0117jo, kuris n\u0117ra Vartotojas<\/strong>,<strong> kylantys d\u0117l \u0161i\u0173 S\u0105lyg\u0173 pakeitimo<\/strong>, nutraukimo ar vykdymo arba susij\u0119 su jais, sprend\u017eiami Latvijos Respublikos bendrajame teisme pagal galiojan\u010dius Latvijos Respublikos \u012fstatymus.<\/p>\n\n\n\n<p>7.4 Visi gin\u010dai <strong>tarp Pardav\u0117jo ir Pirk\u0117jo-Vartotojo<\/strong>, <strong>kylantys d\u0117l \u0161i\u0173 S\u0105lyg\u0173 pakeitimo<\/strong>, nutraukimo ar vykdymo arba susij\u0119 su jais, sprend\u017eiami pagal 2008 m. bir\u017eelio 17 d. EUROPOS PARLAMENTO IR TARYBOS REGLAMENTO (EB) Nr. 593\/2008 d\u0117l sutartin\u0117ms prievol\u0117ms taikytinos teis\u0117s (Roma I) nustatyt\u0105 tvark\u0105.<\/p>\n\n\n\n<div style=\"height:64px\" aria-hidden=\"true\" class=\"wp-block-spacer\"><\/div>\n","protected":false},"excerpt":{"rendered":"<p>Taisykl\u0117s ir s\u0105lygos Pardav\u0117jas \u2014 ribotos atsakomyb\u0117s bendrov\u0117 \u201eLats Import Ltd.\u201c, registracijos numeris &#8211; 40203618163, PVM mok\u0117tojo kodas LV40203618163, juridinis adresas Baznicas street 13-19, Ryga, LV-1010, Latvija, el. pa\u0161tas: b2c@ortoto.com. Vartotojas \u2013 fizinis asmuo, kuris parei\u0161kia nor\u0105 \u012fsigyti, perka arba gal\u0117t\u0173 \u012fsigyti, arba naudoti prekes ar paslaugas tikslu, nesusijusiu su jo ekonomine ar profesine veikla; [&hellip;]<\/p>\n","protected":false},"author":1,"featured_media":0,"parent":0,"menu_order":0,"comment_status":"closed","ping_status":"closed","template":"","meta":{"_acf_changed":false,"footnotes":""},"class_list":["post-3551","page","type-page","status-publish","hentry"],"acf":[],"yoast_head":"<!-- This site is optimized with the Yoast SEO plugin v26.5 - https:\/\/yoast.com\/wordpress\/plugins\/seo\/ -->\n<title>Taisykl\u0117s ir s\u0105lygos - Ortoto<\/title>\n<meta name=\"robots\" content=\"index, follow, max-snippet:-1, max-image-preview:large, max-video-preview:-1\" \/>\n<link rel=\"canonical\" href=\"https:\/\/ortoto.com\/lt\/taisykles-ir-salygos\/\" \/>\n<meta property=\"og:locale\" content=\"lt_LT\" \/>\n<meta property=\"og:type\" content=\"article\" \/>\n<meta property=\"og:title\" content=\"Taisykl\u0117s ir s\u0105lygos - Ortoto\" \/>\n<meta property=\"og:description\" content=\"Taisykl\u0117s ir s\u0105lygos Pardav\u0117jas \u2014 ribotos atsakomyb\u0117s bendrov\u0117 \u201eLats Import Ltd.\u201c, registracijos numeris &#8211; 40203618163, PVM mok\u0117tojo kodas LV40203618163, juridinis adresas Baznicas street 13-19, Ryga, LV-1010, Latvija, el. pa\u0161tas: b2c@ortoto.com. Vartotojas \u2013 fizinis asmuo, kuris parei\u0161kia nor\u0105 \u012fsigyti, perka arba gal\u0117t\u0173 \u012fsigyti, arba naudoti prekes ar paslaugas tikslu, nesusijusiu su jo ekonomine ar profesine veikla; [&hellip;]\" \/>\n<meta property=\"og:url\" content=\"https:\/\/ortoto.com\/lt\/taisykles-ir-salygos\/\" \/>\n<meta property=\"og:site_name\" content=\"Ortoto\" \/>\n<meta property=\"article:modified_time\" content=\"2025-10-29T11:31:13+00:00\" \/>\n<meta name=\"twitter:card\" content=\"summary_large_image\" \/>\n<meta name=\"twitter:label1\" content=\"Est. reading time\" \/>\n\t<meta name=\"twitter:data1\" content=\"6 minutes\" \/>\n<script type=\"application\/ld+json\" class=\"yoast-schema-graph\">{\"@context\":\"https:\/\/schema.org\",\"@graph\":[{\"@type\":\"WebPage\",\"@id\":\"https:\/\/ortoto.com\/lt\/taisykles-ir-salygos\/\",\"url\":\"https:\/\/ortoto.com\/lt\/taisykles-ir-salygos\/\",\"name\":\"Taisykl\u0117s ir s\u0105lygos - Ortoto\",\"isPartOf\":{\"@id\":\"https:\/\/ortoto.com\/lt\/#website\"},\"datePublished\":\"2024-10-02T11:06:30+00:00\",\"dateModified\":\"2025-10-29T11:31:13+00:00\",\"breadcrumb\":{\"@id\":\"https:\/\/ortoto.com\/lt\/taisykles-ir-salygos\/#breadcrumb\"},\"inLanguage\":\"lt-LT\",\"potentialAction\":[{\"@type\":\"ReadAction\",\"target\":[\"https:\/\/ortoto.com\/lt\/taisykles-ir-salygos\/\"]}]},{\"@type\":\"BreadcrumbList\",\"@id\":\"https:\/\/ortoto.com\/lt\/taisykles-ir-salygos\/#breadcrumb\",\"itemListElement\":[{\"@type\":\"ListItem\",\"position\":1,\"name\":\"Home\",\"item\":\"https:\/\/ortoto.com\/lt\/\"},{\"@type\":\"ListItem\",\"position\":2,\"name\":\"Taisykl\u0117s ir s\u0105lygos\"}]},{\"@type\":\"WebSite\",\"@id\":\"https:\/\/ortoto.com\/lt\/#website\",\"url\":\"https:\/\/ortoto.com\/lt\/\",\"name\":\"Ortoto\",\"description\":\"Massage Puzzle Mats\",\"potentialAction\":[{\"@type\":\"SearchAction\",\"target\":{\"@type\":\"EntryPoint\",\"urlTemplate\":\"https:\/\/ortoto.com\/lt\/?s={search_term_string}\"},\"query-input\":{\"@type\":\"PropertyValueSpecification\",\"valueRequired\":true,\"valueName\":\"search_term_string\"}}],\"inLanguage\":\"lt-LT\"}]}<\/script>\n<!-- \/ Yoast SEO plugin. -->","yoast_head_json":{"title":"Taisykl\u0117s ir s\u0105lygos - Ortoto","robots":{"index":"index","follow":"follow","max-snippet":"max-snippet:-1","max-image-preview":"max-image-preview:large","max-video-preview":"max-video-preview:-1"},"canonical":"https:\/\/ortoto.com\/lt\/taisykles-ir-salygos\/","og_locale":"lt_LT","og_type":"article","og_title":"Taisykl\u0117s ir s\u0105lygos - Ortoto","og_description":"Taisykl\u0117s ir s\u0105lygos Pardav\u0117jas \u2014 ribotos atsakomyb\u0117s bendrov\u0117 \u201eLats Import Ltd.\u201c, registracijos numeris &#8211; 40203618163, PVM mok\u0117tojo kodas LV40203618163, juridinis adresas Baznicas street 13-19, Ryga, LV-1010, Latvija, el. pa\u0161tas: b2c@ortoto.com. Vartotojas \u2013 fizinis asmuo, kuris parei\u0161kia nor\u0105 \u012fsigyti, perka arba gal\u0117t\u0173 \u012fsigyti, arba naudoti prekes ar paslaugas tikslu, nesusijusiu su jo ekonomine ar profesine veikla; [&hellip;]","og_url":"https:\/\/ortoto.com\/lt\/taisykles-ir-salygos\/","og_site_name":"Ortoto","article_modified_time":"2025-10-29T11:31:13+00:00","twitter_card":"summary_large_image","twitter_misc":{"Est. reading time":"6 minutes"},"schema":{"@context":"https:\/\/schema.org","@graph":[{"@type":"WebPage","@id":"https:\/\/ortoto.com\/lt\/taisykles-ir-salygos\/","url":"https:\/\/ortoto.com\/lt\/taisykles-ir-salygos\/","name":"Taisykl\u0117s ir s\u0105lygos - Ortoto","isPartOf":{"@id":"https:\/\/ortoto.com\/lt\/#website"},"datePublished":"2024-10-02T11:06:30+00:00","dateModified":"2025-10-29T11:31:13+00:00","breadcrumb":{"@id":"https:\/\/ortoto.com\/lt\/taisykles-ir-salygos\/#breadcrumb"},"inLanguage":"lt-LT","potentialAction":[{"@type":"ReadAction","target":["https:\/\/ortoto.com\/lt\/taisykles-ir-salygos\/"]}]},{"@type":"BreadcrumbList","@id":"https:\/\/ortoto.com\/lt\/taisykles-ir-salygos\/#breadcrumb","itemListElement":[{"@type":"ListItem","position":1,"name":"Home","item":"https:\/\/ortoto.com\/lt\/"},{"@type":"ListItem","position":2,"name":"Taisykl\u0117s ir s\u0105lygos"}]},{"@type":"WebSite","@id":"https:\/\/ortoto.com\/lt\/#website","url":"https:\/\/ortoto.com\/lt\/","name":"Ortoto","description":"Massage Puzzle Mats","potentialAction":[{"@type":"SearchAction","target":{"@type":"EntryPoint","urlTemplate":"https:\/\/ortoto.com\/lt\/?s={search_term_string}"},"query-input":{"@type":"PropertyValueSpecification","valueRequired":true,"valueName":"search_term_string"}}],"inLanguage":"lt-LT"}]}},"_links":{"self":[{"href":"https:\/\/ortoto.com\/lt\/wp-json\/wp\/v2\/pages\/3551","targetHints":{"allow":["GET"]}}],"collection":[{"href":"https:\/\/ortoto.com\/lt\/wp-json\/wp\/v2\/pages"}],"about":[{"href":"https:\/\/ortoto.com\/lt\/wp-json\/wp\/v2\/types\/page"}],"author":[{"embeddable":true,"href":"https:\/\/ortoto.com\/lt\/wp-json\/wp\/v2\/users\/1"}],"replies":[{"embeddable":true,"href":"https:\/\/ortoto.com\/lt\/wp-json\/wp\/v2\/comments?post=3551"}],"version-history":[{"count":0,"href":"https:\/\/ortoto.com\/lt\/wp-json\/wp\/v2\/pages\/3551\/revisions"}],"wp:attachment":[{"href":"https:\/\/ortoto.com\/lt\/wp-json\/wp\/v2\/media?parent=3551"}],"curies":[{"name":"wp","href":"https:\/\/api.w.org\/{rel}","templated":true}]}}