{"id":3553,"date":"2024-10-01T06:52:13","date_gmt":"2024-10-01T06:52:13","guid":{"rendered":"https:\/\/ortoto.se.lt\/privatumo-politika\/"},"modified":"2025-10-24T09:55:54","modified_gmt":"2025-10-24T09:55:54","slug":"privatumo-politika","status":"publish","type":"page","link":"https:\/\/ortoto.com\/lt\/privatumo-politika\/","title":{"rendered":"Privatumo politika"},"content":{"rendered":"\n<p class=\"has-medium-font-size\"><strong>Privatumo politika<\/strong><\/p>\n\n\n\n<p><strong>1. Bendrosios nuostatos<\/strong><\/p>\n\n\n\n<p>\u0160i privatumo politika buvo parengta laikantis<\/p>\n\n\n\n<p>2018 m. gegu\u017e\u0117s 25 d. BDAR \u201eApie asmens duomenis\u201c reikalavimus ir<\/p>\n\n\n\n<p>nustato asmens duomen\u0173 tvarkymo tvark\u0105 ir priemones, skirtas u\u017etikrinti<\/p>\n\n\n\n<p>asmens duomen\u0173 saugumas SIA SPM ORTOTO (toliau \u2013 Operatorius).<\/p>\n\n\n\n<p>1. Operatorius nustato svarbiausi\u0105 savo tiksl\u0105 ir s\u0105lyg\u0105 savo \u012fgyvendinimui<\/p>\n\n\n\n<p>veikla gerbia \u017emogaus ir pilie\u010dio teises ir laisves tvarkant jo<\/p>\n\n\n\n<p>asmens duomenys, \u012fskaitant privatumo teisi\u0173 apsaug\u0105<\/p>\n\n\n\n<p>gyvenimo, asmenini\u0173 ir \u0161eimos paslap\u010di\u0173.<\/p>\n\n\n\n<p>2. \u0160i Operatoriaus politika, susijusi su asmens duomen\u0173 tvarkymu<\/p>\n\n\n\n<p>(toliau \u2013 Politika) taikoma visai informacijai, kuri\u0105 Operatorius gali<\/p>\n\n\n\n<p>Su\u017einokite apie svetain\u0117s lankytojus www.ortoto.com<\/p>\n\n\n\n<p><strong>2. Pagrindin\u0117s Politikoje vartojamos s\u0105vokos<\/strong><\/p>\n\n\n\n<p>1. Automatizuotas asmens duomen\u0173 tvarkymas \u2013 asmens duomen\u0173 tvarkymas<\/p>\n\n\n\n<p>duomenys naudojant kompiuterines technologijas;<\/p>\n\n\n\n<p>2. Asmens duomen\u0173 blokavimas \u2013 laikinas tvarkymo sustabdymas<\/p>\n\n\n\n<p>asmens duomenys (nebent tvarkymas yra b\u016btinas<\/p>\n\n\n\n<p>asmens duomen\u0173 patikslinimas);<\/p>\n\n\n\n<p>3. Svetain\u0117 \u2013 grafin\u0117s ir informacin\u0117s med\u017eiagos rinkinys, taip pat<\/p>\n\n\n\n<p>kompiuterini\u0173 program\u0173 ir duomen\u0173 bazi\u0173, siekiant u\u017etikrinti j\u0173 prieinamum\u0105 internete<\/p>\n\n\n\n<p>interneto svetain\u0117je www.ortoto.com<\/p>\n\n\n\n<p>4. Asmens duomen\u0173 informacin\u0117 sistema \u2013 tai visuma, esanti<\/p>\n\n\n\n<p>asmens duomen\u0173 duomen\u0173 baz\u0117se ir u\u017etikrina j\u0173 tvarkym\u0105<\/p>\n\n\n\n<p>informacin\u0117s technologijos ir technin\u0117s priemon\u0117s;<\/p>\n\n\n\n<p>5. Asmens duomen\u0173 nuasmeninimas \u2013 veiksmai, d\u0117l kuri\u0173<\/p>\n\n\n\n<p>negal\u0117jimas nustatyti asmens duomen\u0173 nuosavyb\u0117s teis\u0117s neturint papildomos informacijos apie konkret\u0173 naudotoj\u0105 ar kit\u0105 asmens duomen\u0173 pavyzd\u012f;<\/p>\n\n\n\n<p>6. Asmens duomen\u0173 tvarkymas \u2013 bet koks veiksmas (operacija) ar duomen\u0173 rinkimas<\/p>\n\n\n\n<p>veiksmai (operacijos), atliekami naudojant automatizavimo \u012frang\u0105 arba<\/p>\n\n\n\n<p>nenaudojant toki\u0173 \u012franki\u0173 su asmens duomenimis, \u012fskaitant rinkim\u0105, \u012fra\u0161ym\u0105,<\/p>\n\n\n\n<p>sisteminimas, kaupimas, saugojimas, patikslinimas (atnaujinimas, keitimas),<\/p>\n\n\n\n<p>i\u0161gavimas, naudojimas, perdavimas (platinimas, teikimas, prieiga),<\/p>\n\n\n\n<p>asmens duomen\u0173 anonimizavimas, blokavimas, i\u0161trynimas, sunaikinimas;<\/p>\n\n\n\n<p>7. Operatorius \u2013 valstyb\u0117s \u012fstaiga, savivaldyb\u0117s \u012fstaiga, teisin\u0117 arba<\/p>\n\n\n\n<p>individualiai organizuojantis savaranki\u0161kai arba kartu su kitais asmenimis<\/p>\n\n\n\n<p>ir (arba) tvarkant asmens duomenis, taip pat nustatant<\/p>\n\n\n\n<p>asmens duomen\u0173 tvarkymo tikslai, tvarkom\u0173 asmens duomen\u0173 sud\u0117tis<\/p>\n\n\n\n<p>asmens duomen\u0173 tvarkymo tikslai, tvarkom\u0173 asmens duomen\u0173 sud\u0117tis<\/p>\n\n\n\n<p>8. Asmens duomenys \u2013 bet kokia informacija, tiesiogiai ar netiesiogiai susijusi su<\/p>\n\n\n\n<p>nustato arba nustato svetain\u0117s www.ortoto.com naudotojas<\/p>\n\n\n\n<p>9. Vartotojas \u2013 bet kuris svetain\u0117s www.ortoto.com lankytojas<\/p>\n\n\n\n<p>10. Asmens duomen\u0173 teikimas \u2013 veiksmai, kuriais siekiama atskleisti<\/p>\n\n\n\n<p>asmens duomenis konkre\u010diam asmeniui arba tam tikram asmen\u0173 ratui;<\/p>\n\n\n\n<p>11. Asmens duomen\u0173 platinimas \u2013 bet kokie veiksmai, kuriais siekiama atskleisti asmens duomenis neribotam asmen\u0173 ratui (asmens duomen\u0173 perdavimas) arba susipa\u017einti su asmens duomenimis neribotam asmen\u0173 ratui, \u012fskaitant asmens duomen\u0173 atskleidim\u0105 \u017einiasklaidos priemon\u0117se, informaciniuose telekomunikacij\u0173 tinkluose arba prieigos prie asmens duomen\u0173 suteikim\u0105.<\/p>\n\n\n\n<p>duomenys kitu b\u016bdu;<\/p>\n\n\n\n<p>12. Tarpvalstybinis asmens duomen\u0173 perdavimas \u2013 asmens duomen\u0173 perdavimas<\/p>\n\n\n\n<p>u\u017esienio valstyb\u0117s teritorijoje u\u017esienio valstyb\u0117s vald\u017eiai,<\/p>\n\n\n\n<p>u\u017esienio fizinis asmuo arba u\u017esienio juridinis asmuo;<\/p>\n\n\n\n<p>13. Asmens duomen\u0173 sunaikinimas \u2013 bet kokie veiksmai, d\u0117l kuri\u0173<\/p>\n\n\n\n<p>asmens duomenys sunaikinami negr\u012f\u017etamai, tod\u0117l j\u0173 toliau negalima tvarkyti<\/p>\n\n\n\n<p>asmens duomen\u0173 turinio atk\u016brimas informacin\u0117je sistemoje<\/p>\n\n\n\n<p>asmens duomenys ir (arba) d\u0117l kuri\u0173 sunaikinama med\u017eiaga<\/p>\n\n\n\n<p>asmens duomen\u0173 laikmenos.<\/p>\n\n\n\n<p><strong>3. Operatorius gali tvarkyti \u0161iuos Vartotojo asmens duomenis<\/strong><\/p>\n\n\n\n<p>1. Pavard\u0117, vardas, t\u0117vavardis;<\/p>\n\n\n\n<p>2. El. pa\u0161to adresas;<\/p>\n\n\n\n<p>3. Telefon\u0173 numeriai;<\/p>\n\n\n\n<p>4. Gimimo metai, m\u0117nuo, data ir vieta;<\/p>\n\n\n\n<p>5. Informacija apie i\u0161silavinim\u0105, profesij\u0105, specialyb\u0119 ir kvalifikacij\u0105, rekvizitus<\/p>\n\n\n\n<p>i\u0161silavinimo pa\u017eym\u0117jimai;<\/p>\n\n\n\n<p>6. Informacija apie ankstesnes pareigas ir darbo patirt\u012f, karin\u0119 tarnyb\u0105,<\/p>\n\n\n\n<p>karin\u0117 apskaita;<\/p>\n\n\n\n<p>7. Svetain\u0117je taip pat renkami ir tvarkomi neasmeniniai duomenys apie lankytojus.<\/p>\n\n\n\n<p>(\u012fskaitant slapukus) naudojant interneto statistikos paslaugas (\u201eYandex Metrika\u201c)<\/p>\n\n\n\n<p>ir \u201eGoogle Analytics\u201c bei kiti).<\/p>\n\n\n\n<p>8. Pirmiau min\u0117ti duomenys toliau vadinami Politikoje, sujungti bendru<\/p>\n\n\n\n<p>asmens duomen\u0173 s\u0105voka.<\/p>\n\n\n\n<p><strong>4. Asmens duomen\u0173 tvarkymo tikslas<\/strong><\/p>\n\n\n\n<p>1. Vartotojo asmens duomen\u0173 tvarkymo tikslas yra sudaryti, vykdyti ir<\/p>\n\n\n\n<p>civilini\u0173 sutar\u010di\u0173 nutraukimas.<\/p>\n\n\n\n<p>2. Operatorius taip pat turi teis\u0119 prane\u0161ti Vartotojui apie naujus<\/p>\n\n\n\n<p>produktus ir paslaugas, specialius pasi\u016blymus ir \u012fvairius renginius. Vartotojas visada gali atsisakyti gauti informacinius prane\u0161imus, i\u0161si\u0173sdamas Operatoriui lai\u0161k\u0105 el. pa\u0161to adresu b2c@ortoto.com su \u017eyma: \u201eAtsisakyti prane\u0161im\u0173 apie naujus produktus ir paslaugas bei specialius pasi\u016blymus\u201c.<\/p>\n\n\n\n<p>3. Neasmeniniai Vartotoj\u0173 duomenys, surinkti per interneto paslaug\u0173 statistik\u0105, naudojami informacijai apie vartotoj\u0173 veiksmus svetain\u0117je rinkti, svetain\u0117s ir jos turinio kokybei gerinti.<\/p>\n\n\n\n<p><strong>5. Asmens duomen\u0173 tvarkymo teisiniai pagrindai<\/strong><\/p>\n\n\n\n<p>1. Operatorius tvarko Vartotojo asmens duomenis tik tuo atveju, jei<\/p>\n\n\n\n<p>u\u017epildydami ir (arba) i\u0161si\u0173sdami juos Vartotojo savaranki\u0161kai per specialius<\/p>\n\n\n\n<p>formas, esan\u010dias svetain\u0117je www.ortoto.com. U\u017epildydami atitinkamus laukelius.<\/p>\n\n\n\n<p>formos ir (arba) asmens duomen\u0173 siuntimas Operatoriui, Vartotojui<\/p>\n\n\n\n<p>sutinka su \u0161ia Politika.<\/p>\n\n\n\n<p>2. Operatorius tvarko neasmeninius Vartotojo duomenis tuo atveju, jei tai yra<\/p>\n\n\n\n<p>leid\u017eiama vartotojo nar\u0161ykl\u0117s nustatymuose (\u012fgalinta fail\u0173 i\u0161saugojimas<\/p>\n\n\n\n<p>slapukai ir \u201eJavaScript\u201c technologijos naudojimas).<\/p>\n\n\n\n<p><strong>6. Asmens duomen\u0173 rinkimo, saugojimo, perdavimo ir kitokio tvarkymo tvarka.<\/strong><\/p>\n\n\n\n<p>Operatoriaus tvarkom\u0173 asmens duomen\u0173 saugumas u\u017etikrinamas \u012fgyvendinant teisines, organizacines ir technines priemones, kurios b\u016btinai turi b\u016bti \u012fgyvendintos laikantis galiojan\u010di\u0173 asmens duomen\u0173 apsaugos srities teis\u0117s akt\u0173 reikalavim\u0173.<\/p>\n\n\n\n<p>1. Operatorius u\u017etikrina asmens duomen\u0173 saugum\u0105 ir sutinka su visais<\/p>\n\n\n\n<p>galimos priemon\u0117s, draud\u017eian\u010dios prieig\u0105 prie asmens duomen\u0173<\/p>\n\n\n\n<p>pa\u0161alini\u0173 asmen\u0173.<\/p>\n\n\n\n<p>2. Vartotojo asmens duomenys niekada ir jokiomis aplinkyb\u0117mis nebus<\/p>\n\n\n\n<p>perduotas tretiesiems asmenims, i\u0161skyrus atvejus, susijusius su vykdymu<\/p>\n\n\n\n<p>galiojan\u010dius teis\u0117s aktus.<\/p>\n\n\n\n<p>3. Aptikus bet koki\u0173 asmens duomen\u0173 netikslum\u0173, Vartotojas gali<\/p>\n\n\n\n<p>atnaujinti juos pats, i\u0161si\u0173sdamas prane\u0161im\u0105 Operatoriaus el. pa\u0161to adresu: b2c@ortoto.com, pa\u017eym\u0117t\u0105 \u201eAtnaujinti asmens duomenis\u201c.<\/p>\n\n\n\n<p>4. Asmens duomen\u0173 tvarkymo terminas yra neribotas. Vartotojas <\/p>\n\n\n\n<p>gali bet kada at\u0161aukti savo sutikim\u0105 tvarkyti asmens duomenis, i\u0161si\u0173sdamas Operatoriui prane\u0161im\u0105 el. pa\u0161tu: b2c@ortoto.com su pastaba \u201eSutikimo tvarkyti asmens duomenis at\u0161aukimas\u201c.<\/p>\n\n\n\n<p><strong>7. Tarpvalstybinis asmens duomen\u0173 perdavimas<\/strong><\/p>\n\n\n\n<p>1. Operatorius, prie\u0161 prad\u0117damas tarpvalstybin\u012f asmens duomen\u0173 perdavim\u0105, privalo u\u017etikrinti, kad u\u017esienio valstyb\u0117, kurios teritorijoje tur\u0117t\u0173 b\u016bti perduoti asmens duomenys, u\u017etikrint\u0173 patikim\u0105 asmens duomen\u0173 subjekt\u0173 teisi\u0173 apsaug\u0105.<\/p>\n\n\n\n<p>2. Asmens duomen\u0173 perdavimas u\u017esienio valstybi\u0173 teritorijoje, kurios neatitinka auk\u0161\u010diau nurodyt\u0173 reikalavim\u0173, gali b\u016bti vykdomas tik gavus ra\u0161ytin\u012f asmens duomen\u0173 subjekto sutikim\u0105 d\u0117l jo asmens duomen\u0173 perdavimo tarpvalstybiniu mastu ir (arba) vykdymo.<\/p>\n\n\n\n<p>sutartis, kuriai taikomi asmens duomenys.<\/p>\n\n\n\n<p>8. Baigiamosios nuostatos<\/p>\n\n\n\n<p>1. Vartotojas gali gauti bet kokius paai\u0161kinimus d\u0117l jam r\u016bpim\u0173 klausim\u0173, susijusi\u0173 su jo asmens duomen\u0173 tvarkymu, susisiekdamas su Operatoriumi el. pa\u0161tu b2c@ortoto.com<\/p>\n\n\n\n<p>2. \u0160is dokumentas atsispind\u0117s bet kokiuose tvarkymo politikos pakeitimuose.<\/p>\n\n\n\n<p>Operatoriaus asmens duomenis. Politika galioja neribot\u0105 laik\u0105, kol bus pakeista nauja versija.<\/p>\n\n\n\n<p>3. Dabartin\u0117 Politikos versija yra laisvai prieinama internete: www.ortoto.com<\/p>\n\n\n\n<p><\/p>\n","protected":false},"excerpt":{"rendered":"<p>Privatumo politika 1. Bendrosios nuostatos \u0160i privatumo politika buvo parengta laikantis 2018 m. gegu\u017e\u0117s 25 d. BDAR \u201eApie asmens duomenis\u201c reikalavimus ir nustato asmens duomen\u0173 tvarkymo tvark\u0105 ir priemones, skirtas u\u017etikrinti asmens duomen\u0173 saugumas SIA SPM ORTOTO (toliau \u2013 Operatorius). 1. Operatorius nustato svarbiausi\u0105 savo tiksl\u0105 ir s\u0105lyg\u0105 savo \u012fgyvendinimui veikla gerbia \u017emogaus ir pilie\u010dio [&hellip;]<\/p>\n","protected":false},"author":1,"featured_media":0,"parent":0,"menu_order":0,"comment_status":"closed","ping_status":"closed","template":"","meta":{"_acf_changed":false,"footnotes":""},"class_list":["post-3553","page","type-page","status-publish","hentry"],"acf":[],"yoast_head":"<!-- This site is optimized with the Yoast SEO plugin v26.5 - https:\/\/yoast.com\/wordpress\/plugins\/seo\/ -->\n<title>Privatumo politika - Ortoto<\/title>\n<meta name=\"robots\" content=\"index, follow, max-snippet:-1, max-image-preview:large, max-video-preview:-1\" \/>\n<link rel=\"canonical\" href=\"https:\/\/ortoto.com\/lt\/privatumo-politika\/\" \/>\n<meta property=\"og:locale\" content=\"lt_LT\" \/>\n<meta property=\"og:type\" content=\"article\" \/>\n<meta property=\"og:title\" content=\"Privatumo politika - Ortoto\" \/>\n<meta property=\"og:description\" content=\"Privatumo politika 1. Bendrosios nuostatos \u0160i privatumo politika buvo parengta laikantis 2018 m. gegu\u017e\u0117s 25 d. BDAR \u201eApie asmens duomenis\u201c reikalavimus ir nustato asmens duomen\u0173 tvarkymo tvark\u0105 ir priemones, skirtas u\u017etikrinti asmens duomen\u0173 saugumas SIA SPM ORTOTO (toliau \u2013 Operatorius). 1. Operatorius nustato svarbiausi\u0105 savo tiksl\u0105 ir s\u0105lyg\u0105 savo \u012fgyvendinimui veikla gerbia \u017emogaus ir pilie\u010dio [&hellip;]\" \/>\n<meta property=\"og:url\" content=\"https:\/\/ortoto.com\/lt\/privatumo-politika\/\" \/>\n<meta property=\"og:site_name\" content=\"Ortoto\" \/>\n<meta property=\"article:modified_time\" content=\"2025-10-24T09:55:54+00:00\" \/>\n<meta name=\"twitter:card\" content=\"summary_large_image\" \/>\n<meta name=\"twitter:label1\" content=\"Est. reading time\" \/>\n\t<meta name=\"twitter:data1\" content=\"5 minutes\" \/>\n<script type=\"application\/ld+json\" class=\"yoast-schema-graph\">{\"@context\":\"https:\/\/schema.org\",\"@graph\":[{\"@type\":\"WebPage\",\"@id\":\"https:\/\/ortoto.com\/lt\/privatumo-politika\/\",\"url\":\"https:\/\/ortoto.com\/lt\/privatumo-politika\/\",\"name\":\"Privatumo politika - Ortoto\",\"isPartOf\":{\"@id\":\"https:\/\/ortoto.com\/lt\/#website\"},\"datePublished\":\"2024-10-01T06:52:13+00:00\",\"dateModified\":\"2025-10-24T09:55:54+00:00\",\"breadcrumb\":{\"@id\":\"https:\/\/ortoto.com\/lt\/privatumo-politika\/#breadcrumb\"},\"inLanguage\":\"lt-LT\",\"potentialAction\":[{\"@type\":\"ReadAction\",\"target\":[\"https:\/\/ortoto.com\/lt\/privatumo-politika\/\"]}]},{\"@type\":\"BreadcrumbList\",\"@id\":\"https:\/\/ortoto.com\/lt\/privatumo-politika\/#breadcrumb\",\"itemListElement\":[{\"@type\":\"ListItem\",\"position\":1,\"name\":\"Home\",\"item\":\"https:\/\/ortoto.com\/lt\/\"},{\"@type\":\"ListItem\",\"position\":2,\"name\":\"Privatumo politika\"}]},{\"@type\":\"WebSite\",\"@id\":\"https:\/\/ortoto.com\/lt\/#website\",\"url\":\"https:\/\/ortoto.com\/lt\/\",\"name\":\"Ortoto\",\"description\":\"Massage Puzzle Mats\",\"potentialAction\":[{\"@type\":\"SearchAction\",\"target\":{\"@type\":\"EntryPoint\",\"urlTemplate\":\"https:\/\/ortoto.com\/lt\/?s={search_term_string}\"},\"query-input\":{\"@type\":\"PropertyValueSpecification\",\"valueRequired\":true,\"valueName\":\"search_term_string\"}}],\"inLanguage\":\"lt-LT\"}]}<\/script>\n<!-- \/ Yoast SEO plugin. -->","yoast_head_json":{"title":"Privatumo politika - Ortoto","robots":{"index":"index","follow":"follow","max-snippet":"max-snippet:-1","max-image-preview":"max-image-preview:large","max-video-preview":"max-video-preview:-1"},"canonical":"https:\/\/ortoto.com\/lt\/privatumo-politika\/","og_locale":"lt_LT","og_type":"article","og_title":"Privatumo politika - Ortoto","og_description":"Privatumo politika 1. Bendrosios nuostatos \u0160i privatumo politika buvo parengta laikantis 2018 m. gegu\u017e\u0117s 25 d. BDAR \u201eApie asmens duomenis\u201c reikalavimus ir nustato asmens duomen\u0173 tvarkymo tvark\u0105 ir priemones, skirtas u\u017etikrinti asmens duomen\u0173 saugumas SIA SPM ORTOTO (toliau \u2013 Operatorius). 1. Operatorius nustato svarbiausi\u0105 savo tiksl\u0105 ir s\u0105lyg\u0105 savo \u012fgyvendinimui veikla gerbia \u017emogaus ir pilie\u010dio [&hellip;]","og_url":"https:\/\/ortoto.com\/lt\/privatumo-politika\/","og_site_name":"Ortoto","article_modified_time":"2025-10-24T09:55:54+00:00","twitter_card":"summary_large_image","twitter_misc":{"Est. reading time":"5 minutes"},"schema":{"@context":"https:\/\/schema.org","@graph":[{"@type":"WebPage","@id":"https:\/\/ortoto.com\/lt\/privatumo-politika\/","url":"https:\/\/ortoto.com\/lt\/privatumo-politika\/","name":"Privatumo politika - Ortoto","isPartOf":{"@id":"https:\/\/ortoto.com\/lt\/#website"},"datePublished":"2024-10-01T06:52:13+00:00","dateModified":"2025-10-24T09:55:54+00:00","breadcrumb":{"@id":"https:\/\/ortoto.com\/lt\/privatumo-politika\/#breadcrumb"},"inLanguage":"lt-LT","potentialAction":[{"@type":"ReadAction","target":["https:\/\/ortoto.com\/lt\/privatumo-politika\/"]}]},{"@type":"BreadcrumbList","@id":"https:\/\/ortoto.com\/lt\/privatumo-politika\/#breadcrumb","itemListElement":[{"@type":"ListItem","position":1,"name":"Home","item":"https:\/\/ortoto.com\/lt\/"},{"@type":"ListItem","position":2,"name":"Privatumo politika"}]},{"@type":"WebSite","@id":"https:\/\/ortoto.com\/lt\/#website","url":"https:\/\/ortoto.com\/lt\/","name":"Ortoto","description":"Massage Puzzle Mats","potentialAction":[{"@type":"SearchAction","target":{"@type":"EntryPoint","urlTemplate":"https:\/\/ortoto.com\/lt\/?s={search_term_string}"},"query-input":{"@type":"PropertyValueSpecification","valueRequired":true,"valueName":"search_term_string"}}],"inLanguage":"lt-LT"}]}},"_links":{"self":[{"href":"https:\/\/ortoto.com\/lt\/wp-json\/wp\/v2\/pages\/3553","targetHints":{"allow":["GET"]}}],"collection":[{"href":"https:\/\/ortoto.com\/lt\/wp-json\/wp\/v2\/pages"}],"about":[{"href":"https:\/\/ortoto.com\/lt\/wp-json\/wp\/v2\/types\/page"}],"author":[{"embeddable":true,"href":"https:\/\/ortoto.com\/lt\/wp-json\/wp\/v2\/users\/1"}],"replies":[{"embeddable":true,"href":"https:\/\/ortoto.com\/lt\/wp-json\/wp\/v2\/comments?post=3553"}],"version-history":[{"count":0,"href":"https:\/\/ortoto.com\/lt\/wp-json\/wp\/v2\/pages\/3553\/revisions"}],"wp:attachment":[{"href":"https:\/\/ortoto.com\/lt\/wp-json\/wp\/v2\/media?parent=3553"}],"curies":[{"name":"wp","href":"https:\/\/api.w.org\/{rel}","templated":true}]}}