{"id":3558,"date":"2024-11-08T10:30:59","date_gmt":"2024-11-08T08:30:59","guid":{"rendered":"https:\/\/ortoto.se.lt\/pristatymo-ir-grazinimo-politika\/"},"modified":"2025-09-05T12:03:47","modified_gmt":"2025-09-05T12:03:47","slug":"pristatymo-ir-grazinimo-politika","status":"publish","type":"page","link":"https:\/\/ortoto.com\/lt\/pristatymo-ir-grazinimo-politika\/","title":{"rendered":"Pristatymo ir gr\u0105\u017einimo politika"},"content":{"rendered":"\n<p class=\"has-medium-font-size\"><strong><br\/>Pristatymo ir gr\u0105\u017einimo politika<\/strong><\/p>\n\n<p>Siekiame, kad j\u016bs\u0173 apsipirkimo patirtis b\u016bt\u0173 kuo sklandesn\u0117, si\u016blydami paprastus pristatymo b\u016bdus ir paprast\u0105 gr\u0105\u017einimo proces\u0105.<\/p>\n\n<p><strong>Siuntimo informacija<\/strong><\/p>\n\n<p>\u2022 Nemokamas pristatymas: u\u017esakymams vir\u0161 150 \u20ac taikomas nemokamas tarptautinis pristatymas.<br\/>\u2022 Ma\u017eesni\u0173 u\u017esakym\u0173 pristatymo mokestis: u\u017esakymams iki 150 \u20ac taikomas fiksuotas 15 \u20ac pristatymo mokestis.<br\/>\u2022 Apdorojimo laikas: U\u017esakymai apdorojami ir i\u0161siun\u010diami per 1\u20132 darbo dienas.<br\/>\u2022 Pristatymo laiko prognoz\u0117s: Pristatymo laikas priklauso nuo j\u016bs\u0173 buvimo vietos ir bus nurodytas atsiskaitant.<\/p>\n\n<p><strong>U\u017esakymo sekimas <\/strong><\/p>\n\n<p>Kai j\u016bs\u0173 siuntinys bus i\u0161si\u0173stas, gausite sekimo numer\u012f, kad gal\u0117tum\u0117te steb\u0117ti jo jud\u0117jim\u0105 internetu. <\/p>\n\n<p><strong>Gr\u0105\u017einimai ir keitimai<\/strong><\/p>\n\n<p>\u2022 Gr\u0105\u017einimas be r\u016bpes\u010di\u0173: jei nesate visi\u0161kai patenkinti prek\u0117mis, jas galite gr\u0105\u017einti per 14 dien\u0173 nuo j\u0173 gavimo.<br\/>\u2022 Gr\u0105\u017einimo s\u0105lygos: Prek\u0117s turi b\u016bti nenaudotos, originalioje pakuot\u0117je ir su jomis turi b\u016bti pirkimo \u012frodymas.<br\/>\u2022 Gr\u0105\u017einimas ir keitimas: Galite pasirinkti gr\u0105\u017einti prek\u0119 arba j\u0105 pakeisti, atsi\u017evelgiant \u012f preki\u0173 prieinamum\u0105.<\/p>\n\n<p><strong>Kaip inicijuoti gr\u0105\u017einim\u0105<\/strong><\/p>\n\n<p>Nor\u0117dami susitarti d\u0117l gr\u0105\u017einimo ar keitimo, susisiekite su m\u016bs\u0173 palaikymo komanda. Esame \u010dia, kad pad\u0117tume jums atlikti \u0161\u012f proces\u0105.<\/p>\n\n<p><strong>Susisiekite su mumis<\/strong><\/p>\n\n<p>Jei turite klausim\u0173 d\u0117l siuntimo ar gr\u0105\u017einimo, susisiekite su mumis adresu -&gt;palaikymo el. pa\u0161tas:<\/p>\n\n<p><a href=\"mailto:b2c@ortoto.com\" target=\"_blank\" rel=\"noreferrer noopener\">b2c@ortoto.com<\/a>.<\/p>\n\n<p>M\u0117gaukit\u0117s apsipirkimu be streso su mumis \u2013 j\u016bs\u0173 pasitenkinimas yra m\u016bs\u0173 prioritetas!<\/p>\n\n<p><\/p>\n\n<p><\/p>\n","protected":false},"excerpt":{"rendered":"<p>Pristatymo ir gr\u0105\u017einimo politika Siekiame, kad j\u016bs\u0173 apsipirkimo patirtis b\u016bt\u0173 kuo sklandesn\u0117, si\u016blydami paprastus pristatymo b\u016bdus ir paprast\u0105 gr\u0105\u017einimo proces\u0105. Siuntimo informacija \u2022 Nemokamas pristatymas: u\u017esakymams vir\u0161 150 \u20ac taikomas nemokamas tarptautinis pristatymas.\u2022 Ma\u017eesni\u0173 u\u017esakym\u0173 pristatymo mokestis: u\u017esakymams iki 150 \u20ac taikomas fiksuotas 15 \u20ac pristatymo mokestis.\u2022 Apdorojimo laikas: U\u017esakymai apdorojami ir i\u0161siun\u010diami per 1\u20132 [&hellip;]<\/p>\n","protected":false},"author":1,"featured_media":0,"parent":0,"menu_order":0,"comment_status":"closed","ping_status":"closed","template":"","meta":{"_acf_changed":false,"footnotes":""},"class_list":["post-3558","page","type-page","status-publish","hentry"],"acf":[],"yoast_head":"<!-- This site is optimized with the Yoast SEO plugin v26.5 - https:\/\/yoast.com\/wordpress\/plugins\/seo\/ -->\n<title>Pristatymo ir gr\u0105\u017einimo politika - Ortoto<\/title>\n<meta name=\"robots\" content=\"index, follow, max-snippet:-1, max-image-preview:large, max-video-preview:-1\" \/>\n<link rel=\"canonical\" href=\"https:\/\/ortoto.com\/lt\/pristatymo-ir-grazinimo-politika\/\" \/>\n<meta property=\"og:locale\" content=\"lt_LT\" \/>\n<meta property=\"og:type\" content=\"article\" \/>\n<meta property=\"og:title\" content=\"Pristatymo ir gr\u0105\u017einimo politika - Ortoto\" \/>\n<meta property=\"og:description\" content=\"Pristatymo ir gr\u0105\u017einimo politika Siekiame, kad j\u016bs\u0173 apsipirkimo patirtis b\u016bt\u0173 kuo sklandesn\u0117, si\u016blydami paprastus pristatymo b\u016bdus ir paprast\u0105 gr\u0105\u017einimo proces\u0105. Siuntimo informacija \u2022 Nemokamas pristatymas: u\u017esakymams vir\u0161 150 \u20ac taikomas nemokamas tarptautinis pristatymas.\u2022 Ma\u017eesni\u0173 u\u017esakym\u0173 pristatymo mokestis: u\u017esakymams iki 150 \u20ac taikomas fiksuotas 15 \u20ac pristatymo mokestis.\u2022 Apdorojimo laikas: U\u017esakymai apdorojami ir i\u0161siun\u010diami per 1\u20132 [&hellip;]\" \/>\n<meta property=\"og:url\" content=\"https:\/\/ortoto.com\/lt\/pristatymo-ir-grazinimo-politika\/\" \/>\n<meta property=\"og:site_name\" content=\"Ortoto\" \/>\n<meta property=\"article:modified_time\" content=\"2025-09-05T12:03:47+00:00\" \/>\n<meta name=\"twitter:card\" content=\"summary_large_image\" \/>\n<meta name=\"twitter:label1\" content=\"Est. reading time\" \/>\n\t<meta name=\"twitter:data1\" content=\"1 minute\" \/>\n<script type=\"application\/ld+json\" class=\"yoast-schema-graph\">{\"@context\":\"https:\/\/schema.org\",\"@graph\":[{\"@type\":\"WebPage\",\"@id\":\"https:\/\/ortoto.com\/lt\/pristatymo-ir-grazinimo-politika\/\",\"url\":\"https:\/\/ortoto.com\/lt\/pristatymo-ir-grazinimo-politika\/\",\"name\":\"Pristatymo ir gr\u0105\u017einimo politika - Ortoto\",\"isPartOf\":{\"@id\":\"https:\/\/ortoto.com\/lt\/#website\"},\"datePublished\":\"2024-11-08T08:30:59+00:00\",\"dateModified\":\"2025-09-05T12:03:47+00:00\",\"breadcrumb\":{\"@id\":\"https:\/\/ortoto.com\/lt\/pristatymo-ir-grazinimo-politika\/#breadcrumb\"},\"inLanguage\":\"lt-LT\",\"potentialAction\":[{\"@type\":\"ReadAction\",\"target\":[\"https:\/\/ortoto.com\/lt\/pristatymo-ir-grazinimo-politika\/\"]}]},{\"@type\":\"BreadcrumbList\",\"@id\":\"https:\/\/ortoto.com\/lt\/pristatymo-ir-grazinimo-politika\/#breadcrumb\",\"itemListElement\":[{\"@type\":\"ListItem\",\"position\":1,\"name\":\"Home\",\"item\":\"https:\/\/ortoto.com\/lt\/\"},{\"@type\":\"ListItem\",\"position\":2,\"name\":\"Pristatymo ir gr\u0105\u017einimo politika\"}]},{\"@type\":\"WebSite\",\"@id\":\"https:\/\/ortoto.com\/lt\/#website\",\"url\":\"https:\/\/ortoto.com\/lt\/\",\"name\":\"Ortoto\",\"description\":\"Massage Puzzle Mats\",\"potentialAction\":[{\"@type\":\"SearchAction\",\"target\":{\"@type\":\"EntryPoint\",\"urlTemplate\":\"https:\/\/ortoto.com\/lt\/?s={search_term_string}\"},\"query-input\":{\"@type\":\"PropertyValueSpecification\",\"valueRequired\":true,\"valueName\":\"search_term_string\"}}],\"inLanguage\":\"lt-LT\"}]}<\/script>\n<!-- \/ Yoast SEO plugin. -->","yoast_head_json":{"title":"Pristatymo ir gr\u0105\u017einimo politika - Ortoto","robots":{"index":"index","follow":"follow","max-snippet":"max-snippet:-1","max-image-preview":"max-image-preview:large","max-video-preview":"max-video-preview:-1"},"canonical":"https:\/\/ortoto.com\/lt\/pristatymo-ir-grazinimo-politika\/","og_locale":"lt_LT","og_type":"article","og_title":"Pristatymo ir gr\u0105\u017einimo politika - Ortoto","og_description":"Pristatymo ir gr\u0105\u017einimo politika Siekiame, kad j\u016bs\u0173 apsipirkimo patirtis b\u016bt\u0173 kuo sklandesn\u0117, si\u016blydami paprastus pristatymo b\u016bdus ir paprast\u0105 gr\u0105\u017einimo proces\u0105. Siuntimo informacija \u2022 Nemokamas pristatymas: u\u017esakymams vir\u0161 150 \u20ac taikomas nemokamas tarptautinis pristatymas.\u2022 Ma\u017eesni\u0173 u\u017esakym\u0173 pristatymo mokestis: u\u017esakymams iki 150 \u20ac taikomas fiksuotas 15 \u20ac pristatymo mokestis.\u2022 Apdorojimo laikas: U\u017esakymai apdorojami ir i\u0161siun\u010diami per 1\u20132 [&hellip;]","og_url":"https:\/\/ortoto.com\/lt\/pristatymo-ir-grazinimo-politika\/","og_site_name":"Ortoto","article_modified_time":"2025-09-05T12:03:47+00:00","twitter_card":"summary_large_image","twitter_misc":{"Est. reading time":"1 minute"},"schema":{"@context":"https:\/\/schema.org","@graph":[{"@type":"WebPage","@id":"https:\/\/ortoto.com\/lt\/pristatymo-ir-grazinimo-politika\/","url":"https:\/\/ortoto.com\/lt\/pristatymo-ir-grazinimo-politika\/","name":"Pristatymo ir gr\u0105\u017einimo politika - Ortoto","isPartOf":{"@id":"https:\/\/ortoto.com\/lt\/#website"},"datePublished":"2024-11-08T08:30:59+00:00","dateModified":"2025-09-05T12:03:47+00:00","breadcrumb":{"@id":"https:\/\/ortoto.com\/lt\/pristatymo-ir-grazinimo-politika\/#breadcrumb"},"inLanguage":"lt-LT","potentialAction":[{"@type":"ReadAction","target":["https:\/\/ortoto.com\/lt\/pristatymo-ir-grazinimo-politika\/"]}]},{"@type":"BreadcrumbList","@id":"https:\/\/ortoto.com\/lt\/pristatymo-ir-grazinimo-politika\/#breadcrumb","itemListElement":[{"@type":"ListItem","position":1,"name":"Home","item":"https:\/\/ortoto.com\/lt\/"},{"@type":"ListItem","position":2,"name":"Pristatymo ir gr\u0105\u017einimo politika"}]},{"@type":"WebSite","@id":"https:\/\/ortoto.com\/lt\/#website","url":"https:\/\/ortoto.com\/lt\/","name":"Ortoto","description":"Massage Puzzle Mats","potentialAction":[{"@type":"SearchAction","target":{"@type":"EntryPoint","urlTemplate":"https:\/\/ortoto.com\/lt\/?s={search_term_string}"},"query-input":{"@type":"PropertyValueSpecification","valueRequired":true,"valueName":"search_term_string"}}],"inLanguage":"lt-LT"}]}},"_links":{"self":[{"href":"https:\/\/ortoto.com\/lt\/wp-json\/wp\/v2\/pages\/3558","targetHints":{"allow":["GET"]}}],"collection":[{"href":"https:\/\/ortoto.com\/lt\/wp-json\/wp\/v2\/pages"}],"about":[{"href":"https:\/\/ortoto.com\/lt\/wp-json\/wp\/v2\/types\/page"}],"author":[{"embeddable":true,"href":"https:\/\/ortoto.com\/lt\/wp-json\/wp\/v2\/users\/1"}],"replies":[{"embeddable":true,"href":"https:\/\/ortoto.com\/lt\/wp-json\/wp\/v2\/comments?post=3558"}],"version-history":[{"count":0,"href":"https:\/\/ortoto.com\/lt\/wp-json\/wp\/v2\/pages\/3558\/revisions"}],"wp:attachment":[{"href":"https:\/\/ortoto.com\/lt\/wp-json\/wp\/v2\/media?parent=3558"}],"curies":[{"name":"wp","href":"https:\/\/api.w.org\/{rel}","templated":true}]}}