{"id":3599,"date":"2024-11-07T06:04:52","date_gmt":"2024-11-07T04:04:52","guid":{"rendered":"https:\/\/ortoto.se.lt\/kaip-tai-padeda\/skatina-pirmuosius-zingsnius\/"},"modified":"2026-01-23T14:35:36","modified_gmt":"2026-01-23T12:35:36","slug":"skatina-pirmuosius-zingsnius","status":"publish","type":"page","link":"https:\/\/ortoto.com\/lt\/kaip-tai-padeda\/skatina-pirmuosius-zingsnius\/","title":{"rendered":"Skatina pirmuosius \u017eingsnius"},"content":{"rendered":"\t\t<div data-elementor-type=\"wp-page\" data-elementor-id=\"3599\" class=\"elementor elementor-3599 elementor-991\" data-elementor-post-type=\"page\">\n\t\t\t\t<div class=\"elementor-element elementor-element-8baad76 e-flex e-con-boxed e-con e-parent\" data-id=\"8baad76\" data-element_type=\"container\">\n\t\t\t\t\t<div class=\"e-con-inner\">\n\t\t\t\t<div class=\"elementor-element elementor-element-bb9c0cf elementor-widget__width-initial elementor-widget-widescreen__width-initial elementor-widget elementor-widget-heading\" data-id=\"bb9c0cf\" data-element_type=\"widget\" data-widget_type=\"heading.default\">\n\t\t\t\t\t<h1 class=\"elementor-heading-title elementor-size-default\">Skatina pirmuosius \u017eingsnius<\/h1>\t\t\t\t<\/div>\n\t\t\t\t<div class=\"elementor-element elementor-element-6538c31 elementor-widget elementor-widget-spacer\" data-id=\"6538c31\" data-element_type=\"widget\" data-widget_type=\"spacer.default\">\n\t\t\t\t\t\t\t<div class=\"elementor-spacer\">\n\t\t\t<div class=\"elementor-spacer-inner\"><\/div>\n\t\t<\/div>\n\t\t\t\t\t\t<\/div>\n\t\t\t\t<div class=\"elementor-element elementor-element-eccb1e6 elementor-widget elementor-widget-text-editor\" data-id=\"eccb1e6\" data-element_type=\"widget\" data-widget_type=\"text-editor.default\">\n\t\t\t\t\t\t\t\t\t<p>Ma\u017ei \u017eingsneliai kojoms, dideli \u017eingsniai augimui.<\/p><p>Pirmieji k\u016bdikio \u017eingsniai \u2013 tai viena i\u0161 labiausiai jaudinan\u010di\u0173 akimirk\u0173 visiems t\u0117vams. Steb\u0117ti, kaip ma\u017eos kojyt\u0117s \u017eengia pirmuosius nepriklausomus \u017eingsnius, tai magi\u0161ka patirtis, atverianti ma\u017eiesiems nauj\u0105 smalsumo ir tyrin\u0117jimo pasaul\u012f. <\/p><p>Ta\u010diau \u0161iandien vis daugiau ma\u017e\u0173 koj\u0173 yra \u012fkalinamos \u201enarvuose\u201c, kurie trukdo joms tinkamai \u017eengti tuos pirmuosius \u017eingsnius. Taip, mes kalbame apie batus. <\/p><p>Tai kod\u0117l tur\u0117tume atsisakyti bat\u0173?<\/p><p>I\u0161laisvinkite pir\u0161telius!<\/p><p>K\u016bdikiai vaik\u0161\u010dioja sugriebdami \u017eem\u0119 pir\u0161tais ir naudodami kulnus stabilumui. Batai riboja \u0161iuos nat\u016bralius judesius, nes l\u0117tina p\u0117d\u0173 raumen\u0173, kurie reikalingi tinkamam jud\u0117jimui, vystym\u0105si. Tinkamai parinkti ortopediniai sensorinio masa\u017eo kilim\u0117liai vaikams gali paskatinti nat\u016bral\u0173 p\u0117d\u0173 mobilum\u0105.  <\/p><p>Geresn\u0117 gr\u012f\u017etamoji informacija<\/p><p>K\u016bdiki\u0173 p\u0117dose yra beveik 200 000 nerv\u0173 gal\u016bni\u0173, kurios nuolat siun\u010dia signalus \u012f smegenis apie aplink\u0105 ir pavir\u0161ius, kuriais jie vaik\u0161to. Nesvarbu, ar tai b\u016bt\u0173 \u017eol\u0117, sm\u0117lis, ar akmenys, ma\u017eos p\u0117dut\u0117s kruop\u0161\u010diai u\u017efiksuoja \u0161ias sud\u0117tingas tekst\u016bras, kad smegenys gal\u0117t\u0173 jas apdoroti. ORTOTO taktiliniai masa\u017einiai kilim\u0117liai suteikia puikias s\u0105lygas, reikalingas simuliuoti \u0161iuos signalus ir taip pagerinti kognityvini\u0173 geb\u0117jim\u0173 vystym\u0105si. \u0160ie signalai padeda lavinti pusiausvyr\u0105, koordinacij\u0105, erdvin\u012f suvokim\u0105 ir propriocepcij\u0105. Batai slopina \u0161iuos poj\u016b\u010dius, si\u0173sdami \u201ei\u0161kraipytus\u201c signalus \u012f smegenis ir l\u0117tindami mokymosi proces\u0105.    <\/p><p>Kuo daugiau pavir\u0161i\u0173, tuo geriau<\/p><p>Kuo daugiau pavir\u0161i\u0173 ir tekst\u016br\u0173 k\u016bdikio kojos tyrin\u0117ja, tuo grei\u010diau smegenys suformuoja pusiausvyros, koordinacijos ir erdvinio suvokimo geb\u0117jimus. Apribojus k\u016bdikius tik plok\u0161\u010diais, mink\u0161tais pavir\u0161iais (pvz., parketin\u0117mis grindimis ar kilimais), smegenims tampa sunkiau prisitaikyti prie nauj\u0173 sud\u0117tingesni\u0173 tekst\u016br\u0173 pavir\u0161i\u0173, tod\u0117l juos tampa sunkiau \u012fveikti. B\u016btent tod\u0117l jutiminiai masa\u017einiai kilim\u0117liai gali b\u016bti tikras perversmas tobulinant kelion\u0119 pirm\u0173j\u0173 \u017eingsni\u0173 link!  <\/p><p>Ma\u017ei raumenys \u2013 didel\u0117 reik\u0161m\u0117<\/p><p>Nors k\u016bdikio koja gali atrodyti ma\u017ea ir mink\u0161ta, joje yra daugyb\u0117 ma\u017e\u0173 raumen\u0173, kuriems reikia tinkam\u0173 s\u0105lyg\u0173 optimaliam vystymuisi. Nat\u016bral\u016bs bas\u0173 koj\u0173 potyriai u\u017etikrina subalansuot\u0105 raumen\u0173 stimuliacij\u0105, teising\u0105 s\u0105nari\u0173 i\u0161sid\u0117stym\u0105 ir sveik\u0105 p\u0117dos skliauto vystym\u0105si. Tai padeda i\u0161vengti plok\u0161\u010diap\u0117dyst\u0117s ir u\u017etikrina teising\u0105 kulk\u0161ni\u0173, klub\u0173 ir stuburo pad\u0117t\u012f. ORTOTO ortopediniai masa\u017einiai kilim\u0117liai padeda p\u0117doms tinkamai vystytis, suteikdami k\u016bdikiams geriausi\u0105 pamat\u0105 p\u0117d\u0173 sveikatai.   <\/p>\t\t\t\t\t\t\t\t<\/div>\n\t\t\t\t<div class=\"elementor-element elementor-element-c030bac elementor-widget elementor-widget-spacer\" data-id=\"c030bac\" data-element_type=\"widget\" data-widget_type=\"spacer.default\">\n\t\t\t\t\t\t\t<div class=\"elementor-spacer\">\n\t\t\t<div class=\"elementor-spacer-inner\"><\/div>\n\t\t<\/div>\n\t\t\t\t\t\t<\/div>\n\t\t\t\t\t<\/div>\n\t\t\t\t<\/div>\n\t\t<div class=\"elementor-element elementor-element-15a44f3 e-flex e-con-boxed e-con e-parent\" data-id=\"15a44f3\" data-element_type=\"container\">\n\t\t\t\t\t<div class=\"e-con-inner\">\n\t\t<div class=\"elementor-element elementor-element-2a6a8de e-con-full e-flex e-con e-child\" data-id=\"2a6a8de\" data-element_type=\"container\" data-settings=\"{&quot;background_background&quot;:&quot;classic&quot;}\">\n\t\t\t\t<\/div>\n\t\t\t\t<div class=\"elementor-element elementor-element-26e6baf elementor-widget elementor-widget-spacer\" data-id=\"26e6baf\" data-element_type=\"widget\" data-widget_type=\"spacer.default\">\n\t\t\t\t\t\t\t<div class=\"elementor-spacer\">\n\t\t\t<div class=\"elementor-spacer-inner\"><\/div>\n\t\t<\/div>\n\t\t\t\t\t\t<\/div>\n\t\t\t\t<div class=\"elementor-element elementor-element-41a1da8 elementor-align-center elementor-widget elementor-widget-button\" data-id=\"41a1da8\" data-element_type=\"widget\" data-widget_type=\"button.default\">\n\t\t\t\t\t\t\t\t\t\t<a class=\"elementor-button elementor-button-link elementor-size-sm\" href=\"\/lt\/product-category\/vaikai-basomis-namuose\/\">\n\t\t\t\t\t\t<span class=\"elementor-button-content-wrapper\">\n\t\t\t\t\t\t<span class=\"elementor-button-icon\">\n\t\t\t\t\t\t\t<\/span>\n\t\t\t\t\t\t\t\t\t<span class=\"elementor-button-text\">GAUKITE SAVO ORTOTO<\/span>\n\t\t\t\t\t<\/span>\n\t\t\t\t\t<\/a>\n\t\t\t\t\t\t\t\t<\/div>\n\t\t\t\t<div class=\"elementor-element elementor-element-3465a6d elementor-widget elementor-widget-spacer\" data-id=\"3465a6d\" data-element_type=\"widget\" data-widget_type=\"spacer.default\">\n\t\t\t\t\t\t\t<div class=\"elementor-spacer\">\n\t\t\t<div class=\"elementor-spacer-inner\"><\/div>\n\t\t<\/div>\n\t\t\t\t\t\t<\/div>\n\t\t\t\t\t<\/div>\n\t\t\t\t<\/div>\n\t\t<div class=\"elementor-element elementor-element-3e67803 e-flex e-con-boxed e-con e-parent\" data-id=\"3e67803\" data-element_type=\"container\">\n\t\t\t\t\t<div class=\"e-con-inner\">\n\t\t\t\t<div class=\"elementor-element elementor-element-29ff1b3 elementor-widget elementor-widget-text-editor\" data-id=\"29ff1b3\" data-element_type=\"widget\" data-widget_type=\"text-editor.default\">\n\t\t\t\t\t\t\t\t\t<p>ORTOTO \u2013 \u012e PAGALB\u0104!<\/p><p>Skirtingi pavir\u0161iai \u2013 skirtingiems poj\u016b\u010diams<\/p><p>ORTOTO sensoriniai masa\u017eo kilim\u0117liai leid\u017eia j\u016bs\u0173 k\u016bdikiui m\u0117gautis \u012fvairiais pavir\u0161iais savo smalsiomis kojyt\u0117mis \u2013 nuo \u0161velni\u0173 dilg\u010diojim\u0173 iki grubesni\u0173 tekst\u016br\u0173. \u0160ie kilim\u0117liai sukurti taip, kad suteikt\u0173 ma\u017eiesiems p\u0117d\u0173 raumenims tinkam\u0105 stimuliacij\u0105 ir leist\u0173 p\u0117dai vystytis tinkamai. Tokiu b\u016bdu suteikiant daugiau dr\u0105sos pirmiesiems savaranki\u0161kiems \u017eingsniams. Be to, jie puikiai padeda i\u0161vengti plok\u0161\u010diap\u0117dyst\u0117s, nes tinkamai formuoja p\u0117dos skliaut\u0105.  <\/p><p>Maksimalus saugumas<\/p><p>T\u0117veliai, mes puikiai suprantame. Leisti vaikui tyrin\u0117ti nat\u016bralius pavir\u0161ius gali b\u016bti \u0161iek tiek neramu \u2013 visada yra rizika jiems susi\u017eeisti ar patirti kit\u0173 netik\u0117tum\u0173. Tod\u0117l suk\u016br\u0117me savo sensorinius masa\u017einius kilim\u0117lius taip, kad jie b\u016bt\u0173 saug\u016bs bet kurioje aplinkoje ir kuo tiksliau imituot\u0173 nat\u016bralius gamtos pavir\u0161ius. Nusine\u0161kite juos \u012f papl\u016bdim\u012f, naudokite namuose arba pasiimkite \u012f lauk\u0105 tyrin\u0117ti ORTOTO sensorini\u0173 reljef\u0173 gryname ore. Ramiai ir saugiai. Nesvarbu, ar tai b\u016bt\u0173 nuotykiai vidaus erdv\u0117je ar lauke, ORTOTO p\u0117d\u0173 sensoriniai kilim\u0117liai jumis pasir\u016bpins.     <\/p>\t\t\t\t\t\t\t\t<\/div>\n\t\t\t\t<div class=\"elementor-element elementor-element-7e4a3e6 elementor-widget elementor-widget-spacer\" data-id=\"7e4a3e6\" data-element_type=\"widget\" data-widget_type=\"spacer.default\">\n\t\t\t\t\t\t\t<div class=\"elementor-spacer\">\n\t\t\t<div class=\"elementor-spacer-inner\"><\/div>\n\t\t<\/div>\n\t\t\t\t\t\t<\/div>\n\t\t\t\t\t<\/div>\n\t\t\t\t<\/div>\n\t\t<div class=\"elementor-element elementor-element-c4ca48f e-flex e-con-boxed e-con e-parent\" data-id=\"c4ca48f\" data-element_type=\"container\">\n\t\t\t\t\t<div class=\"e-con-inner\">\n\t\t<div class=\"elementor-element elementor-element-93b218e e-con-full e-flex e-con e-child\" data-id=\"93b218e\" data-element_type=\"container\" data-settings=\"{&quot;background_background&quot;:&quot;classic&quot;}\">\n\t\t\t\t<\/div>\n\t\t\t\t<div class=\"elementor-element elementor-element-1485948 elementor-widget elementor-widget-spacer\" data-id=\"1485948\" data-element_type=\"widget\" data-widget_type=\"spacer.default\">\n\t\t\t\t\t\t\t<div class=\"elementor-spacer\">\n\t\t\t<div class=\"elementor-spacer-inner\"><\/div>\n\t\t<\/div>\n\t\t\t\t\t\t<\/div>\n\t\t\t\t\t<\/div>\n\t\t\t\t<\/div>\n\t\t\t\t<\/div>\n\t\t","protected":false},"excerpt":{"rendered":"<p>Skatina pirmuosius \u017eingsnius Ma\u017ei \u017eingsneliai kojoms, dideli \u017eingsniai augimui. Pirmieji k\u016bdikio \u017eingsniai \u2013 tai viena i\u0161 labiausiai jaudinan\u010di\u0173 akimirk\u0173 visiems t\u0117vams. Steb\u0117ti, kaip ma\u017eos kojyt\u0117s \u017eengia pirmuosius nepriklausomus \u017eingsnius, tai magi\u0161ka patirtis, atverianti ma\u017eiesiems nauj\u0105 smalsumo ir tyrin\u0117jimo pasaul\u012f. Ta\u010diau \u0161iandien vis daugiau ma\u017e\u0173 koj\u0173 yra \u012fkalinamos \u201enarvuose\u201c, kurie trukdo joms tinkamai \u017eengti tuos pirmuosius [&hellip;]<\/p>\n","protected":false},"author":1,"featured_media":0,"parent":3589,"menu_order":0,"comment_status":"closed","ping_status":"closed","template":"","meta":{"_acf_changed":false,"footnotes":""},"class_list":["post-3599","page","type-page","status-publish","hentry"],"acf":[],"yoast_head":"<!-- This site is optimized with the Yoast SEO plugin v26.5 - https:\/\/yoast.com\/wordpress\/plugins\/seo\/ -->\n<title>Skatina pirmuosius \u017eingsnius - Ortoto<\/title>\n<meta name=\"robots\" content=\"index, follow, max-snippet:-1, max-image-preview:large, max-video-preview:-1\" \/>\n<link rel=\"canonical\" href=\"https:\/\/ortoto.com\/lt\/kaip-tai-padeda\/skatina-pirmuosius-zingsnius\/\" \/>\n<meta property=\"og:locale\" content=\"lt_LT\" \/>\n<meta property=\"og:type\" content=\"article\" \/>\n<meta property=\"og:title\" content=\"Skatina pirmuosius \u017eingsnius - Ortoto\" \/>\n<meta property=\"og:description\" content=\"Skatina pirmuosius \u017eingsnius Ma\u017ei \u017eingsneliai kojoms, dideli \u017eingsniai augimui. Pirmieji k\u016bdikio \u017eingsniai \u2013 tai viena i\u0161 labiausiai jaudinan\u010di\u0173 akimirk\u0173 visiems t\u0117vams. Steb\u0117ti, kaip ma\u017eos kojyt\u0117s \u017eengia pirmuosius nepriklausomus \u017eingsnius, tai magi\u0161ka patirtis, atverianti ma\u017eiesiems nauj\u0105 smalsumo ir tyrin\u0117jimo pasaul\u012f. Ta\u010diau \u0161iandien vis daugiau ma\u017e\u0173 koj\u0173 yra \u012fkalinamos \u201enarvuose\u201c, kurie trukdo joms tinkamai \u017eengti tuos pirmuosius [&hellip;]\" \/>\n<meta property=\"og:url\" content=\"https:\/\/ortoto.com\/lt\/kaip-tai-padeda\/skatina-pirmuosius-zingsnius\/\" \/>\n<meta property=\"og:site_name\" content=\"Ortoto\" \/>\n<meta property=\"article:modified_time\" content=\"2026-01-23T12:35:36+00:00\" \/>\n<meta name=\"twitter:card\" content=\"summary_large_image\" \/>\n<meta name=\"twitter:label1\" content=\"Est. reading time\" \/>\n\t<meta name=\"twitter:data1\" content=\"3 minutes\" \/>\n<script type=\"application\/ld+json\" class=\"yoast-schema-graph\">{\"@context\":\"https:\/\/schema.org\",\"@graph\":[{\"@type\":\"WebPage\",\"@id\":\"https:\/\/ortoto.com\/lt\/kaip-tai-padeda\/skatina-pirmuosius-zingsnius\/\",\"url\":\"https:\/\/ortoto.com\/lt\/kaip-tai-padeda\/skatina-pirmuosius-zingsnius\/\",\"name\":\"Skatina pirmuosius \u017eingsnius - Ortoto\",\"isPartOf\":{\"@id\":\"https:\/\/ortoto.com\/lt\/#website\"},\"datePublished\":\"2024-11-07T04:04:52+00:00\",\"dateModified\":\"2026-01-23T12:35:36+00:00\",\"breadcrumb\":{\"@id\":\"https:\/\/ortoto.com\/lt\/kaip-tai-padeda\/skatina-pirmuosius-zingsnius\/#breadcrumb\"},\"inLanguage\":\"lt-LT\",\"potentialAction\":[{\"@type\":\"ReadAction\",\"target\":[\"https:\/\/ortoto.com\/lt\/kaip-tai-padeda\/skatina-pirmuosius-zingsnius\/\"]}]},{\"@type\":\"BreadcrumbList\",\"@id\":\"https:\/\/ortoto.com\/lt\/kaip-tai-padeda\/skatina-pirmuosius-zingsnius\/#breadcrumb\",\"itemListElement\":[{\"@type\":\"ListItem\",\"position\":1,\"name\":\"Home\",\"item\":\"https:\/\/ortoto.com\/lt\/\"},{\"@type\":\"ListItem\",\"position\":2,\"name\":\"Kaip tai padeda\",\"item\":\"https:\/\/ortoto.com\/lt\/how-it-helps\/\"},{\"@type\":\"ListItem\",\"position\":3,\"name\":\"Skatina pirmuosius \u017eingsnius\"}]},{\"@type\":\"WebSite\",\"@id\":\"https:\/\/ortoto.com\/lt\/#website\",\"url\":\"https:\/\/ortoto.com\/lt\/\",\"name\":\"Ortoto\",\"description\":\"Massage Puzzle Mats\",\"potentialAction\":[{\"@type\":\"SearchAction\",\"target\":{\"@type\":\"EntryPoint\",\"urlTemplate\":\"https:\/\/ortoto.com\/lt\/?s={search_term_string}\"},\"query-input\":{\"@type\":\"PropertyValueSpecification\",\"valueRequired\":true,\"valueName\":\"search_term_string\"}}],\"inLanguage\":\"lt-LT\"}]}<\/script>\n<!-- \/ Yoast SEO plugin. -->","yoast_head_json":{"title":"Skatina pirmuosius \u017eingsnius - Ortoto","robots":{"index":"index","follow":"follow","max-snippet":"max-snippet:-1","max-image-preview":"max-image-preview:large","max-video-preview":"max-video-preview:-1"},"canonical":"https:\/\/ortoto.com\/lt\/kaip-tai-padeda\/skatina-pirmuosius-zingsnius\/","og_locale":"lt_LT","og_type":"article","og_title":"Skatina pirmuosius \u017eingsnius - Ortoto","og_description":"Skatina pirmuosius \u017eingsnius Ma\u017ei \u017eingsneliai kojoms, dideli \u017eingsniai augimui. Pirmieji k\u016bdikio \u017eingsniai \u2013 tai viena i\u0161 labiausiai jaudinan\u010di\u0173 akimirk\u0173 visiems t\u0117vams. Steb\u0117ti, kaip ma\u017eos kojyt\u0117s \u017eengia pirmuosius nepriklausomus \u017eingsnius, tai magi\u0161ka patirtis, atverianti ma\u017eiesiems nauj\u0105 smalsumo ir tyrin\u0117jimo pasaul\u012f. Ta\u010diau \u0161iandien vis daugiau ma\u017e\u0173 koj\u0173 yra \u012fkalinamos \u201enarvuose\u201c, kurie trukdo joms tinkamai \u017eengti tuos pirmuosius [&hellip;]","og_url":"https:\/\/ortoto.com\/lt\/kaip-tai-padeda\/skatina-pirmuosius-zingsnius\/","og_site_name":"Ortoto","article_modified_time":"2026-01-23T12:35:36+00:00","twitter_card":"summary_large_image","twitter_misc":{"Est. reading time":"3 minutes"},"schema":{"@context":"https:\/\/schema.org","@graph":[{"@type":"WebPage","@id":"https:\/\/ortoto.com\/lt\/kaip-tai-padeda\/skatina-pirmuosius-zingsnius\/","url":"https:\/\/ortoto.com\/lt\/kaip-tai-padeda\/skatina-pirmuosius-zingsnius\/","name":"Skatina pirmuosius \u017eingsnius - Ortoto","isPartOf":{"@id":"https:\/\/ortoto.com\/lt\/#website"},"datePublished":"2024-11-07T04:04:52+00:00","dateModified":"2026-01-23T12:35:36+00:00","breadcrumb":{"@id":"https:\/\/ortoto.com\/lt\/kaip-tai-padeda\/skatina-pirmuosius-zingsnius\/#breadcrumb"},"inLanguage":"lt-LT","potentialAction":[{"@type":"ReadAction","target":["https:\/\/ortoto.com\/lt\/kaip-tai-padeda\/skatina-pirmuosius-zingsnius\/"]}]},{"@type":"BreadcrumbList","@id":"https:\/\/ortoto.com\/lt\/kaip-tai-padeda\/skatina-pirmuosius-zingsnius\/#breadcrumb","itemListElement":[{"@type":"ListItem","position":1,"name":"Home","item":"https:\/\/ortoto.com\/lt\/"},{"@type":"ListItem","position":2,"name":"Kaip tai padeda","item":"https:\/\/ortoto.com\/lt\/how-it-helps\/"},{"@type":"ListItem","position":3,"name":"Skatina pirmuosius \u017eingsnius"}]},{"@type":"WebSite","@id":"https:\/\/ortoto.com\/lt\/#website","url":"https:\/\/ortoto.com\/lt\/","name":"Ortoto","description":"Massage Puzzle Mats","potentialAction":[{"@type":"SearchAction","target":{"@type":"EntryPoint","urlTemplate":"https:\/\/ortoto.com\/lt\/?s={search_term_string}"},"query-input":{"@type":"PropertyValueSpecification","valueRequired":true,"valueName":"search_term_string"}}],"inLanguage":"lt-LT"}]}},"_links":{"self":[{"href":"https:\/\/ortoto.com\/lt\/wp-json\/wp\/v2\/pages\/3599","targetHints":{"allow":["GET"]}}],"collection":[{"href":"https:\/\/ortoto.com\/lt\/wp-json\/wp\/v2\/pages"}],"about":[{"href":"https:\/\/ortoto.com\/lt\/wp-json\/wp\/v2\/types\/page"}],"author":[{"embeddable":true,"href":"https:\/\/ortoto.com\/lt\/wp-json\/wp\/v2\/users\/1"}],"replies":[{"embeddable":true,"href":"https:\/\/ortoto.com\/lt\/wp-json\/wp\/v2\/comments?post=3599"}],"version-history":[{"count":0,"href":"https:\/\/ortoto.com\/lt\/wp-json\/wp\/v2\/pages\/3599\/revisions"}],"up":[{"embeddable":true,"href":"https:\/\/ortoto.com\/lt\/wp-json\/wp\/v2\/pages\/3589"}],"wp:attachment":[{"href":"https:\/\/ortoto.com\/lt\/wp-json\/wp\/v2\/media?parent=3599"}],"curies":[{"name":"wp","href":"https:\/\/api.w.org\/{rel}","templated":true}]}}