{"id":3622,"date":"2025-04-01T11:40:46","date_gmt":"2025-04-01T09:40:46","guid":{"rendered":"https:\/\/ortoto.se.lt\/kaip-tai-padeda\/skatina-vaizduote\/"},"modified":"2026-01-23T14:41:29","modified_gmt":"2026-01-23T12:41:29","slug":"skatina-vaizduote","status":"publish","type":"page","link":"https:\/\/ortoto.com\/lt\/kaip-tai-padeda\/skatina-vaizduote\/","title":{"rendered":"Skatina vaizduot\u0119"},"content":{"rendered":"\t\t<div data-elementor-type=\"wp-page\" data-elementor-id=\"3622\" class=\"elementor elementor-3622 elementor-2204\" data-elementor-post-type=\"page\">\n\t\t\t\t<div class=\"elementor-element elementor-element-8baad76 e-flex e-con-boxed e-con e-parent\" data-id=\"8baad76\" data-element_type=\"container\">\n\t\t\t\t\t<div class=\"e-con-inner\">\n\t\t\t\t<div class=\"elementor-element elementor-element-bb9c0cf elementor-widget__width-initial elementor-widget-widescreen__width-initial elementor-widget elementor-widget-heading\" data-id=\"bb9c0cf\" data-element_type=\"widget\" data-widget_type=\"heading.default\">\n\t\t\t\t\t<h1 class=\"elementor-heading-title elementor-size-default\">Skatina vaizduot\u0119<\/h1>\t\t\t\t<\/div>\n\t\t\t\t<div class=\"elementor-element elementor-element-59df916 elementor-widget elementor-widget-spacer\" data-id=\"59df916\" data-element_type=\"widget\" data-widget_type=\"spacer.default\">\n\t\t\t\t\t\t\t<div class=\"elementor-spacer\">\n\t\t\t<div class=\"elementor-spacer-inner\"><\/div>\n\t\t<\/div>\n\t\t\t\t\t\t<\/div>\n\t\t\t\t<div class=\"elementor-element elementor-element-eccb1e6 elementor-widget elementor-widget-text-editor\" data-id=\"eccb1e6\" data-element_type=\"widget\" data-widget_type=\"text-editor.default\">\n\t\t\t\t\t\t\t\t\t<p>Vaizduot\u0117 \u2013 tai impulsas, u\u017e kurio slypi k\u016brybi\u0161kumo prover\u017eiai, naujos id\u0117jos ir did\u017eiausi pasiekimai pasaulyje. Tai did\u017eiausias turtas, kur\u012f turime kiekvienas. Skatinantis poky\u010dius ir pa\u017eang\u0105 i\u0161 kartos \u012f kart\u0105. Ir visa tai prasideda vaikyst\u0117je. Tose ma\u017eose smegen\u0117l\u0117se, kurios sprogsta nuo ry\u0161ki\u0173, spalving\u0173 id\u0117j\u0173, kurios atsiranda tarytum akimirksniu.   <\/p><p>Ta\u010diau kaip mes galime treniruoti tas smegen\u0117les, kad jos skleist\u0173 sparnus dar pla\u010diau? Kaip mes galime jas \u012fkv\u0117pti kurti pa\u010dius netik\u0117\u010diausius pasakojimus, vaizdus ir koncepcijas? <\/p><p>Vienas i\u0161 metod\u0173 \u2013 konstruktyvus \u017eaidimas<\/p><p>Konstruktyvus \u017eaidimas \u2013 tai k\u016brybin\u0117 veikla, kurios metu yra naudojamos atviro pob\u016bd\u017eio detales d\u0117lioti, statyti ir kurti. Tai veikla, kuri ne tik smagi, bet ir ypa\u010d naudinga mokymuisi bei vystymuisi. Per tyrin\u0117jim\u0105, statym\u0105 ir \u017eaidim\u0105, vaikai supranta ir mokosi apie juos supant\u012f pasaul\u012f.  <\/p><p>Toks \u017eaidimas skatina k\u016brybi\u0161kum\u0105, kursto vaizduot\u0119 ir vysto problem\u0173 sprendimo geb\u0117jimus. \u017daisdami detal\u0117mis, vaikai tobulina erdvin\u012f suvokim\u0105, pa\u017einimo raid\u0105 ir pagrindines matematikos \u017einias \u2013 supranta tokias s\u0105vokas kaip spalva, dydis, forma, tekst\u016bra ir sekos. <\/p><p>ORTOTO \u017eaidimas \u2013 daugyb\u0117 galimybi\u0173<\/p><p>M\u016bs\u0173 produktai tai puikus pamatas skatinti vaizduotei, leid\u017eiantis vaikams statyti savo fantazij\u0173 pasaulius ir leistis \u012f \u012fvairius nuotykius.<\/p><p> <\/p>\t\t\t\t\t\t\t\t<\/div>\n\t\t\t\t<div class=\"elementor-element elementor-element-c030bac elementor-widget elementor-widget-spacer\" data-id=\"c030bac\" data-element_type=\"widget\" data-widget_type=\"spacer.default\">\n\t\t\t\t\t\t\t<div class=\"elementor-spacer\">\n\t\t\t<div class=\"elementor-spacer-inner\"><\/div>\n\t\t<\/div>\n\t\t\t\t\t\t<\/div>\n\t\t\t\t\t<\/div>\n\t\t\t\t<\/div>\n\t\t<div class=\"elementor-element elementor-element-15a44f3 e-flex e-con-boxed e-con e-parent\" data-id=\"15a44f3\" data-element_type=\"container\">\n\t\t\t\t\t<div class=\"e-con-inner\">\n\t\t<div class=\"elementor-element elementor-element-4ea3264 e-con-full e-flex e-con e-child\" data-id=\"4ea3264\" data-element_type=\"container\" data-settings=\"{&quot;background_background&quot;:&quot;classic&quot;}\">\n\t\t\t\t<\/div>\n\t\t\t\t<div class=\"elementor-element elementor-element-26e6baf elementor-widget elementor-widget-spacer\" data-id=\"26e6baf\" data-element_type=\"widget\" data-widget_type=\"spacer.default\">\n\t\t\t\t\t\t\t<div class=\"elementor-spacer\">\n\t\t\t<div class=\"elementor-spacer-inner\"><\/div>\n\t\t<\/div>\n\t\t\t\t\t\t<\/div>\n\t\t\t\t<div class=\"elementor-element elementor-element-1e3712f elementor-align-center elementor-widget elementor-widget-button\" data-id=\"1e3712f\" data-element_type=\"widget\" data-widget_type=\"button.default\">\n\t\t\t\t\t\t\t\t\t\t<a class=\"elementor-button elementor-button-link elementor-size-sm\" href=\"\/lt\/product-category\/smegenu-vystymo-zaidimai\">\n\t\t\t\t\t\t<span class=\"elementor-button-content-wrapper\">\n\t\t\t\t\t\t<span class=\"elementor-button-icon\">\n\t\t\t\t\t\t\t<\/span>\n\t\t\t\t\t\t\t\t\t<span class=\"elementor-button-text\">GAUKITE SAVO ORTOTO<\/span>\n\t\t\t\t\t<\/span>\n\t\t\t\t\t<\/a>\n\t\t\t\t\t\t\t\t<\/div>\n\t\t\t\t<div class=\"elementor-element elementor-element-dfe77f4 elementor-widget elementor-widget-spacer\" data-id=\"dfe77f4\" data-element_type=\"widget\" data-widget_type=\"spacer.default\">\n\t\t\t\t\t\t\t<div class=\"elementor-spacer\">\n\t\t\t<div class=\"elementor-spacer-inner\"><\/div>\n\t\t<\/div>\n\t\t\t\t\t\t<\/div>\n\t\t\t\t\t<\/div>\n\t\t\t\t<\/div>\n\t\t<div class=\"elementor-element elementor-element-3e67803 e-flex e-con-boxed e-con e-parent\" data-id=\"3e67803\" data-element_type=\"container\">\n\t\t\t\t\t<div class=\"e-con-inner\">\n\t\t\t\t<div class=\"elementor-element elementor-element-29ff1b3 elementor-widget elementor-widget-text-editor\" data-id=\"29ff1b3\" data-element_type=\"widget\" data-widget_type=\"text-editor.default\">\n\t\t\t\t\t\t\t\t\t<p>Nuotykingi sensoriniai kra\u0161tovaizd\u017eiai!<\/p><p>Sensoriniai masa\u017einiai kilim\u0117liai? O gal nuotykiams kvie\u010diantys reljefai, sukurti taip, kad j\u016bs\u0173 ma\u017eylis leist\u0173si \u012f stebukling\u0105 atradim\u0173 kelion\u0119 su \u012fdomiais poj\u016b\u010diais kiekviename \u017eingsnyje? <\/p><p>\u012esivaizduokite piramid\u017ei\u0173 platybes, \u0161velniai p\u0117das kutenan\u010di\u0105 \u017eol\u0119, \u0161iurk\u0161\u010dias akmenines uolas ar net nusileidim\u0105 \u012f Did\u012fj\u012f kanjon\u0105. \u0160ie ortopediniai masa\u017einiai kilim\u0117liai virsta \u017eem\u0117lapiais, atverian\u010diais naujus pasaulius ma\u017eiesiems tyrin\u0117tojams, kartu leid\u017eiant p\u0117doms patirti visus poj\u016b\u010dius, reikalingus sveikai raidai. <\/p><p>O jei leistume jiems patiems kurti savo potyri\u0173 tak\u0105? Tegul j\u0173 vaizduot\u0117 ima vir\u0161\u0173 ir kuria keliones, kupinas k\u016brybi\u0161k\u0173 pos\u016bki\u0173 ir nuotyki\u0173. Galimyb\u0117s berib\u0117s \u2013 i\u0161d\u0117liokite kilim\u0117lius skirtinguose kambariuose, paverskite mozaikomis arba kelion\u0117s punktais. Visi nuotykiai j\u016bs\u0173 rankose, tod\u0117l pasistenkite, kad jie sukelt\u0173 daug ger\u0173 emocij\u0173.   <\/p><p>K\u016brybinis mokomasis konstravimo \u017eaidimas<\/p><p> <\/p><p>Spalvoti blokeliai\u2026 o gal dinozauras, antis, kaktusas? ORTOTO interaktyvus blokeli\u0173 \u017eaidimas leid\u017eia ma\u017eyliams paversti j\u0173 labiausiai pa\u0161\u0117lusias id\u0117jas \u012f tikrus blokeli\u0173 k\u016brinius. Savo ry\u0161kiomis spalvomis ir begalin\u0117mis galimyb\u0117mis \u0161ie mink\u0161ti mokomieji blokeliai kvie\u010dia statyti ir kurti pa\u010diomis \u012fvairiausiomis formomis. Kiekvienas naujas statinys atveria kitok\u012f k\u016brybinio \u017eaidimo pasaul\u012f, d\u017eiugina ir ne tik \u012fkvepia pramogai, bet ir skatina pa\u017eintinius geb\u0117jimus.    <\/p><p>Reikia \u012fkv\u0117pimo?<\/p><p>Specialiose fig\u016br\u0173 kortel\u0117se, kurios yra pridedamos prie kiekvieno \u017eaidim\u0173 rinkinio, mes paruo\u0161\u0117me kelet\u0105 pavyzd\u017ei\u0173. Instrukcijos ir ry\u0161kios iliustracijos \u012f\u017eiebs j\u016bs\u0173 ma\u017eylio vaizduot\u0119 ir pad\u0117s \u012fgauti pagreit\u012f kuriant savo unikalius statinius. <\/p>\t\t\t\t\t\t\t\t<\/div>\n\t\t\t\t<div class=\"elementor-element elementor-element-7e4a3e6 elementor-widget elementor-widget-spacer\" data-id=\"7e4a3e6\" data-element_type=\"widget\" data-widget_type=\"spacer.default\">\n\t\t\t\t\t\t\t<div class=\"elementor-spacer\">\n\t\t\t<div class=\"elementor-spacer-inner\"><\/div>\n\t\t<\/div>\n\t\t\t\t\t\t<\/div>\n\t\t<div class=\"elementor-element elementor-element-029fa6b e-con-full e-flex e-con e-child\" data-id=\"029fa6b\" data-element_type=\"container\" data-settings=\"{&quot;background_background&quot;:&quot;classic&quot;}\">\n\t\t\t\t<\/div>\n\t\t\t\t<div class=\"elementor-element elementor-element-29cce7b elementor-widget elementor-widget-spacer\" data-id=\"29cce7b\" data-element_type=\"widget\" data-widget_type=\"spacer.default\">\n\t\t\t\t\t\t\t<div class=\"elementor-spacer\">\n\t\t\t<div class=\"elementor-spacer-inner\"><\/div>\n\t\t<\/div>\n\t\t\t\t\t\t<\/div>\n\t\t\t\t\t<\/div>\n\t\t\t\t<\/div>\n\t\t\t\t<\/div>\n\t\t","protected":false},"excerpt":{"rendered":"<p>Skatina vaizduot\u0119 Vaizduot\u0117 \u2013 tai impulsas, u\u017e kurio slypi k\u016brybi\u0161kumo prover\u017eiai, naujos id\u0117jos ir did\u017eiausi pasiekimai pasaulyje. Tai did\u017eiausias turtas, kur\u012f turime kiekvienas. Skatinantis poky\u010dius ir pa\u017eang\u0105 i\u0161 kartos \u012f kart\u0105. Ir visa tai prasideda vaikyst\u0117je. Tose ma\u017eose smegen\u0117l\u0117se, kurios sprogsta nuo ry\u0161ki\u0173, spalving\u0173 id\u0117j\u0173, kurios atsiranda tarytum akimirksniu. Ta\u010diau kaip mes galime treniruoti tas [&hellip;]<\/p>\n","protected":false},"author":1,"featured_media":0,"parent":3589,"menu_order":0,"comment_status":"closed","ping_status":"closed","template":"","meta":{"_acf_changed":false,"footnotes":""},"class_list":["post-3622","page","type-page","status-publish","hentry"],"acf":[],"yoast_head":"<!-- This site is optimized with the Yoast SEO plugin v26.5 - https:\/\/yoast.com\/wordpress\/plugins\/seo\/ -->\n<title>Skatina vaizduot\u0119 - Ortoto<\/title>\n<meta name=\"robots\" content=\"index, follow, max-snippet:-1, max-image-preview:large, max-video-preview:-1\" \/>\n<link rel=\"canonical\" href=\"https:\/\/ortoto.com\/lt\/kaip-tai-padeda\/skatina-vaizduote\/\" \/>\n<meta property=\"og:locale\" content=\"lt_LT\" \/>\n<meta property=\"og:type\" content=\"article\" \/>\n<meta property=\"og:title\" content=\"Skatina vaizduot\u0119 - Ortoto\" \/>\n<meta property=\"og:description\" content=\"Skatina vaizduot\u0119 Vaizduot\u0117 \u2013 tai impulsas, u\u017e kurio slypi k\u016brybi\u0161kumo prover\u017eiai, naujos id\u0117jos ir did\u017eiausi pasiekimai pasaulyje. Tai did\u017eiausias turtas, kur\u012f turime kiekvienas. Skatinantis poky\u010dius ir pa\u017eang\u0105 i\u0161 kartos \u012f kart\u0105. Ir visa tai prasideda vaikyst\u0117je. Tose ma\u017eose smegen\u0117l\u0117se, kurios sprogsta nuo ry\u0161ki\u0173, spalving\u0173 id\u0117j\u0173, kurios atsiranda tarytum akimirksniu. Ta\u010diau kaip mes galime treniruoti tas [&hellip;]\" \/>\n<meta property=\"og:url\" content=\"https:\/\/ortoto.com\/lt\/kaip-tai-padeda\/skatina-vaizduote\/\" \/>\n<meta property=\"og:site_name\" content=\"Ortoto\" \/>\n<meta property=\"article:modified_time\" content=\"2026-01-23T12:41:29+00:00\" \/>\n<meta name=\"twitter:card\" content=\"summary_large_image\" \/>\n<meta name=\"twitter:label1\" content=\"Est. reading time\" \/>\n\t<meta name=\"twitter:data1\" content=\"3 minutes\" \/>\n<script type=\"application\/ld+json\" class=\"yoast-schema-graph\">{\"@context\":\"https:\/\/schema.org\",\"@graph\":[{\"@type\":\"WebPage\",\"@id\":\"https:\/\/ortoto.com\/lt\/kaip-tai-padeda\/skatina-vaizduote\/\",\"url\":\"https:\/\/ortoto.com\/lt\/kaip-tai-padeda\/skatina-vaizduote\/\",\"name\":\"Skatina vaizduot\u0119 - Ortoto\",\"isPartOf\":{\"@id\":\"https:\/\/ortoto.com\/lt\/#website\"},\"datePublished\":\"2025-04-01T09:40:46+00:00\",\"dateModified\":\"2026-01-23T12:41:29+00:00\",\"breadcrumb\":{\"@id\":\"https:\/\/ortoto.com\/lt\/kaip-tai-padeda\/skatina-vaizduote\/#breadcrumb\"},\"inLanguage\":\"lt-LT\",\"potentialAction\":[{\"@type\":\"ReadAction\",\"target\":[\"https:\/\/ortoto.com\/lt\/kaip-tai-padeda\/skatina-vaizduote\/\"]}]},{\"@type\":\"BreadcrumbList\",\"@id\":\"https:\/\/ortoto.com\/lt\/kaip-tai-padeda\/skatina-vaizduote\/#breadcrumb\",\"itemListElement\":[{\"@type\":\"ListItem\",\"position\":1,\"name\":\"Home\",\"item\":\"https:\/\/ortoto.com\/lt\/\"},{\"@type\":\"ListItem\",\"position\":2,\"name\":\"Kaip tai padeda\",\"item\":\"https:\/\/ortoto.com\/lt\/how-it-helps\/\"},{\"@type\":\"ListItem\",\"position\":3,\"name\":\"Skatina vaizduot\u0119\"}]},{\"@type\":\"WebSite\",\"@id\":\"https:\/\/ortoto.com\/lt\/#website\",\"url\":\"https:\/\/ortoto.com\/lt\/\",\"name\":\"Ortoto\",\"description\":\"Massage Puzzle Mats\",\"potentialAction\":[{\"@type\":\"SearchAction\",\"target\":{\"@type\":\"EntryPoint\",\"urlTemplate\":\"https:\/\/ortoto.com\/lt\/?s={search_term_string}\"},\"query-input\":{\"@type\":\"PropertyValueSpecification\",\"valueRequired\":true,\"valueName\":\"search_term_string\"}}],\"inLanguage\":\"lt-LT\"}]}<\/script>\n<!-- \/ Yoast SEO plugin. -->","yoast_head_json":{"title":"Skatina vaizduot\u0119 - Ortoto","robots":{"index":"index","follow":"follow","max-snippet":"max-snippet:-1","max-image-preview":"max-image-preview:large","max-video-preview":"max-video-preview:-1"},"canonical":"https:\/\/ortoto.com\/lt\/kaip-tai-padeda\/skatina-vaizduote\/","og_locale":"lt_LT","og_type":"article","og_title":"Skatina vaizduot\u0119 - Ortoto","og_description":"Skatina vaizduot\u0119 Vaizduot\u0117 \u2013 tai impulsas, u\u017e kurio slypi k\u016brybi\u0161kumo prover\u017eiai, naujos id\u0117jos ir did\u017eiausi pasiekimai pasaulyje. Tai did\u017eiausias turtas, kur\u012f turime kiekvienas. Skatinantis poky\u010dius ir pa\u017eang\u0105 i\u0161 kartos \u012f kart\u0105. Ir visa tai prasideda vaikyst\u0117je. Tose ma\u017eose smegen\u0117l\u0117se, kurios sprogsta nuo ry\u0161ki\u0173, spalving\u0173 id\u0117j\u0173, kurios atsiranda tarytum akimirksniu. Ta\u010diau kaip mes galime treniruoti tas [&hellip;]","og_url":"https:\/\/ortoto.com\/lt\/kaip-tai-padeda\/skatina-vaizduote\/","og_site_name":"Ortoto","article_modified_time":"2026-01-23T12:41:29+00:00","twitter_card":"summary_large_image","twitter_misc":{"Est. reading time":"3 minutes"},"schema":{"@context":"https:\/\/schema.org","@graph":[{"@type":"WebPage","@id":"https:\/\/ortoto.com\/lt\/kaip-tai-padeda\/skatina-vaizduote\/","url":"https:\/\/ortoto.com\/lt\/kaip-tai-padeda\/skatina-vaizduote\/","name":"Skatina vaizduot\u0119 - Ortoto","isPartOf":{"@id":"https:\/\/ortoto.com\/lt\/#website"},"datePublished":"2025-04-01T09:40:46+00:00","dateModified":"2026-01-23T12:41:29+00:00","breadcrumb":{"@id":"https:\/\/ortoto.com\/lt\/kaip-tai-padeda\/skatina-vaizduote\/#breadcrumb"},"inLanguage":"lt-LT","potentialAction":[{"@type":"ReadAction","target":["https:\/\/ortoto.com\/lt\/kaip-tai-padeda\/skatina-vaizduote\/"]}]},{"@type":"BreadcrumbList","@id":"https:\/\/ortoto.com\/lt\/kaip-tai-padeda\/skatina-vaizduote\/#breadcrumb","itemListElement":[{"@type":"ListItem","position":1,"name":"Home","item":"https:\/\/ortoto.com\/lt\/"},{"@type":"ListItem","position":2,"name":"Kaip tai padeda","item":"https:\/\/ortoto.com\/lt\/how-it-helps\/"},{"@type":"ListItem","position":3,"name":"Skatina vaizduot\u0119"}]},{"@type":"WebSite","@id":"https:\/\/ortoto.com\/lt\/#website","url":"https:\/\/ortoto.com\/lt\/","name":"Ortoto","description":"Massage Puzzle Mats","potentialAction":[{"@type":"SearchAction","target":{"@type":"EntryPoint","urlTemplate":"https:\/\/ortoto.com\/lt\/?s={search_term_string}"},"query-input":{"@type":"PropertyValueSpecification","valueRequired":true,"valueName":"search_term_string"}}],"inLanguage":"lt-LT"}]}},"_links":{"self":[{"href":"https:\/\/ortoto.com\/lt\/wp-json\/wp\/v2\/pages\/3622","targetHints":{"allow":["GET"]}}],"collection":[{"href":"https:\/\/ortoto.com\/lt\/wp-json\/wp\/v2\/pages"}],"about":[{"href":"https:\/\/ortoto.com\/lt\/wp-json\/wp\/v2\/types\/page"}],"author":[{"embeddable":true,"href":"https:\/\/ortoto.com\/lt\/wp-json\/wp\/v2\/users\/1"}],"replies":[{"embeddable":true,"href":"https:\/\/ortoto.com\/lt\/wp-json\/wp\/v2\/comments?post=3622"}],"version-history":[{"count":0,"href":"https:\/\/ortoto.com\/lt\/wp-json\/wp\/v2\/pages\/3622\/revisions"}],"up":[{"embeddable":true,"href":"https:\/\/ortoto.com\/lt\/wp-json\/wp\/v2\/pages\/3589"}],"wp:attachment":[{"href":"https:\/\/ortoto.com\/lt\/wp-json\/wp\/v2\/media?parent=3622"}],"curies":[{"name":"wp","href":"https:\/\/api.w.org\/{rel}","templated":true}]}}