{"id":3624,"date":"2025-04-01T12:01:33","date_gmt":"2025-04-01T10:01:33","guid":{"rendered":"https:\/\/ortoto.se.lt\/kaip-tai-padeda\/gerina-koordinacija\/"},"modified":"2026-01-23T14:52:12","modified_gmt":"2026-01-23T12:52:12","slug":"gerina-koordinacija","status":"publish","type":"page","link":"https:\/\/ortoto.com\/lt\/kaip-tai-padeda\/gerina-koordinacija\/","title":{"rendered":"Gerina koordinacij\u0105"},"content":{"rendered":"\t\t<div data-elementor-type=\"wp-page\" data-elementor-id=\"3624\" class=\"elementor elementor-3624 elementor-2242\" data-elementor-post-type=\"page\">\n\t\t\t\t<div class=\"elementor-element elementor-element-8baad76 e-flex e-con-boxed e-con e-parent\" data-id=\"8baad76\" data-element_type=\"container\">\n\t\t\t\t\t<div class=\"e-con-inner\">\n\t\t\t\t<div class=\"elementor-element elementor-element-bb9c0cf elementor-widget__width-initial elementor-widget-widescreen__width-initial elementor-widget elementor-widget-heading\" data-id=\"bb9c0cf\" data-element_type=\"widget\" data-widget_type=\"heading.default\">\n\t\t\t\t\t<h1 class=\"elementor-heading-title elementor-size-default\">Gerina koordinacij\u0105<\/h1>\t\t\t\t<\/div>\n\t\t\t\t<div class=\"elementor-element elementor-element-bba6b3f elementor-widget elementor-widget-spacer\" data-id=\"bba6b3f\" data-element_type=\"widget\" data-widget_type=\"spacer.default\">\n\t\t\t\t\t\t\t<div class=\"elementor-spacer\">\n\t\t\t<div class=\"elementor-spacer-inner\"><\/div>\n\t\t<\/div>\n\t\t\t\t\t\t<\/div>\n\t\t\t\t<div class=\"elementor-element elementor-element-eccb1e6 elementor-widget elementor-widget-text-editor\" data-id=\"eccb1e6\" data-element_type=\"widget\" data-widget_type=\"text-editor.default\">\n\t\t\t\t\t\t\t\t\t<p>Kas yra koordinacija?<\/p><p>Koordinacija yra tarsi gerai suregztas \u0161oki\u0173 kolektyvas, sudarytas i\u0161 j\u016bs\u0173 k\u016bno dali\u0173. Tai j\u0173 geb\u0117jimas dirbti kartu skland\u017eiai ir efektyviai, atliekant kasdienes fizines u\u017eduotis. Raumenys, s\u0105nariai ir sensorinio gry\u017etamojo ry\u0161io mechanizmai juda sinchroni\u0161kai, kad sukurt\u0173 kontroliuojamus judesius. Kiekviena j\u016bs\u0173 k\u016bno dalis atlieka savo vaidmen\u012f ir padeda jums jud\u0117ti lengvai ir tiksliai.   <\/p><p>Pa\u017evelkime \u012f kiekvien\u0105 kolektyvo nar\u012f atskirai: <\/p><p>Akys: m\u016bs\u0173 akys padeda suvokti m\u016bs\u0173 pad\u0117t\u012f erdv\u0117je, leisdamos mums matyti ir atpa\u017einti daiktus esan\u010dius aplink. Jos atlieka svarb\u0173 vaidmen\u012f erdviniame suvokime, nes parodo m\u016bs\u0173 fizin\u012f santyk\u012f su daiktais aplinkoje. <\/p><p>Ausys: be klausos, m\u016bs\u0173 ausys padeda i\u0161laikyti pusiausvyr\u0105 per vestibiuliarin\u0119 sistem\u0105, esan\u010di\u0105 vidin\u0117je ausyje. \u0160i sistema siun\u010dia signalus \u012f smegenis, pad\u0117dama i\u0161laikyti pusiausvyr\u0105 ir kontroliuoti judesius. <\/p><p>Propriorecepcija: propriorecepcija yra j\u016bs\u0173 k\u016bno geb\u0117jimas automati\u0161kai suvokti, kur yra jo atskiros gal\u016bn\u0117s \u012f jas ne\u017ei\u016brint. Tai tarsi \u012fmontuotas GPS, kuris informuoja, kur yra j\u016bs\u0173 rankos, kojos ir kitos k\u016bno dalys, taip padedantis jud\u0117ti skland\u017eiai ir i\u0161laikyti k\u016bno orientavim\u0105si.  <\/p><p>O kuo \u010dia d\u0117tos p\u0117dos?<\/p><p>J\u016bs\u0173 p\u0117dose yra beveik 200 000 sensorini\u0173 receptori\u0173. \u0160ie ma\u017ey\u010diai jutikliai nuolat renka svarbi\u0105 informacij\u0105 apie pavir\u0161ius, kuriais vaik\u0161tote, ir siun\u010dia j\u0105 \u012f smegenis, pad\u0117dami i\u0161laikyti pusiausvyr\u0105, judrum\u0105 ir koordinacij\u0105. Nuo j\u016bs\u0173 p\u0117d\u0173 priklauso visa j\u016bs\u0173 k\u016bno kontrol\u0117! Kuo daugiau tiesioginio kontakto j\u016bs\u0173 p\u0117dos turi su \u017eeme, tuo ai\u0161kesni ir ry\u0161kesni signalai keliauja \u012f smegenis. Ir tuo geresn\u0117 tampa j\u016bs\u0173 koordinacija. \u0160tai taip paprastai!    <\/p><p>P\u0117d\u0173 biomechanika<\/p><p>J\u016bs\u0173 p\u0117dos yra viso k\u016bno pagrindas. Jos yra vienintel\u0117 dalis, tiesiogiai kontaktuojanti su \u017eeme, palaikanti jud\u0117jim\u0105, pusiausvyr\u0105 ir svor\u012f. Nors p\u0117d\u0173 pir\u0161tai yra i\u0161d\u0117styti taip, kad maksimaliai pad\u0117t\u0173 i\u0161laikyti stabilum\u0105, tikras herojus \u0161ioje schemoje yra p\u0117dos skliautas. Kaip nat\u016brali spyruokl\u0117, jis sugeria ir atiduoda energij\u0105 kiekviename \u017eingsnyje, kartu saugodamas nervus ir kraujagysles paduose. Tinkamai i\u0161sivys\u010diusi p\u0117da ne tik palaiko jus \u2013 ji u\u017etikrina tinkam\u0105 k\u016bno balans\u0105, raumen\u0173 pusiausvyr\u0105 ir padeda pasiekti geriausius jud\u0117jimo rezultatus!     <\/p>\t\t\t\t\t\t\t\t<\/div>\n\t\t\t\t<div class=\"elementor-element elementor-element-c030bac elementor-widget elementor-widget-spacer\" data-id=\"c030bac\" data-element_type=\"widget\" data-widget_type=\"spacer.default\">\n\t\t\t\t\t\t\t<div class=\"elementor-spacer\">\n\t\t\t<div class=\"elementor-spacer-inner\"><\/div>\n\t\t<\/div>\n\t\t\t\t\t\t<\/div>\n\t\t\t\t\t<\/div>\n\t\t\t\t<\/div>\n\t\t<div class=\"elementor-element elementor-element-15a44f3 e-flex e-con-boxed e-con e-parent\" data-id=\"15a44f3\" data-element_type=\"container\">\n\t\t\t\t\t<div class=\"e-con-inner\">\n\t\t<div class=\"elementor-element elementor-element-4ea3264 e-con-full e-flex e-con e-child\" data-id=\"4ea3264\" data-element_type=\"container\" data-settings=\"{&quot;background_background&quot;:&quot;classic&quot;}\">\n\t\t\t\t<\/div>\n\t\t\t\t<div class=\"elementor-element elementor-element-26e6baf elementor-widget elementor-widget-spacer\" data-id=\"26e6baf\" data-element_type=\"widget\" data-widget_type=\"spacer.default\">\n\t\t\t\t\t\t\t<div class=\"elementor-spacer\">\n\t\t\t<div class=\"elementor-spacer-inner\"><\/div>\n\t\t<\/div>\n\t\t\t\t\t\t<\/div>\n\t\t\t\t\t<\/div>\n\t\t\t\t<\/div>\n\t\t<div class=\"elementor-element elementor-element-3e67803 e-flex e-con-boxed e-con e-parent\" data-id=\"3e67803\" data-element_type=\"container\">\n\t\t\t\t\t<div class=\"e-con-inner\">\n\t\t\t\t<div class=\"elementor-element elementor-element-29ff1b3 elementor-widget elementor-widget-text-editor\" data-id=\"29ff1b3\" data-element_type=\"widget\" data-widget_type=\"text-editor.default\">\n\t\t\t\t\t\t\t\t\t<p>Kaip \u010dia veikia ORTOTO?<\/p><p>Akies-rankos koordinacija:<\/p><p>Pagerinkite savo vaiko akies-rankos koordinacij\u0105 su ORTOTO edukaciniu konstravimo \u017eaidimu! Statydami ir d\u0117liodami unikalius mink\u0161tus blokelius, ma\u017eyliai treniruos savo sensorin\u0119 koordinacij\u0105, pa\u017einimo raid\u0105 ir pagerins geb\u0117jim\u0105 \u012fvertinti daikt\u0173 pozicijas, kampus ir i\u0161sid\u0117stymus. Kiekviena \u017eaidimo sesija padeda lavinti akies-rankos koordinacij\u0105, reikaling\u0105 \u017eaisti blokeliais ir juos sud\u0117ti. Tai linksmas ir smagus b\u016bdas \u012f\u017eiebti k\u016brybi\u0161kum\u0105, skatinti sensorin\u012f tyrin\u0117jim\u0105 ir paskatinti j\u016bs\u0173 vaiko, arba ma\u017eylio, raid\u0105!   <\/p><p>Rank\u0173 ir p\u0117d\u0173 koordinacija:<\/p><p>\u012e\u017eenkite \u012f nauj\u0105 sensorini\u0173 pramog\u0173 pasaul\u012f su ORTOTO rank\u0173 ir p\u0117d\u0173 koordinacijos \u017eaidimu. Pasiruo\u0161kite daugybei smagaus laiko ir juoko, kai j\u016bs\u0173 ma\u017eylis bandys i\u0161spr\u0119sti ir atkartoti sud\u0117tingas rank\u0173 ir p\u0117d\u0173 pozicijas, parodytas specialiose \u017eaidimo kortel\u0117se. \u0160is unikalus smulkiosios motorikos \u017eaidimas lavina koordinacij\u0105, login\u012f m\u0105stym\u0105, gerina judrum\u0105 ir stimuliuoja smegen\u0173 veikl\u0105. I\u0161laikydamas linksmybes auk\u0161\u010diausiame lygyje.  <\/p><p>Pir\u0161t\u0173 labirintas:<\/p><p>Pakelkite koordinacijos geb\u0117jimus \u012f kit\u0105 lyg\u012f su interaktyviu ORTOTO sensoriniu pir\u0161t\u0173 labirintu! \u0160is praktinis smegen\u0173 lavinimo \u017eaidimas kvie\u010dia sekti sud\u0117tingus ra\u0161tus, naudojant abi rankas vienu metu. Judant kiekvienai rankai atskirai, vaikai gerina koordinacij\u0105 tarp skirting\u0173 k\u016bno dali\u0173, lavina motorin\u0119 kontrol\u0119 ir susikaupim\u0105 vykstant \u012fdomiai, interaktyviai pramogai. O kartu ir truput\u012f atsipalaiduojant.   <\/p><p>ORTOTO sensoriniai masa\u017einiai kilim\u0117liai:<\/p><p>ORTOTO sensoriniai masa\u017einiai kilim\u0117liai atveria duris \u012f visai nauj\u0105 ir jaudinant\u012f taktilini\u0173 poj\u016b\u010di\u0173 pasaul\u012f tiesiai po j\u016bs\u0173 kojomis! M\u0117gaukit\u0117s kelione per akmenin\u012f kanjon\u0105, pasivaik\u0161\u010diojimu akmeniniu krantu arba pajuskite malonas sm\u0117l\u0117tas bangas. Visi \u0161ie poj\u016b\u010diai, kartu su stimuliuojan\u010diu p\u0117d\u0173 mank\u0161tos efektu, stiprina raumenis, u\u017ekerta keli\u0105 plok\u0161\u010diap\u0117dystei ir gerina p\u0117d\u0173 sveikat\u0105. Tai tarsi ortopedinis viso k\u016bno pratim\u0173 rinkinys, kuris stiprina pa\u017einimo \u012fg\u016bd\u017eius, bendr\u0105 k\u016bno koordinacij\u0105 ir padeda gerinti pusiausvyr\u0105 ir k\u016bno kontrol\u0119 su kiekvienu \u017eingsniu.    <\/p>\t\t\t\t\t\t\t\t<\/div>\n\t\t\t\t<div class=\"elementor-element elementor-element-7e4a3e6 elementor-widget elementor-widget-spacer\" data-id=\"7e4a3e6\" data-element_type=\"widget\" data-widget_type=\"spacer.default\">\n\t\t\t\t\t\t\t<div class=\"elementor-spacer\">\n\t\t\t<div class=\"elementor-spacer-inner\"><\/div>\n\t\t<\/div>\n\t\t\t\t\t\t<\/div>\n\t\t<div class=\"elementor-element elementor-element-029fa6b e-con-full e-flex e-con e-child\" data-id=\"029fa6b\" data-element_type=\"container\" data-settings=\"{&quot;background_background&quot;:&quot;classic&quot;}\">\n\t\t\t\t<\/div>\n\t\t\t\t<div class=\"elementor-element elementor-element-29cce7b elementor-widget elementor-widget-spacer\" data-id=\"29cce7b\" data-element_type=\"widget\" data-widget_type=\"spacer.default\">\n\t\t\t\t\t\t\t<div class=\"elementor-spacer\">\n\t\t\t<div class=\"elementor-spacer-inner\"><\/div>\n\t\t<\/div>\n\t\t\t\t\t\t<\/div>\n\t\t\t\t<div class=\"elementor-element elementor-element-0dcef3e elementor-align-center elementor-widget elementor-widget-button\" data-id=\"0dcef3e\" data-element_type=\"widget\" data-widget_type=\"button.default\">\n\t\t\t\t\t\t\t\t\t\t<a class=\"elementor-button elementor-button-link elementor-size-sm\" href=\"\/lt\/product-category\/smegenu-vystymo-zaidimai\">\n\t\t\t\t\t\t<span class=\"elementor-button-content-wrapper\">\n\t\t\t\t\t\t\t\t\t<span class=\"elementor-button-text\">GAUKITE SAVO ORTOTO<\/span>\n\t\t\t\t\t<\/span>\n\t\t\t\t\t<\/a>\n\t\t\t\t\t\t\t\t<\/div>\n\t\t\t\t<div class=\"elementor-element elementor-element-cce3b97 elementor-widget elementor-widget-spacer\" data-id=\"cce3b97\" data-element_type=\"widget\" data-widget_type=\"spacer.default\">\n\t\t\t\t\t\t\t<div class=\"elementor-spacer\">\n\t\t\t<div class=\"elementor-spacer-inner\"><\/div>\n\t\t<\/div>\n\t\t\t\t\t\t<\/div>\n\t\t\t\t\t<\/div>\n\t\t\t\t<\/div>\n\t\t\t\t<\/div>\n\t\t","protected":false},"excerpt":{"rendered":"<p>Gerina koordinacij\u0105 Kas yra koordinacija? Koordinacija yra tarsi gerai suregztas \u0161oki\u0173 kolektyvas, sudarytas i\u0161 j\u016bs\u0173 k\u016bno dali\u0173. Tai j\u0173 geb\u0117jimas dirbti kartu skland\u017eiai ir efektyviai, atliekant kasdienes fizines u\u017eduotis. Raumenys, s\u0105nariai ir sensorinio gry\u017etamojo ry\u0161io mechanizmai juda sinchroni\u0161kai, kad sukurt\u0173 kontroliuojamus judesius. Kiekviena j\u016bs\u0173 k\u016bno dalis atlieka savo vaidmen\u012f ir padeda jums jud\u0117ti lengvai ir [&hellip;]<\/p>\n","protected":false},"author":1,"featured_media":0,"parent":3589,"menu_order":0,"comment_status":"closed","ping_status":"closed","template":"","meta":{"_acf_changed":false,"footnotes":""},"class_list":["post-3624","page","type-page","status-publish","hentry"],"acf":[],"yoast_head":"<!-- This site is optimized with the Yoast SEO plugin v26.5 - https:\/\/yoast.com\/wordpress\/plugins\/seo\/ -->\n<title>Gerina koordinacij\u0105 - Ortoto<\/title>\n<meta name=\"robots\" content=\"index, follow, max-snippet:-1, max-image-preview:large, max-video-preview:-1\" \/>\n<link rel=\"canonical\" href=\"https:\/\/ortoto.com\/lt\/kaip-tai-padeda\/gerina-koordinacija\/\" \/>\n<meta property=\"og:locale\" content=\"lt_LT\" \/>\n<meta property=\"og:type\" content=\"article\" \/>\n<meta property=\"og:title\" content=\"Gerina koordinacij\u0105 - Ortoto\" \/>\n<meta property=\"og:description\" content=\"Gerina koordinacij\u0105 Kas yra koordinacija? Koordinacija yra tarsi gerai suregztas \u0161oki\u0173 kolektyvas, sudarytas i\u0161 j\u016bs\u0173 k\u016bno dali\u0173. Tai j\u0173 geb\u0117jimas dirbti kartu skland\u017eiai ir efektyviai, atliekant kasdienes fizines u\u017eduotis. Raumenys, s\u0105nariai ir sensorinio gry\u017etamojo ry\u0161io mechanizmai juda sinchroni\u0161kai, kad sukurt\u0173 kontroliuojamus judesius. Kiekviena j\u016bs\u0173 k\u016bno dalis atlieka savo vaidmen\u012f ir padeda jums jud\u0117ti lengvai ir [&hellip;]\" \/>\n<meta property=\"og:url\" content=\"https:\/\/ortoto.com\/lt\/kaip-tai-padeda\/gerina-koordinacija\/\" \/>\n<meta property=\"og:site_name\" content=\"Ortoto\" \/>\n<meta property=\"article:modified_time\" content=\"2026-01-23T12:52:12+00:00\" \/>\n<meta name=\"twitter:card\" content=\"summary_large_image\" \/>\n<meta name=\"twitter:label1\" content=\"Est. reading time\" \/>\n\t<meta name=\"twitter:data1\" content=\"4 minutes\" \/>\n<script type=\"application\/ld+json\" class=\"yoast-schema-graph\">{\"@context\":\"https:\/\/schema.org\",\"@graph\":[{\"@type\":\"WebPage\",\"@id\":\"https:\/\/ortoto.com\/lt\/kaip-tai-padeda\/gerina-koordinacija\/\",\"url\":\"https:\/\/ortoto.com\/lt\/kaip-tai-padeda\/gerina-koordinacija\/\",\"name\":\"Gerina koordinacij\u0105 - Ortoto\",\"isPartOf\":{\"@id\":\"https:\/\/ortoto.com\/lt\/#website\"},\"datePublished\":\"2025-04-01T10:01:33+00:00\",\"dateModified\":\"2026-01-23T12:52:12+00:00\",\"breadcrumb\":{\"@id\":\"https:\/\/ortoto.com\/lt\/kaip-tai-padeda\/gerina-koordinacija\/#breadcrumb\"},\"inLanguage\":\"lt-LT\",\"potentialAction\":[{\"@type\":\"ReadAction\",\"target\":[\"https:\/\/ortoto.com\/lt\/kaip-tai-padeda\/gerina-koordinacija\/\"]}]},{\"@type\":\"BreadcrumbList\",\"@id\":\"https:\/\/ortoto.com\/lt\/kaip-tai-padeda\/gerina-koordinacija\/#breadcrumb\",\"itemListElement\":[{\"@type\":\"ListItem\",\"position\":1,\"name\":\"Home\",\"item\":\"https:\/\/ortoto.com\/lt\/\"},{\"@type\":\"ListItem\",\"position\":2,\"name\":\"Kaip tai padeda\",\"item\":\"https:\/\/ortoto.com\/lt\/how-it-helps\/\"},{\"@type\":\"ListItem\",\"position\":3,\"name\":\"Gerina koordinacij\u0105\"}]},{\"@type\":\"WebSite\",\"@id\":\"https:\/\/ortoto.com\/lt\/#website\",\"url\":\"https:\/\/ortoto.com\/lt\/\",\"name\":\"Ortoto\",\"description\":\"Massage Puzzle Mats\",\"potentialAction\":[{\"@type\":\"SearchAction\",\"target\":{\"@type\":\"EntryPoint\",\"urlTemplate\":\"https:\/\/ortoto.com\/lt\/?s={search_term_string}\"},\"query-input\":{\"@type\":\"PropertyValueSpecification\",\"valueRequired\":true,\"valueName\":\"search_term_string\"}}],\"inLanguage\":\"lt-LT\"}]}<\/script>\n<!-- \/ Yoast SEO plugin. -->","yoast_head_json":{"title":"Gerina koordinacij\u0105 - Ortoto","robots":{"index":"index","follow":"follow","max-snippet":"max-snippet:-1","max-image-preview":"max-image-preview:large","max-video-preview":"max-video-preview:-1"},"canonical":"https:\/\/ortoto.com\/lt\/kaip-tai-padeda\/gerina-koordinacija\/","og_locale":"lt_LT","og_type":"article","og_title":"Gerina koordinacij\u0105 - Ortoto","og_description":"Gerina koordinacij\u0105 Kas yra koordinacija? Koordinacija yra tarsi gerai suregztas \u0161oki\u0173 kolektyvas, sudarytas i\u0161 j\u016bs\u0173 k\u016bno dali\u0173. Tai j\u0173 geb\u0117jimas dirbti kartu skland\u017eiai ir efektyviai, atliekant kasdienes fizines u\u017eduotis. Raumenys, s\u0105nariai ir sensorinio gry\u017etamojo ry\u0161io mechanizmai juda sinchroni\u0161kai, kad sukurt\u0173 kontroliuojamus judesius. Kiekviena j\u016bs\u0173 k\u016bno dalis atlieka savo vaidmen\u012f ir padeda jums jud\u0117ti lengvai ir [&hellip;]","og_url":"https:\/\/ortoto.com\/lt\/kaip-tai-padeda\/gerina-koordinacija\/","og_site_name":"Ortoto","article_modified_time":"2026-01-23T12:52:12+00:00","twitter_card":"summary_large_image","twitter_misc":{"Est. reading time":"4 minutes"},"schema":{"@context":"https:\/\/schema.org","@graph":[{"@type":"WebPage","@id":"https:\/\/ortoto.com\/lt\/kaip-tai-padeda\/gerina-koordinacija\/","url":"https:\/\/ortoto.com\/lt\/kaip-tai-padeda\/gerina-koordinacija\/","name":"Gerina koordinacij\u0105 - Ortoto","isPartOf":{"@id":"https:\/\/ortoto.com\/lt\/#website"},"datePublished":"2025-04-01T10:01:33+00:00","dateModified":"2026-01-23T12:52:12+00:00","breadcrumb":{"@id":"https:\/\/ortoto.com\/lt\/kaip-tai-padeda\/gerina-koordinacija\/#breadcrumb"},"inLanguage":"lt-LT","potentialAction":[{"@type":"ReadAction","target":["https:\/\/ortoto.com\/lt\/kaip-tai-padeda\/gerina-koordinacija\/"]}]},{"@type":"BreadcrumbList","@id":"https:\/\/ortoto.com\/lt\/kaip-tai-padeda\/gerina-koordinacija\/#breadcrumb","itemListElement":[{"@type":"ListItem","position":1,"name":"Home","item":"https:\/\/ortoto.com\/lt\/"},{"@type":"ListItem","position":2,"name":"Kaip tai padeda","item":"https:\/\/ortoto.com\/lt\/how-it-helps\/"},{"@type":"ListItem","position":3,"name":"Gerina koordinacij\u0105"}]},{"@type":"WebSite","@id":"https:\/\/ortoto.com\/lt\/#website","url":"https:\/\/ortoto.com\/lt\/","name":"Ortoto","description":"Massage Puzzle Mats","potentialAction":[{"@type":"SearchAction","target":{"@type":"EntryPoint","urlTemplate":"https:\/\/ortoto.com\/lt\/?s={search_term_string}"},"query-input":{"@type":"PropertyValueSpecification","valueRequired":true,"valueName":"search_term_string"}}],"inLanguage":"lt-LT"}]}},"_links":{"self":[{"href":"https:\/\/ortoto.com\/lt\/wp-json\/wp\/v2\/pages\/3624","targetHints":{"allow":["GET"]}}],"collection":[{"href":"https:\/\/ortoto.com\/lt\/wp-json\/wp\/v2\/pages"}],"about":[{"href":"https:\/\/ortoto.com\/lt\/wp-json\/wp\/v2\/types\/page"}],"author":[{"embeddable":true,"href":"https:\/\/ortoto.com\/lt\/wp-json\/wp\/v2\/users\/1"}],"replies":[{"embeddable":true,"href":"https:\/\/ortoto.com\/lt\/wp-json\/wp\/v2\/comments?post=3624"}],"version-history":[{"count":0,"href":"https:\/\/ortoto.com\/lt\/wp-json\/wp\/v2\/pages\/3624\/revisions"}],"up":[{"embeddable":true,"href":"https:\/\/ortoto.com\/lt\/wp-json\/wp\/v2\/pages\/3589"}],"wp:attachment":[{"href":"https:\/\/ortoto.com\/lt\/wp-json\/wp\/v2\/media?parent=3624"}],"curies":[{"name":"wp","href":"https:\/\/api.w.org\/{rel}","templated":true}]}}