{"id":3626,"date":"2025-04-01T11:45:38","date_gmt":"2025-04-01T09:45:38","guid":{"rendered":"https:\/\/ortoto.se.lt\/kaip-tai-padeda\/gerina-motorikos-gebejimus\/"},"modified":"2026-01-23T14:44:22","modified_gmt":"2026-01-23T12:44:22","slug":"gerina-motorikos-gebejimus","status":"publish","type":"page","link":"https:\/\/ortoto.com\/lt\/kaip-tai-padeda\/gerina-motorikos-gebejimus\/","title":{"rendered":"Gerina motorikos geb\u0117jimus"},"content":{"rendered":"\t\t<div data-elementor-type=\"wp-page\" data-elementor-id=\"3626\" class=\"elementor elementor-3626 elementor-2221\" data-elementor-post-type=\"page\">\n\t\t\t\t<div class=\"elementor-element elementor-element-8baad76 e-flex e-con-boxed e-con e-parent\" data-id=\"8baad76\" data-element_type=\"container\">\n\t\t\t\t\t<div class=\"e-con-inner\">\n\t\t\t\t<div class=\"elementor-element elementor-element-bb9c0cf elementor-widget__width-initial elementor-widget-widescreen__width-initial elementor-widget elementor-widget-heading\" data-id=\"bb9c0cf\" data-element_type=\"widget\" data-widget_type=\"heading.default\">\n\t\t\t\t\t<h1 class=\"elementor-heading-title elementor-size-default\">Gerina motorikos geb\u0117jimus<\/h1>\t\t\t\t<\/div>\n\t\t\t\t<div class=\"elementor-element elementor-element-59df916 elementor-widget elementor-widget-spacer\" data-id=\"59df916\" data-element_type=\"widget\" data-widget_type=\"spacer.default\">\n\t\t\t\t\t\t\t<div class=\"elementor-spacer\">\n\t\t\t<div class=\"elementor-spacer-inner\"><\/div>\n\t\t<\/div>\n\t\t\t\t\t\t<\/div>\n\t\t\t\t<div class=\"elementor-element elementor-element-eccb1e6 elementor-widget elementor-widget-text-editor\" data-id=\"eccb1e6\" data-element_type=\"widget\" data-widget_type=\"text-editor.default\">\n\t\t\t\t\t\t\t\t\t<p>Geresn\u0117 k\u016bno kontrol\u0117<\/p><p>Tyrin\u0117jimas basomis suteikia kur kas daugiau nei tik pagalb\u0105 grei\u010diau \u017eengti pirmuosius \u017eingsnius ir stiprinti p\u0117dos raumenis. Kartu atlieka ir svarb\u0173 vaidmen\u012f formuojant bendrus motorikos geb\u0117jimus!<\/p><p>Vaiko p\u0117dut\u0117se yra beveik 200000 nervini\u0173 gal\u016bni\u0173, kurios nuolat renka informacij\u0105 apie tekst\u016bras, pavir\u0161ius ir k\u016bno pad\u0117t\u012f erdv\u0117je. \u0160i informacija keliauja \u012f smegenis, kurios j\u0105 apdoroja, kad pad\u0117t\u0173 geriau valdyti judesius, pusiausvyr\u0105, ugdyti erdvin\u012f suvokim\u0105 bei propriocepcij\u0105. <\/p><p>\u0160ie elementai yra b\u016btini norint vystyti pa\u017einimo \u012fg\u016bd\u017eius, kurie palaiko tinkam\u0105 augimo progres\u0105 vis\u0105 vaikyst\u0119. Ta\u010diau, kai vaikai d\u0117vi batus, \u0161ie svarb\u016bs sensoriniai signalai, einantys \u012f smegenis, susilpn\u0117ja. Negal\u0117damos visi\u0161kai tiksliai pajusti tekst\u016br\u0173 ir pavir\u0161i\u0173, smegenys gauna ma\u017eiau tikslios informacijos, d\u0117l to l\u0117t\u0117ja svarbi\u0173 motorikos \u012fg\u016bd\u017ei\u0173 ir refleks\u0173 vystymasis.  <\/p><p>Pagr\u012fsta mokslinink\u0173<\/p><p>Nors kalbame apie k\u016bdikyst\u0119, sensorinio tyrin\u0117jimo \u012ftaka ir nauda apima kur kas platesn\u012f period\u0105 nei tik ankstyvieji metai. Tyrimai rodo, kad vaikai, kurie daugiau laiko praleid\u017eia basomis, gerokai geriau atlieka \u0161uolius, laiko pusiausvyr\u0105. <\/p><p><a href=\"https:\/\/pubmed.ncbi.nlm.nih.gov\/29922637\/\">\u0160altinis<\/a><\/p><p>Tyrimai taip pat rodo, kad batai veikia p\u0117d\u0173 biomechanik\u0105. Lyginant su vaik\u0161\u010diojimu basomis, batai riboja klub\u0173 jud\u0117jim\u0105, ma\u017eina kelio i\u0161silenkim\u0105, riboja kulk\u0161nies jud\u0117jim\u0105 ir ma\u017eina p\u0117dos sukimosi galimybes. D\u0117l \u0161i\u0173 prie\u017eas\u010di\u0173 sutrinka bendri judesi\u0173 modeliai. <\/p><p><a href=\"https:\/\/www.sciencedirect.com\/science\/article\/pii\/S0966636215004993\">\u0160altinis<\/a><\/p><p>Taigi, jei norite, kad visi b\u016bt\u0173 nusteb\u0119 j\u016bs\u0173 ma\u017eylio pusiausvyros, koordinacijos ir judrumo geb\u0117jimais, bei padidinti galimybes tapti sporto \u017evaig\u017ed\u0117mis, vaik\u0161\u010diojimas basomis yra privalomas. \u012eprotis tai daryti vaik\u0161\u010diojant \u012fvairiais pavir\u0161iais padeda i\u0161sivystyti stipriems p\u0117dos raumenims, sausgysl\u0117ms ir rai\u0161\u010diams. Kartu gerina motorikos \u012fg\u016bd\u017eius, kurie padeda vykdant aktyvi\u0105 sportini\u0173 \u017eaidim\u0173 veikl\u0105. \u0160is pamatas, \u012fgytas vaikyst\u0117je, taip pat padeda suma\u017einti su\u017eeidim\u0173 rizik\u0105, leid\u017eia jud\u0117ti su didesne kontrole ir geriau orientuotis erdv\u0117je.  <\/p>\t\t\t\t\t\t\t\t<\/div>\n\t\t\t\t<div class=\"elementor-element elementor-element-c030bac elementor-widget elementor-widget-spacer\" data-id=\"c030bac\" data-element_type=\"widget\" data-widget_type=\"spacer.default\">\n\t\t\t\t\t\t\t<div class=\"elementor-spacer\">\n\t\t\t<div class=\"elementor-spacer-inner\"><\/div>\n\t\t<\/div>\n\t\t\t\t\t\t<\/div>\n\t\t\t\t\t<\/div>\n\t\t\t\t<\/div>\n\t\t<div class=\"elementor-element elementor-element-15a44f3 e-flex e-con-boxed e-con e-parent\" data-id=\"15a44f3\" data-element_type=\"container\">\n\t\t\t\t\t<div class=\"e-con-inner\">\n\t\t<div class=\"elementor-element elementor-element-4ea3264 e-con-full e-flex e-con e-child\" data-id=\"4ea3264\" data-element_type=\"container\" data-settings=\"{&quot;background_background&quot;:&quot;classic&quot;}\">\n\t\t\t\t<\/div>\n\t\t\t\t<div class=\"elementor-element elementor-element-26e6baf elementor-widget elementor-widget-spacer\" data-id=\"26e6baf\" data-element_type=\"widget\" data-widget_type=\"spacer.default\">\n\t\t\t\t\t\t\t<div class=\"elementor-spacer\">\n\t\t\t<div class=\"elementor-spacer-inner\"><\/div>\n\t\t<\/div>\n\t\t\t\t\t\t<\/div>\n\t\t\t\t\t<\/div>\n\t\t\t\t<\/div>\n\t\t<div class=\"elementor-element elementor-element-3e67803 e-flex e-con-boxed e-con e-parent\" data-id=\"3e67803\" data-element_type=\"container\">\n\t\t\t\t\t<div class=\"e-con-inner\">\n\t\t\t\t<div class=\"elementor-element elementor-element-29ff1b3 elementor-widget elementor-widget-text-editor\" data-id=\"29ff1b3\" data-element_type=\"widget\" data-widget_type=\"text-editor.default\">\n\t\t\t\t\t\t\t\t\t<p>ORTOTO jumis pasir\u016bpins!<\/p><p>ORTOTO sensoriniai masa\u017einiai kilim\u0117liai suteikia puik\u0173 pamat\u0105 sensoriniam tyrin\u0117jimui. Skirtingi ra\u0161tai ir tekst\u016bros, kurios kruop\u0161\u010diai imituoja nat\u016bralias gamtini\u0173 pavir\u0161i\u0173 formas, tokias kaip \u017eol\u0117, banguojantys kalnai ar akmenuoti kanjonai, leid\u017eia ma\u017eoms p\u0117dut\u0117ms sugerti kuo daugiau sensorin\u0117s informacijos. \u0160ie ortopediniai grind\u0173 kilim\u0117liai padeda sukurti tvirt\u0105 pagrind\u0105 p\u0117dos raumen\u0173, sausgysli\u0173 ir rai\u0161\u010di\u0173 vystymuisi, saugiai imituodami nat\u016bralius pavir\u0161ius, su kuriais vaikai gali susidurti lauke.   <\/p>\t\t\t\t\t\t\t\t<\/div>\n\t\t\t\t<div class=\"elementor-element elementor-element-7e4a3e6 elementor-widget elementor-widget-spacer\" data-id=\"7e4a3e6\" data-element_type=\"widget\" data-widget_type=\"spacer.default\">\n\t\t\t\t\t\t\t<div class=\"elementor-spacer\">\n\t\t\t<div class=\"elementor-spacer-inner\"><\/div>\n\t\t<\/div>\n\t\t\t\t\t\t<\/div>\n\t\t<div class=\"elementor-element elementor-element-029fa6b e-con-full e-flex e-con e-child\" data-id=\"029fa6b\" data-element_type=\"container\" data-settings=\"{&quot;background_background&quot;:&quot;classic&quot;}\">\n\t\t\t\t<\/div>\n\t\t\t\t<div class=\"elementor-element elementor-element-29cce7b elementor-widget elementor-widget-spacer\" data-id=\"29cce7b\" data-element_type=\"widget\" data-widget_type=\"spacer.default\">\n\t\t\t\t\t\t\t<div class=\"elementor-spacer\">\n\t\t\t<div class=\"elementor-spacer-inner\"><\/div>\n\t\t<\/div>\n\t\t\t\t\t\t<\/div>\n\t\t\t\t<div class=\"elementor-element elementor-element-f21c6f2 elementor-align-center elementor-widget elementor-widget-button\" data-id=\"f21c6f2\" data-element_type=\"widget\" data-widget_type=\"button.default\">\n\t\t\t\t\t\t\t\t\t\t<a class=\"elementor-button elementor-button-link elementor-size-sm\" href=\"\/lt\/product-category\/vaikai-basomis-namuose\/\">\n\t\t\t\t\t\t<span class=\"elementor-button-content-wrapper\">\n\t\t\t\t\t\t\t\t\t<span class=\"elementor-button-text\">GAUKITE SAVO ORTOTO<\/span>\n\t\t\t\t\t<\/span>\n\t\t\t\t\t<\/a>\n\t\t\t\t\t\t\t\t<\/div>\n\t\t\t\t<div class=\"elementor-element elementor-element-a39eb10 elementor-widget elementor-widget-spacer\" data-id=\"a39eb10\" data-element_type=\"widget\" data-widget_type=\"spacer.default\">\n\t\t\t\t\t\t\t<div class=\"elementor-spacer\">\n\t\t\t<div class=\"elementor-spacer-inner\"><\/div>\n\t\t<\/div>\n\t\t\t\t\t\t<\/div>\n\t\t\t\t\t<\/div>\n\t\t\t\t<\/div>\n\t\t\t\t<\/div>\n\t\t","protected":false},"excerpt":{"rendered":"<p>Gerina motorikos geb\u0117jimus Geresn\u0117 k\u016bno kontrol\u0117 Tyrin\u0117jimas basomis suteikia kur kas daugiau nei tik pagalb\u0105 grei\u010diau \u017eengti pirmuosius \u017eingsnius ir stiprinti p\u0117dos raumenis. Kartu atlieka ir svarb\u0173 vaidmen\u012f formuojant bendrus motorikos geb\u0117jimus! Vaiko p\u0117dut\u0117se yra beveik 200000 nervini\u0173 gal\u016bni\u0173, kurios nuolat renka informacij\u0105 apie tekst\u016bras, pavir\u0161ius ir k\u016bno pad\u0117t\u012f erdv\u0117je. \u0160i informacija keliauja \u012f smegenis, [&hellip;]<\/p>\n","protected":false},"author":1,"featured_media":0,"parent":3589,"menu_order":0,"comment_status":"closed","ping_status":"closed","template":"","meta":{"_acf_changed":false,"footnotes":""},"class_list":["post-3626","page","type-page","status-publish","hentry"],"acf":[],"yoast_head":"<!-- This site is optimized with the Yoast SEO plugin v26.5 - https:\/\/yoast.com\/wordpress\/plugins\/seo\/ -->\n<title>Gerina motorikos geb\u0117jimus - Ortoto<\/title>\n<meta name=\"robots\" content=\"index, follow, max-snippet:-1, max-image-preview:large, max-video-preview:-1\" \/>\n<link rel=\"canonical\" href=\"https:\/\/ortoto.com\/lt\/kaip-tai-padeda\/gerina-motorikos-gebejimus\/\" \/>\n<meta property=\"og:locale\" content=\"lt_LT\" \/>\n<meta property=\"og:type\" content=\"article\" \/>\n<meta property=\"og:title\" content=\"Gerina motorikos geb\u0117jimus - Ortoto\" \/>\n<meta property=\"og:description\" content=\"Gerina motorikos geb\u0117jimus Geresn\u0117 k\u016bno kontrol\u0117 Tyrin\u0117jimas basomis suteikia kur kas daugiau nei tik pagalb\u0105 grei\u010diau \u017eengti pirmuosius \u017eingsnius ir stiprinti p\u0117dos raumenis. Kartu atlieka ir svarb\u0173 vaidmen\u012f formuojant bendrus motorikos geb\u0117jimus! Vaiko p\u0117dut\u0117se yra beveik 200000 nervini\u0173 gal\u016bni\u0173, kurios nuolat renka informacij\u0105 apie tekst\u016bras, pavir\u0161ius ir k\u016bno pad\u0117t\u012f erdv\u0117je. \u0160i informacija keliauja \u012f smegenis, [&hellip;]\" \/>\n<meta property=\"og:url\" content=\"https:\/\/ortoto.com\/lt\/kaip-tai-padeda\/gerina-motorikos-gebejimus\/\" \/>\n<meta property=\"og:site_name\" content=\"Ortoto\" \/>\n<meta property=\"article:modified_time\" content=\"2026-01-23T12:44:22+00:00\" \/>\n<meta name=\"twitter:card\" content=\"summary_large_image\" \/>\n<meta name=\"twitter:label1\" content=\"Est. reading time\" \/>\n\t<meta name=\"twitter:data1\" content=\"2 minutes\" \/>\n<script type=\"application\/ld+json\" class=\"yoast-schema-graph\">{\"@context\":\"https:\/\/schema.org\",\"@graph\":[{\"@type\":\"WebPage\",\"@id\":\"https:\/\/ortoto.com\/lt\/kaip-tai-padeda\/gerina-motorikos-gebejimus\/\",\"url\":\"https:\/\/ortoto.com\/lt\/kaip-tai-padeda\/gerina-motorikos-gebejimus\/\",\"name\":\"Gerina motorikos geb\u0117jimus - Ortoto\",\"isPartOf\":{\"@id\":\"https:\/\/ortoto.com\/lt\/#website\"},\"datePublished\":\"2025-04-01T09:45:38+00:00\",\"dateModified\":\"2026-01-23T12:44:22+00:00\",\"breadcrumb\":{\"@id\":\"https:\/\/ortoto.com\/lt\/kaip-tai-padeda\/gerina-motorikos-gebejimus\/#breadcrumb\"},\"inLanguage\":\"lt-LT\",\"potentialAction\":[{\"@type\":\"ReadAction\",\"target\":[\"https:\/\/ortoto.com\/lt\/kaip-tai-padeda\/gerina-motorikos-gebejimus\/\"]}]},{\"@type\":\"BreadcrumbList\",\"@id\":\"https:\/\/ortoto.com\/lt\/kaip-tai-padeda\/gerina-motorikos-gebejimus\/#breadcrumb\",\"itemListElement\":[{\"@type\":\"ListItem\",\"position\":1,\"name\":\"Home\",\"item\":\"https:\/\/ortoto.com\/lt\/\"},{\"@type\":\"ListItem\",\"position\":2,\"name\":\"Kaip tai padeda\",\"item\":\"https:\/\/ortoto.com\/lt\/how-it-helps\/\"},{\"@type\":\"ListItem\",\"position\":3,\"name\":\"Gerina motorikos geb\u0117jimus\"}]},{\"@type\":\"WebSite\",\"@id\":\"https:\/\/ortoto.com\/lt\/#website\",\"url\":\"https:\/\/ortoto.com\/lt\/\",\"name\":\"Ortoto\",\"description\":\"Massage Puzzle Mats\",\"potentialAction\":[{\"@type\":\"SearchAction\",\"target\":{\"@type\":\"EntryPoint\",\"urlTemplate\":\"https:\/\/ortoto.com\/lt\/?s={search_term_string}\"},\"query-input\":{\"@type\":\"PropertyValueSpecification\",\"valueRequired\":true,\"valueName\":\"search_term_string\"}}],\"inLanguage\":\"lt-LT\"}]}<\/script>\n<!-- \/ Yoast SEO plugin. -->","yoast_head_json":{"title":"Gerina motorikos geb\u0117jimus - Ortoto","robots":{"index":"index","follow":"follow","max-snippet":"max-snippet:-1","max-image-preview":"max-image-preview:large","max-video-preview":"max-video-preview:-1"},"canonical":"https:\/\/ortoto.com\/lt\/kaip-tai-padeda\/gerina-motorikos-gebejimus\/","og_locale":"lt_LT","og_type":"article","og_title":"Gerina motorikos geb\u0117jimus - Ortoto","og_description":"Gerina motorikos geb\u0117jimus Geresn\u0117 k\u016bno kontrol\u0117 Tyrin\u0117jimas basomis suteikia kur kas daugiau nei tik pagalb\u0105 grei\u010diau \u017eengti pirmuosius \u017eingsnius ir stiprinti p\u0117dos raumenis. Kartu atlieka ir svarb\u0173 vaidmen\u012f formuojant bendrus motorikos geb\u0117jimus! Vaiko p\u0117dut\u0117se yra beveik 200000 nervini\u0173 gal\u016bni\u0173, kurios nuolat renka informacij\u0105 apie tekst\u016bras, pavir\u0161ius ir k\u016bno pad\u0117t\u012f erdv\u0117je. \u0160i informacija keliauja \u012f smegenis, [&hellip;]","og_url":"https:\/\/ortoto.com\/lt\/kaip-tai-padeda\/gerina-motorikos-gebejimus\/","og_site_name":"Ortoto","article_modified_time":"2026-01-23T12:44:22+00:00","twitter_card":"summary_large_image","twitter_misc":{"Est. reading time":"2 minutes"},"schema":{"@context":"https:\/\/schema.org","@graph":[{"@type":"WebPage","@id":"https:\/\/ortoto.com\/lt\/kaip-tai-padeda\/gerina-motorikos-gebejimus\/","url":"https:\/\/ortoto.com\/lt\/kaip-tai-padeda\/gerina-motorikos-gebejimus\/","name":"Gerina motorikos geb\u0117jimus - Ortoto","isPartOf":{"@id":"https:\/\/ortoto.com\/lt\/#website"},"datePublished":"2025-04-01T09:45:38+00:00","dateModified":"2026-01-23T12:44:22+00:00","breadcrumb":{"@id":"https:\/\/ortoto.com\/lt\/kaip-tai-padeda\/gerina-motorikos-gebejimus\/#breadcrumb"},"inLanguage":"lt-LT","potentialAction":[{"@type":"ReadAction","target":["https:\/\/ortoto.com\/lt\/kaip-tai-padeda\/gerina-motorikos-gebejimus\/"]}]},{"@type":"BreadcrumbList","@id":"https:\/\/ortoto.com\/lt\/kaip-tai-padeda\/gerina-motorikos-gebejimus\/#breadcrumb","itemListElement":[{"@type":"ListItem","position":1,"name":"Home","item":"https:\/\/ortoto.com\/lt\/"},{"@type":"ListItem","position":2,"name":"Kaip tai padeda","item":"https:\/\/ortoto.com\/lt\/how-it-helps\/"},{"@type":"ListItem","position":3,"name":"Gerina motorikos geb\u0117jimus"}]},{"@type":"WebSite","@id":"https:\/\/ortoto.com\/lt\/#website","url":"https:\/\/ortoto.com\/lt\/","name":"Ortoto","description":"Massage Puzzle Mats","potentialAction":[{"@type":"SearchAction","target":{"@type":"EntryPoint","urlTemplate":"https:\/\/ortoto.com\/lt\/?s={search_term_string}"},"query-input":{"@type":"PropertyValueSpecification","valueRequired":true,"valueName":"search_term_string"}}],"inLanguage":"lt-LT"}]}},"_links":{"self":[{"href":"https:\/\/ortoto.com\/lt\/wp-json\/wp\/v2\/pages\/3626","targetHints":{"allow":["GET"]}}],"collection":[{"href":"https:\/\/ortoto.com\/lt\/wp-json\/wp\/v2\/pages"}],"about":[{"href":"https:\/\/ortoto.com\/lt\/wp-json\/wp\/v2\/types\/page"}],"author":[{"embeddable":true,"href":"https:\/\/ortoto.com\/lt\/wp-json\/wp\/v2\/users\/1"}],"replies":[{"embeddable":true,"href":"https:\/\/ortoto.com\/lt\/wp-json\/wp\/v2\/comments?post=3626"}],"version-history":[{"count":0,"href":"https:\/\/ortoto.com\/lt\/wp-json\/wp\/v2\/pages\/3626\/revisions"}],"up":[{"embeddable":true,"href":"https:\/\/ortoto.com\/lt\/wp-json\/wp\/v2\/pages\/3589"}],"wp:attachment":[{"href":"https:\/\/ortoto.com\/lt\/wp-json\/wp\/v2\/media?parent=3626"}],"curies":[{"name":"wp","href":"https:\/\/api.w.org\/{rel}","templated":true}]}}