{"id":3628,"date":"2025-04-01T11:50:16","date_gmt":"2025-04-01T09:50:16","guid":{"rendered":"https:\/\/ortoto.se.lt\/kaip-tai-padeda\/gerina-erdvini-suvokima\/"},"modified":"2026-01-23T14:46:33","modified_gmt":"2026-01-23T12:46:33","slug":"gerina-erdvini-suvokima","status":"publish","type":"page","link":"https:\/\/ortoto.com\/lt\/kaip-tai-padeda\/gerina-erdvini-suvokima\/","title":{"rendered":"Gerina erdvin\u012f suvokim\u0105"},"content":{"rendered":"\t\t<div data-elementor-type=\"wp-page\" data-elementor-id=\"3628\" class=\"elementor elementor-3628 elementor-2230\" data-elementor-post-type=\"page\">\n\t\t\t\t<div class=\"elementor-element elementor-element-8baad76 e-flex e-con-boxed e-con e-parent\" data-id=\"8baad76\" data-element_type=\"container\">\n\t\t\t\t\t<div class=\"e-con-inner\">\n\t\t\t\t<div class=\"elementor-element elementor-element-bb9c0cf elementor-widget__width-initial elementor-widget-widescreen__width-initial elementor-widget elementor-widget-heading\" data-id=\"bb9c0cf\" data-element_type=\"widget\" data-widget_type=\"heading.default\">\n\t\t\t\t\t<h1 class=\"elementor-heading-title elementor-size-default\">Gerina erdvin\u012f suvokim\u0105<\/h1>\t\t\t\t<\/div>\n\t\t\t\t<div class=\"elementor-element elementor-element-59df916 elementor-widget elementor-widget-spacer\" data-id=\"59df916\" data-element_type=\"widget\" data-widget_type=\"spacer.default\">\n\t\t\t\t\t\t\t<div class=\"elementor-spacer\">\n\t\t\t<div class=\"elementor-spacer-inner\"><\/div>\n\t\t<\/div>\n\t\t\t\t\t\t<\/div>\n\t\t\t\t<div class=\"elementor-element elementor-element-eccb1e6 elementor-widget elementor-widget-text-editor\" data-id=\"eccb1e6\" data-element_type=\"widget\" data-widget_type=\"text-editor.default\">\n\t\t\t\t\t\t\t\t\t<p>KAIP TAI PADEDA: GERINA ERDVIN\u012e SUVOKIM\u0104<\/p><p>Erdvinis suvokimas. Tai ka\u017ekas, apie k\u0105 net nesusim\u0105stome. Ta\u010diau tai yra vienas svarbiausi\u0173 geb\u0117jim\u0173, kurie vystosi nuo pat m\u016bs\u0173 gimimo. Jis padeda mums suprasti, kur yra m\u016bs\u0173 k\u016bnas, koks jo santykis su aplinka, ir kuriose vietose yra atskiri objektai. \u0160is \u012fg\u016bdis padeda efektyviai koordinuoti judesius, suvokti daikt\u0173 pad\u0117t\u012f ir atlikti kasdienes u\u017eduotis. Be \u0161io \u012fg\u016bd\u017eio mes nuolat atsitrenktume \u012f \u012fvairius objektus, sunkiai pavykt\u0173 naudotis peiliu ar \u0161akute, net ra\u0161yti. Ne\u017einotume, kas yra arti, o kas toli, ir paimti daiktus rankomis b\u016bt\u0173 tikras i\u0161\u0161\u016bkis. Skamba \u0161iek tiek keblokai, ar ne?       <\/p><p>Pabandykime suskaidyti \u012f atskiras dalis. Erdvinis suvokimas susideda i\u0161 \u0161i\u0173 pagrindini\u0173 aspekt\u0173: <\/p><p>Lokacija: padeda suprasti daikto pad\u0117ties kontekst\u0105 \u2013 ar jis yra vir\u0161, po ar u\u017e ka\u017ekokio kito objekto. Tai leid\u017eia mums orientuotis aplinkoje ir tiksliai \u017einoti, kur kas yra, lyginant su kitais daiktais. <\/p><p>Atstumas: padeda suvokti, kaip toli ar arti yra daiktas. Remiantis \u0161iuo suvokimu, j\u016bs\u0173 smegenys pritaiko k\u016bno judesius, kad vykt\u0173 interakcija su daiktu \u2013 ar tai b\u016bt\u0173 jud\u0117jimas link jo, aplink j\u012f ar nuo jo. Tai taip pat padeda j\u016bs\u0173 raumenims tiksliai paimti daikt\u0105, \u017einant, kur jis yra erdv\u0117je.  <\/p><p>Jud\u0117jimas: erdvinis suvokimas padeda sekti, kaip \u017emon\u0117s ir daiktai juda erdv\u0117je, suteikia galimyb\u0119 lengvai orientuotis aplinkoje. Tai leid\u017eia vengti susid\u016brim\u0173, i\u0161laikyti patog\u0173 atstum\u0105 ir jud\u0117ti skland\u017eiai per u\u017ekim\u0161tas erdves. <\/p><p>Socialinis: erdvinis suvokimas taip pat gali paveikti socialines funkcijas, tokias kaip asmenin\u0117 erdv\u0117. Visi \u017einome t\u0105 jausm\u0105, kai ka\u017ekas bendraujant stovi nepatogiai per arti. Galb\u016bt jie tai daro nety\u010dia, nes tiesiog turi silpnus erdvinio suvokimo geb\u0117jimus.  <\/p><p>Skaitymas ir ra\u0161ymas: erdvinis suvokimas reikalingas, norint suprasti sakinio strukt\u016br\u0105 ir gramatik\u0105.<\/p><p>Kaip efektyviai treniruoti erdvin\u012f suvokim\u0105?<\/p><p>Kalbant apie bet koki\u0105 edukacin\u0119 veikl\u0105 m\u016bs\u0173 jauniausiems tyrin\u0117tojams, yra vienas svarbus faktorius, kuris pranoksta visus kitus. Tai \u2013 smagumas ir linksmyb\u0117s. Norint pritraukti vaiko d\u0117mes\u012f, veikla turi b\u016bti \u012fdomi ir \u012ftraukianti. Vienas i\u0161 efektyviausi\u0173 moksliniais tyrimais pagr\u012fst\u0173 metod\u0173, skatinan\u010di\u0173 erdvin\u012f suvokim\u0105, yra blokeli\u0173 d\u0117liojimas. \u0160i veikla yra ne tik ypa\u010d smagi, bet ir kartu skatina tyrin\u0117jim\u0105, k\u016brybi\u0161kum\u0105 ir praktinius problem\u0173 sprendimus, gerina vaiko erdv\u0117s, atstumo ir jud\u0117jimo supratim\u0105.    <\/p><p>Kalbant apie pa\u017einimo raid\u0105, tai blokeli\u0173 d\u0117liojimas yra viena efektyviausi\u0173 veikl\u0173 erdvini\u0173 geb\u0117jim\u0173 gerinimui. Ji apima tris pagrindines kategorijas: <\/p><p>Erdvin\u0117 vizualizacija \u2013 geb\u0117jimas m\u0105styti trimat\u0117je erdv\u0117je ir mintyse manipuliuoti dviem ar trimis dimensijomis.<\/p><p>Formos suvokimas \u2013 geb\u0117jimas vizualiai atpa\u017einti daiktus pagal j\u0173 form\u0105, ra\u0161tus ar pa\u017e\u012fstamas savybes.<\/p><p>Erdvinis palyginimas \u2013 suvokimas, kaip atstumai skirtingo dyd\u017eio erdv\u0117se susij\u0119 tarpusavyje.<\/p><p>Dvi svarbiausios erdvini\u0173 \u012fg\u016bd\u017ei\u0173, susijusi\u0173 su blokeli\u0173 d\u0117liojimu, r\u016b\u0161ys yra erdvin\u0117 vizualizacija ir formos suvokimas. Erdvin\u0117 vizualizacija leid\u017eia vaikams mintyse manipuliuoti daiktais erdv\u0117je, o formos suvokimas padeda atpa\u017einti ir atskirti formas, identifikuoti ra\u0161tus, sekas ir suskaidyti daiktus \u012f atskiras dalis. <\/p>\t\t\t\t\t\t\t\t<\/div>\n\t\t\t\t<div class=\"elementor-element elementor-element-c030bac elementor-widget elementor-widget-spacer\" data-id=\"c030bac\" data-element_type=\"widget\" data-widget_type=\"spacer.default\">\n\t\t\t\t\t\t\t<div class=\"elementor-spacer\">\n\t\t\t<div class=\"elementor-spacer-inner\"><\/div>\n\t\t<\/div>\n\t\t\t\t\t\t<\/div>\n\t\t\t\t\t<\/div>\n\t\t\t\t<\/div>\n\t\t<div class=\"elementor-element elementor-element-15a44f3 e-flex e-con-boxed e-con e-parent\" data-id=\"15a44f3\" data-element_type=\"container\">\n\t\t\t\t\t<div class=\"e-con-inner\">\n\t\t<div class=\"elementor-element elementor-element-4ea3264 e-con-full e-flex e-con e-child\" data-id=\"4ea3264\" data-element_type=\"container\" data-settings=\"{&quot;background_background&quot;:&quot;classic&quot;}\">\n\t\t\t\t<\/div>\n\t\t\t\t<div class=\"elementor-element elementor-element-26e6baf elementor-widget elementor-widget-spacer\" data-id=\"26e6baf\" data-element_type=\"widget\" data-widget_type=\"spacer.default\">\n\t\t\t\t\t\t\t<div class=\"elementor-spacer\">\n\t\t\t<div class=\"elementor-spacer-inner\"><\/div>\n\t\t<\/div>\n\t\t\t\t\t\t<\/div>\n\t\t\t\t<div class=\"elementor-element elementor-element-25c0e10 elementor-align-center elementor-widget elementor-widget-button\" data-id=\"25c0e10\" data-element_type=\"widget\" data-widget_type=\"button.default\">\n\t\t\t\t\t\t\t\t\t\t<a class=\"elementor-button elementor-button-link elementor-size-sm\" href=\"\/lt\/product-category\/smegenu-vystymo-zaidimai\">\n\t\t\t\t\t\t<span class=\"elementor-button-content-wrapper\">\n\t\t\t\t\t\t\t\t\t<span class=\"elementor-button-text\">GAUKITE SAVO ORTOTO<\/span>\n\t\t\t\t\t<\/span>\n\t\t\t\t\t<\/a>\n\t\t\t\t\t\t\t\t<\/div>\n\t\t\t\t<div class=\"elementor-element elementor-element-021c0a8 elementor-widget elementor-widget-spacer\" data-id=\"021c0a8\" data-element_type=\"widget\" data-widget_type=\"spacer.default\">\n\t\t\t\t\t\t\t<div class=\"elementor-spacer\">\n\t\t\t<div class=\"elementor-spacer-inner\"><\/div>\n\t\t<\/div>\n\t\t\t\t\t\t<\/div>\n\t\t\t\t\t<\/div>\n\t\t\t\t<\/div>\n\t\t<div class=\"elementor-element elementor-element-3e67803 e-flex e-con-boxed e-con e-parent\" data-id=\"3e67803\" data-element_type=\"container\">\n\t\t\t\t\t<div class=\"e-con-inner\">\n\t\t\t\t<div class=\"elementor-element elementor-element-29ff1b3 elementor-widget elementor-widget-text-editor\" data-id=\"29ff1b3\" data-element_type=\"widget\" data-widget_type=\"text-editor.default\">\n\t\t\t\t\t\t\t\t\t<p>ORTOTO KALAD\u0116LI\u0172 \u017dAIDIMAS<\/p><p>M\u016bs\u0173 sensorinis kalad\u0117li\u0173 statymo \u017eaidimas yra ypa\u010d veiksmingas, siekiant i\u0161mokyti vaikus suprasti ir i\u0161naudoti erdv\u0119. Spalving\u0173 mokom\u0173j\u0173 blokeli\u0173 pagalba vaikai \u012fsijungia \u012f atvir\u0105 \u017eaidim\u0105, d\u0117lioja, r\u016b\u0161iuoja ir i\u0161d\u0117sto detales, stebi, kaip daiktai dera kartu fiziniame pasaulyje. Jie pradeda suprasti pozicijas \u2013 ar detal\u0117 yra priekyje, vir\u0161uje, ar u\u017e kitos detal\u0117s \u2013 tuo pa\u010diu suvokia dyd\u017eio ir atstumo samprat\u0105, lyginant ir d\u0117liojant detales tarpusavyje.  <\/p><p>Bet tai dar ne viskas! Jie taip pat r\u016b\u0161iuoja spalvas, naudoja savo k\u016brybi\u0161kum\u0105 problem\u0173 sprendimui, ir mokosi, kaip padaryti savo statinius tvirtus ir i\u0161laikan\u010dius pusiausvyr\u0105. Geriausia dalis? Sukiodami tas detales erdv\u0117je ir matydami, kaip jos dera kartu, jie stiprina savo erdvin\u0119 vizualizacij\u0105 \u2013 proces\u0105, kai gebama mintyse manipuliuoti objektais, kad pamatyti, kaip jie dera. \u0160is smagus, praktinis \u017eaidimas ugdo erdvin\u012f suvokim\u0105, problem\u0173 sprendimo \u012fg\u016bd\u017eius ir geb\u0117jim\u0105 adaptuotis prie skirting\u0173 situacij\u0173, paruo\u0161ia pagrind\u0105 mokymuisi ir begaliniam k\u016brybi\u0161kumui.     <\/p><p>Naudodami sensorinius blokelius, vaikai turi galimyb\u0119 efektyviai vystyti pagrindinius pa\u017einimo \u012fg\u016bd\u017eius ir tuo pa\u010diu m\u0117gautis sensoriniu \u017eaidimu. \u0160ie Montessori pagrindu sukurti sensoriniai \u012frankiai taip pat puikiai tinka ankstyvajam mokymuisi. M\u016bs\u0173 edukacinis mink\u0161t\u0173 blokeli\u0173 \u017eaidimas vaikams u\u017etikrins, kad jie gal\u0117s saugiai tyrin\u0117ti erdvinio suvokimo pasaul\u012f, kartu ugdydami atmint\u012f ir problem\u0173 sprendimo \u012fg\u016bd\u017eius.  <\/p>\t\t\t\t\t\t\t\t<\/div>\n\t\t\t\t<div class=\"elementor-element elementor-element-7e4a3e6 elementor-widget elementor-widget-spacer\" data-id=\"7e4a3e6\" data-element_type=\"widget\" data-widget_type=\"spacer.default\">\n\t\t\t\t\t\t\t<div class=\"elementor-spacer\">\n\t\t\t<div class=\"elementor-spacer-inner\"><\/div>\n\t\t<\/div>\n\t\t\t\t\t\t<\/div>\n\t\t<div class=\"elementor-element elementor-element-029fa6b e-con-full e-flex e-con e-child\" data-id=\"029fa6b\" data-element_type=\"container\" data-settings=\"{&quot;background_background&quot;:&quot;classic&quot;}\">\n\t\t\t\t<\/div>\n\t\t\t\t<div class=\"elementor-element elementor-element-29cce7b elementor-widget elementor-widget-spacer\" data-id=\"29cce7b\" data-element_type=\"widget\" data-widget_type=\"spacer.default\">\n\t\t\t\t\t\t\t<div class=\"elementor-spacer\">\n\t\t\t<div class=\"elementor-spacer-inner\"><\/div>\n\t\t<\/div>\n\t\t\t\t\t\t<\/div>\n\t\t\t\t\t<\/div>\n\t\t\t\t<\/div>\n\t\t\t\t<\/div>\n\t\t","protected":false},"excerpt":{"rendered":"<p>Gerina erdvin\u012f suvokim\u0105 KAIP TAI PADEDA: GERINA ERDVIN\u012e SUVOKIM\u0104 Erdvinis suvokimas. Tai ka\u017ekas, apie k\u0105 net nesusim\u0105stome. Ta\u010diau tai yra vienas svarbiausi\u0173 geb\u0117jim\u0173, kurie vystosi nuo pat m\u016bs\u0173 gimimo. Jis padeda mums suprasti, kur yra m\u016bs\u0173 k\u016bnas, koks jo santykis su aplinka, ir kuriose vietose yra atskiri objektai. \u0160is \u012fg\u016bdis padeda efektyviai koordinuoti judesius, suvokti [&hellip;]<\/p>\n","protected":false},"author":1,"featured_media":0,"parent":3589,"menu_order":0,"comment_status":"closed","ping_status":"closed","template":"","meta":{"_acf_changed":false,"footnotes":""},"class_list":["post-3628","page","type-page","status-publish","hentry"],"acf":[],"yoast_head":"<!-- This site is optimized with the Yoast SEO plugin v26.5 - https:\/\/yoast.com\/wordpress\/plugins\/seo\/ -->\n<title>Gerina erdvin\u012f suvokim\u0105 - Ortoto<\/title>\n<meta name=\"robots\" content=\"index, follow, max-snippet:-1, max-image-preview:large, max-video-preview:-1\" \/>\n<link rel=\"canonical\" href=\"https:\/\/ortoto.com\/lt\/kaip-tai-padeda\/gerina-erdvini-suvokima\/\" \/>\n<meta property=\"og:locale\" content=\"lt_LT\" \/>\n<meta property=\"og:type\" content=\"article\" \/>\n<meta property=\"og:title\" content=\"Gerina erdvin\u012f suvokim\u0105 - Ortoto\" \/>\n<meta property=\"og:description\" content=\"Gerina erdvin\u012f suvokim\u0105 KAIP TAI PADEDA: GERINA ERDVIN\u012e SUVOKIM\u0104 Erdvinis suvokimas. Tai ka\u017ekas, apie k\u0105 net nesusim\u0105stome. Ta\u010diau tai yra vienas svarbiausi\u0173 geb\u0117jim\u0173, kurie vystosi nuo pat m\u016bs\u0173 gimimo. Jis padeda mums suprasti, kur yra m\u016bs\u0173 k\u016bnas, koks jo santykis su aplinka, ir kuriose vietose yra atskiri objektai. \u0160is \u012fg\u016bdis padeda efektyviai koordinuoti judesius, suvokti [&hellip;]\" \/>\n<meta property=\"og:url\" content=\"https:\/\/ortoto.com\/lt\/kaip-tai-padeda\/gerina-erdvini-suvokima\/\" \/>\n<meta property=\"og:site_name\" content=\"Ortoto\" \/>\n<meta property=\"article:modified_time\" content=\"2026-01-23T12:46:33+00:00\" \/>\n<meta name=\"twitter:card\" content=\"summary_large_image\" \/>\n<meta name=\"twitter:label1\" content=\"Est. reading time\" \/>\n\t<meta name=\"twitter:data1\" content=\"4 minutes\" \/>\n<script type=\"application\/ld+json\" class=\"yoast-schema-graph\">{\"@context\":\"https:\/\/schema.org\",\"@graph\":[{\"@type\":\"WebPage\",\"@id\":\"https:\/\/ortoto.com\/lt\/kaip-tai-padeda\/gerina-erdvini-suvokima\/\",\"url\":\"https:\/\/ortoto.com\/lt\/kaip-tai-padeda\/gerina-erdvini-suvokima\/\",\"name\":\"Gerina erdvin\u012f suvokim\u0105 - Ortoto\",\"isPartOf\":{\"@id\":\"https:\/\/ortoto.com\/lt\/#website\"},\"datePublished\":\"2025-04-01T09:50:16+00:00\",\"dateModified\":\"2026-01-23T12:46:33+00:00\",\"breadcrumb\":{\"@id\":\"https:\/\/ortoto.com\/lt\/kaip-tai-padeda\/gerina-erdvini-suvokima\/#breadcrumb\"},\"inLanguage\":\"lt-LT\",\"potentialAction\":[{\"@type\":\"ReadAction\",\"target\":[\"https:\/\/ortoto.com\/lt\/kaip-tai-padeda\/gerina-erdvini-suvokima\/\"]}]},{\"@type\":\"BreadcrumbList\",\"@id\":\"https:\/\/ortoto.com\/lt\/kaip-tai-padeda\/gerina-erdvini-suvokima\/#breadcrumb\",\"itemListElement\":[{\"@type\":\"ListItem\",\"position\":1,\"name\":\"Home\",\"item\":\"https:\/\/ortoto.com\/lt\/\"},{\"@type\":\"ListItem\",\"position\":2,\"name\":\"Kaip tai padeda\",\"item\":\"https:\/\/ortoto.com\/lt\/how-it-helps\/\"},{\"@type\":\"ListItem\",\"position\":3,\"name\":\"Gerina erdvin\u012f suvokim\u0105\"}]},{\"@type\":\"WebSite\",\"@id\":\"https:\/\/ortoto.com\/lt\/#website\",\"url\":\"https:\/\/ortoto.com\/lt\/\",\"name\":\"Ortoto\",\"description\":\"Massage Puzzle Mats\",\"potentialAction\":[{\"@type\":\"SearchAction\",\"target\":{\"@type\":\"EntryPoint\",\"urlTemplate\":\"https:\/\/ortoto.com\/lt\/?s={search_term_string}\"},\"query-input\":{\"@type\":\"PropertyValueSpecification\",\"valueRequired\":true,\"valueName\":\"search_term_string\"}}],\"inLanguage\":\"lt-LT\"}]}<\/script>\n<!-- \/ Yoast SEO plugin. -->","yoast_head_json":{"title":"Gerina erdvin\u012f suvokim\u0105 - Ortoto","robots":{"index":"index","follow":"follow","max-snippet":"max-snippet:-1","max-image-preview":"max-image-preview:large","max-video-preview":"max-video-preview:-1"},"canonical":"https:\/\/ortoto.com\/lt\/kaip-tai-padeda\/gerina-erdvini-suvokima\/","og_locale":"lt_LT","og_type":"article","og_title":"Gerina erdvin\u012f suvokim\u0105 - Ortoto","og_description":"Gerina erdvin\u012f suvokim\u0105 KAIP TAI PADEDA: GERINA ERDVIN\u012e SUVOKIM\u0104 Erdvinis suvokimas. Tai ka\u017ekas, apie k\u0105 net nesusim\u0105stome. Ta\u010diau tai yra vienas svarbiausi\u0173 geb\u0117jim\u0173, kurie vystosi nuo pat m\u016bs\u0173 gimimo. Jis padeda mums suprasti, kur yra m\u016bs\u0173 k\u016bnas, koks jo santykis su aplinka, ir kuriose vietose yra atskiri objektai. \u0160is \u012fg\u016bdis padeda efektyviai koordinuoti judesius, suvokti [&hellip;]","og_url":"https:\/\/ortoto.com\/lt\/kaip-tai-padeda\/gerina-erdvini-suvokima\/","og_site_name":"Ortoto","article_modified_time":"2026-01-23T12:46:33+00:00","twitter_card":"summary_large_image","twitter_misc":{"Est. reading time":"4 minutes"},"schema":{"@context":"https:\/\/schema.org","@graph":[{"@type":"WebPage","@id":"https:\/\/ortoto.com\/lt\/kaip-tai-padeda\/gerina-erdvini-suvokima\/","url":"https:\/\/ortoto.com\/lt\/kaip-tai-padeda\/gerina-erdvini-suvokima\/","name":"Gerina erdvin\u012f suvokim\u0105 - Ortoto","isPartOf":{"@id":"https:\/\/ortoto.com\/lt\/#website"},"datePublished":"2025-04-01T09:50:16+00:00","dateModified":"2026-01-23T12:46:33+00:00","breadcrumb":{"@id":"https:\/\/ortoto.com\/lt\/kaip-tai-padeda\/gerina-erdvini-suvokima\/#breadcrumb"},"inLanguage":"lt-LT","potentialAction":[{"@type":"ReadAction","target":["https:\/\/ortoto.com\/lt\/kaip-tai-padeda\/gerina-erdvini-suvokima\/"]}]},{"@type":"BreadcrumbList","@id":"https:\/\/ortoto.com\/lt\/kaip-tai-padeda\/gerina-erdvini-suvokima\/#breadcrumb","itemListElement":[{"@type":"ListItem","position":1,"name":"Home","item":"https:\/\/ortoto.com\/lt\/"},{"@type":"ListItem","position":2,"name":"Kaip tai padeda","item":"https:\/\/ortoto.com\/lt\/how-it-helps\/"},{"@type":"ListItem","position":3,"name":"Gerina erdvin\u012f suvokim\u0105"}]},{"@type":"WebSite","@id":"https:\/\/ortoto.com\/lt\/#website","url":"https:\/\/ortoto.com\/lt\/","name":"Ortoto","description":"Massage Puzzle Mats","potentialAction":[{"@type":"SearchAction","target":{"@type":"EntryPoint","urlTemplate":"https:\/\/ortoto.com\/lt\/?s={search_term_string}"},"query-input":{"@type":"PropertyValueSpecification","valueRequired":true,"valueName":"search_term_string"}}],"inLanguage":"lt-LT"}]}},"_links":{"self":[{"href":"https:\/\/ortoto.com\/lt\/wp-json\/wp\/v2\/pages\/3628","targetHints":{"allow":["GET"]}}],"collection":[{"href":"https:\/\/ortoto.com\/lt\/wp-json\/wp\/v2\/pages"}],"about":[{"href":"https:\/\/ortoto.com\/lt\/wp-json\/wp\/v2\/types\/page"}],"author":[{"embeddable":true,"href":"https:\/\/ortoto.com\/lt\/wp-json\/wp\/v2\/users\/1"}],"replies":[{"embeddable":true,"href":"https:\/\/ortoto.com\/lt\/wp-json\/wp\/v2\/comments?post=3628"}],"version-history":[{"count":0,"href":"https:\/\/ortoto.com\/lt\/wp-json\/wp\/v2\/pages\/3628\/revisions"}],"up":[{"embeddable":true,"href":"https:\/\/ortoto.com\/lt\/wp-json\/wp\/v2\/pages\/3589"}],"wp:attachment":[{"href":"https:\/\/ortoto.com\/lt\/wp-json\/wp\/v2\/media?parent=3628"}],"curies":[{"name":"wp","href":"https:\/\/api.w.org\/{rel}","templated":true}]}}