{"id":3632,"date":"2025-04-01T12:04:31","date_gmt":"2025-04-01T10:04:31","guid":{"rendered":"https:\/\/ortoto.se.lt\/kaip-tai-padeda\/mazina-streso-lygi\/"},"modified":"2026-01-23T14:55:49","modified_gmt":"2026-01-23T12:55:49","slug":"mazina-streso-lygi","status":"publish","type":"page","link":"https:\/\/ortoto.com\/lt\/kaip-tai-padeda\/mazina-streso-lygi\/","title":{"rendered":"Ma\u017eina streso lyg\u012f"},"content":{"rendered":"\t\t<div data-elementor-type=\"wp-page\" data-elementor-id=\"3632\" class=\"elementor elementor-3632 elementor-2238\" data-elementor-post-type=\"page\">\n\t\t\t\t<div class=\"elementor-element elementor-element-8baad76 e-flex e-con-boxed e-con e-parent\" data-id=\"8baad76\" data-element_type=\"container\">\n\t\t\t\t\t<div class=\"e-con-inner\">\n\t\t\t\t<div class=\"elementor-element elementor-element-bb9c0cf elementor-widget__width-initial elementor-widget-widescreen__width-initial elementor-widget elementor-widget-heading\" data-id=\"bb9c0cf\" data-element_type=\"widget\" data-widget_type=\"heading.default\">\n\t\t\t\t\t<h1 class=\"elementor-heading-title elementor-size-default\">Ma\u017eina streso lyg\u012f<\/h1>\t\t\t\t<\/div>\n\t\t\t\t<div class=\"elementor-element elementor-element-bba6b3f elementor-widget elementor-widget-spacer\" data-id=\"bba6b3f\" data-element_type=\"widget\" data-widget_type=\"spacer.default\">\n\t\t\t\t\t\t\t<div class=\"elementor-spacer\">\n\t\t\t<div class=\"elementor-spacer-inner\"><\/div>\n\t\t<\/div>\n\t\t\t\t\t\t<\/div>\n\t\t\t\t<div class=\"elementor-element elementor-element-eccb1e6 elementor-widget elementor-widget-text-editor\" data-id=\"eccb1e6\" data-element_type=\"widget\" data-widget_type=\"text-editor.default\">\n\t\t\t\t\t\t\t\t\t<p>\u0160is punktas skirtas suaugusiems, kurie u\u017estrigo suaugusi\u0173j\u0173 gyvenimo chaose: terminai, nesibaigiantys darb\u0173 s\u0105ra\u0161ai ir, \u017einoma, \u201edovana\u201c, kuri\u0105 atne\u0161a visi \u0161ie dalykai \u2013 stresas.<\/p><p>Stresas \u2013 did\u017eiausias prie\u0161as m\u016bs\u0173 sveikatai<\/p><p>Ar \u017einojote, kad did\u017eioji dalis vis\u0173 sveikatos problem\u0173 pasaulyje slypi b\u016btent u\u017e streso? Pagal atliktus tyrimus, net 62 % \u017emoni\u0173 teigia, kad stresas turi didel\u0117s \u012ftakos j\u0173 kasdieniam gyvenimui ir savijautai. <\/p><p>Kaip tiksliai stresas veikia m\u016bs\u0173 sveikat\u0105?<\/p><p>Nor\u0117dami suprasti, kaip stresas veikia m\u016bs\u0173 sveikat\u0105 ir savijaut\u0105, turime giliau panagrin\u0117ti ir i\u0161skaidyti \u0161i\u0105 tem\u0105 \u012f atskiras dalis:<\/p><p>\u0160irdies ir kraujagysli\u0173 sistema<\/p><p>Stresas priver\u010dia j\u016bs\u0173 \u0161ird\u012f dirbti grei\u010diau \u2013 spartesni \u0161irdies d\u016b\u017eiai, stipresni pumpavimai ir daugiau kraujo tekan\u010dio \u012f raumenis. Nors tai n\u0117ra nieko kenksmingo trumpuoju periodu, ilgalaikis stresas priver\u010dia j\u016bs\u0173 k\u016bn\u0105 b\u016bti \u201ekovos arba vengimo\u201c (fight or flight) r\u0117\u017eime, paveikia kraujagysles, didina cholesterol\u012f ir \u0161irdies lig\u0173 rizik\u0105. <\/p><p>Kv\u0117pavimo sistema<\/p><p>Stresas u\u017egniau\u017ei\u0105 kvap\u0105, sukelia trumpus, greitus \u012fkv\u0117pimus. Jis silpnina j\u016bs\u0173 imunin\u0119 sistem\u0105, daro jus labiau pa\u017eeid\u017eiamus infekcijoms ir sustiprina l\u0117tini\u0173 obstrukcini\u0173 plau\u010di\u0173 lig\u0173, astmos rizik\u0105. Be to, jis gali sukelti kv\u0117pavimo tak\u0173 u\u017edegim\u0105, d\u0117l ko kv\u0117puoti darosi sunkiau.  <\/p><p>Vir\u0161kinimo sistema<\/p><p>Stresas sul\u0117tina vir\u0161kinim\u0105, kartu sukeldamas pilvo p\u016btim\u0105, viduri\u0173 u\u017ekiet\u0117jim\u0105 ar viduriavim\u0105. Jis taip pat silpnina \u017earnyno apsaugin\u012f barjer\u0105, palieka j\u012f pa\u017eeid\u017eiam\u0105 u\u017edegimams ir infekcijoms. Stresas gali sutrikdyti \u017earnyno ir smegen\u0173 ry\u0161\u012f, ir taip sukelti \u012fvairias vir\u0161kinimo problemas.  <\/p><p>Raumen\u0173 ir kaul\u0173 sistema<\/p><p>Streso metu j\u016bs\u0173 raumenys labiau \u012fsitempia ir taip sukelia \u012fvairius simptomus, nuo galvos iki \u017eandikaulio ir nugaros skausm\u0173. Ilgalaikis stresas u\u017epildo j\u016bs\u0173 organizm\u0105 kortizoliu, silpnina raumenis ir kaulus, didina l\u0117tinio skausmo ir toki\u0173 lig\u0173 kaip fibromialgija rizik\u0105. <\/p><p>Imunin\u0117 sistema<\/p><p>L\u0117tinis stresas aktyvuoja k\u016bno \u201ekovos arba vengimo\u201c (fight or flight) r\u0117\u017eim\u0105, kuris gali susilpninti imunin\u0119 sistem\u0105. Auk\u0161tas streso hormon\u0173, toki\u0173 kaip kortizolis, lygis ma\u017eina imunin\u012f atsak\u0105, tod\u0117l lengviau susirgti, sul\u0117t\u0117ja \u017eaizd\u0173 gijimo procesas ir pa\u016bm\u0117ja u\u017edegimai. Ilgainiui tai gali prisid\u0117ti prie autoimunini\u0173 ir l\u0117tini\u0173 u\u017edegimini\u0173 lig\u0173.  <\/p><p>Taigi, kaip suma\u017einti stres\u0105 m\u016bs\u0173 greitai besikei\u010dian\u010diame, skub\u0117jimo kupiname pasaulyje?<\/p><p>Pamir\u0161kite batus ir leiskite savo p\u0117doms pasinerti \u012f raminant\u012f ir atpalaiduojant\u012f sensorin\u012f masa\u017e\u0105.<\/p><p>Nuraminkite nervus<\/p><p>M\u016bs\u0173 nerv\u0173 sistema susideda i\u0161 centrin\u0117s nerv\u0173 sistemos, periferin\u0117s nerv\u0173 sistemos, somatin\u0117s nerv\u0173 sistemos ir autonomin\u0117s nerv\u0173 sistemos. Periferin\u0117 sistema kontroliuoja nervus raumenyse, akyse ir ausyse, o somatin\u0117 ir autonomin\u0117 sistemos valdo m\u016bs\u0173 s\u0105moningus judesius ir nes\u0105moningus veiksmus. <\/p><p>Ta\u010diau centrin\u0117 nerv\u0173 sistema turi tiesiogin\u012f ry\u0161\u012f su m\u016bs\u0173 smegenimis. Kai patiriame stres\u0105, pradeda veikti autonomin\u0117 nerv\u0173 sistema, ruo\u0161dama k\u016bn\u0105 pavojui ar konfrontacijai. Bet \u0161tai \u012fdomi detal\u0117: vaik\u0161\u010diojimas basomis gali pad\u0117ti nuraminti \u0161i\u0105 sistem\u0105. Vaik\u0161\u010diojant \u012fvairiais pavir\u0161iais, galite sutrikdyti streso atsak\u0105, nukreipdami pusiausvyr\u0105 nuo \u201ekovos arba vengimo\u201c re\u017eimo. Tai leid\u017eia j\u016bs\u0173 k\u016bnui ir nervams atsipalaiduoti, o stresui pama\u017eu i\u0161nykti.    <\/p>\t\t\t\t\t\t\t\t<\/div>\n\t\t\t\t<div class=\"elementor-element elementor-element-c030bac elementor-widget elementor-widget-spacer\" data-id=\"c030bac\" data-element_type=\"widget\" data-widget_type=\"spacer.default\">\n\t\t\t\t\t\t\t<div class=\"elementor-spacer\">\n\t\t\t<div class=\"elementor-spacer-inner\"><\/div>\n\t\t<\/div>\n\t\t\t\t\t\t<\/div>\n\t\t\t\t\t<\/div>\n\t\t\t\t<\/div>\n\t\t<div class=\"elementor-element elementor-element-15a44f3 e-flex e-con-boxed e-con e-parent\" data-id=\"15a44f3\" data-element_type=\"container\">\n\t\t\t\t\t<div class=\"e-con-inner\">\n\t\t<div class=\"elementor-element elementor-element-4ea3264 e-con-full e-flex e-con e-child\" data-id=\"4ea3264\" data-element_type=\"container\" data-settings=\"{&quot;background_background&quot;:&quot;classic&quot;}\">\n\t\t\t\t<\/div>\n\t\t\t\t<div class=\"elementor-element elementor-element-26e6baf elementor-widget elementor-widget-spacer\" data-id=\"26e6baf\" data-element_type=\"widget\" data-widget_type=\"spacer.default\">\n\t\t\t\t\t\t\t<div class=\"elementor-spacer\">\n\t\t\t<div class=\"elementor-spacer-inner\"><\/div>\n\t\t<\/div>\n\t\t\t\t\t\t<\/div>\n\t\t\t\t<div class=\"elementor-element elementor-element-c2ce67b elementor-align-center elementor-widget elementor-widget-button\" data-id=\"c2ce67b\" data-element_type=\"widget\" data-widget_type=\"button.default\">\n\t\t\t\t\t\t\t\t\t\t<a class=\"elementor-button elementor-button-link elementor-size-sm\" href=\"\/lt\/product-category\/intensyvus-masazas-suaugusiems\">\n\t\t\t\t\t\t<span class=\"elementor-button-content-wrapper\">\n\t\t\t\t\t\t\t\t\t<span class=\"elementor-button-text\">GAUKITE SAVO ORTOTO<\/span>\n\t\t\t\t\t<\/span>\n\t\t\t\t\t<\/a>\n\t\t\t\t\t\t\t\t<\/div>\n\t\t\t\t<div class=\"elementor-element elementor-element-2870132 elementor-widget elementor-widget-spacer\" data-id=\"2870132\" data-element_type=\"widget\" data-widget_type=\"spacer.default\">\n\t\t\t\t\t\t\t<div class=\"elementor-spacer\">\n\t\t\t<div class=\"elementor-spacer-inner\"><\/div>\n\t\t<\/div>\n\t\t\t\t\t\t<\/div>\n\t\t\t\t\t<\/div>\n\t\t\t\t<\/div>\n\t\t<div class=\"elementor-element elementor-element-3e67803 e-flex e-con-boxed e-con e-parent\" data-id=\"3e67803\" data-element_type=\"container\">\n\t\t\t\t\t<div class=\"e-con-inner\">\n\t\t\t\t<div class=\"elementor-element elementor-element-29ff1b3 elementor-widget elementor-widget-text-editor\" data-id=\"29ff1b3\" data-element_type=\"widget\" data-widget_type=\"text-editor.default\">\n\t\t\t\t\t\t\t\t\t<p>Kaip tai veikia?<\/p><p>Refleksologija veikia stimuliuodama nerv\u0173 sistem\u0105. Viskas ypa\u010d paprasta: \u0161velniai spaud\u017eiant specifines p\u0117d\u0173 zonas, siun\u010diami signalai \u012f centrin\u0119 nerv\u0173 sistem\u0105, kuri padeda sukelti atsipalaidavimo reakcij\u0105 visame k\u016bne. Tai ne tik nuramina, bet ir turi teigiam\u0105 poveik\u012f tokioms funkcijoms kaip kv\u0117pavimas, kraujotaka, imunin\u0117 sistema.  <\/p><p>Kartu tai sukelia teigiam\u0173 poveiki\u0173 grandin\u0119. Kiekviena k\u016bno dalis priklauso nuo stuburo ir jo nervini\u0173 signal\u0173. Kai jau\u010diame per daug \u012ftampos, raumenys palei stubur\u0105 \u012fsitempia, u\u017espaud\u017eia nervus, kurie sukelia skausm\u0105. Ta\u010diau, kai \u0161i \u012ftampa dingsta, raumenys atsilapaiduoja kartu su kraujagysl\u0117mis. Tai pagerina kraujo apytak\u0105, leid\u017eia deguoniui ir maistin\u0117ms med\u017eiagoms laisviau tek\u0117ti \u012f j\u016bs\u0173 organus ir audinius. Be to, tai padeda k\u016bnui pa\u0161alinti toksinus, o jums jausti balans\u0105 ir k\u016bno atgaiv\u0105.     <\/p><p>Kraujas atsakingas u\u017e deguonies ir maistini\u0173 med\u017eiag\u0173 tiekim\u0105 l\u0105stel\u0117ms, o kartu ir atliek\u0173 pa\u0161alinim\u0105. Norint, kad \u0161is procesas vykt\u0173 efektyviai, kraujagysl\u0117s turi i\u0161likti lanks\u010dios. Ta\u010diau d\u0117l streso jos gali susitraukti, taip sul\u0117tindamos kraujo apytak\u0105 ir prisid\u0117damos prie kraujosp\u016bd\u017eio problem\u0173. Refleksologija padeda palengvinti \u012ftamp\u0105 ir leid\u017eia kraujagysl\u0117ms atsipalaiduoti bei funkcionuoti tinkamai. Tai ne tik pagerina kraujo apytak\u0105, bet ir padeda k\u016bnui efektyviau \u0161alinti toksinus.    <\/p><p>ORTOTO intensyvaus masa\u017eo sensoriniai kilim\u0117liai \u2013 j\u016bs\u0173 raminantis pab\u0117gimas.<\/p><p>Sukurti taip, kad suteikt\u0173 auk\u0161\u010diausios kokyb\u0117s sensorin\u012f masa\u017e\u0105 j\u016bs\u0173 p\u0117doms, ORTOTO intensyv\u016bs sensoriniai taktiliniai kilim\u0117liai turi \u012fvairi\u0173 tekst\u016br\u0173, kurios aktyvuoja visas refleksines zonas j\u016bs\u0173 p\u0117dose. Kartu padeda suma\u017einti stres\u0105, atsipalaiduoti ir pagerinti bendr\u0105 savijaut\u0105. Tai tarsi mini poilsiaviet\u0117 j\u016bs\u0173 p\u0117doms!  <\/p>\t\t\t\t\t\t\t\t<\/div>\n\t\t\t\t<div class=\"elementor-element elementor-element-7e4a3e6 elementor-widget elementor-widget-spacer\" data-id=\"7e4a3e6\" data-element_type=\"widget\" data-widget_type=\"spacer.default\">\n\t\t\t\t\t\t\t<div class=\"elementor-spacer\">\n\t\t\t<div class=\"elementor-spacer-inner\"><\/div>\n\t\t<\/div>\n\t\t\t\t\t\t<\/div>\n\t\t<div class=\"elementor-element elementor-element-029fa6b e-con-full e-flex e-con e-child\" data-id=\"029fa6b\" data-element_type=\"container\" data-settings=\"{&quot;background_background&quot;:&quot;classic&quot;}\">\n\t\t\t\t<\/div>\n\t\t\t\t<div class=\"elementor-element elementor-element-29cce7b elementor-widget elementor-widget-spacer\" data-id=\"29cce7b\" data-element_type=\"widget\" data-widget_type=\"spacer.default\">\n\t\t\t\t\t\t\t<div class=\"elementor-spacer\">\n\t\t\t<div class=\"elementor-spacer-inner\"><\/div>\n\t\t<\/div>\n\t\t\t\t\t\t<\/div>\n\t\t\t\t\t<\/div>\n\t\t\t\t<\/div>\n\t\t<div class=\"elementor-element elementor-element-cd1c67c e-flex e-con-boxed e-con e-parent\" data-id=\"cd1c67c\" data-element_type=\"container\">\n\t\t\t\t\t<div class=\"e-con-inner\">\n\t\t\t\t<div class=\"elementor-element elementor-element-fe5a273 elementor-widget elementor-widget-text-editor\" data-id=\"fe5a273\" data-element_type=\"widget\" data-widget_type=\"text-editor.default\">\n\t\t\t\t\t\t\t\t\t<p>Kitas streso ma\u017einimo metodas \u2013 kartojimas<\/p><p>Kartojamas judesys padeda dvejopai. Pirmiausia, jis nukreipia m\u016bs\u0173 d\u0117mes\u012f nuo stres\u0105 sukelian\u010di\u0173 dirgikli\u0173, leisdamas m\u016bs\u0173 protui pereiti nuo \u012ftemptos, aktyvios b\u016bsenos \u012f ram\u0173, pasyv\u0173 b\u016bv\u012f. Antra, kartojamas judesys leid\u017eia neigiam\u0105 energij\u0105 i\u0161leisti palaipsniui, \u201ei\u0161deginant\u201c \u012ftamp\u0105 pastoviu, raminan\u010diu tempu. Vietoj to, kad jaustum\u0117me staig\u0173 relaksacin\u012f \u0161ok\u0105, galite prisitaikyti prie streso ma\u017e\u0117jimo laipsni\u0161kai.   <\/p><p>ORTOTO sensorinis pir\u0161t\u0173 labirintas<\/p><p>Mes suk\u016br\u0117me ORTOTO labirinto \u017eaidim\u0105 ne tik tam, kad vaikai gal\u0117t\u0173 pagerinti aki\u0173 ir rank\u0173 koordinacij\u0105, bet ir kaip \u017eaidim\u0105, skirt\u0105 streso ma\u017einimui bei atsipalaidavimui. L\u0117tai sekdami pir\u0161tais tekst\u016bruot\u0105 tak\u0105, j\u016bs priver\u010diate abu smegen\u0173 pusrutulius veikti vienu metu ir taip pereinate \u012f raminant\u012f, kartojant\u012f judes\u012f, kuris nuslopina pa\u0161alines mintis. Sutelkus d\u0117mes\u012f \u012f u\u017eduot\u012f, stresas pama\u017eu i\u0161tirpsta, o j\u016bs\u0173 k\u016bnas atsipalaiduoja su kiekvienu skland\u017eiu judesiu. Tai paprastas, ta\u010diau i\u0161skirtinis b\u016bdas savyje atrasti ramyb\u0117s akimirk\u0105.   <\/p>\t\t\t\t\t\t\t\t<\/div>\n\t\t\t\t<div class=\"elementor-element elementor-element-fa5b0b9 elementor-widget elementor-widget-spacer\" data-id=\"fa5b0b9\" data-element_type=\"widget\" data-widget_type=\"spacer.default\">\n\t\t\t\t\t\t\t<div class=\"elementor-spacer\">\n\t\t\t<div class=\"elementor-spacer-inner\"><\/div>\n\t\t<\/div>\n\t\t\t\t\t\t<\/div>\n\t\t<div class=\"elementor-element elementor-element-d984f5b e-con-full e-flex e-con e-child\" data-id=\"d984f5b\" data-element_type=\"container\" data-settings=\"{&quot;background_background&quot;:&quot;classic&quot;}\">\n\t\t\t\t<\/div>\n\t\t\t\t<div class=\"elementor-element elementor-element-7ebe44b elementor-widget elementor-widget-spacer\" data-id=\"7ebe44b\" data-element_type=\"widget\" data-widget_type=\"spacer.default\">\n\t\t\t\t\t\t\t<div class=\"elementor-spacer\">\n\t\t\t<div class=\"elementor-spacer-inner\"><\/div>\n\t\t<\/div>\n\t\t\t\t\t\t<\/div>\n\t\t\t\t\t<\/div>\n\t\t\t\t<\/div>\n\t\t<div class=\"elementor-element elementor-element-8d4cbc1 e-flex e-con-boxed e-con e-parent\" data-id=\"8d4cbc1\" data-element_type=\"container\">\n\t\t\t\t\t<div class=\"e-con-inner\">\n\t\t\t\t<div class=\"elementor-element elementor-element-b661d58 elementor-widget elementor-widget-text-editor\" data-id=\"b661d58\" data-element_type=\"widget\" data-widget_type=\"text-editor.default\">\n\t\t\t\t\t\t\t\t\t<p>Blokuokite savo stres\u0105!<\/p><p>Nor\u0117dami i\u0161bandyti dar vien\u0105 \u012fdom\u0173 b\u016bd\u0105 suma\u017einti stres\u0105, i\u0161bandykite m\u016bs\u0173 terapin\u012f sensorin\u012f produkt\u0105 \u2013 ORTOTO edukacin\u012f kalad\u0117li\u0173 \u017eaidim\u0105! Mink\u0161t\u0173 sensorini\u0173 kalad\u0117li\u0173 d\u0117liojimas, skirting\u0173 statini\u0173 k\u016brimas ir savo k\u016brybi\u0161kumo tyrin\u0117jimas padeda susitelkti ir atsipalaiduoti. Kuriant ir statant, j\u016bs\u0173 protas pereina nuo kasdieni\u0173 r\u016bpes\u010di\u0173 \u012f \u017eaisming\u0105 atsipalaidavimo ir d\u0117mesingumo b\u016bsen\u0105, leid\u017eian\u010di\u0105 stresui i\u0161tirpti su kiekviena kalad\u0117le.<\/p>\t\t\t\t\t\t\t\t<\/div>\n\t\t\t\t<div class=\"elementor-element elementor-element-4e972ce elementor-widget elementor-widget-spacer\" data-id=\"4e972ce\" data-element_type=\"widget\" data-widget_type=\"spacer.default\">\n\t\t\t\t\t\t\t<div class=\"elementor-spacer\">\n\t\t\t<div class=\"elementor-spacer-inner\"><\/div>\n\t\t<\/div>\n\t\t\t\t\t\t<\/div>\n\t\t\t\t\t<\/div>\n\t\t\t\t<\/div>\n\t\t\t\t<\/div>\n\t\t","protected":false},"excerpt":{"rendered":"<p>Ma\u017eina streso lyg\u012f \u0160is punktas skirtas suaugusiems, kurie u\u017estrigo suaugusi\u0173j\u0173 gyvenimo chaose: terminai, nesibaigiantys darb\u0173 s\u0105ra\u0161ai ir, \u017einoma, \u201edovana\u201c, kuri\u0105 atne\u0161a visi \u0161ie dalykai \u2013 stresas. Stresas \u2013 did\u017eiausias prie\u0161as m\u016bs\u0173 sveikatai Ar \u017einojote, kad did\u017eioji dalis vis\u0173 sveikatos problem\u0173 pasaulyje slypi b\u016btent u\u017e streso? Pagal atliktus tyrimus, net 62 % \u017emoni\u0173 teigia, kad stresas [&hellip;]<\/p>\n","protected":false},"author":1,"featured_media":0,"parent":3589,"menu_order":0,"comment_status":"closed","ping_status":"closed","template":"","meta":{"_acf_changed":false,"footnotes":""},"class_list":["post-3632","page","type-page","status-publish","hentry"],"acf":[],"yoast_head":"<!-- This site is optimized with the Yoast SEO plugin v26.5 - https:\/\/yoast.com\/wordpress\/plugins\/seo\/ -->\n<title>Ma\u017eina streso lyg\u012f - Ortoto<\/title>\n<meta name=\"robots\" content=\"index, follow, max-snippet:-1, max-image-preview:large, max-video-preview:-1\" \/>\n<link rel=\"canonical\" href=\"https:\/\/ortoto.com\/lt\/kaip-tai-padeda\/mazina-streso-lygi\/\" \/>\n<meta property=\"og:locale\" content=\"lt_LT\" \/>\n<meta property=\"og:type\" content=\"article\" \/>\n<meta property=\"og:title\" content=\"Ma\u017eina streso lyg\u012f - Ortoto\" \/>\n<meta property=\"og:description\" content=\"Ma\u017eina streso lyg\u012f \u0160is punktas skirtas suaugusiems, kurie u\u017estrigo suaugusi\u0173j\u0173 gyvenimo chaose: terminai, nesibaigiantys darb\u0173 s\u0105ra\u0161ai ir, \u017einoma, \u201edovana\u201c, kuri\u0105 atne\u0161a visi \u0161ie dalykai \u2013 stresas. Stresas \u2013 did\u017eiausias prie\u0161as m\u016bs\u0173 sveikatai Ar \u017einojote, kad did\u017eioji dalis vis\u0173 sveikatos problem\u0173 pasaulyje slypi b\u016btent u\u017e streso? Pagal atliktus tyrimus, net 62 % \u017emoni\u0173 teigia, kad stresas [&hellip;]\" \/>\n<meta property=\"og:url\" content=\"https:\/\/ortoto.com\/lt\/kaip-tai-padeda\/mazina-streso-lygi\/\" \/>\n<meta property=\"og:site_name\" content=\"Ortoto\" \/>\n<meta property=\"article:modified_time\" content=\"2026-01-23T12:55:49+00:00\" \/>\n<meta name=\"twitter:card\" content=\"summary_large_image\" \/>\n<meta name=\"twitter:label1\" content=\"Est. reading time\" \/>\n\t<meta name=\"twitter:data1\" content=\"5 minutes\" \/>\n<script type=\"application\/ld+json\" class=\"yoast-schema-graph\">{\"@context\":\"https:\/\/schema.org\",\"@graph\":[{\"@type\":\"WebPage\",\"@id\":\"https:\/\/ortoto.com\/lt\/kaip-tai-padeda\/mazina-streso-lygi\/\",\"url\":\"https:\/\/ortoto.com\/lt\/kaip-tai-padeda\/mazina-streso-lygi\/\",\"name\":\"Ma\u017eina streso lyg\u012f - Ortoto\",\"isPartOf\":{\"@id\":\"https:\/\/ortoto.com\/lt\/#website\"},\"datePublished\":\"2025-04-01T10:04:31+00:00\",\"dateModified\":\"2026-01-23T12:55:49+00:00\",\"breadcrumb\":{\"@id\":\"https:\/\/ortoto.com\/lt\/kaip-tai-padeda\/mazina-streso-lygi\/#breadcrumb\"},\"inLanguage\":\"lt-LT\",\"potentialAction\":[{\"@type\":\"ReadAction\",\"target\":[\"https:\/\/ortoto.com\/lt\/kaip-tai-padeda\/mazina-streso-lygi\/\"]}]},{\"@type\":\"BreadcrumbList\",\"@id\":\"https:\/\/ortoto.com\/lt\/kaip-tai-padeda\/mazina-streso-lygi\/#breadcrumb\",\"itemListElement\":[{\"@type\":\"ListItem\",\"position\":1,\"name\":\"Home\",\"item\":\"https:\/\/ortoto.com\/lt\/\"},{\"@type\":\"ListItem\",\"position\":2,\"name\":\"Kaip tai padeda\",\"item\":\"https:\/\/ortoto.com\/lt\/how-it-helps\/\"},{\"@type\":\"ListItem\",\"position\":3,\"name\":\"Ma\u017eina streso lyg\u012f\"}]},{\"@type\":\"WebSite\",\"@id\":\"https:\/\/ortoto.com\/lt\/#website\",\"url\":\"https:\/\/ortoto.com\/lt\/\",\"name\":\"Ortoto\",\"description\":\"Massage Puzzle Mats\",\"potentialAction\":[{\"@type\":\"SearchAction\",\"target\":{\"@type\":\"EntryPoint\",\"urlTemplate\":\"https:\/\/ortoto.com\/lt\/?s={search_term_string}\"},\"query-input\":{\"@type\":\"PropertyValueSpecification\",\"valueRequired\":true,\"valueName\":\"search_term_string\"}}],\"inLanguage\":\"lt-LT\"}]}<\/script>\n<!-- \/ Yoast SEO plugin. -->","yoast_head_json":{"title":"Ma\u017eina streso lyg\u012f - Ortoto","robots":{"index":"index","follow":"follow","max-snippet":"max-snippet:-1","max-image-preview":"max-image-preview:large","max-video-preview":"max-video-preview:-1"},"canonical":"https:\/\/ortoto.com\/lt\/kaip-tai-padeda\/mazina-streso-lygi\/","og_locale":"lt_LT","og_type":"article","og_title":"Ma\u017eina streso lyg\u012f - Ortoto","og_description":"Ma\u017eina streso lyg\u012f \u0160is punktas skirtas suaugusiems, kurie u\u017estrigo suaugusi\u0173j\u0173 gyvenimo chaose: terminai, nesibaigiantys darb\u0173 s\u0105ra\u0161ai ir, \u017einoma, \u201edovana\u201c, kuri\u0105 atne\u0161a visi \u0161ie dalykai \u2013 stresas. Stresas \u2013 did\u017eiausias prie\u0161as m\u016bs\u0173 sveikatai Ar \u017einojote, kad did\u017eioji dalis vis\u0173 sveikatos problem\u0173 pasaulyje slypi b\u016btent u\u017e streso? Pagal atliktus tyrimus, net 62 % \u017emoni\u0173 teigia, kad stresas [&hellip;]","og_url":"https:\/\/ortoto.com\/lt\/kaip-tai-padeda\/mazina-streso-lygi\/","og_site_name":"Ortoto","article_modified_time":"2026-01-23T12:55:49+00:00","twitter_card":"summary_large_image","twitter_misc":{"Est. reading time":"5 minutes"},"schema":{"@context":"https:\/\/schema.org","@graph":[{"@type":"WebPage","@id":"https:\/\/ortoto.com\/lt\/kaip-tai-padeda\/mazina-streso-lygi\/","url":"https:\/\/ortoto.com\/lt\/kaip-tai-padeda\/mazina-streso-lygi\/","name":"Ma\u017eina streso lyg\u012f - Ortoto","isPartOf":{"@id":"https:\/\/ortoto.com\/lt\/#website"},"datePublished":"2025-04-01T10:04:31+00:00","dateModified":"2026-01-23T12:55:49+00:00","breadcrumb":{"@id":"https:\/\/ortoto.com\/lt\/kaip-tai-padeda\/mazina-streso-lygi\/#breadcrumb"},"inLanguage":"lt-LT","potentialAction":[{"@type":"ReadAction","target":["https:\/\/ortoto.com\/lt\/kaip-tai-padeda\/mazina-streso-lygi\/"]}]},{"@type":"BreadcrumbList","@id":"https:\/\/ortoto.com\/lt\/kaip-tai-padeda\/mazina-streso-lygi\/#breadcrumb","itemListElement":[{"@type":"ListItem","position":1,"name":"Home","item":"https:\/\/ortoto.com\/lt\/"},{"@type":"ListItem","position":2,"name":"Kaip tai padeda","item":"https:\/\/ortoto.com\/lt\/how-it-helps\/"},{"@type":"ListItem","position":3,"name":"Ma\u017eina streso lyg\u012f"}]},{"@type":"WebSite","@id":"https:\/\/ortoto.com\/lt\/#website","url":"https:\/\/ortoto.com\/lt\/","name":"Ortoto","description":"Massage Puzzle Mats","potentialAction":[{"@type":"SearchAction","target":{"@type":"EntryPoint","urlTemplate":"https:\/\/ortoto.com\/lt\/?s={search_term_string}"},"query-input":{"@type":"PropertyValueSpecification","valueRequired":true,"valueName":"search_term_string"}}],"inLanguage":"lt-LT"}]}},"_links":{"self":[{"href":"https:\/\/ortoto.com\/lt\/wp-json\/wp\/v2\/pages\/3632","targetHints":{"allow":["GET"]}}],"collection":[{"href":"https:\/\/ortoto.com\/lt\/wp-json\/wp\/v2\/pages"}],"about":[{"href":"https:\/\/ortoto.com\/lt\/wp-json\/wp\/v2\/types\/page"}],"author":[{"embeddable":true,"href":"https:\/\/ortoto.com\/lt\/wp-json\/wp\/v2\/users\/1"}],"replies":[{"embeddable":true,"href":"https:\/\/ortoto.com\/lt\/wp-json\/wp\/v2\/comments?post=3632"}],"version-history":[{"count":0,"href":"https:\/\/ortoto.com\/lt\/wp-json\/wp\/v2\/pages\/3632\/revisions"}],"up":[{"embeddable":true,"href":"https:\/\/ortoto.com\/lt\/wp-json\/wp\/v2\/pages\/3589"}],"wp:attachment":[{"href":"https:\/\/ortoto.com\/lt\/wp-json\/wp\/v2\/media?parent=3632"}],"curies":[{"name":"wp","href":"https:\/\/api.w.org\/{rel}","templated":true}]}}