{"id":3680,"date":"2025-09-09T11:35:30","date_gmt":"2025-09-09T09:35:30","guid":{"rendered":"https:\/\/ortoto.se.lt\/krepselis-2\/"},"modified":"2026-03-03T20:54:06","modified_gmt":"2026-03-03T18:54:06","slug":"krepselis-2","status":"publish","type":"page","link":"https:\/\/ortoto.com\/lt\/krepselis-2\/","title":{"rendered":"Krep\u0161elis"},"content":{"rendered":"\n<div data-block-name=\"woocommerce\/cart\" class=\"wp-block-woocommerce-cart alignwide is-loading\">\n<div data-block-name=\"woocommerce\/filled-cart-block\" class=\"wp-block-woocommerce-filled-cart-block\">\n<div data-block-name=\"woocommerce\/cart-items-block\" class=\"wp-block-woocommerce-cart-items-block\">\n<div data-block-name=\"woocommerce\/cart-line-items-block\" class=\"wp-block-woocommerce-cart-line-items-block\"><\/div>\n\n\n\n<div data-block-name=\"woocommerce\/cart-cross-sells-block\" class=\"wp-block-woocommerce-cart-cross-sells-block\">\n<h2 class=\"wp-block-heading has-large-font-size\">I\u0161pl\u0117skite savo poj\u016b\u010di\u0173 pasaul\u012f<\/h2>\n\n\n\n<div data-block-name=\"woocommerce\/cart-cross-sells-products-block\" class=\"wp-block-woocommerce-cart-cross-sells-products-block\"><\/div>\n<\/div>\n<\/div>\n\n\n\n<div data-block-name=\"woocommerce\/cart-totals-block\" class=\"wp-block-woocommerce-cart-totals-block\">\n<div data-block-name=\"woocommerce\/cart-order-summary-block\" class=\"wp-block-woocommerce-cart-order-summary-block\">\n<div data-block-name=\"woocommerce\/cart-order-summary-heading-block\" class=\"wp-block-woocommerce-cart-order-summary-heading-block\"><\/div>\n\n\n\n<div data-block-name=\"woocommerce\/cart-order-summary-coupon-form-block\" class=\"wp-block-woocommerce-cart-order-summary-coupon-form-block\"><\/div>\n\n\n\n<div data-block-name=\"woocommerce\/cart-order-summary-totals-block\" class=\"wp-block-woocommerce-cart-order-summary-totals-block\">\n<div data-block-name=\"woocommerce\/cart-order-summary-subtotal-block\" class=\"wp-block-woocommerce-cart-order-summary-subtotal-block\"><\/div>\n\n\n\n<div data-block-name=\"woocommerce\/cart-order-summary-fee-block\" class=\"wp-block-woocommerce-cart-order-summary-fee-block\"><\/div>\n\n\n\n<div data-block-name=\"woocommerce\/cart-order-summary-discount-block\" class=\"wp-block-woocommerce-cart-order-summary-discount-block\"><\/div>\n\n\n\n<div data-block-name=\"woocommerce\/cart-order-summary-shipping-block\" class=\"wp-block-woocommerce-cart-order-summary-shipping-block\"><\/div>\n\n\n\n<div data-block-name=\"woocommerce\/cart-order-summary-taxes-block\" class=\"wp-block-woocommerce-cart-order-summary-taxes-block\"><\/div>\n<\/div>\n<\/div>\n\n\n\n<div data-block-name=\"woocommerce\/cart-express-payment-block\" class=\"wp-block-woocommerce-cart-express-payment-block\"><\/div>\n\n\n\n<div data-block-name=\"woocommerce\/proceed-to-checkout-block\" class=\"wp-block-woocommerce-proceed-to-checkout-block\"><\/div>\n\n\n\n<div data-block-name=\"woocommerce\/cart-accepted-payment-methods-block\" class=\"wp-block-woocommerce-cart-accepted-payment-methods-block\"><\/div>\n<\/div>\n<\/div>\n\n\n\n<div data-block-name=\"woocommerce\/empty-cart-block\" class=\"wp-block-woocommerce-empty-cart-block\">\n<h2 class=\"wp-block-heading has-text-align-center with-empty-cart-icon wc-block-cart__empty-cart__title\">J\u016bs\u0173 krep\u0161elis kol kas tu\u0161\u010dias.<\/h2>\n\n\n\n<hr class=\"wp-block-separator has-alpha-channel-opacity is-style-dots\"\/>\n\n\n\n<h2 class=\"wp-block-heading has-text-align-center\">Naujausi produktai<\/h2>\n\n\n<div data-block-name=\"woocommerce\/product-new\" data-columns=\"4\" data-rows=\"1\" class=\"wc-block-grid wp-block-product-new wp-block-woocommerce-product-new wc-block-product-new has-4-columns\"><ul class=\"wc-block-grid__products\"><li class=\"wc-block-grid__product\">\n\t\t\t\t<a href=\"https:\/\/ortoto.com\/lt\/produktas\/edukacinis-konstravimo-zaidimas-didelis\/\" class=\"wc-block-grid__product-link\">\n\t\t\t\t\t\n\t\t\t\t\t<div class=\"wc-block-grid__product-image\"><img loading=\"lazy\" width=\"300\" height=\"300\" src=\"https:\/\/ortoto.com\/app\/uploads\/2025\/02\/Ortoto_CombBricks_Scene1_2_noBG_new-300x300.png\" class=\"attachment-woocommerce_thumbnail size-woocommerce_thumbnail\" alt=\"Edukacinis konstravimo \u017eaidimas\" srcset=\"https:\/\/ortoto.com\/app\/uploads\/2025\/02\/Ortoto_CombBricks_Scene1_2_noBG_new-300x300.png 300w, https:\/\/ortoto.com\/app\/uploads\/2025\/02\/Ortoto_CombBricks_Scene1_2_noBG_new-150x150.png 150w, https:\/\/ortoto.com\/app\/uploads\/2025\/02\/Ortoto_CombBricks_Scene1_2_noBG_new-100x100.png 100w, https:\/\/ortoto.com\/app\/uploads\/2025\/02\/Ortoto_CombBricks_Scene1_2_noBG_new-50x50.png 50w\" sizes=\"auto, (max-width: 300px) 100vw, 300px\" decoding=\"async\" loading=\"lazy\" \/><\/div>\n\t\t\t\t\t<div class=\"wc-block-grid__product-title\">Edukacinis konstravimo \u017eaidimas<\/div>\n\t\t\t\t<\/a>\n\t\t\t\t<div class=\"wc-block-grid__product-price price\"><span class=\"woocommerce-Price-amount amount\">69,00&nbsp;<span class=\"woocommerce-Price-currencySymbol\">&euro;<\/span><\/span><\/div>\n\t\t\t\t\n\t\t\t\t<div class=\"wp-block-button wc-block-grid__product-add-to-cart\"><a href=\"\/lt\/wp-json\/wp\/v2\/pages\/3680?add-to-cart=3881\" aria-label=\"Prid\u0117ti \u012e krep\u0161el\u012f: \u201eEdukacinis konstravimo \u017eaidimas\u201c\" data-quantity=\"1\" data-product_id=\"3881\" data-product_sku=\"\" data-price=\"69\" rel=\"nofollow\" class=\"wp-block-button__link  add_to_cart_button ajax_add_to_cart\">\u012e krep\u0161el\u012f<\/a><\/div>\n\t\t\t<\/li><li class=\"wc-block-grid__product\">\n\t\t\t\t<a href=\"https:\/\/ortoto.com\/lt\/produktas\/sensorinis-mindfulness-zaislas-pirstu-labirintas-ortoto\/\" class=\"wc-block-grid__product-link\">\n\t\t\t\t\t\n\t\t\t\t\t<div class=\"wc-block-grid__product-image\"><img loading=\"lazy\" width=\"300\" height=\"300\" src=\"https:\/\/ortoto.com\/app\/uploads\/2025\/01\/Ortoto_Comb6_Scene1_1A_noBG_new-300x300.png\" class=\"attachment-woocommerce_thumbnail size-woocommerce_thumbnail\" alt=\"Sensorinis pir\u0161t\u0173 labirintas\" srcset=\"https:\/\/ortoto.com\/app\/uploads\/2025\/01\/Ortoto_Comb6_Scene1_1A_noBG_new-300x300.png 300w, https:\/\/ortoto.com\/app\/uploads\/2025\/01\/Ortoto_Comb6_Scene1_1A_noBG_new-150x150.png 150w, https:\/\/ortoto.com\/app\/uploads\/2025\/01\/Ortoto_Comb6_Scene1_1A_noBG_new-100x100.png 100w, https:\/\/ortoto.com\/app\/uploads\/2025\/01\/Ortoto_Comb6_Scene1_1A_noBG_new-50x50.png 50w\" sizes=\"auto, (max-width: 300px) 100vw, 300px\" decoding=\"async\" loading=\"lazy\" \/><\/div>\n\t\t\t\t\t<div class=\"wc-block-grid__product-title\">Sensorinis pir\u0161t\u0173 labirintas<\/div>\n\t\t\t\t<\/a>\n\t\t\t\t<div class=\"wc-block-grid__product-price price\"><span class=\"woocommerce-Price-amount amount\">29,50&nbsp;<span class=\"woocommerce-Price-currencySymbol\">&euro;<\/span><\/span><\/div>\n\t\t\t\t\n\t\t\t\t<div class=\"wp-block-button wc-block-grid__product-add-to-cart\"><a href=\"\/lt\/wp-json\/wp\/v2\/pages\/3680?add-to-cart=3845\" aria-label=\"Prid\u0117ti \u012e krep\u0161el\u012f: \u201eSensorinis pir\u0161t\u0173 labirintas\u201c\" data-quantity=\"1\" data-product_id=\"3845\" data-product_sku=\"OTO-S-SLB\" data-price=\"29.5\" rel=\"nofollow\" class=\"wp-block-button__link  add_to_cart_button ajax_add_to_cart\">\u012e krep\u0161el\u012f<\/a><\/div>\n\t\t\t<\/li><li class=\"wc-block-grid__product\">\n\t\t\t\t<a href=\"https:\/\/ortoto.com\/lt\/produktas\/ranku-ir-pedu-koordinacijos-zaidimas\/\" class=\"wc-block-grid__product-link\">\n\t\t\t\t\t\n\t\t\t\t\t<div class=\"wc-block-grid__product-image\"><img loading=\"lazy\" width=\"300\" height=\"300\" src=\"https:\/\/ortoto.com\/app\/uploads\/2025\/01\/Ortoto_Comb_Mini_Scene1_1B_noBG_new-300x300.png\" class=\"attachment-woocommerce_thumbnail size-woocommerce_thumbnail\" alt=\"Rank\u0173 ir p\u0117d\u0173 koordinacijos \u017eaidimas\" srcset=\"https:\/\/ortoto.com\/app\/uploads\/2025\/01\/Ortoto_Comb_Mini_Scene1_1B_noBG_new-300x300.png 300w, https:\/\/ortoto.com\/app\/uploads\/2025\/01\/Ortoto_Comb_Mini_Scene1_1B_noBG_new-150x150.png 150w, https:\/\/ortoto.com\/app\/uploads\/2025\/01\/Ortoto_Comb_Mini_Scene1_1B_noBG_new-100x100.png 100w, https:\/\/ortoto.com\/app\/uploads\/2025\/01\/Ortoto_Comb_Mini_Scene1_1B_noBG_new-50x50.png 50w\" sizes=\"auto, (max-width: 300px) 100vw, 300px\" decoding=\"async\" loading=\"lazy\" \/><\/div>\n\t\t\t\t\t<div class=\"wc-block-grid__product-title\">Rank\u0173 ir p\u0117d\u0173 koordinacijos \u017eaidimas<\/div>\n\t\t\t\t<\/a>\n\t\t\t\t<div class=\"wc-block-grid__product-price price\"><span class=\"woocommerce-Price-amount amount\">69,00&nbsp;<span class=\"woocommerce-Price-currencySymbol\">&euro;<\/span><\/span><\/div>\n\t\t\t\t\n\t\t\t\t<div class=\"wp-block-button wc-block-grid__product-add-to-cart\"><a href=\"\/lt\/wp-json\/wp\/v2\/pages\/3680?add-to-cart=3859\" aria-label=\"Prid\u0117ti \u012e krep\u0161el\u012f: \u201eRank\u0173 ir p\u0117d\u0173 koordinacijos \u017eaidimas\u201c\" data-quantity=\"1\" data-product_id=\"3859\" data-product_sku=\"OTO-S-MIN12\" data-price=\"69\" rel=\"nofollow\" class=\"wp-block-button__link  add_to_cart_button ajax_add_to_cart\">\u012e krep\u0161el\u012f<\/a><\/div>\n\t\t\t<\/li><li class=\"wc-block-grid__product\">\n\t\t\t\t<a href=\"https:\/\/ortoto.com\/lt\/produktas\/sensorinis-kilimelis-vaikams-pedu-masazas-ir-zaidimas-ortoto\/\" class=\"wc-block-grid__product-link\">\n\t\t\t\t\t\n\t\t\t\t\t<div class=\"wc-block-grid__product-image\"><img loading=\"lazy\" width=\"300\" height=\"300\" src=\"https:\/\/ortoto.com\/app\/uploads\/2025\/01\/Adobe-Express-file-300x300.png\" class=\"attachment-woocommerce_thumbnail size-woocommerce_thumbnail\" alt=\"Sensoriniai masa\u017einiai kilim\u0117liai (pilnas rinkinys)\" srcset=\"https:\/\/ortoto.com\/app\/uploads\/2025\/01\/Adobe-Express-file-300x300.png 300w, https:\/\/ortoto.com\/app\/uploads\/2025\/01\/Adobe-Express-file-150x150.png 150w, https:\/\/ortoto.com\/app\/uploads\/2025\/01\/Adobe-Express-file-100x100.png 100w, https:\/\/ortoto.com\/app\/uploads\/2025\/01\/Adobe-Express-file-50x50.png 50w\" sizes=\"auto, (max-width: 300px) 100vw, 300px\" decoding=\"async\" loading=\"lazy\" \/><\/div>\n\t\t\t\t\t<div class=\"wc-block-grid__product-title\">Sensoriniai masa\u017einiai kilim\u0117liai (pilnas rinkinys)<\/div>\n\t\t\t\t<\/a>\n\t\t\t\t<div class=\"wc-block-grid__product-price price\"><span class=\"woocommerce-Price-amount amount\">269,00&nbsp;<span class=\"woocommerce-Price-currencySymbol\">&euro;<\/span><\/span><\/div>\n\t\t\t\t\n\t\t\t\t<div class=\"wp-block-button wc-block-grid__product-add-to-cart\"><a href=\"https:\/\/ortoto.com\/lt\/produktas\/sensorinis-kilimelis-vaikams-pedu-masazas-ir-zaidimas-ortoto\/\" aria-label=\"Pasirinkti savybes: &ldquo;Sensoriniai masa\u017einiai kilim\u0117liai (pilnas rinkinys)&rdquo;\" data-quantity=\"1\" data-product_id=\"3786\" data-product_sku=\"\" data-price=\"269\" rel=\"nofollow\" class=\"wp-block-button__link  add_to_cart_button\">Skaityti daugiau<\/a><\/div>\n\t\t\t<\/li><\/ul><\/div><\/div>\n<\/div>\n","protected":false},"excerpt":{"rendered":"","protected":false},"author":1,"featured_media":0,"parent":0,"menu_order":0,"comment_status":"closed","ping_status":"closed","template":"","meta":{"_acf_changed":false,"footnotes":""},"class_list":["post-3680","page","type-page","status-publish","hentry"],"acf":[],"yoast_head":"<!-- This site is optimized with the Yoast SEO plugin v26.5 - https:\/\/yoast.com\/wordpress\/plugins\/seo\/ -->\n<title>Krep\u0161elis - Ortoto<\/title>\n<meta name=\"robots\" content=\"index, follow, max-snippet:-1, max-image-preview:large, max-video-preview:-1\" \/>\n<link rel=\"canonical\" href=\"https:\/\/ortoto.com\/lt\/krepselis-2\/\" \/>\n<meta property=\"og:locale\" content=\"lt_LT\" \/>\n<meta property=\"og:type\" content=\"article\" \/>\n<meta property=\"og:title\" content=\"Krep\u0161elis - Ortoto\" \/>\n<meta property=\"og:url\" content=\"https:\/\/ortoto.com\/lt\/krepselis-2\/\" \/>\n<meta property=\"og:site_name\" content=\"Ortoto\" \/>\n<meta property=\"article:modified_time\" content=\"2026-03-03T18:54:06+00:00\" \/>\n<meta name=\"twitter:card\" content=\"summary_large_image\" \/>\n<meta name=\"twitter:label1\" content=\"Est. reading time\" \/>\n\t<meta name=\"twitter:data1\" content=\"1 minute\" \/>\n<script type=\"application\/ld+json\" class=\"yoast-schema-graph\">{\"@context\":\"https:\/\/schema.org\",\"@graph\":[{\"@type\":\"WebPage\",\"@id\":\"https:\/\/ortoto.com\/lt\/krepselis-2\/\",\"url\":\"https:\/\/ortoto.com\/lt\/krepselis-2\/\",\"name\":\"Krep\u0161elis - Ortoto\",\"isPartOf\":{\"@id\":\"https:\/\/ortoto.com\/lt\/#website\"},\"datePublished\":\"2025-09-09T09:35:30+00:00\",\"dateModified\":\"2026-03-03T18:54:06+00:00\",\"breadcrumb\":{\"@id\":\"https:\/\/ortoto.com\/lt\/krepselis-2\/#breadcrumb\"},\"inLanguage\":\"lt-LT\",\"potentialAction\":[{\"@type\":\"ReadAction\",\"target\":[\"https:\/\/ortoto.com\/lt\/krepselis-2\/\"]}]},{\"@type\":\"BreadcrumbList\",\"@id\":\"https:\/\/ortoto.com\/lt\/krepselis-2\/#breadcrumb\",\"itemListElement\":[{\"@type\":\"ListItem\",\"position\":1,\"name\":\"Home\",\"item\":\"https:\/\/ortoto.com\/lt\/\"},{\"@type\":\"ListItem\",\"position\":2,\"name\":\"Krep\u0161elis\"}]},{\"@type\":\"WebSite\",\"@id\":\"https:\/\/ortoto.com\/lt\/#website\",\"url\":\"https:\/\/ortoto.com\/lt\/\",\"name\":\"Ortoto\",\"description\":\"Massage Puzzle Mats\",\"potentialAction\":[{\"@type\":\"SearchAction\",\"target\":{\"@type\":\"EntryPoint\",\"urlTemplate\":\"https:\/\/ortoto.com\/lt\/?s={search_term_string}\"},\"query-input\":{\"@type\":\"PropertyValueSpecification\",\"valueRequired\":true,\"valueName\":\"search_term_string\"}}],\"inLanguage\":\"lt-LT\"}]}<\/script>\n<!-- \/ Yoast SEO plugin. -->","yoast_head_json":{"title":"Krep\u0161elis - Ortoto","robots":{"index":"index","follow":"follow","max-snippet":"max-snippet:-1","max-image-preview":"max-image-preview:large","max-video-preview":"max-video-preview:-1"},"canonical":"https:\/\/ortoto.com\/lt\/krepselis-2\/","og_locale":"lt_LT","og_type":"article","og_title":"Krep\u0161elis - Ortoto","og_url":"https:\/\/ortoto.com\/lt\/krepselis-2\/","og_site_name":"Ortoto","article_modified_time":"2026-03-03T18:54:06+00:00","twitter_card":"summary_large_image","twitter_misc":{"Est. reading time":"1 minute"},"schema":{"@context":"https:\/\/schema.org","@graph":[{"@type":"WebPage","@id":"https:\/\/ortoto.com\/lt\/krepselis-2\/","url":"https:\/\/ortoto.com\/lt\/krepselis-2\/","name":"Krep\u0161elis - Ortoto","isPartOf":{"@id":"https:\/\/ortoto.com\/lt\/#website"},"datePublished":"2025-09-09T09:35:30+00:00","dateModified":"2026-03-03T18:54:06+00:00","breadcrumb":{"@id":"https:\/\/ortoto.com\/lt\/krepselis-2\/#breadcrumb"},"inLanguage":"lt-LT","potentialAction":[{"@type":"ReadAction","target":["https:\/\/ortoto.com\/lt\/krepselis-2\/"]}]},{"@type":"BreadcrumbList","@id":"https:\/\/ortoto.com\/lt\/krepselis-2\/#breadcrumb","itemListElement":[{"@type":"ListItem","position":1,"name":"Home","item":"https:\/\/ortoto.com\/lt\/"},{"@type":"ListItem","position":2,"name":"Krep\u0161elis"}]},{"@type":"WebSite","@id":"https:\/\/ortoto.com\/lt\/#website","url":"https:\/\/ortoto.com\/lt\/","name":"Ortoto","description":"Massage Puzzle Mats","potentialAction":[{"@type":"SearchAction","target":{"@type":"EntryPoint","urlTemplate":"https:\/\/ortoto.com\/lt\/?s={search_term_string}"},"query-input":{"@type":"PropertyValueSpecification","valueRequired":true,"valueName":"search_term_string"}}],"inLanguage":"lt-LT"}]}},"_links":{"self":[{"href":"https:\/\/ortoto.com\/lt\/wp-json\/wp\/v2\/pages\/3680","targetHints":{"allow":["GET"]}}],"collection":[{"href":"https:\/\/ortoto.com\/lt\/wp-json\/wp\/v2\/pages"}],"about":[{"href":"https:\/\/ortoto.com\/lt\/wp-json\/wp\/v2\/types\/page"}],"author":[{"embeddable":true,"href":"https:\/\/ortoto.com\/lt\/wp-json\/wp\/v2\/users\/1"}],"replies":[{"embeddable":true,"href":"https:\/\/ortoto.com\/lt\/wp-json\/wp\/v2\/comments?post=3680"}],"version-history":[{"count":1,"href":"https:\/\/ortoto.com\/lt\/wp-json\/wp\/v2\/pages\/3680\/revisions"}],"predecessor-version":[{"id":5027,"href":"https:\/\/ortoto.com\/lt\/wp-json\/wp\/v2\/pages\/3680\/revisions\/5027"}],"wp:attachment":[{"href":"https:\/\/ortoto.com\/lt\/wp-json\/wp\/v2\/media?parent=3680"}],"curies":[{"name":"wp","href":"https:\/\/api.w.org\/{rel}","templated":true}]}}