{"id":3730,"date":"2025-02-13T11:43:01","date_gmt":"2025-02-13T11:43:01","guid":{"rendered":"https:\/\/ortoto.se.lt\/product\/sensoriniai-masaziniai-kilimeliai\/"},"modified":"2026-02-09T17:53:18","modified_gmt":"2026-02-09T15:53:18","slug":"sensoriniai-masaziniai-kilimeliai-pradinis-rinkinys-saules-geltona","status":"publish","type":"product","link":"https:\/\/ortoto.com\/lt\/produktas\/sensoriniai-masaziniai-kilimeliai-pradinis-rinkinys-saules-geltona\/","title":{"rendered":"Sensoriniai masa\u017einiai kilim\u0117liai (pradinis rinkinys)"},"content":{"rendered":"<div style=\"width: 640px;\" class=\"wp-video\"><video class=\"wp-video-shortcode\" id=\"video-3730-1\" width=\"640\" height=\"360\" preload=\"metadata\" controls=\"controls\"><source type=\"video\/mp4\" src=\"https:\/\/ortoto.com\/app\/uploads\/2024\/10\/videoplaceholder.mp4?_=1\" \/><a href=\"https:\/\/ortoto.com\/app\/uploads\/2024\/10\/videoplaceholder.mp4\">https:\/\/ortoto.com\/app\/uploads\/2024\/10\/videoplaceholder.mp4<\/a><\/video><\/div>\n","protected":false},"excerpt":{"rendered":"<p>Atraskite ypatingas sensorini\u0173 pramog\u0173 tekst\u016bras! ORTOTO sensorini\u0173 masa\u017eini\u0173 kilim\u0117li\u0173 rinkinys atne\u0161a lauko nuotykius tiesiai \u012f j\u016bs\u0173 namus! Su autenti\u0161kai atkurtais gamtos pavir\u0161iais, kurie suteiks daugyb\u0119 valand\u0173 smagaus ir sveiko pramogavimo j\u016bs\u0173 ma\u017eiesiems. Pasirinkite didel\u012f rinkin\u012f arba i\u0161bandykite ma\u017eesn\u0119 versij\u0105 pirmiesiems \u017eingsniams \u2013 m\u016bs\u0173 pradedan\u010di\u0173j\u0173 rinkin\u012f.<\/p>\n","protected":false},"featured_media":4400,"comment_status":"open","ping_status":"closed","template":"","meta":{"_acf_changed":false},"product_brand":[],"product_cat":[78],"product_tag":[],"class_list":{"0":"post-3730","1":"product","2":"type-product","3":"status-publish","4":"has-post-thumbnail","6":"product_cat-vaikai-basomis-namuose","8":"first","9":"instock","10":"featured","11":"taxable","12":"shipping-taxable","13":"purchasable","14":"product-type-variable","15":"has-default-attributes"},"acf":[],"yoast_head":"<!-- This site is optimized with the Yoast SEO plugin v26.5 - https:\/\/yoast.com\/wordpress\/plugins\/seo\/ -->\n<title>Sensoriniai masa\u017einiai kilim\u0117liai (pradinis rinkinys) - Ortoto<\/title>\n<meta name=\"description\" content=\"Ry\u0161kus sensorinis kilim\u0117lis, skatinantis jud\u0117jim\u0105, koordinacij\u0105 ir sensorin\u012f tyrin\u0117jim\u0105. Sukurtas tam, kad sveiki \u012fpro\u010diai b\u016bt\u0173 smag\u016bs nuo pirm\u0173j\u0173 \u017eingsni\u0173.\" \/>\n<meta name=\"robots\" content=\"index, follow, max-snippet:-1, max-image-preview:large, max-video-preview:-1\" \/>\n<link rel=\"canonical\" href=\"https:\/\/ortoto.com\/lt\/produktas\/sensoriniai-masaziniai-kilimeliai-pradinis-rinkinys-saules-geltona\/\" \/>\n<meta property=\"og:locale\" content=\"lt_LT\" \/>\n<meta property=\"og:type\" content=\"article\" \/>\n<meta property=\"og:title\" content=\"Sensoriniai masa\u017einiai kilim\u0117liai (pradinis rinkinys) - Ortoto\" \/>\n<meta property=\"og:description\" content=\"Ry\u0161kus sensorinis kilim\u0117lis, skatinantis jud\u0117jim\u0105, koordinacij\u0105 ir sensorin\u012f tyrin\u0117jim\u0105. Sukurtas tam, kad sveiki \u012fpro\u010diai b\u016bt\u0173 smag\u016bs nuo pirm\u0173j\u0173 \u017eingsni\u0173.\" \/>\n<meta property=\"og:url\" content=\"https:\/\/ortoto.com\/lt\/produktas\/sensoriniai-masaziniai-kilimeliai-pradinis-rinkinys-saules-geltona\/\" \/>\n<meta property=\"og:site_name\" content=\"Ortoto\" \/>\n<meta property=\"article:modified_time\" content=\"2026-02-09T15:53:18+00:00\" \/>\n<meta property=\"og:image\" content=\"https:\/\/ortoto.com\/app\/uploads\/2025\/02\/Ortoto_Comb2_Scene1_C_noBG_new-940x1024.png\" \/>\n\t<meta property=\"og:image:width\" content=\"940\" \/>\n\t<meta property=\"og:image:height\" content=\"1024\" \/>\n\t<meta property=\"og:image:type\" content=\"image\/png\" \/>\n<meta name=\"twitter:card\" content=\"summary_large_image\" \/>\n<meta name=\"twitter:label1\" content=\"Est. reading time\" \/>\n\t<meta name=\"twitter:data1\" content=\"1 minute\" \/>\n<script type=\"application\/ld+json\" class=\"yoast-schema-graph\">{\"@context\":\"https:\/\/schema.org\",\"@graph\":[{\"@type\":\"WebPage\",\"@id\":\"https:\/\/ortoto.com\/lt\/produktas\/sensoriniai-masaziniai-kilimeliai-pradinis-rinkinys-saules-geltona\/\",\"url\":\"https:\/\/ortoto.com\/lt\/produktas\/sensoriniai-masaziniai-kilimeliai-pradinis-rinkinys-saules-geltona\/\",\"name\":\"Sensoriniai masa\u017einiai kilim\u0117liai (pradinis rinkinys) - Ortoto\",\"isPartOf\":{\"@id\":\"https:\/\/ortoto.com\/lt\/#website\"},\"primaryImageOfPage\":{\"@id\":\"https:\/\/ortoto.com\/lt\/produktas\/sensoriniai-masaziniai-kilimeliai-pradinis-rinkinys-saules-geltona\/#primaryimage\"},\"image\":{\"@id\":\"https:\/\/ortoto.com\/lt\/produktas\/sensoriniai-masaziniai-kilimeliai-pradinis-rinkinys-saules-geltona\/#primaryimage\"},\"thumbnailUrl\":\"https:\/\/ortoto.com\/app\/uploads\/2025\/02\/Ortoto_Comb2_Scene1_C_noBG_new.png\",\"datePublished\":\"2025-02-13T11:43:01+00:00\",\"dateModified\":\"2026-02-09T15:53:18+00:00\",\"description\":\"Ry\u0161kus sensorinis kilim\u0117lis, skatinantis jud\u0117jim\u0105, koordinacij\u0105 ir sensorin\u012f tyrin\u0117jim\u0105. Sukurtas tam, kad sveiki \u012fpro\u010diai b\u016bt\u0173 smag\u016bs nuo pirm\u0173j\u0173 \u017eingsni\u0173.\",\"breadcrumb\":{\"@id\":\"https:\/\/ortoto.com\/lt\/produktas\/sensoriniai-masaziniai-kilimeliai-pradinis-rinkinys-saules-geltona\/#breadcrumb\"},\"inLanguage\":\"lt-LT\",\"potentialAction\":[{\"@type\":\"ReadAction\",\"target\":[\"https:\/\/ortoto.com\/lt\/produktas\/sensoriniai-masaziniai-kilimeliai-pradinis-rinkinys-saules-geltona\/\"]}]},{\"@type\":\"ImageObject\",\"inLanguage\":\"lt-LT\",\"@id\":\"https:\/\/ortoto.com\/lt\/produktas\/sensoriniai-masaziniai-kilimeliai-pradinis-rinkinys-saules-geltona\/#primaryimage\",\"url\":\"https:\/\/ortoto.com\/app\/uploads\/2025\/02\/Ortoto_Comb2_Scene1_C_noBG_new.png\",\"contentUrl\":\"https:\/\/ortoto.com\/app\/uploads\/2025\/02\/Ortoto_Comb2_Scene1_C_noBG_new.png\",\"width\":1302,\"height\":1419},{\"@type\":\"BreadcrumbList\",\"@id\":\"https:\/\/ortoto.com\/lt\/produktas\/sensoriniai-masaziniai-kilimeliai-pradinis-rinkinys-saules-geltona\/#breadcrumb\",\"itemListElement\":[{\"@type\":\"ListItem\",\"position\":1,\"name\":\"Home\",\"item\":\"https:\/\/ortoto.com\/lt\/\"},{\"@type\":\"ListItem\",\"position\":2,\"name\":\"Parduotuv\u0117\",\"item\":\"https:\/\/ortoto.com\/shop\/\"},{\"@type\":\"ListItem\",\"position\":3,\"name\":\"Sensoriniai masa\u017einiai kilim\u0117liai (pradinis rinkinys)\"}]},{\"@type\":\"WebSite\",\"@id\":\"https:\/\/ortoto.com\/lt\/#website\",\"url\":\"https:\/\/ortoto.com\/lt\/\",\"name\":\"Ortoto\",\"description\":\"Massage Puzzle Mats\",\"potentialAction\":[{\"@type\":\"SearchAction\",\"target\":{\"@type\":\"EntryPoint\",\"urlTemplate\":\"https:\/\/ortoto.com\/lt\/?s={search_term_string}\"},\"query-input\":{\"@type\":\"PropertyValueSpecification\",\"valueRequired\":true,\"valueName\":\"search_term_string\"}}],\"inLanguage\":\"lt-LT\"}]}<\/script>\n<!-- \/ Yoast SEO plugin. -->","yoast_head_json":{"title":"Sensoriniai masa\u017einiai kilim\u0117liai (pradinis rinkinys) - Ortoto","description":"Ry\u0161kus sensorinis kilim\u0117lis, skatinantis jud\u0117jim\u0105, koordinacij\u0105 ir sensorin\u012f tyrin\u0117jim\u0105. Sukurtas tam, kad sveiki \u012fpro\u010diai b\u016bt\u0173 smag\u016bs nuo pirm\u0173j\u0173 \u017eingsni\u0173.","robots":{"index":"index","follow":"follow","max-snippet":"max-snippet:-1","max-image-preview":"max-image-preview:large","max-video-preview":"max-video-preview:-1"},"canonical":"https:\/\/ortoto.com\/lt\/produktas\/sensoriniai-masaziniai-kilimeliai-pradinis-rinkinys-saules-geltona\/","og_locale":"lt_LT","og_type":"article","og_title":"Sensoriniai masa\u017einiai kilim\u0117liai (pradinis rinkinys) - Ortoto","og_description":"Ry\u0161kus sensorinis kilim\u0117lis, skatinantis jud\u0117jim\u0105, koordinacij\u0105 ir sensorin\u012f tyrin\u0117jim\u0105. Sukurtas tam, kad sveiki \u012fpro\u010diai b\u016bt\u0173 smag\u016bs nuo pirm\u0173j\u0173 \u017eingsni\u0173.","og_url":"https:\/\/ortoto.com\/lt\/produktas\/sensoriniai-masaziniai-kilimeliai-pradinis-rinkinys-saules-geltona\/","og_site_name":"Ortoto","article_modified_time":"2026-02-09T15:53:18+00:00","og_image":[{"width":940,"height":1024,"url":"https:\/\/ortoto.com\/app\/uploads\/2025\/02\/Ortoto_Comb2_Scene1_C_noBG_new-940x1024.png","type":"image\/png"}],"twitter_card":"summary_large_image","twitter_misc":{"Est. reading time":"1 minute"},"schema":{"@context":"https:\/\/schema.org","@graph":[{"@type":"WebPage","@id":"https:\/\/ortoto.com\/lt\/produktas\/sensoriniai-masaziniai-kilimeliai-pradinis-rinkinys-saules-geltona\/","url":"https:\/\/ortoto.com\/lt\/produktas\/sensoriniai-masaziniai-kilimeliai-pradinis-rinkinys-saules-geltona\/","name":"Sensoriniai masa\u017einiai kilim\u0117liai (pradinis rinkinys) - Ortoto","isPartOf":{"@id":"https:\/\/ortoto.com\/lt\/#website"},"primaryImageOfPage":{"@id":"https:\/\/ortoto.com\/lt\/produktas\/sensoriniai-masaziniai-kilimeliai-pradinis-rinkinys-saules-geltona\/#primaryimage"},"image":{"@id":"https:\/\/ortoto.com\/lt\/produktas\/sensoriniai-masaziniai-kilimeliai-pradinis-rinkinys-saules-geltona\/#primaryimage"},"thumbnailUrl":"https:\/\/ortoto.com\/app\/uploads\/2025\/02\/Ortoto_Comb2_Scene1_C_noBG_new.png","datePublished":"2025-02-13T11:43:01+00:00","dateModified":"2026-02-09T15:53:18+00:00","description":"Ry\u0161kus sensorinis kilim\u0117lis, skatinantis jud\u0117jim\u0105, koordinacij\u0105 ir sensorin\u012f tyrin\u0117jim\u0105. Sukurtas tam, kad sveiki \u012fpro\u010diai b\u016bt\u0173 smag\u016bs nuo pirm\u0173j\u0173 \u017eingsni\u0173.","breadcrumb":{"@id":"https:\/\/ortoto.com\/lt\/produktas\/sensoriniai-masaziniai-kilimeliai-pradinis-rinkinys-saules-geltona\/#breadcrumb"},"inLanguage":"lt-LT","potentialAction":[{"@type":"ReadAction","target":["https:\/\/ortoto.com\/lt\/produktas\/sensoriniai-masaziniai-kilimeliai-pradinis-rinkinys-saules-geltona\/"]}]},{"@type":"ImageObject","inLanguage":"lt-LT","@id":"https:\/\/ortoto.com\/lt\/produktas\/sensoriniai-masaziniai-kilimeliai-pradinis-rinkinys-saules-geltona\/#primaryimage","url":"https:\/\/ortoto.com\/app\/uploads\/2025\/02\/Ortoto_Comb2_Scene1_C_noBG_new.png","contentUrl":"https:\/\/ortoto.com\/app\/uploads\/2025\/02\/Ortoto_Comb2_Scene1_C_noBG_new.png","width":1302,"height":1419},{"@type":"BreadcrumbList","@id":"https:\/\/ortoto.com\/lt\/produktas\/sensoriniai-masaziniai-kilimeliai-pradinis-rinkinys-saules-geltona\/#breadcrumb","itemListElement":[{"@type":"ListItem","position":1,"name":"Home","item":"https:\/\/ortoto.com\/lt\/"},{"@type":"ListItem","position":2,"name":"Parduotuv\u0117","item":"https:\/\/ortoto.com\/shop\/"},{"@type":"ListItem","position":3,"name":"Sensoriniai masa\u017einiai kilim\u0117liai (pradinis rinkinys)"}]},{"@type":"WebSite","@id":"https:\/\/ortoto.com\/lt\/#website","url":"https:\/\/ortoto.com\/lt\/","name":"Ortoto","description":"Massage Puzzle Mats","potentialAction":[{"@type":"SearchAction","target":{"@type":"EntryPoint","urlTemplate":"https:\/\/ortoto.com\/lt\/?s={search_term_string}"},"query-input":{"@type":"PropertyValueSpecification","valueRequired":true,"valueName":"search_term_string"}}],"inLanguage":"lt-LT"}]}},"_links":{"self":[{"href":"https:\/\/ortoto.com\/lt\/wp-json\/wp\/v2\/product\/3730","targetHints":{"allow":["GET"]}}],"collection":[{"href":"https:\/\/ortoto.com\/lt\/wp-json\/wp\/v2\/product"}],"about":[{"href":"https:\/\/ortoto.com\/lt\/wp-json\/wp\/v2\/types\/product"}],"replies":[{"embeddable":true,"href":"https:\/\/ortoto.com\/lt\/wp-json\/wp\/v2\/comments?post=3730"}],"version-history":[{"count":1,"href":"https:\/\/ortoto.com\/lt\/wp-json\/wp\/v2\/product\/3730\/revisions"}],"predecessor-version":[{"id":4937,"href":"https:\/\/ortoto.com\/lt\/wp-json\/wp\/v2\/product\/3730\/revisions\/4937"}],"wp:featuredmedia":[{"embeddable":true,"href":"https:\/\/ortoto.com\/lt\/wp-json\/wp\/v2\/media\/4400"}],"wp:attachment":[{"href":"https:\/\/ortoto.com\/lt\/wp-json\/wp\/v2\/media?parent=3730"}],"wp:term":[{"taxonomy":"product_brand","embeddable":true,"href":"https:\/\/ortoto.com\/lt\/wp-json\/wp\/v2\/product_brand?post=3730"},{"taxonomy":"product_cat","embeddable":true,"href":"https:\/\/ortoto.com\/lt\/wp-json\/wp\/v2\/product_cat?post=3730"},{"taxonomy":"product_tag","embeddable":true,"href":"https:\/\/ortoto.com\/lt\/wp-json\/wp\/v2\/product_tag?post=3730"}],"curies":[{"name":"wp","href":"https:\/\/api.w.org\/{rel}","templated":true}]}}