{"id":3744,"date":"2025-02-13T11:42:56","date_gmt":"2025-02-13T11:42:56","guid":{"rendered":"https:\/\/ortoto.se.lt\/product\/sensoriniai-masaziniai-kilimeliai\/"},"modified":"2026-02-09T17:42:19","modified_gmt":"2026-02-09T15:42:19","slug":"sensoriniai-masaziniai-kilimeliai-pradinis-rinkinys-uogu-raudona","status":"publish","type":"product","link":"https:\/\/ortoto.com\/lt\/produktas\/sensoriniai-masaziniai-kilimeliai-pradinis-rinkinys-uogu-raudona\/","title":{"rendered":"Sensoriniai masa\u017einiai kilim\u0117liai (pradinis rinkinys)"},"content":{"rendered":"\t\t<div data-elementor-type=\"product-post\" data-elementor-id=\"3744\" class=\"elementor elementor-3744 elementor-1975\" data-elementor-post-type=\"product\">\n\t\t\t\t<div class=\"elementor-element elementor-element-65b973e e-flex e-con-boxed e-con e-parent\" data-id=\"65b973e\" data-element_type=\"container\">\n\t\t\t\t\t<div class=\"e-con-inner\">\n\t\t\t\t<div class=\"elementor-element elementor-element-7d3162c elementor-widget elementor-widget-video\" data-id=\"7d3162c\" data-element_type=\"widget\" data-settings=\"{&quot;video_type&quot;:&quot;hosted&quot;,&quot;autoplay&quot;:&quot;yes&quot;,&quot;play_on_mobile&quot;:&quot;yes&quot;,&quot;mute&quot;:&quot;yes&quot;,&quot;loop&quot;:&quot;yes&quot;}\" data-widget_type=\"video.default\">\n\t\t\t\t\t\t\t<div class=\"e-hosted-video elementor-wrapper elementor-open-inline\">\n\t\t\t\t\t<video class=\"elementor-video\" src=\"https:\/\/ortoto.com\/app\/uploads\/2024\/10\/videoplaceholder.mp4\" autoplay=\"\" loop=\"\" muted=\"muted\" playsinline=\"\" controlsList=\"nodownload\"><\/video>\n\t\t\t\t<\/div>\n\t\t\t\t\t\t<\/div>\n\t\t\t\t\t<\/div>\n\t\t\t\t<\/div>\n\t\t\t\t<\/div>\n\t\t","protected":false},"excerpt":{"rendered":"<p>Atraskite ypatingas sensorini\u0173 pramog\u0173 tekst\u016bras! ORTOTO sensorini\u0173 masa\u017eini\u0173 kilim\u0117li\u0173 rinkinys atne\u0161a lauko nuotykius tiesiai \u012f j\u016bs\u0173 namus! Su autenti\u0161kai atkurtais gamtos pavir\u0161iais, kurie suteiks daugyb\u0119 valand\u0173 smagaus ir sveiko pramogavimo j\u016bs\u0173 ma\u017eiesiems. Pasirinkite didel\u012f rinkin\u012f arba i\u0161bandykite ma\u017eesn\u0119 versij\u0105 pirmiesiems \u017eingsniams \u2013 m\u016bs\u0173 pradedan\u010di\u0173j\u0173 rinkin\u012f.<\/p>\n","protected":false},"featured_media":4408,"comment_status":"open","ping_status":"closed","template":"","meta":{"_acf_changed":false},"product_brand":[],"product_cat":[78],"product_tag":[],"class_list":{"0":"post-3744","1":"product","2":"type-product","3":"status-publish","4":"has-post-thumbnail","6":"product_cat-vaikai-basomis-namuose","8":"first","9":"instock","10":"featured","11":"taxable","12":"shipping-taxable","13":"purchasable","14":"product-type-variable","15":"has-default-attributes"},"acf":[],"yoast_head":"<!-- This site is optimized with the Yoast SEO plugin v26.5 - https:\/\/yoast.com\/wordpress\/plugins\/seo\/ -->\n<title>Sensoriniai masa\u017einiai kilim\u0117liai (pradinis rinkinys) - Ortoto<\/title>\n<meta name=\"description\" content=\"Pradinis sensorinis kilim\u0117li\u0173 rinkinys vaikams, skirtas bas\u0173 p\u0117d\u0173 \u017eaidimui, pusiausvyrai ir sensorinei stimuliacijai. D\u017eiaugsminga kasdien\u0117s gerov\u0117s prad\u017eia.\" \/>\n<meta name=\"robots\" content=\"index, follow, max-snippet:-1, max-image-preview:large, max-video-preview:-1\" \/>\n<link rel=\"canonical\" href=\"https:\/\/ortoto.com\/lt\/produktas\/sensoriniai-masaziniai-kilimeliai-pradinis-rinkinys-uogu-raudona\/\" \/>\n<meta property=\"og:locale\" content=\"lt_LT\" \/>\n<meta property=\"og:type\" content=\"article\" \/>\n<meta property=\"og:title\" content=\"Sensoriniai masa\u017einiai kilim\u0117liai (pradinis rinkinys) - Ortoto\" \/>\n<meta property=\"og:description\" content=\"Pradinis sensorinis kilim\u0117li\u0173 rinkinys vaikams, skirtas bas\u0173 p\u0117d\u0173 \u017eaidimui, pusiausvyrai ir sensorinei stimuliacijai. D\u017eiaugsminga kasdien\u0117s gerov\u0117s prad\u017eia.\" \/>\n<meta property=\"og:url\" content=\"https:\/\/ortoto.com\/lt\/produktas\/sensoriniai-masaziniai-kilimeliai-pradinis-rinkinys-uogu-raudona\/\" \/>\n<meta property=\"og:site_name\" content=\"Ortoto\" \/>\n<meta property=\"article:modified_time\" content=\"2026-02-09T15:42:19+00:00\" \/>\n<meta property=\"og:image\" content=\"https:\/\/ortoto.com\/app\/uploads\/2024\/12\/Ortoto_Comb2_Scene1_B_noBG_new-934x1024.png\" \/>\n\t<meta property=\"og:image:width\" content=\"934\" \/>\n\t<meta property=\"og:image:height\" content=\"1024\" \/>\n\t<meta property=\"og:image:type\" content=\"image\/png\" \/>\n<meta name=\"twitter:card\" content=\"summary_large_image\" \/>\n<meta name=\"twitter:label1\" content=\"Est. reading time\" \/>\n\t<meta name=\"twitter:data1\" content=\"1 minute\" \/>\n<script type=\"application\/ld+json\" class=\"yoast-schema-graph\">{\"@context\":\"https:\/\/schema.org\",\"@graph\":[{\"@type\":\"WebPage\",\"@id\":\"https:\/\/ortoto.com\/lt\/produktas\/sensoriniai-masaziniai-kilimeliai-pradinis-rinkinys-uogu-raudona\/\",\"url\":\"https:\/\/ortoto.com\/lt\/produktas\/sensoriniai-masaziniai-kilimeliai-pradinis-rinkinys-uogu-raudona\/\",\"name\":\"Sensoriniai masa\u017einiai kilim\u0117liai (pradinis rinkinys) - Ortoto\",\"isPartOf\":{\"@id\":\"https:\/\/ortoto.com\/lt\/#website\"},\"primaryImageOfPage\":{\"@id\":\"https:\/\/ortoto.com\/lt\/produktas\/sensoriniai-masaziniai-kilimeliai-pradinis-rinkinys-uogu-raudona\/#primaryimage\"},\"image\":{\"@id\":\"https:\/\/ortoto.com\/lt\/produktas\/sensoriniai-masaziniai-kilimeliai-pradinis-rinkinys-uogu-raudona\/#primaryimage\"},\"thumbnailUrl\":\"https:\/\/ortoto.com\/app\/uploads\/2024\/12\/Ortoto_Comb2_Scene1_B_noBG_new.png\",\"datePublished\":\"2025-02-13T11:42:56+00:00\",\"dateModified\":\"2026-02-09T15:42:19+00:00\",\"description\":\"Pradinis sensorinis kilim\u0117li\u0173 rinkinys vaikams, skirtas bas\u0173 p\u0117d\u0173 \u017eaidimui, pusiausvyrai ir sensorinei stimuliacijai. D\u017eiaugsminga kasdien\u0117s gerov\u0117s prad\u017eia.\",\"breadcrumb\":{\"@id\":\"https:\/\/ortoto.com\/lt\/produktas\/sensoriniai-masaziniai-kilimeliai-pradinis-rinkinys-uogu-raudona\/#breadcrumb\"},\"inLanguage\":\"lt-LT\",\"potentialAction\":[{\"@type\":\"ReadAction\",\"target\":[\"https:\/\/ortoto.com\/lt\/produktas\/sensoriniai-masaziniai-kilimeliai-pradinis-rinkinys-uogu-raudona\/\"]}]},{\"@type\":\"ImageObject\",\"inLanguage\":\"lt-LT\",\"@id\":\"https:\/\/ortoto.com\/lt\/produktas\/sensoriniai-masaziniai-kilimeliai-pradinis-rinkinys-uogu-raudona\/#primaryimage\",\"url\":\"https:\/\/ortoto.com\/app\/uploads\/2024\/12\/Ortoto_Comb2_Scene1_B_noBG_new.png\",\"contentUrl\":\"https:\/\/ortoto.com\/app\/uploads\/2024\/12\/Ortoto_Comb2_Scene1_B_noBG_new.png\",\"width\":1278,\"height\":1401},{\"@type\":\"BreadcrumbList\",\"@id\":\"https:\/\/ortoto.com\/lt\/produktas\/sensoriniai-masaziniai-kilimeliai-pradinis-rinkinys-uogu-raudona\/#breadcrumb\",\"itemListElement\":[{\"@type\":\"ListItem\",\"position\":1,\"name\":\"Home\",\"item\":\"https:\/\/ortoto.com\/lt\/\"},{\"@type\":\"ListItem\",\"position\":2,\"name\":\"Parduotuv\u0117\",\"item\":\"https:\/\/ortoto.com\/shop\/\"},{\"@type\":\"ListItem\",\"position\":3,\"name\":\"Sensoriniai masa\u017einiai kilim\u0117liai (pradinis rinkinys)\"}]},{\"@type\":\"WebSite\",\"@id\":\"https:\/\/ortoto.com\/lt\/#website\",\"url\":\"https:\/\/ortoto.com\/lt\/\",\"name\":\"Ortoto\",\"description\":\"Massage Puzzle Mats\",\"potentialAction\":[{\"@type\":\"SearchAction\",\"target\":{\"@type\":\"EntryPoint\",\"urlTemplate\":\"https:\/\/ortoto.com\/lt\/?s={search_term_string}\"},\"query-input\":{\"@type\":\"PropertyValueSpecification\",\"valueRequired\":true,\"valueName\":\"search_term_string\"}}],\"inLanguage\":\"lt-LT\"}]}<\/script>\n<!-- \/ Yoast SEO plugin. -->","yoast_head_json":{"title":"Sensoriniai masa\u017einiai kilim\u0117liai (pradinis rinkinys) - Ortoto","description":"Pradinis sensorinis kilim\u0117li\u0173 rinkinys vaikams, skirtas bas\u0173 p\u0117d\u0173 \u017eaidimui, pusiausvyrai ir sensorinei stimuliacijai. D\u017eiaugsminga kasdien\u0117s gerov\u0117s prad\u017eia.","robots":{"index":"index","follow":"follow","max-snippet":"max-snippet:-1","max-image-preview":"max-image-preview:large","max-video-preview":"max-video-preview:-1"},"canonical":"https:\/\/ortoto.com\/lt\/produktas\/sensoriniai-masaziniai-kilimeliai-pradinis-rinkinys-uogu-raudona\/","og_locale":"lt_LT","og_type":"article","og_title":"Sensoriniai masa\u017einiai kilim\u0117liai (pradinis rinkinys) - Ortoto","og_description":"Pradinis sensorinis kilim\u0117li\u0173 rinkinys vaikams, skirtas bas\u0173 p\u0117d\u0173 \u017eaidimui, pusiausvyrai ir sensorinei stimuliacijai. D\u017eiaugsminga kasdien\u0117s gerov\u0117s prad\u017eia.","og_url":"https:\/\/ortoto.com\/lt\/produktas\/sensoriniai-masaziniai-kilimeliai-pradinis-rinkinys-uogu-raudona\/","og_site_name":"Ortoto","article_modified_time":"2026-02-09T15:42:19+00:00","og_image":[{"width":934,"height":1024,"url":"https:\/\/ortoto.com\/app\/uploads\/2024\/12\/Ortoto_Comb2_Scene1_B_noBG_new-934x1024.png","type":"image\/png"}],"twitter_card":"summary_large_image","twitter_misc":{"Est. reading time":"1 minute"},"schema":{"@context":"https:\/\/schema.org","@graph":[{"@type":"WebPage","@id":"https:\/\/ortoto.com\/lt\/produktas\/sensoriniai-masaziniai-kilimeliai-pradinis-rinkinys-uogu-raudona\/","url":"https:\/\/ortoto.com\/lt\/produktas\/sensoriniai-masaziniai-kilimeliai-pradinis-rinkinys-uogu-raudona\/","name":"Sensoriniai masa\u017einiai kilim\u0117liai (pradinis rinkinys) - Ortoto","isPartOf":{"@id":"https:\/\/ortoto.com\/lt\/#website"},"primaryImageOfPage":{"@id":"https:\/\/ortoto.com\/lt\/produktas\/sensoriniai-masaziniai-kilimeliai-pradinis-rinkinys-uogu-raudona\/#primaryimage"},"image":{"@id":"https:\/\/ortoto.com\/lt\/produktas\/sensoriniai-masaziniai-kilimeliai-pradinis-rinkinys-uogu-raudona\/#primaryimage"},"thumbnailUrl":"https:\/\/ortoto.com\/app\/uploads\/2024\/12\/Ortoto_Comb2_Scene1_B_noBG_new.png","datePublished":"2025-02-13T11:42:56+00:00","dateModified":"2026-02-09T15:42:19+00:00","description":"Pradinis sensorinis kilim\u0117li\u0173 rinkinys vaikams, skirtas bas\u0173 p\u0117d\u0173 \u017eaidimui, pusiausvyrai ir sensorinei stimuliacijai. D\u017eiaugsminga kasdien\u0117s gerov\u0117s prad\u017eia.","breadcrumb":{"@id":"https:\/\/ortoto.com\/lt\/produktas\/sensoriniai-masaziniai-kilimeliai-pradinis-rinkinys-uogu-raudona\/#breadcrumb"},"inLanguage":"lt-LT","potentialAction":[{"@type":"ReadAction","target":["https:\/\/ortoto.com\/lt\/produktas\/sensoriniai-masaziniai-kilimeliai-pradinis-rinkinys-uogu-raudona\/"]}]},{"@type":"ImageObject","inLanguage":"lt-LT","@id":"https:\/\/ortoto.com\/lt\/produktas\/sensoriniai-masaziniai-kilimeliai-pradinis-rinkinys-uogu-raudona\/#primaryimage","url":"https:\/\/ortoto.com\/app\/uploads\/2024\/12\/Ortoto_Comb2_Scene1_B_noBG_new.png","contentUrl":"https:\/\/ortoto.com\/app\/uploads\/2024\/12\/Ortoto_Comb2_Scene1_B_noBG_new.png","width":1278,"height":1401},{"@type":"BreadcrumbList","@id":"https:\/\/ortoto.com\/lt\/produktas\/sensoriniai-masaziniai-kilimeliai-pradinis-rinkinys-uogu-raudona\/#breadcrumb","itemListElement":[{"@type":"ListItem","position":1,"name":"Home","item":"https:\/\/ortoto.com\/lt\/"},{"@type":"ListItem","position":2,"name":"Parduotuv\u0117","item":"https:\/\/ortoto.com\/shop\/"},{"@type":"ListItem","position":3,"name":"Sensoriniai masa\u017einiai kilim\u0117liai (pradinis rinkinys)"}]},{"@type":"WebSite","@id":"https:\/\/ortoto.com\/lt\/#website","url":"https:\/\/ortoto.com\/lt\/","name":"Ortoto","description":"Massage Puzzle Mats","potentialAction":[{"@type":"SearchAction","target":{"@type":"EntryPoint","urlTemplate":"https:\/\/ortoto.com\/lt\/?s={search_term_string}"},"query-input":{"@type":"PropertyValueSpecification","valueRequired":true,"valueName":"search_term_string"}}],"inLanguage":"lt-LT"}]}},"_links":{"self":[{"href":"https:\/\/ortoto.com\/lt\/wp-json\/wp\/v2\/product\/3744","targetHints":{"allow":["GET"]}}],"collection":[{"href":"https:\/\/ortoto.com\/lt\/wp-json\/wp\/v2\/product"}],"about":[{"href":"https:\/\/ortoto.com\/lt\/wp-json\/wp\/v2\/types\/product"}],"replies":[{"embeddable":true,"href":"https:\/\/ortoto.com\/lt\/wp-json\/wp\/v2\/comments?post=3744"}],"version-history":[{"count":1,"href":"https:\/\/ortoto.com\/lt\/wp-json\/wp\/v2\/product\/3744\/revisions"}],"predecessor-version":[{"id":4938,"href":"https:\/\/ortoto.com\/lt\/wp-json\/wp\/v2\/product\/3744\/revisions\/4938"}],"wp:featuredmedia":[{"embeddable":true,"href":"https:\/\/ortoto.com\/lt\/wp-json\/wp\/v2\/media\/4408"}],"wp:attachment":[{"href":"https:\/\/ortoto.com\/lt\/wp-json\/wp\/v2\/media?parent=3744"}],"wp:term":[{"taxonomy":"product_brand","embeddable":true,"href":"https:\/\/ortoto.com\/lt\/wp-json\/wp\/v2\/product_brand?post=3744"},{"taxonomy":"product_cat","embeddable":true,"href":"https:\/\/ortoto.com\/lt\/wp-json\/wp\/v2\/product_cat?post=3744"},{"taxonomy":"product_tag","embeddable":true,"href":"https:\/\/ortoto.com\/lt\/wp-json\/wp\/v2\/product_tag?post=3744"}],"curies":[{"name":"wp","href":"https:\/\/api.w.org\/{rel}","templated":true}]}}