{"id":3805,"date":"2024-12-11T14:35:02","date_gmt":"2024-12-11T14:35:02","guid":{"rendered":"https:\/\/ortoto.se.lt\/product\/intensyvaus-masazo-kilimeliai-klasikinis-rinkinys\/"},"modified":"2026-02-09T17:47:22","modified_gmt":"2026-02-09T15:47:22","slug":"intensyvaus-masazo-kilimeliai-klasikinis-rinkinys","status":"publish","type":"product","link":"https:\/\/ortoto.com\/lt\/produktas\/intensyvaus-masazo-kilimeliai-klasikinis-rinkinys\/","title":{"rendered":"Intensyvaus masa\u017eo kilim\u0117liai (klasikinis rinkinys)"},"content":{"rendered":"\t\t<div data-elementor-type=\"product-post\" data-elementor-id=\"3805\" class=\"elementor elementor-3805 elementor-1536\" data-elementor-post-type=\"product\">\n\t\t\t\t<div class=\"elementor-element elementor-element-65b973e e-flex e-con-boxed e-con e-parent\" data-id=\"65b973e\" data-element_type=\"container\">\n\t\t\t\t\t<div class=\"e-con-inner\">\n\t\t\t\t<div class=\"elementor-element elementor-element-7d3162c elementor-widget elementor-widget-video\" data-id=\"7d3162c\" data-element_type=\"widget\" data-settings=\"{&quot;video_type&quot;:&quot;hosted&quot;,&quot;autoplay&quot;:&quot;yes&quot;,&quot;play_on_mobile&quot;:&quot;yes&quot;,&quot;mute&quot;:&quot;yes&quot;,&quot;loop&quot;:&quot;yes&quot;}\" data-widget_type=\"video.default\">\n\t\t\t\t\t\t\t<div class=\"e-hosted-video elementor-wrapper elementor-open-inline\">\n\t\t\t\t\t<video class=\"elementor-video\" src=\"https:\/\/ortoto.com\/app\/uploads\/2024\/10\/videoplaceholder.mp4\" autoplay=\"\" loop=\"\" muted=\"muted\" playsinline=\"\" controlsList=\"nodownload\"><\/video>\n\t\t\t\t<\/div>\n\t\t\t\t\t\t<\/div>\n\t\t\t\t\t<\/div>\n\t\t\t\t<\/div>\n\t\t\t\t<\/div>\n\t\t","protected":false},"excerpt":{"rendered":"<p><span style=\"font-weight: 400;\">Suaugusieji, pasim\u0117gaukite p\u0117du masa\u017eu, kurio nusipeln\u0117te. M\u016bs\u0173 intensyv\u016bs masa\u017einiai kilim\u0117liai ma\u017eina stres\u0105, gerina kraujotak\u0105, ma\u017eina nuovarg\u012f ir gerina mieg\u0105 net ne\u017eengus i\u0161 nam\u0173. Pajuskite organi\u0161kus, gamtos \u012fkv\u0117ptus pavir\u0161ius, kurie puikiai prisideda prie j\u016bs\u0173 energingo gyvenimo b\u016bdo, tapdami puikia prad\u017eia arba papildymu j\u016bs\u0173 kasdienei sveikatingumo rutinai. <\/span><\/p>\n","protected":false},"featured_media":4414,"comment_status":"open","ping_status":"closed","template":"","meta":{"_acf_changed":false},"product_brand":[],"product_cat":[79],"product_tag":[],"class_list":{"0":"post-3805","1":"product","2":"type-product","3":"status-publish","4":"has-post-thumbnail","6":"product_cat-intensyvus-masazas-suaugusiems","8":"first","9":"instock","10":"featured","11":"taxable","12":"shipping-taxable","13":"purchasable","14":"product-type-simple"},"acf":[],"yoast_head":"<!-- This site is optimized with the Yoast SEO plugin v26.5 - https:\/\/yoast.com\/wordpress\/plugins\/seo\/ -->\n<title>Intensyvaus masa\u017eo kilim\u0117liai (klasikinis rinkinys) - Ortoto<\/title>\n<meta name=\"description\" content=\"Auk\u0161tos klas\u0117s sensorinis masa\u017eo kilim\u0117lis, skirtas p\u0117d\u0173 stimuliacijai, pusiausvyrai ir atsipalaidavimui. Nat\u016bralios formos palaiko s\u0105moning\u0105 jud\u0117jim\u0105.\" \/>\n<meta name=\"robots\" content=\"index, follow, max-snippet:-1, max-image-preview:large, max-video-preview:-1\" \/>\n<link rel=\"canonical\" href=\"https:\/\/ortoto.com\/lt\/produktas\/intensyvaus-masazo-kilimeliai-klasikinis-rinkinys\/\" \/>\n<meta property=\"og:locale\" content=\"lt_LT\" \/>\n<meta property=\"og:type\" content=\"article\" \/>\n<meta property=\"og:title\" content=\"Intensyvaus masa\u017eo kilim\u0117liai (klasikinis rinkinys) - Ortoto\" \/>\n<meta property=\"og:description\" content=\"Auk\u0161tos klas\u0117s sensorinis masa\u017eo kilim\u0117lis, skirtas p\u0117d\u0173 stimuliacijai, pusiausvyrai ir atsipalaidavimui. Nat\u016bralios formos palaiko s\u0105moning\u0105 jud\u0117jim\u0105.\" \/>\n<meta property=\"og:url\" content=\"https:\/\/ortoto.com\/lt\/produktas\/intensyvaus-masazo-kilimeliai-klasikinis-rinkinys\/\" \/>\n<meta property=\"og:site_name\" content=\"Ortoto\" \/>\n<meta property=\"article:modified_time\" content=\"2026-02-09T15:47:22+00:00\" \/>\n<meta property=\"og:image\" content=\"https:\/\/ortoto.com\/app\/uploads\/2024\/12\/Ortoto_Comb3_Scene1_1_noBG_new-883x1024.png\" \/>\n\t<meta property=\"og:image:width\" content=\"883\" \/>\n\t<meta property=\"og:image:height\" content=\"1024\" \/>\n\t<meta property=\"og:image:type\" content=\"image\/png\" \/>\n<meta name=\"twitter:card\" content=\"summary_large_image\" \/>\n<meta name=\"twitter:label1\" content=\"Est. reading time\" \/>\n\t<meta name=\"twitter:data1\" content=\"1 minute\" \/>\n<script type=\"application\/ld+json\" class=\"yoast-schema-graph\">{\"@context\":\"https:\/\/schema.org\",\"@graph\":[{\"@type\":\"WebPage\",\"@id\":\"https:\/\/ortoto.com\/lt\/produktas\/intensyvaus-masazo-kilimeliai-klasikinis-rinkinys\/\",\"url\":\"https:\/\/ortoto.com\/lt\/produktas\/intensyvaus-masazo-kilimeliai-klasikinis-rinkinys\/\",\"name\":\"Intensyvaus masa\u017eo kilim\u0117liai (klasikinis rinkinys) - Ortoto\",\"isPartOf\":{\"@id\":\"https:\/\/ortoto.com\/lt\/#website\"},\"primaryImageOfPage\":{\"@id\":\"https:\/\/ortoto.com\/lt\/produktas\/intensyvaus-masazo-kilimeliai-klasikinis-rinkinys\/#primaryimage\"},\"image\":{\"@id\":\"https:\/\/ortoto.com\/lt\/produktas\/intensyvaus-masazo-kilimeliai-klasikinis-rinkinys\/#primaryimage\"},\"thumbnailUrl\":\"https:\/\/ortoto.com\/app\/uploads\/2024\/12\/Ortoto_Comb3_Scene1_1_noBG_new.png\",\"datePublished\":\"2024-12-11T14:35:02+00:00\",\"dateModified\":\"2026-02-09T15:47:22+00:00\",\"description\":\"Auk\u0161tos klas\u0117s sensorinis masa\u017eo kilim\u0117lis, skirtas p\u0117d\u0173 stimuliacijai, pusiausvyrai ir atsipalaidavimui. Nat\u016bralios formos palaiko s\u0105moning\u0105 jud\u0117jim\u0105.\",\"breadcrumb\":{\"@id\":\"https:\/\/ortoto.com\/lt\/produktas\/intensyvaus-masazo-kilimeliai-klasikinis-rinkinys\/#breadcrumb\"},\"inLanguage\":\"lt-LT\",\"potentialAction\":[{\"@type\":\"ReadAction\",\"target\":[\"https:\/\/ortoto.com\/lt\/produktas\/intensyvaus-masazo-kilimeliai-klasikinis-rinkinys\/\"]}]},{\"@type\":\"ImageObject\",\"inLanguage\":\"lt-LT\",\"@id\":\"https:\/\/ortoto.com\/lt\/produktas\/intensyvaus-masazo-kilimeliai-klasikinis-rinkinys\/#primaryimage\",\"url\":\"https:\/\/ortoto.com\/app\/uploads\/2024\/12\/Ortoto_Comb3_Scene1_1_noBG_new.png\",\"contentUrl\":\"https:\/\/ortoto.com\/app\/uploads\/2024\/12\/Ortoto_Comb3_Scene1_1_noBG_new.png\",\"width\":1110,\"height\":1287},{\"@type\":\"BreadcrumbList\",\"@id\":\"https:\/\/ortoto.com\/lt\/produktas\/intensyvaus-masazo-kilimeliai-klasikinis-rinkinys\/#breadcrumb\",\"itemListElement\":[{\"@type\":\"ListItem\",\"position\":1,\"name\":\"Home\",\"item\":\"https:\/\/ortoto.com\/lt\/\"},{\"@type\":\"ListItem\",\"position\":2,\"name\":\"Parduotuv\u0117\",\"item\":\"https:\/\/ortoto.com\/shop\/\"},{\"@type\":\"ListItem\",\"position\":3,\"name\":\"Intensyvaus masa\u017eo kilim\u0117liai (klasikinis rinkinys)\"}]},{\"@type\":\"WebSite\",\"@id\":\"https:\/\/ortoto.com\/lt\/#website\",\"url\":\"https:\/\/ortoto.com\/lt\/\",\"name\":\"Ortoto\",\"description\":\"Massage Puzzle Mats\",\"potentialAction\":[{\"@type\":\"SearchAction\",\"target\":{\"@type\":\"EntryPoint\",\"urlTemplate\":\"https:\/\/ortoto.com\/lt\/?s={search_term_string}\"},\"query-input\":{\"@type\":\"PropertyValueSpecification\",\"valueRequired\":true,\"valueName\":\"search_term_string\"}}],\"inLanguage\":\"lt-LT\"}]}<\/script>\n<!-- \/ Yoast SEO plugin. -->","yoast_head_json":{"title":"Intensyvaus masa\u017eo kilim\u0117liai (klasikinis rinkinys) - Ortoto","description":"Auk\u0161tos klas\u0117s sensorinis masa\u017eo kilim\u0117lis, skirtas p\u0117d\u0173 stimuliacijai, pusiausvyrai ir atsipalaidavimui. Nat\u016bralios formos palaiko s\u0105moning\u0105 jud\u0117jim\u0105.","robots":{"index":"index","follow":"follow","max-snippet":"max-snippet:-1","max-image-preview":"max-image-preview:large","max-video-preview":"max-video-preview:-1"},"canonical":"https:\/\/ortoto.com\/lt\/produktas\/intensyvaus-masazo-kilimeliai-klasikinis-rinkinys\/","og_locale":"lt_LT","og_type":"article","og_title":"Intensyvaus masa\u017eo kilim\u0117liai (klasikinis rinkinys) - Ortoto","og_description":"Auk\u0161tos klas\u0117s sensorinis masa\u017eo kilim\u0117lis, skirtas p\u0117d\u0173 stimuliacijai, pusiausvyrai ir atsipalaidavimui. Nat\u016bralios formos palaiko s\u0105moning\u0105 jud\u0117jim\u0105.","og_url":"https:\/\/ortoto.com\/lt\/produktas\/intensyvaus-masazo-kilimeliai-klasikinis-rinkinys\/","og_site_name":"Ortoto","article_modified_time":"2026-02-09T15:47:22+00:00","og_image":[{"width":883,"height":1024,"url":"https:\/\/ortoto.com\/app\/uploads\/2024\/12\/Ortoto_Comb3_Scene1_1_noBG_new-883x1024.png","type":"image\/png"}],"twitter_card":"summary_large_image","twitter_misc":{"Est. reading time":"1 minute"},"schema":{"@context":"https:\/\/schema.org","@graph":[{"@type":"WebPage","@id":"https:\/\/ortoto.com\/lt\/produktas\/intensyvaus-masazo-kilimeliai-klasikinis-rinkinys\/","url":"https:\/\/ortoto.com\/lt\/produktas\/intensyvaus-masazo-kilimeliai-klasikinis-rinkinys\/","name":"Intensyvaus masa\u017eo kilim\u0117liai (klasikinis rinkinys) - Ortoto","isPartOf":{"@id":"https:\/\/ortoto.com\/lt\/#website"},"primaryImageOfPage":{"@id":"https:\/\/ortoto.com\/lt\/produktas\/intensyvaus-masazo-kilimeliai-klasikinis-rinkinys\/#primaryimage"},"image":{"@id":"https:\/\/ortoto.com\/lt\/produktas\/intensyvaus-masazo-kilimeliai-klasikinis-rinkinys\/#primaryimage"},"thumbnailUrl":"https:\/\/ortoto.com\/app\/uploads\/2024\/12\/Ortoto_Comb3_Scene1_1_noBG_new.png","datePublished":"2024-12-11T14:35:02+00:00","dateModified":"2026-02-09T15:47:22+00:00","description":"Auk\u0161tos klas\u0117s sensorinis masa\u017eo kilim\u0117lis, skirtas p\u0117d\u0173 stimuliacijai, pusiausvyrai ir atsipalaidavimui. Nat\u016bralios formos palaiko s\u0105moning\u0105 jud\u0117jim\u0105.","breadcrumb":{"@id":"https:\/\/ortoto.com\/lt\/produktas\/intensyvaus-masazo-kilimeliai-klasikinis-rinkinys\/#breadcrumb"},"inLanguage":"lt-LT","potentialAction":[{"@type":"ReadAction","target":["https:\/\/ortoto.com\/lt\/produktas\/intensyvaus-masazo-kilimeliai-klasikinis-rinkinys\/"]}]},{"@type":"ImageObject","inLanguage":"lt-LT","@id":"https:\/\/ortoto.com\/lt\/produktas\/intensyvaus-masazo-kilimeliai-klasikinis-rinkinys\/#primaryimage","url":"https:\/\/ortoto.com\/app\/uploads\/2024\/12\/Ortoto_Comb3_Scene1_1_noBG_new.png","contentUrl":"https:\/\/ortoto.com\/app\/uploads\/2024\/12\/Ortoto_Comb3_Scene1_1_noBG_new.png","width":1110,"height":1287},{"@type":"BreadcrumbList","@id":"https:\/\/ortoto.com\/lt\/produktas\/intensyvaus-masazo-kilimeliai-klasikinis-rinkinys\/#breadcrumb","itemListElement":[{"@type":"ListItem","position":1,"name":"Home","item":"https:\/\/ortoto.com\/lt\/"},{"@type":"ListItem","position":2,"name":"Parduotuv\u0117","item":"https:\/\/ortoto.com\/shop\/"},{"@type":"ListItem","position":3,"name":"Intensyvaus masa\u017eo kilim\u0117liai (klasikinis rinkinys)"}]},{"@type":"WebSite","@id":"https:\/\/ortoto.com\/lt\/#website","url":"https:\/\/ortoto.com\/lt\/","name":"Ortoto","description":"Massage Puzzle Mats","potentialAction":[{"@type":"SearchAction","target":{"@type":"EntryPoint","urlTemplate":"https:\/\/ortoto.com\/lt\/?s={search_term_string}"},"query-input":{"@type":"PropertyValueSpecification","valueRequired":true,"valueName":"search_term_string"}}],"inLanguage":"lt-LT"}]}},"_links":{"self":[{"href":"https:\/\/ortoto.com\/lt\/wp-json\/wp\/v2\/product\/3805","targetHints":{"allow":["GET"]}}],"collection":[{"href":"https:\/\/ortoto.com\/lt\/wp-json\/wp\/v2\/product"}],"about":[{"href":"https:\/\/ortoto.com\/lt\/wp-json\/wp\/v2\/types\/product"}],"replies":[{"embeddable":true,"href":"https:\/\/ortoto.com\/lt\/wp-json\/wp\/v2\/comments?post=3805"}],"version-history":[{"count":1,"href":"https:\/\/ortoto.com\/lt\/wp-json\/wp\/v2\/product\/3805\/revisions"}],"predecessor-version":[{"id":4944,"href":"https:\/\/ortoto.com\/lt\/wp-json\/wp\/v2\/product\/3805\/revisions\/4944"}],"wp:featuredmedia":[{"embeddable":true,"href":"https:\/\/ortoto.com\/lt\/wp-json\/wp\/v2\/media\/4414"}],"wp:attachment":[{"href":"https:\/\/ortoto.com\/lt\/wp-json\/wp\/v2\/media?parent=3805"}],"wp:term":[{"taxonomy":"product_brand","embeddable":true,"href":"https:\/\/ortoto.com\/lt\/wp-json\/wp\/v2\/product_brand?post=3805"},{"taxonomy":"product_cat","embeddable":true,"href":"https:\/\/ortoto.com\/lt\/wp-json\/wp\/v2\/product_cat?post=3805"},{"taxonomy":"product_tag","embeddable":true,"href":"https:\/\/ortoto.com\/lt\/wp-json\/wp\/v2\/product_tag?post=3805"}],"curies":[{"name":"wp","href":"https:\/\/api.w.org\/{rel}","templated":true}]}}