{"id":3830,"date":"2024-12-11T14:33:09","date_gmt":"2024-12-11T14:33:09","guid":{"rendered":"https:\/\/ortoto.se.lt\/product\/intensyvaus-masazo-kilimeliai-pro-rinkinys\/"},"modified":"2026-02-09T17:48:30","modified_gmt":"2026-02-09T15:48:30","slug":"intensyvus-sensorinis-masazo-kilimelis-pro-set-ortoto","status":"publish","type":"product","link":"https:\/\/ortoto.com\/lt\/produktas\/intensyvus-sensorinis-masazo-kilimelis-pro-set-ortoto\/","title":{"rendered":"Intensyvaus masa\u017eo kilim\u0117liai (PRO rinkinys)"},"content":{"rendered":"\t\t<div data-elementor-type=\"product-post\" data-elementor-id=\"3830\" class=\"elementor elementor-3830 elementor-1516\" data-elementor-post-type=\"product\">\n\t\t\t\t<div class=\"elementor-element elementor-element-65b973e e-flex e-con-boxed e-con e-parent\" data-id=\"65b973e\" data-element_type=\"container\">\n\t\t\t\t\t<div class=\"e-con-inner\">\n\t\t\t\t<div class=\"elementor-element elementor-element-7d3162c elementor-widget elementor-widget-video\" data-id=\"7d3162c\" data-element_type=\"widget\" data-settings=\"{&quot;video_type&quot;:&quot;hosted&quot;,&quot;autoplay&quot;:&quot;yes&quot;,&quot;play_on_mobile&quot;:&quot;yes&quot;,&quot;mute&quot;:&quot;yes&quot;,&quot;loop&quot;:&quot;yes&quot;}\" data-widget_type=\"video.default\">\n\t\t\t\t\t\t\t<div class=\"e-hosted-video elementor-wrapper elementor-open-inline\">\n\t\t\t\t\t<video class=\"elementor-video\" src=\"https:\/\/ortoto.com\/app\/uploads\/2024\/10\/videoplaceholder.mp4\" autoplay=\"\" loop=\"\" muted=\"muted\" playsinline=\"\" controlsList=\"nodownload\"><\/video>\n\t\t\t\t<\/div>\n\t\t\t\t\t\t<\/div>\n\t\t\t\t\t<\/div>\n\t\t\t\t<\/div>\n\t\t\t\t<\/div>\n\t\t","protected":false},"excerpt":{"rendered":"<p><span style=\"font-weight: 400;\">Suaugusieji, pasim\u0117gaukite p\u0117du masa\u017eu, kurio nusipeln\u0117te. M\u016bs\u0173 intensyv\u016bs masa\u017einiai kilim\u0117liai ma\u017eina stres\u0105, gerina kraujotak\u0105, ma\u017eina nuovarg\u012f ir gerina mieg\u0105 net ne\u017eengus i\u0161 nam\u0173. Pajuskite organi\u0161kus, gamtos \u012fkv\u0117ptus pavir\u0161ius, kurie puikiai prisideda prie j\u016bs\u0173 energingo gyvenimo b\u016bdo, tapdami puikia prad\u017eia arba papildymu j\u016bs\u0173 kasdienei sveikatingumo rutinai. <\/span><\/p>\n","protected":false},"featured_media":4410,"comment_status":"open","ping_status":"closed","template":"","meta":{"_acf_changed":false},"product_brand":[],"product_cat":[79],"product_tag":[],"class_list":{"0":"post-3830","1":"product","2":"type-product","3":"status-publish","4":"has-post-thumbnail","6":"product_cat-intensyvus-masazas-suaugusiems","8":"first","9":"instock","10":"featured","11":"taxable","12":"shipping-taxable","13":"purchasable","14":"product-type-simple"},"acf":[],"yoast_head":"<!-- This site is optimized with the Yoast SEO plugin v26.5 - https:\/\/yoast.com\/wordpress\/plugins\/seo\/ -->\n<title>Intensyvaus masa\u017eo kilim\u0117liai (PRO rinkinys) - Ortoto<\/title>\n<meta name=\"description\" content=\"Pa\u017eangus sensorinis masa\u017eo kilim\u0117lis giliai p\u0117d\u0173 stimuliacijai, koordinacijai ir k\u016bno aktyvacijai. Kasdien\u0117 s\u0105moningo jud\u0117jimo praktika.\" \/>\n<meta name=\"robots\" content=\"index, follow, max-snippet:-1, max-image-preview:large, max-video-preview:-1\" \/>\n<link rel=\"canonical\" href=\"https:\/\/ortoto.com\/lt\/produktas\/intensyvus-sensorinis-masazo-kilimelis-pro-set-ortoto\/\" \/>\n<meta property=\"og:locale\" content=\"lt_LT\" \/>\n<meta property=\"og:type\" content=\"article\" \/>\n<meta property=\"og:title\" content=\"Intensyvaus masa\u017eo kilim\u0117liai (PRO rinkinys) - Ortoto\" \/>\n<meta property=\"og:description\" content=\"Pa\u017eangus sensorinis masa\u017eo kilim\u0117lis giliai p\u0117d\u0173 stimuliacijai, koordinacijai ir k\u016bno aktyvacijai. Kasdien\u0117 s\u0105moningo jud\u0117jimo praktika.\" \/>\n<meta property=\"og:url\" content=\"https:\/\/ortoto.com\/lt\/produktas\/intensyvus-sensorinis-masazo-kilimelis-pro-set-ortoto\/\" \/>\n<meta property=\"og:site_name\" content=\"Ortoto\" \/>\n<meta property=\"article:modified_time\" content=\"2026-02-09T15:48:30+00:00\" \/>\n<meta property=\"og:image\" content=\"https:\/\/ortoto.com\/app\/uploads\/2024\/12\/Ortoto_Comb4_Scene1_1_noBG_new-950x1024.png\" \/>\n\t<meta property=\"og:image:width\" content=\"950\" \/>\n\t<meta property=\"og:image:height\" content=\"1024\" \/>\n\t<meta property=\"og:image:type\" content=\"image\/png\" \/>\n<meta name=\"twitter:card\" content=\"summary_large_image\" \/>\n<meta name=\"twitter:label1\" content=\"Est. reading time\" \/>\n\t<meta name=\"twitter:data1\" content=\"1 minute\" \/>\n<script type=\"application\/ld+json\" class=\"yoast-schema-graph\">{\"@context\":\"https:\/\/schema.org\",\"@graph\":[{\"@type\":\"WebPage\",\"@id\":\"https:\/\/ortoto.com\/lt\/produktas\/intensyvus-sensorinis-masazo-kilimelis-pro-set-ortoto\/\",\"url\":\"https:\/\/ortoto.com\/lt\/produktas\/intensyvus-sensorinis-masazo-kilimelis-pro-set-ortoto\/\",\"name\":\"Intensyvaus masa\u017eo kilim\u0117liai (PRO rinkinys) - Ortoto\",\"isPartOf\":{\"@id\":\"https:\/\/ortoto.com\/lt\/#website\"},\"primaryImageOfPage\":{\"@id\":\"https:\/\/ortoto.com\/lt\/produktas\/intensyvus-sensorinis-masazo-kilimelis-pro-set-ortoto\/#primaryimage\"},\"image\":{\"@id\":\"https:\/\/ortoto.com\/lt\/produktas\/intensyvus-sensorinis-masazo-kilimelis-pro-set-ortoto\/#primaryimage\"},\"thumbnailUrl\":\"https:\/\/ortoto.com\/app\/uploads\/2024\/12\/Ortoto_Comb4_Scene1_1_noBG_new.png\",\"datePublished\":\"2024-12-11T14:33:09+00:00\",\"dateModified\":\"2026-02-09T15:48:30+00:00\",\"description\":\"Pa\u017eangus sensorinis masa\u017eo kilim\u0117lis giliai p\u0117d\u0173 stimuliacijai, koordinacijai ir k\u016bno aktyvacijai. Kasdien\u0117 s\u0105moningo jud\u0117jimo praktika.\",\"breadcrumb\":{\"@id\":\"https:\/\/ortoto.com\/lt\/produktas\/intensyvus-sensorinis-masazo-kilimelis-pro-set-ortoto\/#breadcrumb\"},\"inLanguage\":\"lt-LT\",\"potentialAction\":[{\"@type\":\"ReadAction\",\"target\":[\"https:\/\/ortoto.com\/lt\/produktas\/intensyvus-sensorinis-masazo-kilimelis-pro-set-ortoto\/\"]}]},{\"@type\":\"ImageObject\",\"inLanguage\":\"lt-LT\",\"@id\":\"https:\/\/ortoto.com\/lt\/produktas\/intensyvus-sensorinis-masazo-kilimelis-pro-set-ortoto\/#primaryimage\",\"url\":\"https:\/\/ortoto.com\/app\/uploads\/2024\/12\/Ortoto_Comb4_Scene1_1_noBG_new.png\",\"contentUrl\":\"https:\/\/ortoto.com\/app\/uploads\/2024\/12\/Ortoto_Comb4_Scene1_1_noBG_new.png\",\"width\":1668,\"height\":1798},{\"@type\":\"BreadcrumbList\",\"@id\":\"https:\/\/ortoto.com\/lt\/produktas\/intensyvus-sensorinis-masazo-kilimelis-pro-set-ortoto\/#breadcrumb\",\"itemListElement\":[{\"@type\":\"ListItem\",\"position\":1,\"name\":\"Home\",\"item\":\"https:\/\/ortoto.com\/lt\/\"},{\"@type\":\"ListItem\",\"position\":2,\"name\":\"Parduotuv\u0117\",\"item\":\"https:\/\/ortoto.com\/shop\/\"},{\"@type\":\"ListItem\",\"position\":3,\"name\":\"Intensyvaus masa\u017eo kilim\u0117liai (PRO rinkinys)\"}]},{\"@type\":\"WebSite\",\"@id\":\"https:\/\/ortoto.com\/lt\/#website\",\"url\":\"https:\/\/ortoto.com\/lt\/\",\"name\":\"Ortoto\",\"description\":\"Massage Puzzle Mats\",\"potentialAction\":[{\"@type\":\"SearchAction\",\"target\":{\"@type\":\"EntryPoint\",\"urlTemplate\":\"https:\/\/ortoto.com\/lt\/?s={search_term_string}\"},\"query-input\":{\"@type\":\"PropertyValueSpecification\",\"valueRequired\":true,\"valueName\":\"search_term_string\"}}],\"inLanguage\":\"lt-LT\"}]}<\/script>\n<!-- \/ Yoast SEO plugin. -->","yoast_head_json":{"title":"Intensyvaus masa\u017eo kilim\u0117liai (PRO rinkinys) - Ortoto","description":"Pa\u017eangus sensorinis masa\u017eo kilim\u0117lis giliai p\u0117d\u0173 stimuliacijai, koordinacijai ir k\u016bno aktyvacijai. Kasdien\u0117 s\u0105moningo jud\u0117jimo praktika.","robots":{"index":"index","follow":"follow","max-snippet":"max-snippet:-1","max-image-preview":"max-image-preview:large","max-video-preview":"max-video-preview:-1"},"canonical":"https:\/\/ortoto.com\/lt\/produktas\/intensyvus-sensorinis-masazo-kilimelis-pro-set-ortoto\/","og_locale":"lt_LT","og_type":"article","og_title":"Intensyvaus masa\u017eo kilim\u0117liai (PRO rinkinys) - Ortoto","og_description":"Pa\u017eangus sensorinis masa\u017eo kilim\u0117lis giliai p\u0117d\u0173 stimuliacijai, koordinacijai ir k\u016bno aktyvacijai. Kasdien\u0117 s\u0105moningo jud\u0117jimo praktika.","og_url":"https:\/\/ortoto.com\/lt\/produktas\/intensyvus-sensorinis-masazo-kilimelis-pro-set-ortoto\/","og_site_name":"Ortoto","article_modified_time":"2026-02-09T15:48:30+00:00","og_image":[{"width":950,"height":1024,"url":"https:\/\/ortoto.com\/app\/uploads\/2024\/12\/Ortoto_Comb4_Scene1_1_noBG_new-950x1024.png","type":"image\/png"}],"twitter_card":"summary_large_image","twitter_misc":{"Est. reading time":"1 minute"},"schema":{"@context":"https:\/\/schema.org","@graph":[{"@type":"WebPage","@id":"https:\/\/ortoto.com\/lt\/produktas\/intensyvus-sensorinis-masazo-kilimelis-pro-set-ortoto\/","url":"https:\/\/ortoto.com\/lt\/produktas\/intensyvus-sensorinis-masazo-kilimelis-pro-set-ortoto\/","name":"Intensyvaus masa\u017eo kilim\u0117liai (PRO rinkinys) - Ortoto","isPartOf":{"@id":"https:\/\/ortoto.com\/lt\/#website"},"primaryImageOfPage":{"@id":"https:\/\/ortoto.com\/lt\/produktas\/intensyvus-sensorinis-masazo-kilimelis-pro-set-ortoto\/#primaryimage"},"image":{"@id":"https:\/\/ortoto.com\/lt\/produktas\/intensyvus-sensorinis-masazo-kilimelis-pro-set-ortoto\/#primaryimage"},"thumbnailUrl":"https:\/\/ortoto.com\/app\/uploads\/2024\/12\/Ortoto_Comb4_Scene1_1_noBG_new.png","datePublished":"2024-12-11T14:33:09+00:00","dateModified":"2026-02-09T15:48:30+00:00","description":"Pa\u017eangus sensorinis masa\u017eo kilim\u0117lis giliai p\u0117d\u0173 stimuliacijai, koordinacijai ir k\u016bno aktyvacijai. Kasdien\u0117 s\u0105moningo jud\u0117jimo praktika.","breadcrumb":{"@id":"https:\/\/ortoto.com\/lt\/produktas\/intensyvus-sensorinis-masazo-kilimelis-pro-set-ortoto\/#breadcrumb"},"inLanguage":"lt-LT","potentialAction":[{"@type":"ReadAction","target":["https:\/\/ortoto.com\/lt\/produktas\/intensyvus-sensorinis-masazo-kilimelis-pro-set-ortoto\/"]}]},{"@type":"ImageObject","inLanguage":"lt-LT","@id":"https:\/\/ortoto.com\/lt\/produktas\/intensyvus-sensorinis-masazo-kilimelis-pro-set-ortoto\/#primaryimage","url":"https:\/\/ortoto.com\/app\/uploads\/2024\/12\/Ortoto_Comb4_Scene1_1_noBG_new.png","contentUrl":"https:\/\/ortoto.com\/app\/uploads\/2024\/12\/Ortoto_Comb4_Scene1_1_noBG_new.png","width":1668,"height":1798},{"@type":"BreadcrumbList","@id":"https:\/\/ortoto.com\/lt\/produktas\/intensyvus-sensorinis-masazo-kilimelis-pro-set-ortoto\/#breadcrumb","itemListElement":[{"@type":"ListItem","position":1,"name":"Home","item":"https:\/\/ortoto.com\/lt\/"},{"@type":"ListItem","position":2,"name":"Parduotuv\u0117","item":"https:\/\/ortoto.com\/shop\/"},{"@type":"ListItem","position":3,"name":"Intensyvaus masa\u017eo kilim\u0117liai (PRO rinkinys)"}]},{"@type":"WebSite","@id":"https:\/\/ortoto.com\/lt\/#website","url":"https:\/\/ortoto.com\/lt\/","name":"Ortoto","description":"Massage Puzzle Mats","potentialAction":[{"@type":"SearchAction","target":{"@type":"EntryPoint","urlTemplate":"https:\/\/ortoto.com\/lt\/?s={search_term_string}"},"query-input":{"@type":"PropertyValueSpecification","valueRequired":true,"valueName":"search_term_string"}}],"inLanguage":"lt-LT"}]}},"_links":{"self":[{"href":"https:\/\/ortoto.com\/lt\/wp-json\/wp\/v2\/product\/3830","targetHints":{"allow":["GET"]}}],"collection":[{"href":"https:\/\/ortoto.com\/lt\/wp-json\/wp\/v2\/product"}],"about":[{"href":"https:\/\/ortoto.com\/lt\/wp-json\/wp\/v2\/types\/product"}],"replies":[{"embeddable":true,"href":"https:\/\/ortoto.com\/lt\/wp-json\/wp\/v2\/comments?post=3830"}],"version-history":[{"count":1,"href":"https:\/\/ortoto.com\/lt\/wp-json\/wp\/v2\/product\/3830\/revisions"}],"predecessor-version":[{"id":4946,"href":"https:\/\/ortoto.com\/lt\/wp-json\/wp\/v2\/product\/3830\/revisions\/4946"}],"wp:featuredmedia":[{"embeddable":true,"href":"https:\/\/ortoto.com\/lt\/wp-json\/wp\/v2\/media\/4410"}],"wp:attachment":[{"href":"https:\/\/ortoto.com\/lt\/wp-json\/wp\/v2\/media?parent=3830"}],"wp:term":[{"taxonomy":"product_brand","embeddable":true,"href":"https:\/\/ortoto.com\/lt\/wp-json\/wp\/v2\/product_brand?post=3830"},{"taxonomy":"product_cat","embeddable":true,"href":"https:\/\/ortoto.com\/lt\/wp-json\/wp\/v2\/product_cat?post=3830"},{"taxonomy":"product_tag","embeddable":true,"href":"https:\/\/ortoto.com\/lt\/wp-json\/wp\/v2\/product_tag?post=3830"}],"curies":[{"name":"wp","href":"https:\/\/api.w.org\/{rel}","templated":true}]}}