{"id":5497,"date":"2024-10-01T06:52:13","date_gmt":"2024-10-01T04:52:13","guid":{"rendered":"https:\/\/ortoto.com\/konfidencialitates-politika\/"},"modified":"2026-05-06T02:25:49","modified_gmt":"2026-05-06T00:25:49","slug":"konfidencialitates-politika","status":"publish","type":"page","link":"https:\/\/ortoto.com\/lv\/konfidencialitates-politika\/","title":{"rendered":"Konfidencialit\u0101tes politika"},"content":{"rendered":"\n<p class=\"has-medium-font-size\"><strong>Konfidencialit\u0101tes politika<\/strong><\/p>\n\n<p><strong>1. Visp\u0101r\u012bgi noteikumi<\/strong><\/p>\n\n<p>\u0160\u012b konfidencialit\u0101tes politika ir izstr\u0101d\u0101ta saska\u0146\u0101 ar<\/p>\n\n<p>2018. gada 25. maija VDAR pras\u012bbas &#8220;Par personas datiem&#8221; un<\/p>\n\n<p>nosaka personas datu apstr\u0101des k\u0101rt\u012bbu un pas\u0101kumus, lai nodro\u0161in\u0101tu, ka<\/p>\n\n<p>personas datu dro\u0161\u012bbu SIA SPM ORTOTO (turpm\u0101k &#8211; Operators).<\/p>\n\n<p>1. Operators izvirza savu svar\u012bg\u0101ko m\u0113r\u0137i un nosac\u012bjumu, lai \u012bstenotu savu uzdevumu.<\/p>\n\n<p>darb\u012bbas iev\u0113ro cilv\u0113ka un pilso\u0146a ties\u012bbas un br\u012bv\u012bbas, apstr\u0101d\u0101jot vi\u0146a<\/p>\n\n<p>personas dati, tostarp priv\u0101tuma ties\u012bbu aizsardz\u012bba<\/p>\n\n<p>dz\u012bves, person\u012bgie un \u0123imenes nosl\u0113pumi.<\/p>\n\n<p>2. \u0160\u012b Operatora politika attiec\u012bb\u0101 uz personas datu apstr\u0101di<\/p>\n\n<p>(turpm\u0101k &#8211; Politika) tiek piem\u0113rota visai inform\u0101cijai, kuru Operators var<\/p>\n\n<p>ieg\u016bt par t\u012bmek\u013ca vietnes www.ortoto.com apmekl\u0113t\u0101jiem<\/p>\n\n<p><strong>2. Pamatj\u0113dzieni, ko izmanto politik\u0101<\/strong><\/p>\n\n<p>1. Automatiz\u0113ta personas datu apstr\u0101de &#8211; personas datu apstr\u0101de<\/p>\n\n<p>datus, izmantojot datortehnolo\u0123ijas;<\/p>\n\n<p>2. Personas datu blo\u0137\u0113\u0161ana &#8211; apstr\u0101des aptur\u0113\u0161ana uz laiku<\/p>\n\n<p>personas datus (ja vien apstr\u0101de nav nepiecie\u0161ama, lai<\/p>\n\n<p>personas datu preciz\u0113\u0161ana);<\/p>\n\n<p>3. T\u012bmek\u013ca vietne &#8211; grafisko un informat\u012bvo materi\u0101lu kopums, k\u0101 ar\u012b<\/p>\n\n<p>datorprogrammas un datub\u0101zes, lai nodro\u0161in\u0101tu to pieejam\u012bbu internet\u0101.<\/p>\n\n<p>t\u012bmek\u013ca adres\u0113 www.ortoto.com.<\/p>\n\n<p>4. Personas datu inform\u0101cijas sist\u0113ma &#8211; apkopojums, kas ietverts<\/p>\n\n<p>personas datu datub\u0101zes un nodro\u0161ina to apstr\u0101di.<\/p>\n\n<p>inform\u0101cijas tehnolo\u0123ijas un tehniskie l\u012bdzek\u013ci;<\/p>\n\n<p>5. Personas datu depersonaliz\u0101cija &#8211; darb\u012bbas, kuru rezult\u0101t\u0101 tiek<\/p>\n\n<p>nesp\u0113ja noteikt personas datu \u012bpa\u0161umties\u012bbas bez papildu inform\u0101cijas konkr\u0113tam lietot\u0101jam vai citam personas datu paraugam;<\/p>\n\n<p>6. Personas datu apstr\u0101de &#8211; jebkura darb\u012bba (oper\u0101cija) vai datu v\u0101k\u0161ana<\/p>\n\n<p>darb\u012bbas (oper\u0101cijas), ko veic, izmantojot automatiz\u0101cijas iek\u0101rtas vai<\/p>\n\n<p>neizmantojot \u0161\u0101dus r\u012bkus ar personas datiem, tostarp v\u0101cot, re\u0123istr\u0113jot,<\/p>\n\n<p>sistematiz\u0101cija, uzkr\u0101\u0161ana, uzglab\u0101\u0161ana, preciz\u0113\u0161ana (atjaunin\u0101\u0161ana, mai\u0146a),<\/p>\n\n<p>ieguve, izmanto\u0161ana, nodo\u0161ana (izplat\u012b\u0161ana, nodro\u0161in\u0101\u0161ana, piek\u013cuve),<\/p>\n\n<p>personas datu deidentifik\u0101cija, blo\u0137\u0113\u0161ana, dz\u0113\u0161ana, dz\u0113\u0161ana, izn\u012bcin\u0101\u0161ana;<\/p>\n\n<p>7. Operators &#8211; valsts iest\u0101de, pa\u0161vald\u012bbas iest\u0101de, juridiska vai<\/p>\n\n<p>indiv\u012bds organiz\u0113 patst\u0101v\u012bgi vai kop\u0101 ar cit\u0101m person\u0101m.<\/p>\n\n<p>un (vai) apstr\u0101d\u0101t personas datus, k\u0101 ar\u012b noteikt<\/p>\n\n<p>personas datu apstr\u0101des nol\u016bkos, personas datu sast\u0101vu, kas j\u0101apstr\u0101d\u0101<\/p>\n\n<p>apstr\u0101de, darb\u012bbas (oper\u0101cijas), ko veic ar personas datiem;<\/p>\n\n<p>8. Personas dati &#8211; jebkura inform\u0101cija, kas tie\u0161i vai netie\u0161i attiecas uz<\/p>\n\n<p>nosaka vai nosaka t\u012bmek\u013ca vietnes www.ortoto.com lietot\u0101js.<\/p>\n\n<p>9. Lietot\u0101js &#8211; jebkur\u0161 t\u012bmek\u013ca vietnes www.ortoto.com apmekl\u0113t\u0101js.<\/p>\n\n<p>10. Personas datu snieg\u0161ana &#8211; darb\u012bbas, kuru m\u0113r\u0137is ir izpaust personas datus<\/p>\n\n<p>personas datus konkr\u0113tai personai vai konkr\u0113tam personu lokam;<\/p>\n\n<p>11. Personas datu izplat\u012b\u0161ana &#8211; jebkuras darb\u012bbas, kas v\u0113rstas uz personas datu izpau\u0161anu neierobe\u017eotam personu lokam (personas datu p\u0101rraide) vai uz neierobe\u017eota personu loka iepaz\u012b\u0161anos ar personas datiem, tostarp personas datu izpau\u0161ana pla\u0161sazi\u0146as l\u012bdzek\u013cos, izvieto\u0161ana inform\u0101cijas telekomunik\u0101ciju t\u012bklos vai piek\u013cuves nodro\u0161in\u0101\u0161ana personas datiem.<\/p>\n\n<p>datus k\u0101d\u0101 cit\u0101 veid\u0101;<\/p>\n\n<p>12. Personas datu p\u0101rrobe\u017eu nos\u016bt\u012b\u0161ana &#8211; personas datu nos\u016bt\u012b\u0161ana<\/p>\n\n<p>\u0101rvalsts teritorij\u0101 &#8211; \u0101rvalsts iest\u0101dei,<\/p>\n\n<p>\u0101rvalstu priv\u0101tpersona vai \u0101rvalstu juridiska persona;<\/p>\n\n<p>13. Personas datu izn\u012bcin\u0101\u0161ana &#8211; jebkuras darb\u012bbas, kuru rezult\u0101ts ir<\/p>\n\n<p>personas dati tiek neatgriezeniski izn\u012bcin\u0101ti, ne\u013caujot tos turpm\u0101k<\/p>\n\n<p>personas datu satura atjauno\u0161ana inform\u0101cijas sist\u0113m\u0101.<\/p>\n\n<p>personas dati un (vai) kuru rezult\u0101t\u0101 tiek izn\u012bcin\u0101ti materi\u0101li.<\/p>\n\n<p>personas datu nes\u0113jiem.<\/p>\n\n<p><strong>3. Operators var apstr\u0101d\u0101t \u0161\u0101dus Lietot\u0101ja personas datus.<\/strong><\/p>\n\n<p>1. Uzv\u0101rds, v\u0101rds, t\u0113vv\u0101rds;<\/p>\n\n<p>2. E-pasta adrese;<\/p>\n\n<p>3. T\u0101lru\u0146u numuri;<\/p>\n\n<p>4. Dzim\u0161anas gads, m\u0113nesis, datums un vieta;<\/p>\n\n<p>5. Inform\u0101cija par izgl\u012bt\u012bbu, profesiju, specialit\u0101ti un kvalifik\u0101ciju, rekviz\u012bti<\/p>\n\n<p>izgl\u012bt\u012bbas sertifik\u0101ti;<\/p>\n\n<p>6. Inform\u0101cija par iepriek\u0161\u0113jiem amatiem un darba pieredzi, milit\u0101ro dienestu,<\/p>\n\n<p>milit\u0101r\u0101 gr\u0101matved\u012bba;<\/p>\n\n<p>7. Vietn\u0113 tiek v\u0101kti un apstr\u0101d\u0101ti ar\u012b bezpersoniski dati par apmekl\u0113t\u0101jiem.<\/p>\n\n<p>(tostarp s\u012bkfailus), izmantojot interneta statistikas pakalpojumus (Yandex Metrika<\/p>\n\n<p>Google Analytics un citi).<\/p>\n\n<p>8. Uz iepriek\u0161 min\u0113tajiem datiem t\u0101l\u0101k atsaucas saska\u0146\u0101 ar politiku, kas apvienota ar kop\u012bgu<\/p>\n\n<p>personas datu j\u0113dziens.<\/p>\n\n<p><strong>4. Personas datu apstr\u0101des m\u0113r\u0137is<\/strong><\/p>\n\n<p>1. Lietot\u0101ja personas datu apstr\u0101des m\u0113r\u0137is ir nosl\u0113gt, izpild\u012bt un apstr\u0101d\u0101t Lietot\u0101ja personas datus.<\/p>\n\n<p>civiltiesisko l\u012bgumu izbeig\u0161ana.<\/p>\n\n<p>2. T\u0101pat Operatoram ir ties\u012bbas pazi\u0146ot Lietot\u0101jam par jauniem<\/p>\n\n<p>produktus un pakalpojumus, \u012bpa\u0161os pied\u0101v\u0101jumus un da\u017e\u0101dus pas\u0101kumus. Lietot\u0101js vienm\u0113r var atteikties sa\u0146emt informat\u012bvos zi\u0146ojumus, nos\u016btot v\u0113stuli Operatoram uz e-pasta adresi b2c@ortoto.com ar atz\u012bmi: &#8220;Atteik\u0161an\u0101s no pazi\u0146ojumu sa\u0146em\u0161anas par jauniem produktiem un pakalpojumiem un \u012bpa\u0161iem pied\u0101v\u0101jumiem&#8221;. <\/p>\n\n<p>3. Interneta pakalpojumu statistik\u0101 apkopotie nepersoniskie lietot\u0101ja dati tiek izmantoti, lai apkopotu inform\u0101ciju par lietot\u0101ju darb\u012bb\u0101m vietn\u0113, uzlabotu vietnes un t\u0101s satura kvalit\u0101ti.<\/p>\n\n<p><strong>5. Personas datu apstr\u0101des juridiskais pamats<\/strong><\/p>\n\n<p>1. Operators apstr\u0101d\u0101 Lietot\u0101ja personas datus tikai \u0161\u0101dos gad\u012bjumos.<\/p>\n\n<p>to aizpild\u012b\u0161anu un\/vai nos\u016bt\u012b\u0161anu, ko Lietot\u0101js veic patst\u0101v\u012bgi, izmantojot \u012bpa\u0161us<\/p>\n\n<p>veidlapas, kas atrodas vietn\u0113 www.ortoto.com. Aizpildot attiec\u012bg\u0101s <\/p>\n\n<p>veidlapas un\/vai personas datu nos\u016bt\u012b\u0161ana Operatoram, Lietot\u0101jam.<\/p>\n\n<p>piekr\u012bt \u0161ai politikai.<\/p>\n\n<p>2. Operators apstr\u0101d\u0101 bezpersoniskos datus par Lietot\u0101ju, ja tie ir<\/p>\n\n<p>at\u013cauts Lietot\u0101ja p\u0101rl\u016bkprogrammas iestat\u012bjumos (iesp\u0113jota failu saglab\u0101\u0161ana<\/p>\n\n<p>s\u012bkdatnes un javascript tehnolo\u0123ijas izmanto\u0161ana).<\/p>\n\n<p><strong>6. Personas datu v\u0101k\u0161anas, glab\u0101\u0161anas, p\u0101rs\u016bt\u012b\u0161anas un citu personas datu apstr\u0101des veidu k\u0101rt\u012bba.<\/strong><\/p>\n\n<p>Operatora apstr\u0101d\u0101to personas datu dro\u0161\u012bba tiek nodro\u0161in\u0101ta, \u012bstenojot juridiskus, organizatoriskus un tehniskus pas\u0101kumus, kas ir j\u0101\u012bsteno atbilsto\u0161i sp\u0113k\u0101 eso\u0161o ties\u012bbu aktu pras\u012bb\u0101m personas datu aizsardz\u012bbas jom\u0101.<\/p>\n\n<p>1. Operators nodro\u0161ina personas datu dro\u0161\u012bbu un piekr\u012bt visiem<\/p>\n\n<p>iesp\u0113jamie pas\u0101kumi, kas liedz piek\u013cuvi personas datiem<\/p>\n\n<p>nepiedero\u0161as personas.<\/p>\n\n<p>2. Lietot\u0101ja personas dati nek\u0101dos apst\u0101k\u013cos netiks<\/p>\n\n<p>nodotas tre\u0161\u0101m person\u0101m, iz\u0146emot gad\u012bjumus, kas saist\u012bti ar izpildi.<\/p>\n\n<p>sp\u0113k\u0101 eso\u0161ie ties\u012bbu akti.<\/p>\n\n<p>3. Gad\u012bjum\u0101, ja tiek konstat\u0113tas neprecizit\u0101tes personas datos, Lietot\u0101js var<\/p>\n\n<p>atjaunin\u0101t tos pats, nos\u016btot pazi\u0146ojumu uz Operatora e-pasta adresi: b2c@ortoto.com, kas atz\u012bm\u0113ta k\u0101 &#8220;Atjaunin\u0101t personas datus.<\/p>\n\n<p>4. Personas datu apstr\u0101des termi\u0146\u0161 ir neierobe\u017eots. Lietot\u0101js <\/p>\n\n<p>jebkur\u0101 laik\u0101 var atsaukt savu piekri\u0161anu personas datu apstr\u0101dei, nos\u016btot pazi\u0146ojumu Operatoram pa e-pastu: b2c@ortoto.com ar nor\u0101di &#8220;Piekri\u0161anas atsauk\u0161ana personas datu apstr\u0101dei.<\/p>\n\n<p><strong>7. Personas datu p\u0101rrobe\u017eu nos\u016bt\u012b\u0161ana<\/strong><\/p>\n\n<p>1. Operatoram pirms personas datu p\u0101rrobe\u017eu nodo\u0161anas uzs\u0101k\u0161anas ir pien\u0101kums p\u0101rliecin\u0101ties, vai \u0101rvalsts, kuras teritorij\u0101 paredz\u0113ts nodot personas datus, nodro\u0161ina uzticamu personas datu subjektu ties\u012bbu aizsardz\u012bbu.<\/p>\n\n<p>2. Personas datu p\u0101rrobe\u017eu p\u0101rs\u016bt\u012b\u0161anu \u0101rvalstu teritorij\u0101, kas neatbilst iepriek\u0161 min\u0113taj\u0101m pras\u012bb\u0101m, var \u012bstenot tikai tad, ja ir sa\u0146emta personas datu subjekta rakstiska piekri\u0161ana par vi\u0146a personas datu p\u0101rrobe\u017eu p\u0101rs\u016bt\u012b\u0161anu un \/ vai izpildi.<\/p>\n\n<p>l\u012bgums, uz kuru attiecas personas dati.<\/p>\n\n<p>8. Nobeiguma noteikumi<\/p>\n\n<p>1. Lietot\u0101js var sa\u0146emt jebk\u0101dus paskaidrojumus par interes\u0113jo\u0161iem jaut\u0101jumiem, kas saist\u012bti ar vi\u0146a personas datu apstr\u0101di, sazinoties ar Operatoru, izmantojot e-pasta adresi b2c@ortoto.com.<\/p>\n\n<p>2. \u0160aj\u0101 dokument\u0101 tiks atspogu\u013cotas visas izmai\u0146as apstr\u0101des politik\u0101.<\/p>\n\n<p>personas datus, ko veic Operators. \u0160\u012b politika ir sp\u0113k\u0101 neierobe\u017eotu laiku, l\u012bdz t\u0101 tiek aizst\u0101ta ar jaunu versiju. <\/p>\n\n<p>3. Pa\u0161reiz\u0113j\u0101 politikas redakcija ir br\u012bvi pieejama internet\u0101: www.ortoto.com.<\/p>\n\n<p><\/p>\n","protected":false},"excerpt":{"rendered":"<p>Konfidencialit\u0101tes politika 1. Visp\u0101r\u012bgi noteikumi \u0160\u012b konfidencialit\u0101tes politika ir izstr\u0101d\u0101ta saska\u0146\u0101 ar 2018. gada 25. maija VDAR pras\u012bbas &#8220;Par personas datiem&#8221; un nosaka personas datu apstr\u0101des k\u0101rt\u012bbu un pas\u0101kumus, lai nodro\u0161in\u0101tu, ka personas datu dro\u0161\u012bbu SIA SPM ORTOTO (turpm\u0101k &#8211; Operators). 1. Operators izvirza savu svar\u012bg\u0101ko m\u0113r\u0137i un nosac\u012bjumu, lai \u012bstenotu savu uzdevumu. darb\u012bbas iev\u0113ro [&hellip;]<\/p>\n","protected":false},"author":1,"featured_media":0,"parent":0,"menu_order":0,"comment_status":"closed","ping_status":"closed","template":"","meta":{"_acf_changed":false,"footnotes":""},"class_list":["post-5497","page","type-page","status-publish","hentry"],"acf":[],"yoast_head":"<!-- This site is optimized with the Yoast SEO plugin v26.5 - https:\/\/yoast.com\/wordpress\/plugins\/seo\/ -->\n<title>%%%%%%%Konfidencialit\u0101tes politika% % -% %<\/title>\n<meta name=\"robots\" content=\"index, follow, max-snippet:-1, max-image-preview:large, max-video-preview:-1\" \/>\n<link rel=\"canonical\" href=\"https:\/\/ortoto.com\/lv\/konfidencialitates-politika\/\" \/>\n<meta property=\"og:locale\" content=\"lv_LV\" \/>\n<meta property=\"og:type\" content=\"article\" \/>\n<meta property=\"og:title\" content=\"%%%%%%%Konfidencialit\u0101tes politika% % -% %\" \/>\n<meta property=\"og:description\" content=\"Konfidencialit\u0101tes politika 1. Visp\u0101r\u012bgi noteikumi \u0160\u012b konfidencialit\u0101tes politika ir izstr\u0101d\u0101ta saska\u0146\u0101 ar 2018. gada 25. maija VDAR pras\u012bbas &#8220;Par personas datiem&#8221; un nosaka personas datu apstr\u0101des k\u0101rt\u012bbu un pas\u0101kumus, lai nodro\u0161in\u0101tu, ka personas datu dro\u0161\u012bbu SIA SPM ORTOTO (turpm\u0101k &#8211; Operators). 1. Operators izvirza savu svar\u012bg\u0101ko m\u0113r\u0137i un nosac\u012bjumu, lai \u012bstenotu savu uzdevumu. darb\u012bbas iev\u0113ro [&hellip;]\" \/>\n<meta property=\"og:url\" content=\"https:\/\/ortoto.com\/lv\/konfidencialitates-politika\/\" \/>\n<meta property=\"og:site_name\" content=\"Ortoto\" \/>\n<meta property=\"article:modified_time\" content=\"2026-05-06T00:25:49+00:00\" \/>\n<meta name=\"twitter:card\" content=\"summary_large_image\" \/>\n<meta name=\"twitter:label1\" content=\"Paredzamais las\u012b\u0161anas laiks \" \/>\n\t<meta name=\"twitter:data1\" content=\"7 min\u016btes\" \/>\n<script type=\"application\/ld+json\" class=\"yoast-schema-graph\">{\"@context\":\"https:\/\/schema.org\",\"@graph\":[{\"@type\":\"WebPage\",\"@id\":\"https:\/\/ortoto.com\/lv\/konfidencialitates-politika\/\",\"url\":\"https:\/\/ortoto.com\/lv\/konfidencialitates-politika\/\",\"name\":\"%%%%%%%Konfidencialit\u0101tes politika% % -% %\",\"isPartOf\":{\"@id\":\"https:\/\/ortoto.com\/lv\/#website\"},\"datePublished\":\"2024-10-01T04:52:13+00:00\",\"dateModified\":\"2026-05-06T00:25:49+00:00\",\"breadcrumb\":{\"@id\":\"https:\/\/ortoto.com\/lv\/konfidencialitates-politika\/#breadcrumb\"},\"inLanguage\":\"lv\",\"potentialAction\":[{\"@type\":\"ReadAction\",\"target\":[\"https:\/\/ortoto.com\/lv\/konfidencialitates-politika\/\"]}]},{\"@type\":\"BreadcrumbList\",\"@id\":\"https:\/\/ortoto.com\/lv\/konfidencialitates-politika\/#breadcrumb\",\"itemListElement\":[{\"@type\":\"ListItem\",\"position\":1,\"name\":\"S\u0101kums\",\"item\":\"https:\/\/ortoto.com\/lv\/\"},{\"@type\":\"ListItem\",\"position\":2,\"name\":\"Konfidencialit\u0101tes politika\"}]},{\"@type\":\"WebSite\",\"@id\":\"https:\/\/ortoto.com\/lv\/#website\",\"url\":\"https:\/\/ortoto.com\/lv\/\",\"name\":\"Ortoto\",\"description\":\"Massage Puzzle Mats\",\"potentialAction\":[{\"@type\":\"SearchAction\",\"target\":{\"@type\":\"EntryPoint\",\"urlTemplate\":\"https:\/\/ortoto.com\/lv\/?s={search_term_string}\"},\"query-input\":{\"@type\":\"PropertyValueSpecification\",\"valueRequired\":true,\"valueName\":\"search_term_string\"}}],\"inLanguage\":\"lv\"}]}<\/script>\n<!-- \/ Yoast SEO plugin. -->","yoast_head_json":{"title":"%%%%%%%Konfidencialit\u0101tes politika% % -% %","robots":{"index":"index","follow":"follow","max-snippet":"max-snippet:-1","max-image-preview":"max-image-preview:large","max-video-preview":"max-video-preview:-1"},"canonical":"https:\/\/ortoto.com\/lv\/konfidencialitates-politika\/","og_locale":"lv_LV","og_type":"article","og_title":"%%%%%%%Konfidencialit\u0101tes politika% % -% %","og_description":"Konfidencialit\u0101tes politika 1. Visp\u0101r\u012bgi noteikumi \u0160\u012b konfidencialit\u0101tes politika ir izstr\u0101d\u0101ta saska\u0146\u0101 ar 2018. gada 25. maija VDAR pras\u012bbas &#8220;Par personas datiem&#8221; un nosaka personas datu apstr\u0101des k\u0101rt\u012bbu un pas\u0101kumus, lai nodro\u0161in\u0101tu, ka personas datu dro\u0161\u012bbu SIA SPM ORTOTO (turpm\u0101k &#8211; Operators). 1. Operators izvirza savu svar\u012bg\u0101ko m\u0113r\u0137i un nosac\u012bjumu, lai \u012bstenotu savu uzdevumu. darb\u012bbas iev\u0113ro [&hellip;]","og_url":"https:\/\/ortoto.com\/lv\/konfidencialitates-politika\/","og_site_name":"Ortoto","article_modified_time":"2026-05-06T00:25:49+00:00","twitter_card":"summary_large_image","twitter_misc":{"Paredzamais las\u012b\u0161anas laiks ":"7 min\u016btes"},"schema":{"@context":"https:\/\/schema.org","@graph":[{"@type":"WebPage","@id":"https:\/\/ortoto.com\/lv\/konfidencialitates-politika\/","url":"https:\/\/ortoto.com\/lv\/konfidencialitates-politika\/","name":"%%%%%%%Konfidencialit\u0101tes politika% % -% %","isPartOf":{"@id":"https:\/\/ortoto.com\/lv\/#website"},"datePublished":"2024-10-01T04:52:13+00:00","dateModified":"2026-05-06T00:25:49+00:00","breadcrumb":{"@id":"https:\/\/ortoto.com\/lv\/konfidencialitates-politika\/#breadcrumb"},"inLanguage":"lv","potentialAction":[{"@type":"ReadAction","target":["https:\/\/ortoto.com\/lv\/konfidencialitates-politika\/"]}]},{"@type":"BreadcrumbList","@id":"https:\/\/ortoto.com\/lv\/konfidencialitates-politika\/#breadcrumb","itemListElement":[{"@type":"ListItem","position":1,"name":"S\u0101kums","item":"https:\/\/ortoto.com\/lv\/"},{"@type":"ListItem","position":2,"name":"Konfidencialit\u0101tes politika"}]},{"@type":"WebSite","@id":"https:\/\/ortoto.com\/lv\/#website","url":"https:\/\/ortoto.com\/lv\/","name":"Ortoto","description":"Massage Puzzle Mats","potentialAction":[{"@type":"SearchAction","target":{"@type":"EntryPoint","urlTemplate":"https:\/\/ortoto.com\/lv\/?s={search_term_string}"},"query-input":{"@type":"PropertyValueSpecification","valueRequired":true,"valueName":"search_term_string"}}],"inLanguage":"lv"}]}},"_links":{"self":[{"href":"https:\/\/ortoto.com\/lv\/wp-json\/wp\/v2\/pages\/5497","targetHints":{"allow":["GET"]}}],"collection":[{"href":"https:\/\/ortoto.com\/lv\/wp-json\/wp\/v2\/pages"}],"about":[{"href":"https:\/\/ortoto.com\/lv\/wp-json\/wp\/v2\/types\/page"}],"author":[{"embeddable":true,"href":"https:\/\/ortoto.com\/lv\/wp-json\/wp\/v2\/users\/1"}],"replies":[{"embeddable":true,"href":"https:\/\/ortoto.com\/lv\/wp-json\/wp\/v2\/comments?post=5497"}],"version-history":[{"count":2,"href":"https:\/\/ortoto.com\/lv\/wp-json\/wp\/v2\/pages\/5497\/revisions"}],"predecessor-version":[{"id":5503,"href":"https:\/\/ortoto.com\/lv\/wp-json\/wp\/v2\/pages\/5497\/revisions\/5503"}],"wp:attachment":[{"href":"https:\/\/ortoto.com\/lv\/wp-json\/wp\/v2\/media?parent=5497"}],"curies":[{"name":"wp","href":"https:\/\/api.w.org\/{rel}","templated":true}]}}