{"id":5520,"date":"2024-10-01T06:52:18","date_gmt":"2024-10-01T04:52:18","guid":{"rendered":"https:\/\/ortoto.com\/grozs-2\/"},"modified":"2026-05-06T02:26:13","modified_gmt":"2026-05-06T00:26:13","slug":"grozs-2","status":"publish","type":"page","link":"https:\/\/ortoto.com\/lv\/grozs-2\/","title":{"rendered":"Grozs"},"content":{"rendered":"\n<div data-block-name=\"woocommerce\/cart\" class=\"wp-block-woocommerce-cart alignwide is-loading\">\n<div data-block-name=\"woocommerce\/filled-cart-block\" class=\"wp-block-woocommerce-filled-cart-block\">\n<div data-block-name=\"woocommerce\/cart-items-block\" class=\"wp-block-woocommerce-cart-items-block\">\n<div data-block-name=\"woocommerce\/cart-line-items-block\" class=\"wp-block-woocommerce-cart-line-items-block\"><\/div>\n\n\n\n<div data-block-name=\"woocommerce\/cart-cross-sells-block\" class=\"wp-block-woocommerce-cart-cross-sells-block\">\n<h2 class=\"wp-block-heading has-large-font-size\">Savienojiet to ar:<\/h2>\n\n\n\n<div data-block-name=\"woocommerce\/cart-cross-sells-products-block\" class=\"wp-block-woocommerce-cart-cross-sells-products-block\"><\/div>\n<\/div>\n<\/div>\n\n\n\n<div data-block-name=\"woocommerce\/cart-totals-block\" class=\"wp-block-woocommerce-cart-totals-block\">\n<div data-block-name=\"woocommerce\/cart-order-summary-block\" class=\"wp-block-woocommerce-cart-order-summary-block\">\n<div data-block-name=\"woocommerce\/cart-order-summary-coupon-form-block\" class=\"wp-block-woocommerce-cart-order-summary-coupon-form-block\"><\/div>\n\n\n\n<div data-block-name=\"woocommerce\/cart-order-summary-totals-block\" class=\"wp-block-woocommerce-cart-order-summary-totals-block\">\n<div data-block-name=\"woocommerce\/cart-order-summary-subtotal-block\" class=\"wp-block-woocommerce-cart-order-summary-subtotal-block\"><\/div>\n\n\n\n<div data-block-name=\"woocommerce\/cart-order-summary-fee-block\" class=\"wp-block-woocommerce-cart-order-summary-fee-block\"><\/div>\n\n\n\n<div data-block-name=\"woocommerce\/cart-order-summary-discount-block\" class=\"wp-block-woocommerce-cart-order-summary-discount-block\"><\/div>\n\n\n\n<div data-block-name=\"woocommerce\/cart-order-summary-shipping-block\" class=\"wp-block-woocommerce-cart-order-summary-shipping-block\"><\/div>\n\n\n\n<div data-block-name=\"woocommerce\/cart-order-summary-taxes-block\" class=\"wp-block-woocommerce-cart-order-summary-taxes-block\"><\/div>\n<\/div>\n<\/div>\n\n\n\n<div data-block-name=\"woocommerce\/cart-express-payment-block\" class=\"wp-block-woocommerce-cart-express-payment-block\"><\/div>\n\n\n\n<div data-block-name=\"woocommerce\/proceed-to-checkout-block\" data-button-label=\"Izrakst\u012b\u0161an\u0101s no\" class=\"wp-block-woocommerce-proceed-to-checkout-block\"><\/div>\n\n\n\n<div data-block-name=\"woocommerce\/cart-accepted-payment-methods-block\" class=\"wp-block-woocommerce-cart-accepted-payment-methods-block\"><\/div>\n<\/div>\n<\/div>\n\n\n\n<div data-block-name=\"woocommerce\/empty-cart-block\" class=\"wp-block-woocommerce-empty-cart-block\">\n<h2 class=\"wp-block-heading has-text-align-center with-empty-cart-icon wc-block-cart__empty-cart__title\">J\u016bsu grozs \u0161obr\u012bd ir tuk\u0161s!<\/h2>\n\n\n\n<p class=\"has-text-align-center\"><a href=\"https:\/\/ortoto.com\/shop\/\">P\u0101rl\u016bkot veikalu<\/a><\/p>\n\n\n\n<hr class=\"wp-block-separator has-alpha-channel-opacity is-style-dots\"\/>\n\n\n\n<h2 class=\"wp-block-heading has-text-align-center\">Jaunums veikal\u0101<\/h2>\n\n\n<div data-block-name=\"woocommerce\/product-new\" data-columns=\"4\" data-rows=\"1\" class=\"wc-block-grid wp-block-product-new wp-block-woocommerce-product-new wc-block-product-new has-4-columns\"><ul class=\"wc-block-grid__products\"><li class=\"wc-block-grid__product\">\n\t\t\t\t<a href=\"https:\/\/ortoto.com\/lv\/products\/izglitibas-buvnieciba\/\" class=\"wc-block-grid__product-link\">\n\t\t\t\t\t\n\t\t\t\t\t<div class=\"wc-block-grid__product-image\"><img loading=\"lazy\" width=\"300\" height=\"300\" src=\"https:\/\/ortoto.com\/app\/uploads\/2025\/02\/Ortoto_CombBricks_Scene1_2_noBG_new-300x300.png\" class=\"attachment-woocommerce_thumbnail size-woocommerce_thumbnail\" alt=\"Izgl\u012btojo\u0161ie m\u012bkstie kluc\u012b\u0161i\" srcset=\"https:\/\/ortoto.com\/app\/uploads\/2025\/02\/Ortoto_CombBricks_Scene1_2_noBG_new-300x300.png 300w, https:\/\/ortoto.com\/app\/uploads\/2025\/02\/Ortoto_CombBricks_Scene1_2_noBG_new-150x150.png 150w, https:\/\/ortoto.com\/app\/uploads\/2025\/02\/Ortoto_CombBricks_Scene1_2_noBG_new-100x100.png 100w, https:\/\/ortoto.com\/app\/uploads\/2025\/02\/Ortoto_CombBricks_Scene1_2_noBG_new-50x50.png 50w\" sizes=\"auto, (max-width: 300px) 100vw, 300px\" decoding=\"async\" loading=\"lazy\" \/><\/div>\n\t\t\t\t\t<div class=\"wc-block-grid__product-title\">Izgl\u012btojo\u0161ie m\u012bkstie kluc\u012b\u0161i<\/div>\n\t\t\t\t<\/a>\n\t\t\t\t<div class=\"wc-block-grid__product-price price\"><span class=\"woocommerce-Price-amount amount\">69,00&nbsp;<span class=\"woocommerce-Price-currencySymbol\">&euro;<\/span><\/span><\/div>\n\t\t\t\t\n\t\t\t\t<div class=\"wp-block-button wc-block-grid__product-add-to-cart\"><a href=\"\/lv\/wp-json\/wp\/v2\/pages\/5520?add-to-cart=5198\" aria-label=\"Add to cart: &ldquo;Izgl\u012btojo\u0161ie m\u012bkstie kluc\u012b\u0161i&rdquo;\" data-quantity=\"1\" data-product_id=\"5198\" data-product_sku=\"\" data-price=\"69\" rel=\"nofollow\" class=\"wp-block-button__link  add_to_cart_button ajax_add_to_cart\">Pievienot grozam<\/a><\/div>\n\t\t\t<\/li><li class=\"wc-block-grid__product\">\n\t\t\t\t<a href=\"https:\/\/ortoto.com\/lv\/products\/mindfulness-finger-sensory-labirints\/\" class=\"wc-block-grid__product-link\">\n\t\t\t\t\t\n\t\t\t\t\t<div class=\"wc-block-grid__product-image\"><img loading=\"lazy\" width=\"300\" height=\"300\" src=\"https:\/\/ortoto.com\/app\/uploads\/2025\/01\/Ortoto_Comb6_Scene1_1A_noBG_new-300x300.png\" class=\"attachment-woocommerce_thumbnail size-woocommerce_thumbnail\" alt=\"Mindfulness Finger Sensory Labirints\" srcset=\"https:\/\/ortoto.com\/app\/uploads\/2025\/01\/Ortoto_Comb6_Scene1_1A_noBG_new-300x300.png 300w, https:\/\/ortoto.com\/app\/uploads\/2025\/01\/Ortoto_Comb6_Scene1_1A_noBG_new-150x150.png 150w, https:\/\/ortoto.com\/app\/uploads\/2025\/01\/Ortoto_Comb6_Scene1_1A_noBG_new-100x100.png 100w, https:\/\/ortoto.com\/app\/uploads\/2025\/01\/Ortoto_Comb6_Scene1_1A_noBG_new-50x50.png 50w\" sizes=\"auto, (max-width: 300px) 100vw, 300px\" decoding=\"async\" loading=\"lazy\" \/><\/div>\n\t\t\t\t\t<div class=\"wc-block-grid__product-title\">Mindfulness Finger Sensory Labirints<\/div>\n\t\t\t\t<\/a>\n\t\t\t\t<div class=\"wc-block-grid__product-price price\"><span class=\"woocommerce-Price-amount amount\">29,50&nbsp;<span class=\"woocommerce-Price-currencySymbol\">&euro;<\/span><\/span><\/div>\n\t\t\t\t\n\t\t\t\t<div class=\"wp-block-button wc-block-grid__product-add-to-cart\"><a href=\"\/lv\/wp-json\/wp\/v2\/pages\/5520?add-to-cart=5144\" aria-label=\"Add to cart: &ldquo;Mindfulness Finger Sensory Labirints&rdquo;\" data-quantity=\"1\" data-product_id=\"5144\" data-product_sku=\"OTO-S-SLB\" data-price=\"29.5\" rel=\"nofollow\" class=\"wp-block-button__link  add_to_cart_button ajax_add_to_cart\">Pievienot grozam<\/a><\/div>\n\t\t\t<\/li><li class=\"wc-block-grid__product\">\n\t\t\t\t<a href=\"https:\/\/ortoto.com\/lv\/products\/roku-un-kaju-koordinacijas-spele-mini-komplekts\/\" class=\"wc-block-grid__product-link\">\n\t\t\t\t\t\n\t\t\t\t\t<div class=\"wc-block-grid__product-image\"><img loading=\"lazy\" width=\"300\" height=\"300\" src=\"https:\/\/ortoto.com\/app\/uploads\/2025\/01\/Ortoto_Comb_Mini_Scene1_1B_noBG_new-300x300.png\" class=\"attachment-woocommerce_thumbnail size-woocommerce_thumbnail\" alt=\"Roku un k\u0101ju koordin\u0101cijas sp\u0113le MINI komplekts\" srcset=\"https:\/\/ortoto.com\/app\/uploads\/2025\/01\/Ortoto_Comb_Mini_Scene1_1B_noBG_new-300x300.png 300w, https:\/\/ortoto.com\/app\/uploads\/2025\/01\/Ortoto_Comb_Mini_Scene1_1B_noBG_new-150x150.png 150w, https:\/\/ortoto.com\/app\/uploads\/2025\/01\/Ortoto_Comb_Mini_Scene1_1B_noBG_new-100x100.png 100w, https:\/\/ortoto.com\/app\/uploads\/2025\/01\/Ortoto_Comb_Mini_Scene1_1B_noBG_new-50x50.png 50w\" sizes=\"auto, (max-width: 300px) 100vw, 300px\" decoding=\"async\" loading=\"lazy\" \/><\/div>\n\t\t\t\t\t<div class=\"wc-block-grid__product-title\">Roku un k\u0101ju koordin\u0101cijas sp\u0113le MINI komplekts<\/div>\n\t\t\t\t<\/a>\n\t\t\t\t<div class=\"wc-block-grid__product-price price\"><span class=\"woocommerce-Price-amount amount\">69,00&nbsp;<span class=\"woocommerce-Price-currencySymbol\">&euro;<\/span><\/span><\/div>\n\t\t\t\t\n\t\t\t\t<div class=\"wp-block-button wc-block-grid__product-add-to-cart\"><a href=\"\/lv\/wp-json\/wp\/v2\/pages\/5520?add-to-cart=5079\" aria-label=\"Add to cart: &ldquo;Roku un k\u0101ju koordin\u0101cijas sp\u0113le MINI komplekts&rdquo;\" data-quantity=\"1\" data-product_id=\"5079\" data-product_sku=\"OTO-S-MIN12\" data-price=\"69\" rel=\"nofollow\" class=\"wp-block-button__link  add_to_cart_button ajax_add_to_cart\">Pievienot grozam<\/a><\/div>\n\t\t\t<\/li><li class=\"wc-block-grid__product\">\n\t\t\t\t<a href=\"https:\/\/ortoto.com\/lv\/products\/sensorais-paklajs-pilns-komplekts\/\" class=\"wc-block-grid__product-link\">\n\t\t\t\t\t\n\t\t\t\t\t<div class=\"wc-block-grid__product-image\"><img loading=\"lazy\" width=\"300\" height=\"300\" src=\"https:\/\/ortoto.com\/app\/uploads\/2025\/01\/Adobe-Express-file-300x300.png\" class=\"attachment-woocommerce_thumbnail size-woocommerce_thumbnail\" alt=\"Sensorais pakl\u0101js (pilns komplekts)\" srcset=\"https:\/\/ortoto.com\/app\/uploads\/2025\/01\/Adobe-Express-file-300x300.png 300w, https:\/\/ortoto.com\/app\/uploads\/2025\/01\/Adobe-Express-file-150x150.png 150w, https:\/\/ortoto.com\/app\/uploads\/2025\/01\/Adobe-Express-file-100x100.png 100w, https:\/\/ortoto.com\/app\/uploads\/2025\/01\/Adobe-Express-file-50x50.png 50w\" sizes=\"auto, (max-width: 300px) 100vw, 300px\" decoding=\"async\" loading=\"lazy\" \/><\/div>\n\t\t\t\t\t<div class=\"wc-block-grid__product-title\">Sensorais pakl\u0101js (pilns komplekts)<\/div>\n\t\t\t\t<\/a>\n\t\t\t\t<div class=\"wc-block-grid__product-price price\"><span class=\"woocommerce-Price-amount amount\">269,00&nbsp;<span class=\"woocommerce-Price-currencySymbol\">&euro;<\/span><\/span><\/div>\n\t\t\t\t\n\t\t\t\t<div class=\"wp-block-button wc-block-grid__product-add-to-cart\"><a href=\"https:\/\/ortoto.com\/lv\/products\/sensorais-paklajs-pilns-komplekts\/\" aria-label=\"Izv\u0113lieties opcijas priek\u0161 &ldquo;Sensorais pakl\u0101js (pilns komplekts)&rdquo;\" data-quantity=\"1\" data-product_id=\"5045\" data-product_sku=\"\" data-price=\"269\" rel=\"nofollow\" class=\"wp-block-button__link  add_to_cart_button\">Read More<\/a><\/div>\n\t\t\t<\/li><\/ul><\/div><\/div>\n<\/div>\n\n<p><\/p>\n","protected":false},"excerpt":{"rendered":"","protected":false},"author":1,"featured_media":0,"parent":0,"menu_order":0,"comment_status":"closed","ping_status":"closed","template":"","meta":{"_acf_changed":false,"footnotes":""},"class_list":["post-5520","page","type-page","status-publish","hentry"],"acf":[],"yoast_head":"<!-- This site is optimized with the Yoast SEO plugin v26.5 - https:\/\/yoast.com\/wordpress\/plugins\/seo\/ -->\n<title>%%%%%%%Grozs% % -% %<\/title>\n<meta name=\"robots\" content=\"index, follow, max-snippet:-1, max-image-preview:large, max-video-preview:-1\" \/>\n<link rel=\"canonical\" href=\"https:\/\/ortoto.com\/lv\/grozs-2\/\" \/>\n<meta property=\"og:locale\" content=\"lv_LV\" \/>\n<meta property=\"og:type\" content=\"article\" \/>\n<meta property=\"og:title\" content=\"%%%%%%%Grozs% % -% %\" \/>\n<meta property=\"og:url\" content=\"https:\/\/ortoto.com\/lv\/grozs-2\/\" \/>\n<meta property=\"og:site_name\" content=\"Ortoto\" \/>\n<meta property=\"article:modified_time\" content=\"2026-05-06T00:26:13+00:00\" \/>\n<meta name=\"twitter:card\" content=\"summary_large_image\" \/>\n<script type=\"application\/ld+json\" class=\"yoast-schema-graph\">{\"@context\":\"https:\/\/schema.org\",\"@graph\":[{\"@type\":\"WebPage\",\"@id\":\"https:\/\/ortoto.com\/lv\/grozs-2\/\",\"url\":\"https:\/\/ortoto.com\/lv\/grozs-2\/\",\"name\":\"%%%%%%%Grozs% % -% %\",\"isPartOf\":{\"@id\":\"https:\/\/ortoto.com\/lv\/#website\"},\"datePublished\":\"2024-10-01T04:52:18+00:00\",\"dateModified\":\"2026-05-06T00:26:13+00:00\",\"breadcrumb\":{\"@id\":\"https:\/\/ortoto.com\/lv\/grozs-2\/#breadcrumb\"},\"inLanguage\":\"lv\",\"potentialAction\":[{\"@type\":\"ReadAction\",\"target\":[\"https:\/\/ortoto.com\/lv\/grozs-2\/\"]}]},{\"@type\":\"BreadcrumbList\",\"@id\":\"https:\/\/ortoto.com\/lv\/grozs-2\/#breadcrumb\",\"itemListElement\":[{\"@type\":\"ListItem\",\"position\":1,\"name\":\"S\u0101kums\",\"item\":\"https:\/\/ortoto.com\/lv\/\"},{\"@type\":\"ListItem\",\"position\":2,\"name\":\"Grozs\"}]},{\"@type\":\"WebSite\",\"@id\":\"https:\/\/ortoto.com\/lv\/#website\",\"url\":\"https:\/\/ortoto.com\/lv\/\",\"name\":\"Ortoto\",\"description\":\"Massage Puzzle Mats\",\"potentialAction\":[{\"@type\":\"SearchAction\",\"target\":{\"@type\":\"EntryPoint\",\"urlTemplate\":\"https:\/\/ortoto.com\/lv\/?s={search_term_string}\"},\"query-input\":{\"@type\":\"PropertyValueSpecification\",\"valueRequired\":true,\"valueName\":\"search_term_string\"}}],\"inLanguage\":\"lv\"}]}<\/script>\n<!-- \/ Yoast SEO plugin. -->","yoast_head_json":{"title":"%%%%%%%Grozs% % -% %","robots":{"index":"index","follow":"follow","max-snippet":"max-snippet:-1","max-image-preview":"max-image-preview:large","max-video-preview":"max-video-preview:-1"},"canonical":"https:\/\/ortoto.com\/lv\/grozs-2\/","og_locale":"lv_LV","og_type":"article","og_title":"%%%%%%%Grozs% % -% %","og_url":"https:\/\/ortoto.com\/lv\/grozs-2\/","og_site_name":"Ortoto","article_modified_time":"2026-05-06T00:26:13+00:00","twitter_card":"summary_large_image","schema":{"@context":"https:\/\/schema.org","@graph":[{"@type":"WebPage","@id":"https:\/\/ortoto.com\/lv\/grozs-2\/","url":"https:\/\/ortoto.com\/lv\/grozs-2\/","name":"%%%%%%%Grozs% % -% %","isPartOf":{"@id":"https:\/\/ortoto.com\/lv\/#website"},"datePublished":"2024-10-01T04:52:18+00:00","dateModified":"2026-05-06T00:26:13+00:00","breadcrumb":{"@id":"https:\/\/ortoto.com\/lv\/grozs-2\/#breadcrumb"},"inLanguage":"lv","potentialAction":[{"@type":"ReadAction","target":["https:\/\/ortoto.com\/lv\/grozs-2\/"]}]},{"@type":"BreadcrumbList","@id":"https:\/\/ortoto.com\/lv\/grozs-2\/#breadcrumb","itemListElement":[{"@type":"ListItem","position":1,"name":"S\u0101kums","item":"https:\/\/ortoto.com\/lv\/"},{"@type":"ListItem","position":2,"name":"Grozs"}]},{"@type":"WebSite","@id":"https:\/\/ortoto.com\/lv\/#website","url":"https:\/\/ortoto.com\/lv\/","name":"Ortoto","description":"Massage Puzzle Mats","potentialAction":[{"@type":"SearchAction","target":{"@type":"EntryPoint","urlTemplate":"https:\/\/ortoto.com\/lv\/?s={search_term_string}"},"query-input":{"@type":"PropertyValueSpecification","valueRequired":true,"valueName":"search_term_string"}}],"inLanguage":"lv"}]}},"_links":{"self":[{"href":"https:\/\/ortoto.com\/lv\/wp-json\/wp\/v2\/pages\/5520","targetHints":{"allow":["GET"]}}],"collection":[{"href":"https:\/\/ortoto.com\/lv\/wp-json\/wp\/v2\/pages"}],"about":[{"href":"https:\/\/ortoto.com\/lv\/wp-json\/wp\/v2\/types\/page"}],"author":[{"embeddable":true,"href":"https:\/\/ortoto.com\/lv\/wp-json\/wp\/v2\/users\/1"}],"replies":[{"embeddable":true,"href":"https:\/\/ortoto.com\/lv\/wp-json\/wp\/v2\/comments?post=5520"}],"version-history":[{"count":2,"href":"https:\/\/ortoto.com\/lv\/wp-json\/wp\/v2\/pages\/5520\/revisions"}],"predecessor-version":[{"id":5523,"href":"https:\/\/ortoto.com\/lv\/wp-json\/wp\/v2\/pages\/5520\/revisions\/5523"}],"wp:attachment":[{"href":"https:\/\/ortoto.com\/lv\/wp-json\/wp\/v2\/media?parent=5520"}],"curies":[{"name":"wp","href":"https:\/\/api.w.org\/{rel}","templated":true}]}}