{"id":5525,"date":"2024-10-02T13:06:30","date_gmt":"2024-10-02T11:06:30","guid":{"rendered":"https:\/\/ortoto.com\/noteikumi-un-nosacijumi\/"},"modified":"2026-05-06T02:26:13","modified_gmt":"2026-05-06T00:26:13","slug":"noteikumi-un-nosacijumi","status":"publish","type":"page","link":"https:\/\/ortoto.com\/lv\/noteikumi-un-nosacijumi\/","title":{"rendered":"Noteikumi un nosac\u012bjumi"},"content":{"rendered":"\n<p class=\"has-medium-font-size\"><strong>Noteikumi un nosac\u012bjumi<\/strong><\/p>\n\n<p><strong>P\u0101rdev\u0113js <\/strong>&#8211; sabiedr\u012bba ar ierobe\u017eotu atbild\u012bbu SPM ORTOTO re\u0123istr\u0101cijas numurs &#8211; 40203618163, PVN maks\u0101t\u0101ja numurs LV40203618163, juridisk\u0101 adrese Bazn\u012bcas iela 13-19, R\u012bga, LV-1010, Latvija, e-pasts: b2c@ortoto.com .<\/p>\n\n<p><strong>Pat\u0113r\u0113t\u0101js<\/strong> &#8211; fiziska persona, kas izsaka v\u0113lmi ieg\u0101d\u0101ties, ieg\u0101d\u0101jas vai var\u0113tu ieg\u0101d\u0101ties, vai izmanto preci vai pakalpojumu nol\u016bkam, kas nav saist\u012bts ar t\u0101s saimniecisko vai profesion\u0101lo darb\u012bbu;<\/p>\n\n<p><strong>Pirc\u0113js<\/strong> &#8211; persona, kas veic pre\u010du ieg\u0101di P\u0101rdev\u0113ja interneta vietn\u0113. Pirc\u0113js var b\u016bt gan pat\u0113r\u0113t\u0101js, gan persona, kas nav pat\u0113r\u0113t\u0101js; <\/p>\n\n<p><strong>Preces<\/strong> &#8211; jebkura prece, kas tiek pied\u0101v\u0101ta vai p\u0101rdota pat\u0113r\u0113t\u0101jam, izmantojot interneta vietni;<\/p>\n\n<p><strong>Ra\u017eot\u0101js<\/strong> &#8211; persona, kas savas saimniecisk\u0101s vai profesion\u0101l\u0101s darb\u012bbas ietvaros ra\u017eo vai atjauno preces p\u0101rdo\u0161anai vai identific\u0113 sevi k\u0101 ra\u017eot\u0101ju, nor\u0101dot (mar\u0137\u0113jot) uz prec\u0113m vai to iepakojuma, vai pre\u010du tehniskaj\u0101 dokument\u0101cij\u0101 savu nosaukumu (firmu), v\u0101rdu, uzv\u0101rdu, pre\u010du z\u012bmi vai citu at\u0161\u0137ir\u012bbas z\u012bmi;<\/p>\n\n<p><strong>Ties\u012bbu akti<\/strong> &#8211; Ministru kabineta 2014. gada 20. maija noteikumi Nr. 20 &#8220;Noteikumi par distances l\u012bgumu&#8221;, EIROPAS PARLAMENTA UN PADOMES DIREKT\u012aVA 2011\/83\/ES (2011. gada 25. oktobris) par pat\u0113r\u0113t\u0101ju ties\u012bb\u0101m, ar ko groza Padomes Direkt\u012bvu 93\/13\/EEK un Eiropas Parlamenta un Padomes Direkt\u012bvu 1999\/44\/EK un atce\u013c Padomes Direkt\u012bvu 85\/577\/EEK un Eiropas Parlamenta un Padomes Direkt\u012bvu 97\/7\/EK, Civillikums, Komerclikums un citi saist\u012btie ties\u012bbu akti;<\/p>\n\n<p><strong>Garantija<\/strong> &#8211; ra\u017eot\u0101ja, p\u0101rdev\u0113ja vai tirgot\u0101ja bezmaksas sol\u012bjums atmaks\u0101t par prec\u0113m vai izstr\u0101d\u0101jumiem samaks\u0101to naudas summu, apmain\u012bt preces vai izstr\u0101d\u0101jumus pret atbilsto\u0161\u0101m prec\u0113m vai izstr\u0101d\u0101jumiem, bez maksas nov\u0113rst pre\u010du vai izstr\u0101d\u0101jumu neatbilst\u012bbu vai veikt citas darb\u012bbas, ja preces vai izstr\u0101d\u0101jumi neatbilst rekl\u0101m\u0101 nor\u0101d\u012btaj\u0101m \u012bpa\u0161\u012bb\u0101m;<\/p>\n\n<p><strong>Lieto\u0161anas noteikumi<\/strong> &#8211; ra\u017eot\u0101ja vai pakalpojuma sniedz\u0113ja nor\u0101d\u012bjumi, kurus iev\u0113rojot, preces vai pakalpojumi saglab\u0101 savas ekspluat\u0101cijas (izmanto\u0161anas) \u012bpa\u0161\u012bbas un atbilsto\u0161u kvalit\u0101ti, k\u0101 ar\u012b nerada draudus Pat\u0113r\u0113t\u0101ja \u012bpa\u0161umam, vesel\u012bbai un dz\u012bv\u012bbai un videi;<\/p>\n\n<p><strong>Cenas<\/strong> &#8211; Interneta vietn\u0113 nor\u0101d\u012bt\u0101 preces gal\u012bg\u0101 cena, ieskaitot nodok\u013cus un nodevas, par k\u0101du P\u0101rdev\u0113js p\u0101rdod preces \u0161aj\u0101 t\u012bmek\u013ca vietn\u0113. Cen\u0101 nav iek\u013cautas preces pieg\u0101des izmaksas; <\/p>\n\n<p><strong>Interneta vietne<\/strong> &#8211; P\u0101rdev\u0113ja t\u012bmek\u013ca vietne www.ortoto.com ;<\/p>\n\n<p><strong>Puses <\/strong>&#8211; P\u0101rdev\u0113js un Pirc\u0113js;<\/p>\n\n<p><strong>Visp\u0101r\u012bgie noteikumi un nosac\u012bjumi<\/strong> &#8211; pa\u0161reiz\u0113jie noteikumi ( <strong>Visp\u0101r\u012bgie noteikumi un nosac\u012bjumi<\/strong>).<\/p>\n\n<p><strong>1. Visp\u0101r\u012bgi noteikumi<\/strong><\/p>\n\n<p>1.1. \u0160ie Noteikumi nosaka tiesisk\u0101s attiec\u012bbas starp Pirc\u0113ju un P\u0101rdev\u0113ju.<\/p>\n\n<p>1.2. Pirms turpin\u0101t izmantot \u0161o t\u012bmek\u013ca vietni, l\u016bdzu, r\u016bp\u012bgi izlasiet \u0161os lieto\u0161anas noteikumus.<\/p>\n\n<p>1.3. Lietojot interneta vietni, lietot\u0101js piekr\u012bt iev\u0113rot \u0161os Noteikumus.<\/p>\n\n<p>1.4. P\u0101rdev\u0113js var da\u013c\u0113ji vai piln\u012bb\u0101 dz\u0113st, main\u012bt, atjaunin\u0101t inform\u0101ciju interneta vietn\u0113 bez iepriek\u0161\u0113ja br\u012bdin\u0101juma.<\/p>\n\n<p>1.5. Attiec\u012bgo pre\u010du att\u0113li un apraksts var nedaudz at\u0161\u0137irties no pied\u0101v\u0101t\u0101 produkta.<\/p>\n\n<p><strong>2. Atteikuma ties\u012bbu izmanto\u0161ana<\/strong><\/p>\n\n<p>2.1. Pat\u0113r\u0113t\u0101js var izmantot atteikuma ties\u012bbas un vienpus\u0113ji atteikties no preces 14 (\u010detrpadsmit) dienu laik\u0101, sedzot izdevumus saska\u0146\u0101 ar ties\u012bbu aktiem.<\/p>\n\n<p>2.2. Atteikuma ties\u012bbu izmanto\u0161anas termi\u0146u apr\u0113\u0137ina no pre\u010du pieg\u0101des dienas &#8211; ja pas\u016bt\u012bta viena prece; no p\u0113d\u0113j\u0101s preces pieg\u0101des dienas &#8211; ja pas\u016bt\u012bjum\u0101 ir vair\u0101kas preces; no p\u0113d\u0113j\u0101s pre\u010du partijas vai da\u013cu pieg\u0101des dienas &#8211; ja pieg\u0101de j\u0101veic partij\u0101s vai da\u013c\u0101s.<\/p>\n\n<p>2.3. Atteikuma ties\u012bbu izmanto\u0161ana noz\u012bm\u0113 Pirc\u0113ja pazi\u0146ojumu par atteik\u0161anos no prec\u0113m un to iesnieg\u0161anu vai nos\u016bt\u012b\u0161anu P\u0101rdev\u0113jam.<\/p>\n\n<p>2.4. Pazi\u0146ojumu par atteikumu pat\u0113r\u0113t\u0101js var izmantot, lai izmantotu P\u0101rdev\u0113ja atteikuma veidlapu vai jebkuru citu skaidri izteiktu vai netie\u0161u pazi\u0146ojumu par atteikumu, kur\u0101 pat\u0113r\u0113t\u0101jam oblig\u0101ti j\u0101nor\u0101da:<br\/><br\/>Adres\u0101ts (P\u0101rdev\u0113ja nosaukums, faktisk\u0101 adrese, t\u0101lru\u0146a numurs, e-pasta adrese)<br\/><br\/>Es apliecinu, ka v\u0113los atteikties no \u0161\u0101das preces ieg\u0101des<br\/>Pas\u016bt\u012bjuma datums \/ sa\u0146em\u0161anas datums<br\/>Pat\u0113r\u0113t\u0101ja v\u0101rds un uzv\u0101rds<br\/>Pat\u0113r\u0113t\u0101ja adrese<br\/>Pat\u0113r\u0113t\u0101ja paraksts (tikai tad, ja \u0161\u012b veidlapa tiek nos\u016bt\u012bta uz pap\u012bra)<br\/>Datums<\/p>\n\n<p>2.5. Atgriezt\u0101s preces pat\u0113r\u0113t\u0101jam j\u0101pieg\u0101d\u0101 pieg\u0101des uz\u0146\u0113mumam, un t\u0101m j\u0101b\u016bt piln\u012bb\u0101 nokomplekt\u0113t\u0101m.<\/p>\n\n<p>2.6.Izmantojot atteikuma ties\u012bbas, Pat\u0113r\u0113t\u0101js var atgriezt preci P\u0101rdev\u0113jam bez iepakojuma, ja Pat\u0113r\u0113t\u0101js nav var\u0113jis apskat\u012bt preci, neatverot iepakojumu, un nav bijis iesp\u0113jams saglab\u0101t preces iepakojumu, piem\u0113ram, iepakojuma izm\u0113ra d\u0113\u013c, jo tas nav neat\u0146emama preces sast\u0101vda\u013ca.<\/p>\n\n<p>2.7. Atteikuma veidlapas iesnieg\u0161ana vai atteikuma ties\u012bbu izmanto\u0161ana izbeidz l\u012bgumu un atbr\u012bvo pat\u0113r\u0113t\u0101ju no jebk\u0101d\u0101m l\u012bgumsaist\u012bb\u0101m, kas izriet no l\u012bguma, vai no pien\u0101kuma nosl\u0113gt \u0161\u0101du l\u012bgumu, ja pied\u0101v\u0101jumu ir iesniedzis pat\u0113r\u0113t\u0101js.<\/p>\n\n<p>2.8. Pat\u0113r\u0113t\u0101js nevar izmantot atteikuma ties\u012bbas, ja prece ir izgatavota saska\u0146\u0101 ar Pat\u0113r\u0113t\u0101ja nor\u0101d\u012bjumiem vai prece ir skaidri personaliz\u0113ta; ja prece \u0101tri boj\u0101jas vai t\u0101s der\u012bguma termi\u0146\u0161 dr\u012bz beigsies; ja Pat\u0113r\u0113t\u0101js ir atv\u0113ris iepakojumu; preci vesel\u012bbas un higi\u0113nas apsv\u0113rumu d\u0113\u013c nevar atdot atpaka\u013c; prece pieg\u0101des d\u0113\u013c ir neatgriezeniski sajaukta ar cit\u0101m liet\u0101m utt. Pre\u010du atgrie\u0161ana neattiecas uz grieztiem ziediem, ziedu pu\u0161\u0137iem, ziedu kompoz\u012bcij\u0101m un telpaugiem. <\/p>\n\n<p>2.9.Atmaks\u0101t\u0101 summa tiek ieskait\u012bta atpaka\u013c, izmantojot s\u0101kotn\u0113jo maks\u0101juma metodi.<\/p>\n\n<p>3. <strong>Pat\u0113r\u0113t\u0101ju atbild\u012bba<\/strong><\/p>\n\n<p>3.1.Pat\u0113r\u0113t\u0101js ir atbild\u012bgs par preces v\u0113rt\u012bbas samazin\u0101\u0161anos vai t\u0101s izmanto\u0161anu pret\u0113ji labtic\u012bbai, ja atteikuma ties\u012bbu izmanto\u0161anas laik\u0101 prece tika izmantota, p\u0101rsniedzot robe\u017eas, kas nepiecie\u0161amas t\u0101s \u012bpa\u0161\u012bbu un veida identific\u0113\u0161anai un p\u0101rbaudei.<\/p>\n\n<p>3.2. Pat\u0113r\u0113t\u0101ja pien\u0101kums ir ne v\u0113l\u0101k k\u0101 14 dienu laik\u0101 p\u0113c rakstiska atteikuma nos\u016bt\u012b\u0161anas atgriezt preci P\u0101rdev\u0113jam. P\u0101rdev\u0113jam ir pien\u0101kums ne v\u0113l\u0101k k\u0101 14 dienu laik\u0101 no dienas, kad vi\u0146\u0161 sa\u0146\u0113mis inform\u0101ciju par Pat\u0113r\u0113t\u0101ja l\u0113mumu atteikties no l\u012bguma, atmaks\u0101t Pat\u0113r\u0113t\u0101jam vi\u0146a samaks\u0101to naudas summu, ieskaitot Pat\u0113r\u0113t\u0101ja samaks\u0101tos pieg\u0101des izdevumus. <\/p>\n\n<p>3.3. Pat\u0113r\u0113t\u0101js ir atbild\u012bgs par produkta kvalit\u0101tes un dro\u0161\u012bbas uztur\u0113\u0161anu atteikuma ties\u012bbu izmanto\u0161anas laik\u0101.<\/p>\n\n<p><strong>4. <\/strong><strong>Garantija<\/strong><\/p>\n\n<p>4.1. Pat\u0113r\u0113t\u0101js ir ties\u012bgs iesniegt P\u0101rdev\u0113jam pretenziju par preces neatbilst\u012bbu divu gadu laik\u0101 no preces ieg\u0101des dienas. Pat\u0113r\u0113t\u0101js aizpilda neatbilst\u012bbas pieteikumu P\u0101rdev\u0113jam divu m\u0113ne\u0161u laik\u0101 no dienas, kad konstat\u0113ts preces defekts. Par preces ieg\u0101des dienu tiek uzskat\u012bta diena, kad P\u0101rdev\u0113js ir nos\u016bt\u012bjis un Pat\u0113r\u0113t\u0101js ir pie\u0146\u0113mis attiec\u012bgo preci.  <\/p>\n\n<p>4.2. Ja Ra\u017eot\u0101js vai P\u0101rdev\u0113js ir devis garantiju precei p\u0113c 4.1. punkt\u0101 min\u0113t\u0101 termi\u0146a beig\u0101m, Pat\u0113r\u0113t\u0101js ir ties\u012bgs iesniegt pretenziju vis\u0101 atliku\u0161aj\u0101 garantijas termi\u0146a laik\u0101 saska\u0146\u0101 ar garantijas dokument\u0101 nor\u0101d\u012btajiem nosac\u012bjumiem. Pat\u0113r\u0113t\u0101ja pretenzija tiek izskat\u012bta saska\u0146\u0101 ar garantijas dokument\u0101 nor\u0101d\u012btajiem nosac\u012bjumiem. <\/p>\n\n<p>4.3. Pieprasot preces defektu Ra\u017eot\u0101jam vai P\u0101rdev\u0113jam, Pat\u0113r\u0113t\u0101js pretenzijas pieteikumam pievieno dar\u012bjumu apliecino\u0161a dokumenta kopiju.<\/p>\n\n<p>4.4. Pat\u0113r\u0113t\u0101ja pretenzija tiks izskat\u012bta 7 darba dienu laik\u0101 no pretenzijas sa\u0146em\u0161anas dienas, un atbilde tiks nos\u016bt\u012bta uz pretenzij\u0101 nor\u0101d\u012bto kontaktinform\u0101cijas adresi. Ja pretenzija tiek atz\u012bta par nepamatotu un Pirc\u0113js tai nepiekr\u012bt, vi\u0146am\/vi\u0146ai ir ties\u012bbas izmantot citas normat\u012bvajos aktos noteikt\u0101s ties\u012bbas. <\/p>\n\n<p><strong>5. Pieg\u0101de<\/strong><\/p>\n\n<p>Starptautisk\u0101 pieg\u0101de vis\u0101 pasaul\u0113  <\/p>\n\n<p>S\u012bk\u0101ku inform\u0101ciju par noteikumiem &#8211; l\u016bdzu, skatiet m\u016bsu pieg\u0101des un atgrie\u0161anas politiku.<\/p>\n\n<p>Ja ar sa\u0146\u0113m\u0113ju nav iesp\u0113jams sazin\u0101ties un vi\u0146\u0161 nav sasniedzams pieg\u0101des adres\u0113, pas\u016bt\u012bjums tiek atgriezts p\u0101rdev\u0113jam un atk\u0101rtoti pieg\u0101d\u0101ts uz nor\u0101d\u012bto adresi cit\u0101 laik\u0101 (papildu samaksa par pieg\u0101di).<\/p>\n\n<p>M\u0113s pazi\u0146osim par pas\u016bt\u012bjuma pieg\u0101di adres\u0101tam.<\/p>\n\n<p>\u0100tras pieg\u0101des gad\u012bjum\u0101 ieteicams sazin\u0101ties ar mums pa t\u0101lruni.<\/p>\n\n<p>Pas\u016bt\u012bjumi, ko veicat \u0101rpus m\u016bsu darba laika, tiks apstr\u0101d\u0101ti n\u0101kamaj\u0101 darba dien\u0101 no r\u012bta.<\/p>\n\n<p><strong>6. Maks\u0101jums<\/strong><\/p>\n\n<p><a><\/a>Samaks\u0101t par Prec\u0113m var vien\u0101 no \u0161\u0101diem veidiem:<br\/>, veicot bezskaidras naudas bankas p\u0101rskait\u012bjumu vai p\u0101rskait\u012bjumu ar Visa vai MasterCard maks\u0101jumu karti tie\u0161saist\u0113.<\/p>\n\n<p>7. <strong>Piem\u0113rojamie ties\u012bbu akti<\/strong><\/p>\n\n<p>7.1. Puses ap\u0146emas visus str\u012bdus, kas saist\u012bti ar \u0161o Noteikumu izpildi vai izriet no t\u0101s, censties atrisin\u0101t savstarp\u0113ju p\u0101rrunu ce\u013c\u0101, bet, ja tas izr\u0101d\u0101s neiesp\u0113jami, str\u012bds tiek nodots iz\u0161\u0137ir\u0161anai ties\u0101.<\/p>\n\n<p>7.2. \u0160ie Noteikumi ir izstr\u0101d\u0101ti saska\u0146\u0101 ar Latvijas Republikas ties\u012bbu aktiem.<\/p>\n\n<p>7.3. Visi str\u012bdi <strong>starp P\u0101rdev\u0113ju un Pirc\u0113ju, kas nav <\/strong><strong>Pat\u0113r\u0113t\u0101js<\/strong>, kas izriet no vai ir saist\u012bti ar \u0161o Noteikumu groz\u012b\u0161anu, izbeig\u0161anu vai izpildi, tiek risin\u0101ti Latvijas Republikas sp\u0113k\u0101 eso\u0161o ties\u012bbu aktu noteiktaj\u0101 k\u0101rt\u012bb\u0101 Latvijas Republikas visp\u0101r\u0113j\u0101 ties\u0101.<\/p>\n\n<p>7.4. Visi str\u012bdi <strong>starp P\u0101rdev\u0113ju un Pirc\u0113ju &#8211; <\/strong><strong>Pat\u0113r\u0113t\u0101ju<\/strong>, kas izriet vai ir saist\u012bti ar \u0161o Noteikumu groz\u012b\u0161anu, izbeig\u0161anu vai izpildi, tiek risin\u0101ti saska\u0146\u0101 ar Eiropas Parlamenta un Padomes 2008. gada 17. j\u016bnija Regulu (EK) Nr. 593\/2008 par ties\u012bbu aktiem, kas piem\u0113rojami l\u012bgumsaist\u012bb\u0101m (Roma I).<\/p>\n\n<div style=\"height:64px\" aria-hidden=\"true\" class=\"wp-block-spacer\"><\/div>\n","protected":false},"excerpt":{"rendered":"<p>Noteikumi un nosac\u012bjumi P\u0101rdev\u0113js &#8211; sabiedr\u012bba ar ierobe\u017eotu atbild\u012bbu SPM ORTOTO re\u0123istr\u0101cijas numurs &#8211; 40203618163, PVN maks\u0101t\u0101ja numurs LV40203618163, juridisk\u0101 adrese Bazn\u012bcas iela 13-19, R\u012bga, LV-1010, Latvija, e-pasts: b2c@ortoto.com . Pat\u0113r\u0113t\u0101js &#8211; fiziska persona, kas izsaka v\u0113lmi ieg\u0101d\u0101ties, ieg\u0101d\u0101jas vai var\u0113tu ieg\u0101d\u0101ties, vai izmanto preci vai pakalpojumu nol\u016bkam, kas nav saist\u012bts ar t\u0101s saimniecisko vai [&hellip;]<\/p>\n","protected":false},"author":1,"featured_media":0,"parent":0,"menu_order":0,"comment_status":"closed","ping_status":"closed","template":"","meta":{"_acf_changed":false,"footnotes":""},"class_list":["post-5525","page","type-page","status-publish","hentry"],"acf":[],"yoast_head":"<!-- This site is optimized with the Yoast SEO plugin v26.5 - https:\/\/yoast.com\/wordpress\/plugins\/seo\/ -->\n<title>%%%%%%%Noteikumi un nosac\u012bjumi% % -% %<\/title>\n<meta name=\"description\" content=\"Izlasiet ORTOTO noteikumus un nosac\u012bjumus. Uzziniet vair\u0101k par pas\u016bt\u012bjumiem, maks\u0101jumu iesp\u0113j\u0101m, pieg\u0101des noteikumiem un produktu lieto\u0161anu.\" \/>\n<meta name=\"robots\" content=\"index, follow, max-snippet:-1, max-image-preview:large, max-video-preview:-1\" \/>\n<link rel=\"canonical\" href=\"https:\/\/ortoto.com\/lv\/noteikumi-un-nosacijumi\/\" \/>\n<meta property=\"og:locale\" content=\"lv_LV\" \/>\n<meta property=\"og:type\" content=\"article\" \/>\n<meta property=\"og:title\" content=\"%%%%%%%Noteikumi un nosac\u012bjumi% % -% %\" \/>\n<meta property=\"og:description\" content=\"Izlasiet ORTOTO noteikumus un nosac\u012bjumus. Uzziniet vair\u0101k par pas\u016bt\u012bjumiem, maks\u0101jumu iesp\u0113j\u0101m, pieg\u0101des noteikumiem un produktu lieto\u0161anu.\" \/>\n<meta property=\"og:url\" content=\"https:\/\/ortoto.com\/lv\/noteikumi-un-nosacijumi\/\" \/>\n<meta property=\"og:site_name\" content=\"Ortoto\" \/>\n<meta property=\"article:modified_time\" content=\"2026-05-06T00:26:13+00:00\" \/>\n<meta name=\"twitter:card\" content=\"summary_large_image\" \/>\n<meta name=\"twitter:label1\" content=\"Paredzamais las\u012b\u0161anas laiks \" \/>\n\t<meta name=\"twitter:data1\" content=\"9 min\u016btes\" \/>\n<script type=\"application\/ld+json\" class=\"yoast-schema-graph\">{\"@context\":\"https:\/\/schema.org\",\"@graph\":[{\"@type\":\"WebPage\",\"@id\":\"https:\/\/ortoto.com\/lv\/noteikumi-un-nosacijumi\/\",\"url\":\"https:\/\/ortoto.com\/lv\/noteikumi-un-nosacijumi\/\",\"name\":\"%%%%%%%Noteikumi un nosac\u012bjumi% % -% %\",\"isPartOf\":{\"@id\":\"https:\/\/ortoto.com\/lv\/#website\"},\"datePublished\":\"2024-10-02T11:06:30+00:00\",\"dateModified\":\"2026-05-06T00:26:13+00:00\",\"description\":\"Izlasiet ORTOTO noteikumus un nosac\u012bjumus. Uzziniet vair\u0101k par pas\u016bt\u012bjumiem, maks\u0101jumu iesp\u0113j\u0101m, pieg\u0101des noteikumiem un produktu lieto\u0161anu.\",\"breadcrumb\":{\"@id\":\"https:\/\/ortoto.com\/lv\/noteikumi-un-nosacijumi\/#breadcrumb\"},\"inLanguage\":\"lv\",\"potentialAction\":[{\"@type\":\"ReadAction\",\"target\":[\"https:\/\/ortoto.com\/lv\/noteikumi-un-nosacijumi\/\"]}]},{\"@type\":\"BreadcrumbList\",\"@id\":\"https:\/\/ortoto.com\/lv\/noteikumi-un-nosacijumi\/#breadcrumb\",\"itemListElement\":[{\"@type\":\"ListItem\",\"position\":1,\"name\":\"S\u0101kums\",\"item\":\"https:\/\/ortoto.com\/lv\/\"},{\"@type\":\"ListItem\",\"position\":2,\"name\":\"Noteikumi un nosac\u012bjumi\"}]},{\"@type\":\"WebSite\",\"@id\":\"https:\/\/ortoto.com\/lv\/#website\",\"url\":\"https:\/\/ortoto.com\/lv\/\",\"name\":\"Ortoto\",\"description\":\"Massage Puzzle Mats\",\"potentialAction\":[{\"@type\":\"SearchAction\",\"target\":{\"@type\":\"EntryPoint\",\"urlTemplate\":\"https:\/\/ortoto.com\/lv\/?s={search_term_string}\"},\"query-input\":{\"@type\":\"PropertyValueSpecification\",\"valueRequired\":true,\"valueName\":\"search_term_string\"}}],\"inLanguage\":\"lv\"}]}<\/script>\n<!-- \/ Yoast SEO plugin. -->","yoast_head_json":{"title":"%%%%%%%Noteikumi un nosac\u012bjumi% % -% %","description":"Izlasiet ORTOTO noteikumus un nosac\u012bjumus. Uzziniet vair\u0101k par pas\u016bt\u012bjumiem, maks\u0101jumu iesp\u0113j\u0101m, pieg\u0101des noteikumiem un produktu lieto\u0161anu.","robots":{"index":"index","follow":"follow","max-snippet":"max-snippet:-1","max-image-preview":"max-image-preview:large","max-video-preview":"max-video-preview:-1"},"canonical":"https:\/\/ortoto.com\/lv\/noteikumi-un-nosacijumi\/","og_locale":"lv_LV","og_type":"article","og_title":"%%%%%%%Noteikumi un nosac\u012bjumi% % -% %","og_description":"Izlasiet ORTOTO noteikumus un nosac\u012bjumus. Uzziniet vair\u0101k par pas\u016bt\u012bjumiem, maks\u0101jumu iesp\u0113j\u0101m, pieg\u0101des noteikumiem un produktu lieto\u0161anu.","og_url":"https:\/\/ortoto.com\/lv\/noteikumi-un-nosacijumi\/","og_site_name":"Ortoto","article_modified_time":"2026-05-06T00:26:13+00:00","twitter_card":"summary_large_image","twitter_misc":{"Paredzamais las\u012b\u0161anas laiks ":"9 min\u016btes"},"schema":{"@context":"https:\/\/schema.org","@graph":[{"@type":"WebPage","@id":"https:\/\/ortoto.com\/lv\/noteikumi-un-nosacijumi\/","url":"https:\/\/ortoto.com\/lv\/noteikumi-un-nosacijumi\/","name":"%%%%%%%Noteikumi un nosac\u012bjumi% % -% %","isPartOf":{"@id":"https:\/\/ortoto.com\/lv\/#website"},"datePublished":"2024-10-02T11:06:30+00:00","dateModified":"2026-05-06T00:26:13+00:00","description":"Izlasiet ORTOTO noteikumus un nosac\u012bjumus. Uzziniet vair\u0101k par pas\u016bt\u012bjumiem, maks\u0101jumu iesp\u0113j\u0101m, pieg\u0101des noteikumiem un produktu lieto\u0161anu.","breadcrumb":{"@id":"https:\/\/ortoto.com\/lv\/noteikumi-un-nosacijumi\/#breadcrumb"},"inLanguage":"lv","potentialAction":[{"@type":"ReadAction","target":["https:\/\/ortoto.com\/lv\/noteikumi-un-nosacijumi\/"]}]},{"@type":"BreadcrumbList","@id":"https:\/\/ortoto.com\/lv\/noteikumi-un-nosacijumi\/#breadcrumb","itemListElement":[{"@type":"ListItem","position":1,"name":"S\u0101kums","item":"https:\/\/ortoto.com\/lv\/"},{"@type":"ListItem","position":2,"name":"Noteikumi un nosac\u012bjumi"}]},{"@type":"WebSite","@id":"https:\/\/ortoto.com\/lv\/#website","url":"https:\/\/ortoto.com\/lv\/","name":"Ortoto","description":"Massage Puzzle Mats","potentialAction":[{"@type":"SearchAction","target":{"@type":"EntryPoint","urlTemplate":"https:\/\/ortoto.com\/lv\/?s={search_term_string}"},"query-input":{"@type":"PropertyValueSpecification","valueRequired":true,"valueName":"search_term_string"}}],"inLanguage":"lv"}]}},"_links":{"self":[{"href":"https:\/\/ortoto.com\/lv\/wp-json\/wp\/v2\/pages\/5525","targetHints":{"allow":["GET"]}}],"collection":[{"href":"https:\/\/ortoto.com\/lv\/wp-json\/wp\/v2\/pages"}],"about":[{"href":"https:\/\/ortoto.com\/lv\/wp-json\/wp\/v2\/types\/page"}],"author":[{"embeddable":true,"href":"https:\/\/ortoto.com\/lv\/wp-json\/wp\/v2\/users\/1"}],"replies":[{"embeddable":true,"href":"https:\/\/ortoto.com\/lv\/wp-json\/wp\/v2\/comments?post=5525"}],"version-history":[{"count":2,"href":"https:\/\/ortoto.com\/lv\/wp-json\/wp\/v2\/pages\/5525\/revisions"}],"predecessor-version":[{"id":5528,"href":"https:\/\/ortoto.com\/lv\/wp-json\/wp\/v2\/pages\/5525\/revisions\/5528"}],"wp:attachment":[{"href":"https:\/\/ortoto.com\/lv\/wp-json\/wp\/v2\/media?parent=5525"}],"curies":[{"name":"wp","href":"https:\/\/api.w.org\/{rel}","templated":true}]}}