{"id":5529,"date":"2024-11-07T06:04:52","date_gmt":"2024-11-07T04:04:52","guid":{"rendered":"https:\/\/ortoto.com\/ka-tas-palidz\/veicina-pirmos-solus\/"},"modified":"2026-05-06T02:26:17","modified_gmt":"2026-05-06T00:26:17","slug":"veicina-pirmos-solus","status":"publish","type":"page","link":"https:\/\/ortoto.com\/lv\/ka-tas-palidz\/veicina-pirmos-solus\/","title":{"rendered":"Veicina pirmos so\u013cus"},"content":{"rendered":"\t\t<div data-elementor-type=\"wp-page\" data-elementor-id=\"5529\" class=\"elementor elementor-5529 elementor-991\" data-elementor-post-type=\"page\">\n\t\t\t\t<div class=\"elementor-element elementor-element-8baad76 e-flex e-con-boxed e-con e-parent\" data-id=\"8baad76\" data-element_type=\"container\">\n\t\t\t\t\t<div class=\"e-con-inner\">\n\t\t\t\t<div class=\"elementor-element elementor-element-bb9c0cf elementor-widget__width-initial elementor-widget-widescreen__width-initial elementor-widget elementor-widget-heading\" data-id=\"bb9c0cf\" data-element_type=\"widget\" data-widget_type=\"heading.default\">\n\t\t\t\t\t<h1 class=\"elementor-heading-title elementor-size-default\">Veicina pirmos so\u013cus<\/h1>\t\t\t\t<\/div>\n\t\t\t\t<div class=\"elementor-element elementor-element-6538c31 elementor-widget elementor-widget-spacer\" data-id=\"6538c31\" data-element_type=\"widget\" data-widget_type=\"spacer.default\">\n\t\t\t\t\t\t\t<div class=\"elementor-spacer\">\n\t\t\t<div class=\"elementor-spacer-inner\"><\/div>\n\t\t<\/div>\n\t\t\t\t\t\t<\/div>\n\t\t\t\t<div class=\"elementor-element elementor-element-eccb1e6 elementor-widget elementor-widget-text-editor\" data-id=\"eccb1e6\" data-element_type=\"widget\" data-widget_type=\"text-editor.default\">\n\t\t\t\t\t\t\t\t\t<p>Mazi so\u013ci k\u0101j\u0101m, lieli so\u013ci att\u012bst\u012bbai.<\/p><p>B\u0113rna pirmie so\u013ci ir viens no aizraujo\u0161\u0101kajiem br\u012b\u017eiem ikvienam vec\u0101kam. V\u0113rot, k\u0101 \u0161\u012bs maz\u0101s k\u0101jas sper pirmos patst\u0101v\u012bgos so\u013cus, ir ma\u0123iska pieredze, kas paver pavisam jaunu zin\u0101tk\u0101res un izp\u0113tes pasauli. <\/p><p>Tom\u0113r m\u016bsdien\u0101s arvien vair\u0101k mazu\u013cu k\u0101ju tiek tur\u0113tas &#8220;b\u016bros&#8221;, kas trauc\u0113 spert pirmos so\u013cus. J\u0101, m\u0113s run\u0101jam par apaviem. <\/p><p>Tad k\u0101p\u0113c mums vajadz\u0113tu teikt &#8220;shoo&#8221; apaviem?<\/p><p>Atbr\u012bvojiet pirkstus!<\/p><p>Z\u012bdai\u0146i m\u0101c\u0101s staig\u0101t, satverot zemi ar pirkstgaliem un izmantojot pap\u0113\u017eus, lai nodro\u0161in\u0101tu stabilit\u0101ti. Apavi ierobe\u017eo \u0161\u012bs dabisk\u0101s darb\u012bbas, pal\u0113ninot p\u0113du musku\u013cu att\u012bst\u012bbu, kas nepiecie\u0161ami pareizai kust\u012bbai. T\u0101 viet\u0101 pareizie ortop\u0113diskie pakl\u0101ji b\u0113rniem var pal\u012bdz\u0113t veicin\u0101t dabiskas p\u0113du kust\u012bbas.  <\/p><p>Lab\u0101ka sensor\u0101 atgriezenisk\u0101 saite<\/p><p>Mazu\u013cu p\u0113d\u0101s ir gandr\u012bz 200 000 nervu galu, kas nep\u0101rtraukti s\u016bta sign\u0101lus uz smadzen\u0113m par apk\u0101rtni un virsm\u0101m, pa kur\u0101m vi\u0146i staig\u0101. Neatkar\u012bgi no t\u0101, vai t\u0101 ir z\u0101le, smiltis vai akme\u0146i, vi\u0146u maz\u0101s p\u0113di\u0146as r\u016bp\u012bgi uztver \u0161\u012bs sare\u017e\u0123\u012bt\u0101s saj\u016btas, lai t\u0101s apstr\u0101d\u0101tu smadzen\u0113s. Sensorie taktilie pakl\u0101ji\u0146i nodro\u0161ina ide\u0101lu vidi \u0161o sign\u0101lu simul\u0113\u0161anai un veicina kognit\u012bvo prasmju att\u012bst\u012bbu. \u0160ie sign\u0101li pal\u012bdz att\u012bst\u012bt l\u012bdzsvaru, koordin\u0101ciju, telpisko izpratni un propriocepciju. Apavi \u0161\u012bs saj\u016btas sl\u0101p\u0113, nos\u016btot smadzen\u0113m izkrop\u013cotus sign\u0101lus un pal\u0113ninot m\u0101c\u012b\u0161an\u0101s procesu.    <\/p><p>Jo vair\u0101k virsmu, jo lab\u0101k<\/p><p>Jo vair\u0101k virsmu un fakt\u016bru iepaz\u012bst mazu\u013ca p\u0113das, jo \u0101tr\u0101k vi\u0146a smadzenes att\u012bsta l\u012bdzsvaru, koordin\u0101ciju un telpisko apzi\u0146u. Ierobe\u017eojot vi\u0146u p\u0101rvieto\u0161anos tikai uz l\u012bdzen\u0101m, m\u012bkst\u0101m virsm\u0101m (piem\u0113ram, ciet\u0101 koka gr\u012bd\u0101m vai pakl\u0101jiem), smadzen\u0113m ir gr\u016bt\u0101k piel\u0101goties jaun\u0101m virsm\u0101m, t\u0101d\u0113j\u0101di apgr\u016btinot orient\u0113\u0161anos jaunos apvidos un pal\u0113ninot staig\u0101\u0161anu. T\u0101p\u0113c sensorie taustes pakl\u0101ji\u0146i var main\u012bt sp\u0113les!  <\/p><p>Mazi musku\u013ci &#8211; liela noz\u012bme<\/p><p>Lai gan mazu\u013ca p\u0113da var \u0161\u0137ist maza un m\u012bksta, t\u0101 ir apaugusi ar s\u012bkiem musku\u013ciem, kuriem ir nepiecie\u0161ami pareizi apst\u0101k\u013ci, lai pareizi att\u012bst\u012btos. \u013baujot vi\u0146iem izbaud\u012bt dabiskas baso p\u0113du saj\u016btas, tiek nodro\u0161in\u0101ta l\u012bdzsvarota musku\u013cu stimul\u0101cija, pareiza loc\u012btavu izl\u012bdzin\u0101\u0161ana un vesel\u012bga p\u0113du loka att\u012bst\u012bba. Tas pal\u012bdz nov\u0113rst plakan\u0101s p\u0113das un nodro\u0161ina pareizu pot\u012b\u0161u, g\u016b\u017eu un mugurkaula novietojumu. ORTOTO ortop\u0113diskie gr\u012bdas pakl\u0101ji atbalsta \u0161o svar\u012bgo att\u012bst\u012bbu, sniedzot z\u012bdai\u0146iem vislab\u0101ko pamatu p\u0113du vesel\u012bbai un visp\u0101r\u0113jai izaugsmei.   <\/p>\t\t\t\t\t\t\t\t<\/div>\n\t\t\t\t<div class=\"elementor-element elementor-element-c030bac elementor-widget elementor-widget-spacer\" data-id=\"c030bac\" data-element_type=\"widget\" data-widget_type=\"spacer.default\">\n\t\t\t\t\t\t\t<div class=\"elementor-spacer\">\n\t\t\t<div class=\"elementor-spacer-inner\"><\/div>\n\t\t<\/div>\n\t\t\t\t\t\t<\/div>\n\t\t\t\t\t<\/div>\n\t\t\t\t<\/div>\n\t\t<div class=\"elementor-element elementor-element-15a44f3 e-flex e-con-boxed e-con e-parent\" data-id=\"15a44f3\" data-element_type=\"container\">\n\t\t\t\t\t<div class=\"e-con-inner\">\n\t\t<div class=\"elementor-element elementor-element-2a6a8de e-con-full e-flex e-con e-child\" data-id=\"2a6a8de\" data-element_type=\"container\" data-settings=\"{&quot;background_background&quot;:&quot;classic&quot;}\">\n\t\t\t\t<\/div>\n\t\t\t\t<div class=\"elementor-element elementor-element-0eb86b7 elementor-widget elementor-widget-spacer\" data-id=\"0eb86b7\" data-element_type=\"widget\" data-widget_type=\"spacer.default\">\n\t\t\t\t\t\t\t<div class=\"elementor-spacer\">\n\t\t\t<div class=\"elementor-spacer-inner\"><\/div>\n\t\t<\/div>\n\t\t\t\t\t\t<\/div>\n\t\t\t\t<div class=\"elementor-element elementor-element-2197ae9 elementor-align-center elementor-widget elementor-widget-button\" data-id=\"2197ae9\" data-element_type=\"widget\" data-widget_type=\"button.default\">\n\t\t\t\t\t\t\t\t\t\t<a class=\"elementor-button elementor-button-link elementor-size-sm\" href=\"\/product-category\/kids-barefoot-at-home\/\">\n\t\t\t\t\t\t<span class=\"elementor-button-content-wrapper\">\n\t\t\t\t\t\t<span class=\"elementor-button-icon\">\n\t\t\t\t\t\t\t<\/span>\n\t\t\t\t\t\t\t\t\t<span class=\"elementor-button-text\">SA\u0145EMIET ORTOTO<\/span>\n\t\t\t\t\t<\/span>\n\t\t\t\t\t<\/a>\n\t\t\t\t\t\t\t\t<\/div>\n\t\t\t\t<div class=\"elementor-element elementor-element-26e6baf elementor-widget elementor-widget-spacer\" data-id=\"26e6baf\" data-element_type=\"widget\" data-widget_type=\"spacer.default\">\n\t\t\t\t\t\t\t<div class=\"elementor-spacer\">\n\t\t\t<div class=\"elementor-spacer-inner\"><\/div>\n\t\t<\/div>\n\t\t\t\t\t\t<\/div>\n\t\t\t\t\t<\/div>\n\t\t\t\t<\/div>\n\t\t<div class=\"elementor-element elementor-element-3e67803 e-flex e-con-boxed e-con e-parent\" data-id=\"3e67803\" data-element_type=\"container\">\n\t\t\t\t\t<div class=\"e-con-inner\">\n\t\t\t\t<div class=\"elementor-element elementor-element-29ff1b3 elementor-widget elementor-widget-text-editor\" data-id=\"29ff1b3\" data-element_type=\"widget\" data-widget_type=\"text-editor.default\">\n\t\t\t\t\t\t\t\t\t<p>ORTOTO &#8211; PAL\u012aG\u0100!<\/p><p>Da\u017e\u0101das virsmas da\u017e\u0101d\u0101m saj\u016bt\u0101m<\/p><p>ORTOTO sensorie puzles pakl\u0101ji\u0146i nodro\u0161ina j\u016bsu mazulim da\u017e\u0101das virsmas vi\u0146a zi\u0146k\u0101r\u012bgaj\u0101m p\u0113di\u0146\u0101m &#8211; no m\u012bkstiem tirpin\u0101jumiem l\u012bdz nel\u012bdzen\u0101m, smail\u0101m tekst\u016br\u0101m. Izstr\u0101d\u0101ti t\u0101, lai sniegtu mazajiem musku\u013ciem atbilsto\u0161u stimul\u0101ciju, \u0161ie pakl\u0101ji pal\u012bdz uzs\u0101kt pareizu p\u0113du att\u012bst\u012bbu un atbalsta pirmos patst\u0101v\u012bgos so\u013cus. Turkl\u0101t tie ir ide\u0101li pakl\u0101ji\u0146i plakan\u0101s p\u0113das profilaksei, pal\u012bdzot mazulim att\u012bst\u012bt vesel\u012bgus p\u0113du lokus, kam\u0113r vi\u0146\u0161 p\u0113ta.  <\/p><p>Maksim\u0101la dro\u0161\u012bba<\/p><p>Vec\u0101ki, m\u0113s saprotam. \u013baut b\u0113rnam p\u0113t\u012bt dabas virsmas var b\u016bt nedaudz bied\u0113jo\u0161i &#8211; vienm\u0113r past\u0101v nelielu traumu vai p\u0101rsteigumu risks. T\u0101p\u0113c m\u0113s izstr\u0101d\u0101j\u0101m m\u016bsu p\u0101rn\u0113s\u0101jamos sensoros pakl\u0101ji\u0146us, lai tie b\u016btu dro\u0161i jebkur\u0101 vid\u0113 un p\u0113c iesp\u0113jas prec\u012bz\u0101k atdarin\u0101tu dabas virsmas. \u0145emiet tos l\u012bdzi uz pludmali, izmantojiet tos m\u0101j\u0101s vai \u0146emiet tos \u0101r\u0101, lai svaig\u0101 gais\u0101 izp\u0113t\u012btu ORTOTO sensor\u0101s ainavas. Dro\u0161i un mier\u012bgi. Neatkar\u012bgi no t\u0101, vai tas ir iek\u0161telp\u0101s vai \u0101ra piedz\u012bvojums, ORTOTO p\u0113du sensorie pakl\u0101ji ir j\u016bsu r\u012bc\u012bb\u0101.     <\/p>\t\t\t\t\t\t\t\t<\/div>\n\t\t\t\t<div class=\"elementor-element elementor-element-7e4a3e6 elementor-widget elementor-widget-spacer\" data-id=\"7e4a3e6\" data-element_type=\"widget\" data-widget_type=\"spacer.default\">\n\t\t\t\t\t\t\t<div class=\"elementor-spacer\">\n\t\t\t<div class=\"elementor-spacer-inner\"><\/div>\n\t\t<\/div>\n\t\t\t\t\t\t<\/div>\n\t\t\t\t\t<\/div>\n\t\t\t\t<\/div>\n\t\t<div class=\"elementor-element elementor-element-c4ca48f e-flex e-con-boxed e-con e-parent\" data-id=\"c4ca48f\" data-element_type=\"container\">\n\t\t\t\t\t<div class=\"e-con-inner\">\n\t\t<div class=\"elementor-element elementor-element-93b218e e-con-full e-flex e-con e-child\" data-id=\"93b218e\" data-element_type=\"container\" data-settings=\"{&quot;background_background&quot;:&quot;classic&quot;}\">\n\t\t\t\t<\/div>\n\t\t\t\t<div class=\"elementor-element elementor-element-1485948 elementor-widget elementor-widget-spacer\" data-id=\"1485948\" data-element_type=\"widget\" data-widget_type=\"spacer.default\">\n\t\t\t\t\t\t\t<div class=\"elementor-spacer\">\n\t\t\t<div class=\"elementor-spacer-inner\"><\/div>\n\t\t<\/div>\n\t\t\t\t\t\t<\/div>\n\t\t\t\t\t<\/div>\n\t\t\t\t<\/div>\n\t\t\t\t<\/div>\n\t\t","protected":false},"excerpt":{"rendered":"<p>Veicina pirmos so\u013cus Mazi so\u013ci k\u0101j\u0101m, lieli so\u013ci att\u012bst\u012bbai. B\u0113rna pirmie so\u013ci ir viens no aizraujo\u0161\u0101kajiem br\u012b\u017eiem ikvienam vec\u0101kam. V\u0113rot, k\u0101 \u0161\u012bs maz\u0101s k\u0101jas sper pirmos patst\u0101v\u012bgos so\u013cus, ir ma\u0123iska pieredze, kas paver pavisam jaunu zin\u0101tk\u0101res un izp\u0113tes pasauli. Tom\u0113r m\u016bsdien\u0101s arvien vair\u0101k mazu\u013cu k\u0101ju tiek tur\u0113tas &#8220;b\u016bros&#8221;, kas trauc\u0113 spert pirmos so\u013cus. J\u0101, m\u0113s [&hellip;]<\/p>\n","protected":false},"author":1,"featured_media":0,"parent":5506,"menu_order":0,"comment_status":"closed","ping_status":"closed","template":"","meta":{"_acf_changed":false,"footnotes":""},"class_list":["post-5529","page","type-page","status-publish","hentry"],"acf":[],"yoast_head":"<!-- This site is optimized with the Yoast SEO plugin v26.5 - https:\/\/yoast.com\/wordpress\/plugins\/seo\/ -->\n<title>%%%%%%%Veicina pirmos so\u013cus% % -% %<\/title>\n<meta name=\"description\" content=\"Uzziniet, k\u0101 sensorie pakl\u0101ji\u0146i veicina pirmos so\u013cus. Rota\u013c\u012bgas, re\u0101las dabas tekst\u016bras liek kust\u012bb\u0101m justies dro\u0161\u0101m un zi\u0146k\u0101r\u012bg\u0101m.\" \/>\n<meta name=\"robots\" content=\"index, follow, max-snippet:-1, max-image-preview:large, max-video-preview:-1\" \/>\n<link rel=\"canonical\" href=\"https:\/\/ortoto.com\/lv\/ka-tas-palidz\/veicina-pirmos-solus\/\" \/>\n<meta property=\"og:locale\" content=\"lv_LV\" \/>\n<meta property=\"og:type\" content=\"article\" \/>\n<meta property=\"og:title\" content=\"%%%%%%%Veicina pirmos so\u013cus% % -% %\" \/>\n<meta property=\"og:description\" content=\"Uzziniet, k\u0101 sensorie pakl\u0101ji\u0146i veicina pirmos so\u013cus. Rota\u013c\u012bgas, re\u0101las dabas tekst\u016bras liek kust\u012bb\u0101m justies dro\u0161\u0101m un zi\u0146k\u0101r\u012bg\u0101m.\" \/>\n<meta property=\"og:url\" content=\"https:\/\/ortoto.com\/lv\/ka-tas-palidz\/veicina-pirmos-solus\/\" \/>\n<meta property=\"og:site_name\" content=\"Ortoto\" \/>\n<meta property=\"article:modified_time\" content=\"2026-05-06T00:26:17+00:00\" \/>\n<meta name=\"twitter:card\" content=\"summary_large_image\" \/>\n<meta name=\"twitter:label1\" content=\"Paredzamais las\u012b\u0161anas laiks \" \/>\n\t<meta name=\"twitter:data1\" content=\"4 min\u016btes\" \/>\n<script type=\"application\/ld+json\" class=\"yoast-schema-graph\">{\"@context\":\"https:\/\/schema.org\",\"@graph\":[{\"@type\":\"WebPage\",\"@id\":\"https:\/\/ortoto.com\/lv\/ka-tas-palidz\/veicina-pirmos-solus\/\",\"url\":\"https:\/\/ortoto.com\/lv\/ka-tas-palidz\/veicina-pirmos-solus\/\",\"name\":\"%%%%%%%Veicina pirmos so\u013cus% % -% %\",\"isPartOf\":{\"@id\":\"https:\/\/ortoto.com\/lv\/#website\"},\"datePublished\":\"2024-11-07T04:04:52+00:00\",\"dateModified\":\"2026-05-06T00:26:17+00:00\",\"description\":\"Uzziniet, k\u0101 sensorie pakl\u0101ji\u0146i veicina pirmos so\u013cus. Rota\u013c\u012bgas, re\u0101las dabas tekst\u016bras liek kust\u012bb\u0101m justies dro\u0161\u0101m un zi\u0146k\u0101r\u012bg\u0101m.\",\"breadcrumb\":{\"@id\":\"https:\/\/ortoto.com\/lv\/ka-tas-palidz\/veicina-pirmos-solus\/#breadcrumb\"},\"inLanguage\":\"lv\",\"potentialAction\":[{\"@type\":\"ReadAction\",\"target\":[\"https:\/\/ortoto.com\/lv\/ka-tas-palidz\/veicina-pirmos-solus\/\"]}]},{\"@type\":\"BreadcrumbList\",\"@id\":\"https:\/\/ortoto.com\/lv\/ka-tas-palidz\/veicina-pirmos-solus\/#breadcrumb\",\"itemListElement\":[{\"@type\":\"ListItem\",\"position\":1,\"name\":\"S\u0101kums\",\"item\":\"https:\/\/ortoto.com\/lv\/\"},{\"@type\":\"ListItem\",\"position\":2,\"name\":\"K\u0101 tas pal\u012bdz\",\"item\":\"https:\/\/ortoto.com\/lv\/?page_id=5506\"},{\"@type\":\"ListItem\",\"position\":3,\"name\":\"Veicina pirmos so\u013cus\"}]},{\"@type\":\"WebSite\",\"@id\":\"https:\/\/ortoto.com\/lv\/#website\",\"url\":\"https:\/\/ortoto.com\/lv\/\",\"name\":\"Ortoto\",\"description\":\"Massage Puzzle Mats\",\"potentialAction\":[{\"@type\":\"SearchAction\",\"target\":{\"@type\":\"EntryPoint\",\"urlTemplate\":\"https:\/\/ortoto.com\/lv\/?s={search_term_string}\"},\"query-input\":{\"@type\":\"PropertyValueSpecification\",\"valueRequired\":true,\"valueName\":\"search_term_string\"}}],\"inLanguage\":\"lv\"}]}<\/script>\n<!-- \/ Yoast SEO plugin. -->","yoast_head_json":{"title":"%%%%%%%Veicina pirmos so\u013cus% % -% %","description":"Uzziniet, k\u0101 sensorie pakl\u0101ji\u0146i veicina pirmos so\u013cus. Rota\u013c\u012bgas, re\u0101las dabas tekst\u016bras liek kust\u012bb\u0101m justies dro\u0161\u0101m un zi\u0146k\u0101r\u012bg\u0101m.","robots":{"index":"index","follow":"follow","max-snippet":"max-snippet:-1","max-image-preview":"max-image-preview:large","max-video-preview":"max-video-preview:-1"},"canonical":"https:\/\/ortoto.com\/lv\/ka-tas-palidz\/veicina-pirmos-solus\/","og_locale":"lv_LV","og_type":"article","og_title":"%%%%%%%Veicina pirmos so\u013cus% % -% %","og_description":"Uzziniet, k\u0101 sensorie pakl\u0101ji\u0146i veicina pirmos so\u013cus. Rota\u013c\u012bgas, re\u0101las dabas tekst\u016bras liek kust\u012bb\u0101m justies dro\u0161\u0101m un zi\u0146k\u0101r\u012bg\u0101m.","og_url":"https:\/\/ortoto.com\/lv\/ka-tas-palidz\/veicina-pirmos-solus\/","og_site_name":"Ortoto","article_modified_time":"2026-05-06T00:26:17+00:00","twitter_card":"summary_large_image","twitter_misc":{"Paredzamais las\u012b\u0161anas laiks ":"4 min\u016btes"},"schema":{"@context":"https:\/\/schema.org","@graph":[{"@type":"WebPage","@id":"https:\/\/ortoto.com\/lv\/ka-tas-palidz\/veicina-pirmos-solus\/","url":"https:\/\/ortoto.com\/lv\/ka-tas-palidz\/veicina-pirmos-solus\/","name":"%%%%%%%Veicina pirmos so\u013cus% % -% %","isPartOf":{"@id":"https:\/\/ortoto.com\/lv\/#website"},"datePublished":"2024-11-07T04:04:52+00:00","dateModified":"2026-05-06T00:26:17+00:00","description":"Uzziniet, k\u0101 sensorie pakl\u0101ji\u0146i veicina pirmos so\u013cus. Rota\u013c\u012bgas, re\u0101las dabas tekst\u016bras liek kust\u012bb\u0101m justies dro\u0161\u0101m un zi\u0146k\u0101r\u012bg\u0101m.","breadcrumb":{"@id":"https:\/\/ortoto.com\/lv\/ka-tas-palidz\/veicina-pirmos-solus\/#breadcrumb"},"inLanguage":"lv","potentialAction":[{"@type":"ReadAction","target":["https:\/\/ortoto.com\/lv\/ka-tas-palidz\/veicina-pirmos-solus\/"]}]},{"@type":"BreadcrumbList","@id":"https:\/\/ortoto.com\/lv\/ka-tas-palidz\/veicina-pirmos-solus\/#breadcrumb","itemListElement":[{"@type":"ListItem","position":1,"name":"S\u0101kums","item":"https:\/\/ortoto.com\/lv\/"},{"@type":"ListItem","position":2,"name":"K\u0101 tas pal\u012bdz","item":"https:\/\/ortoto.com\/lv\/?page_id=5506"},{"@type":"ListItem","position":3,"name":"Veicina pirmos so\u013cus"}]},{"@type":"WebSite","@id":"https:\/\/ortoto.com\/lv\/#website","url":"https:\/\/ortoto.com\/lv\/","name":"Ortoto","description":"Massage Puzzle Mats","potentialAction":[{"@type":"SearchAction","target":{"@type":"EntryPoint","urlTemplate":"https:\/\/ortoto.com\/lv\/?s={search_term_string}"},"query-input":{"@type":"PropertyValueSpecification","valueRequired":true,"valueName":"search_term_string"}}],"inLanguage":"lv"}]}},"_links":{"self":[{"href":"https:\/\/ortoto.com\/lv\/wp-json\/wp\/v2\/pages\/5529","targetHints":{"allow":["GET"]}}],"collection":[{"href":"https:\/\/ortoto.com\/lv\/wp-json\/wp\/v2\/pages"}],"about":[{"href":"https:\/\/ortoto.com\/lv\/wp-json\/wp\/v2\/types\/page"}],"author":[{"embeddable":true,"href":"https:\/\/ortoto.com\/lv\/wp-json\/wp\/v2\/users\/1"}],"replies":[{"embeddable":true,"href":"https:\/\/ortoto.com\/lv\/wp-json\/wp\/v2\/comments?post=5529"}],"version-history":[{"count":2,"href":"https:\/\/ortoto.com\/lv\/wp-json\/wp\/v2\/pages\/5529\/revisions"}],"predecessor-version":[{"id":5532,"href":"https:\/\/ortoto.com\/lv\/wp-json\/wp\/v2\/pages\/5529\/revisions\/5532"}],"up":[{"embeddable":true,"href":"https:\/\/ortoto.com\/lv\/wp-json\/wp\/v2\/pages\/5506"}],"wp:attachment":[{"href":"https:\/\/ortoto.com\/lv\/wp-json\/wp\/v2\/media?parent=5529"}],"curies":[{"name":"wp","href":"https:\/\/api.w.org\/{rel}","templated":true}]}}