{"id":5553,"date":"2024-11-08T09:25:49","date_gmt":"2024-11-08T07:25:49","guid":{"rendered":"https:\/\/ortoto.com\/aprupes-celvedis\/"},"modified":"2026-05-06T02:27:21","modified_gmt":"2026-05-06T00:27:21","slug":"aprupes-celvedis","status":"publish","type":"page","link":"https:\/\/ortoto.com\/lv\/aprupes-celvedis\/","title":{"rendered":"Apr\u016bpes ce\u013cvedis"},"content":{"rendered":"\t\t<div data-elementor-type=\"wp-page\" data-elementor-id=\"5553\" class=\"elementor elementor-5553 elementor-1129\" data-elementor-post-type=\"page\">\n\t\t\t\t<div class=\"elementor-element elementor-element-61a5eae e-flex e-con-boxed e-con e-parent\" data-id=\"61a5eae\" data-element_type=\"container\">\n\t\t\t\t\t<div class=\"e-con-inner\">\n\t\t\t\t<div class=\"elementor-element elementor-element-6970fab elementor-widget elementor-widget-spacer\" data-id=\"6970fab\" data-element_type=\"widget\" data-widget_type=\"spacer.default\">\n\t\t\t\t\t\t\t<div class=\"elementor-spacer\">\n\t\t\t<div class=\"elementor-spacer-inner\"><\/div>\n\t\t<\/div>\n\t\t\t\t\t\t<\/div>\n\t\t\t\t<div class=\"elementor-element elementor-element-1c63f82 elementor-widget__width-initial elementor-widget elementor-widget-heading\" data-id=\"1c63f82\" data-element_type=\"widget\" data-widget_type=\"heading.default\">\n\t\t\t\t\t<h1 class=\"elementor-heading-title elementor-size-default\">Apr\u016bpes ce\u013cvedis<\/h1>\t\t\t\t<\/div>\n\t\t\t\t<div class=\"elementor-element elementor-element-eefaf9e elementor-widget elementor-widget-spacer\" data-id=\"eefaf9e\" data-element_type=\"widget\" data-widget_type=\"spacer.default\">\n\t\t\t\t\t\t\t<div class=\"elementor-spacer\">\n\t\t\t<div class=\"elementor-spacer-inner\"><\/div>\n\t\t<\/div>\n\t\t\t\t\t\t<\/div>\n\t\t\t\t<div class=\"elementor-element elementor-element-4c3ebc9 elementor-widget elementor-widget-image\" data-id=\"4c3ebc9\" data-element_type=\"widget\" data-widget_type=\"image.default\">\n\t\t\t\t\t\t\t\t\t\t\t\t\t\t\t<img loading=\"lazy\" decoding=\"async\" width=\"800\" height=\"78\" src=\"https:\/\/ortoto.com\/app\/uploads\/2025\/05\/ikonos.svg\" class=\"attachment-large size-large wp-image-5421\" alt=\"\" loading=\"lazy\" \/>\t\t\t\t\t\t\t\t\t\t\t\t\t\t\t<\/div>\n\t\t\t\t<div class=\"elementor-element elementor-element-9170075 elementor-widget elementor-widget-spacer\" data-id=\"9170075\" data-element_type=\"widget\" data-widget_type=\"spacer.default\">\n\t\t\t\t\t\t\t<div class=\"elementor-spacer\">\n\t\t\t<div class=\"elementor-spacer-inner\"><\/div>\n\t\t<\/div>\n\t\t\t\t\t\t<\/div>\n\t\t\t\t<div class=\"elementor-element elementor-element-119f7a0 elementor-widget__width-initial elementor-widget elementor-widget-heading\" data-id=\"119f7a0\" data-element_type=\"widget\" data-widget_type=\"heading.default\">\n\t\t\t\t\t<h2 class=\"elementor-heading-title elementor-size-default\">IETEIKUMI, LAI ORTOTO KALPOTU ILG\u0100K<\/h2>\t\t\t\t<\/div>\n\t\t\t\t<div class=\"elementor-element elementor-element-ceb656d elementor-widget elementor-widget-text-editor\" data-id=\"ceb656d\" data-element_type=\"widget\" data-widget_type=\"text-editor.default\">\n\t\t\t\t\t\t\t\t\t<ul><li><p><strong>Lietojiet tikai uz t\u012br\u0101m, l\u012bdzen\u0101m virsm\u0101m.<\/strong>  ORTOTO izstr\u0101d\u0101jumu novieto\u0161ana uz l\u012bdzenas un t\u012bras virsmas pal\u012bdz nov\u0113rst nevajadz\u012bgu nolieto\u0161anos. Rupjas vai nel\u012bdzenas virsmas laika gait\u0101 var saboj\u0101t izstr\u0101d\u0101juma materi\u0101lu, samazinot t\u0101 kalpo\u0161anas ilgumu. <\/p><\/li><li><p><strong>Sarg\u0101t no tie\u0161iem saules stariem.<\/strong>  Ilgsto\u0161a tie\u0161u saules staru iedarb\u012bba var izrais\u012bt materi\u0101la izbal\u0113\u0161anu un p\u0101rkar\u0161anu, k\u0101 rezult\u0101t\u0101 main\u0101s t\u0101 kr\u0101sa vai tas deform\u0113jas.<\/p><\/li><li><p><strong>Uzglab\u0101t saus\u0101, v\u0113s\u0101 viet\u0101.<\/strong>  Pareiza uzglab\u0101\u0161ana t\u012br\u0101 un saus\u0101 viet\u0101 aizsarg\u0101s produkta ilgm\u016b\u017e\u012bbu un nodro\u0161in\u0101s t\u0101 labu st\u0101vokli.<\/p><\/li><li><p><strong>Uz pakl\u0101jiem ilgsto\u0161i nenovietojiet smagus priek\u0161metus.<\/strong>  P\u0101rm\u0113r\u012bga spiediena izdar\u012b\u0161ana, \u012bpa\u0161i ar smagiem priek\u0161metiem, var izrais\u012bt materi\u0101la deform\u0101ciju vai formas mai\u0146u.<\/p><\/li><li><p><strong>Neatst\u0101jiet izstr\u0101d\u0101jumu deform\u0113tu uz ilgu laiku.<\/strong>  Ilgsto\u0161a produkta deform\u0101cija var izrais\u012bt materi\u0101la deform\u0101ciju vai formas mai\u0146u.<\/p><\/li><li><p><strong>Nemazg\u0101jiet trauku mazg\u0101jamaj\u0101 ma\u0161\u012bn\u0101.<\/strong>  Nepareiza mazg\u0101\u0161anas metode var izrais\u012bt materi\u0101la boj\u0101jumus un samazin\u0101t t\u0101 kalpo\u0161anas ilgumu &#8211; m\u0113s iesak\u0101m mazg\u0101t ORTOTO izstr\u0101d\u0101jumus tikai ar \u016bdeni un ziep\u0113m.<\/p><\/li><li><p><strong>Izvairieties no abraz\u012bvu t\u012br\u012b\u0161anas l\u012bdzek\u013cu lieto\u0161anas.<\/strong>  Abraz\u012bvu t\u012br\u012b\u0161anas l\u012bdzek\u013cu izmanto\u0161ana var saboj\u0101t materi\u0101lu un samazin\u0101t t\u0101 kalpo\u0161anas laiku.  <\/p><\/li><\/ul>\t\t\t\t\t\t\t\t<\/div>\n\t\t\t\t<div class=\"elementor-element elementor-element-3f74609 elementor-widget elementor-widget-spacer\" data-id=\"3f74609\" data-element_type=\"widget\" data-widget_type=\"spacer.default\">\n\t\t\t\t\t\t\t<div class=\"elementor-spacer\">\n\t\t\t<div class=\"elementor-spacer-inner\"><\/div>\n\t\t<\/div>\n\t\t\t\t\t\t<\/div>\n\t\t\t\t\t<\/div>\n\t\t\t\t<\/div>\n\t\t\t\t<\/div>\n\t\t","protected":false},"excerpt":{"rendered":"<p>Apr\u016bpes ce\u013cvedis IETEIKUMI, LAI ORTOTO KALPOTU ILG\u0100K Lietojiet tikai uz t\u012br\u0101m, l\u012bdzen\u0101m virsm\u0101m. ORTOTO izstr\u0101d\u0101jumu novieto\u0161ana uz l\u012bdzenas un t\u012bras virsmas pal\u012bdz nov\u0113rst nevajadz\u012bgu nolieto\u0161anos. Rupjas vai nel\u012bdzenas virsmas laika gait\u0101 var saboj\u0101t izstr\u0101d\u0101juma materi\u0101lu, samazinot t\u0101 kalpo\u0161anas ilgumu. Sarg\u0101t no tie\u0161iem saules stariem. Ilgsto\u0161a tie\u0161u saules staru iedarb\u012bba var izrais\u012bt materi\u0101la izbal\u0113\u0161anu un p\u0101rkar\u0161anu, [&hellip;]<\/p>\n","protected":false},"author":1,"featured_media":0,"parent":0,"menu_order":0,"comment_status":"closed","ping_status":"closed","template":"","meta":{"_acf_changed":false,"footnotes":""},"class_list":["post-5553","page","type-page","status-publish","hentry"],"acf":[],"yoast_head":"<!-- This site is optimized with the Yoast SEO plugin v26.5 - https:\/\/yoast.com\/wordpress\/plugins\/seo\/ -->\n<title>%%%%%%%Apr\u016bpes ce\u013cvedis% % -% %<\/title>\n<meta name=\"description\" content=\"\u0160aj\u0101 sensor\u0101 pakl\u0101ji\u0146a kop\u0161anas rokasgr\u0101mat\u0101 ir izskaidrots, k\u0101 t\u012br\u012bt un kopt ORTOTO produktus un pakl\u0101ji\u0146us ikdienas lieto\u0161anai un rota\u013c\u0101m.\" \/>\n<meta name=\"robots\" content=\"index, follow, max-snippet:-1, max-image-preview:large, max-video-preview:-1\" \/>\n<link rel=\"canonical\" href=\"https:\/\/ortoto.com\/lv\/aprupes-celvedis\/\" \/>\n<meta property=\"og:locale\" content=\"lv_LV\" \/>\n<meta property=\"og:type\" content=\"article\" \/>\n<meta property=\"og:title\" content=\"%%%%%%%Apr\u016bpes ce\u013cvedis% % -% %\" \/>\n<meta property=\"og:description\" content=\"\u0160aj\u0101 sensor\u0101 pakl\u0101ji\u0146a kop\u0161anas rokasgr\u0101mat\u0101 ir izskaidrots, k\u0101 t\u012br\u012bt un kopt ORTOTO produktus un pakl\u0101ji\u0146us ikdienas lieto\u0161anai un rota\u013c\u0101m.\" \/>\n<meta property=\"og:url\" content=\"https:\/\/ortoto.com\/lv\/aprupes-celvedis\/\" \/>\n<meta property=\"og:site_name\" content=\"Ortoto\" \/>\n<meta property=\"article:modified_time\" content=\"2026-05-06T00:27:21+00:00\" \/>\n<meta property=\"og:image\" content=\"https:\/\/ortoto.com\/app\/uploads\/2025\/05\/ikonos.svg\" \/>\n<meta name=\"twitter:card\" content=\"summary_large_image\" \/>\n<meta name=\"twitter:label1\" content=\"Paredzamais las\u012b\u0161anas laiks \" \/>\n\t<meta name=\"twitter:data1\" content=\"1 min\u016bte\" \/>\n<script type=\"application\/ld+json\" class=\"yoast-schema-graph\">{\"@context\":\"https:\/\/schema.org\",\"@graph\":[{\"@type\":\"WebPage\",\"@id\":\"https:\/\/ortoto.com\/lv\/aprupes-celvedis\/\",\"url\":\"https:\/\/ortoto.com\/lv\/aprupes-celvedis\/\",\"name\":\"%%%%%%%Apr\u016bpes ce\u013cvedis% % -% %\",\"isPartOf\":{\"@id\":\"https:\/\/ortoto.com\/lv\/#website\"},\"primaryImageOfPage\":{\"@id\":\"https:\/\/ortoto.com\/lv\/aprupes-celvedis\/#primaryimage\"},\"image\":{\"@id\":\"https:\/\/ortoto.com\/lv\/aprupes-celvedis\/#primaryimage\"},\"thumbnailUrl\":\"https:\/\/ortoto.com\/app\/uploads\/2025\/05\/ikonos.svg\",\"datePublished\":\"2024-11-08T07:25:49+00:00\",\"dateModified\":\"2026-05-06T00:27:21+00:00\",\"description\":\"\u0160aj\u0101 sensor\u0101 pakl\u0101ji\u0146a kop\u0161anas rokasgr\u0101mat\u0101 ir izskaidrots, k\u0101 t\u012br\u012bt un kopt ORTOTO produktus un pakl\u0101ji\u0146us ikdienas lieto\u0161anai un rota\u013c\u0101m.\",\"breadcrumb\":{\"@id\":\"https:\/\/ortoto.com\/lv\/aprupes-celvedis\/#breadcrumb\"},\"inLanguage\":\"lv\",\"potentialAction\":[{\"@type\":\"ReadAction\",\"target\":[\"https:\/\/ortoto.com\/lv\/aprupes-celvedis\/\"]}]},{\"@type\":\"ImageObject\",\"inLanguage\":\"lv\",\"@id\":\"https:\/\/ortoto.com\/lv\/aprupes-celvedis\/#primaryimage\",\"url\":\"https:\/\/ortoto.com\/app\/uploads\/2025\/05\/ikonos.svg\",\"contentUrl\":\"https:\/\/ortoto.com\/app\/uploads\/2025\/05\/ikonos.svg\"},{\"@type\":\"BreadcrumbList\",\"@id\":\"https:\/\/ortoto.com\/lv\/aprupes-celvedis\/#breadcrumb\",\"itemListElement\":[{\"@type\":\"ListItem\",\"position\":1,\"name\":\"S\u0101kums\",\"item\":\"https:\/\/ortoto.com\/lv\/\"},{\"@type\":\"ListItem\",\"position\":2,\"name\":\"Apr\u016bpes ce\u013cvedis\"}]},{\"@type\":\"WebSite\",\"@id\":\"https:\/\/ortoto.com\/lv\/#website\",\"url\":\"https:\/\/ortoto.com\/lv\/\",\"name\":\"Ortoto\",\"description\":\"Massage Puzzle Mats\",\"potentialAction\":[{\"@type\":\"SearchAction\",\"target\":{\"@type\":\"EntryPoint\",\"urlTemplate\":\"https:\/\/ortoto.com\/lv\/?s={search_term_string}\"},\"query-input\":{\"@type\":\"PropertyValueSpecification\",\"valueRequired\":true,\"valueName\":\"search_term_string\"}}],\"inLanguage\":\"lv\"}]}<\/script>\n<!-- \/ Yoast SEO plugin. -->","yoast_head_json":{"title":"%%%%%%%Apr\u016bpes ce\u013cvedis% % -% %","description":"\u0160aj\u0101 sensor\u0101 pakl\u0101ji\u0146a kop\u0161anas rokasgr\u0101mat\u0101 ir izskaidrots, k\u0101 t\u012br\u012bt un kopt ORTOTO produktus un pakl\u0101ji\u0146us ikdienas lieto\u0161anai un rota\u013c\u0101m.","robots":{"index":"index","follow":"follow","max-snippet":"max-snippet:-1","max-image-preview":"max-image-preview:large","max-video-preview":"max-video-preview:-1"},"canonical":"https:\/\/ortoto.com\/lv\/aprupes-celvedis\/","og_locale":"lv_LV","og_type":"article","og_title":"%%%%%%%Apr\u016bpes ce\u013cvedis% % -% %","og_description":"\u0160aj\u0101 sensor\u0101 pakl\u0101ji\u0146a kop\u0161anas rokasgr\u0101mat\u0101 ir izskaidrots, k\u0101 t\u012br\u012bt un kopt ORTOTO produktus un pakl\u0101ji\u0146us ikdienas lieto\u0161anai un rota\u013c\u0101m.","og_url":"https:\/\/ortoto.com\/lv\/aprupes-celvedis\/","og_site_name":"Ortoto","article_modified_time":"2026-05-06T00:27:21+00:00","og_image":[{"url":"https:\/\/ortoto.com\/app\/uploads\/2025\/05\/ikonos.svg","type":"","width":"","height":""}],"twitter_card":"summary_large_image","twitter_misc":{"Paredzamais las\u012b\u0161anas laiks ":"1 min\u016bte"},"schema":{"@context":"https:\/\/schema.org","@graph":[{"@type":"WebPage","@id":"https:\/\/ortoto.com\/lv\/aprupes-celvedis\/","url":"https:\/\/ortoto.com\/lv\/aprupes-celvedis\/","name":"%%%%%%%Apr\u016bpes ce\u013cvedis% % -% %","isPartOf":{"@id":"https:\/\/ortoto.com\/lv\/#website"},"primaryImageOfPage":{"@id":"https:\/\/ortoto.com\/lv\/aprupes-celvedis\/#primaryimage"},"image":{"@id":"https:\/\/ortoto.com\/lv\/aprupes-celvedis\/#primaryimage"},"thumbnailUrl":"https:\/\/ortoto.com\/app\/uploads\/2025\/05\/ikonos.svg","datePublished":"2024-11-08T07:25:49+00:00","dateModified":"2026-05-06T00:27:21+00:00","description":"\u0160aj\u0101 sensor\u0101 pakl\u0101ji\u0146a kop\u0161anas rokasgr\u0101mat\u0101 ir izskaidrots, k\u0101 t\u012br\u012bt un kopt ORTOTO produktus un pakl\u0101ji\u0146us ikdienas lieto\u0161anai un rota\u013c\u0101m.","breadcrumb":{"@id":"https:\/\/ortoto.com\/lv\/aprupes-celvedis\/#breadcrumb"},"inLanguage":"lv","potentialAction":[{"@type":"ReadAction","target":["https:\/\/ortoto.com\/lv\/aprupes-celvedis\/"]}]},{"@type":"ImageObject","inLanguage":"lv","@id":"https:\/\/ortoto.com\/lv\/aprupes-celvedis\/#primaryimage","url":"https:\/\/ortoto.com\/app\/uploads\/2025\/05\/ikonos.svg","contentUrl":"https:\/\/ortoto.com\/app\/uploads\/2025\/05\/ikonos.svg"},{"@type":"BreadcrumbList","@id":"https:\/\/ortoto.com\/lv\/aprupes-celvedis\/#breadcrumb","itemListElement":[{"@type":"ListItem","position":1,"name":"S\u0101kums","item":"https:\/\/ortoto.com\/lv\/"},{"@type":"ListItem","position":2,"name":"Apr\u016bpes ce\u013cvedis"}]},{"@type":"WebSite","@id":"https:\/\/ortoto.com\/lv\/#website","url":"https:\/\/ortoto.com\/lv\/","name":"Ortoto","description":"Massage Puzzle Mats","potentialAction":[{"@type":"SearchAction","target":{"@type":"EntryPoint","urlTemplate":"https:\/\/ortoto.com\/lv\/?s={search_term_string}"},"query-input":{"@type":"PropertyValueSpecification","valueRequired":true,"valueName":"search_term_string"}}],"inLanguage":"lv"}]}},"_links":{"self":[{"href":"https:\/\/ortoto.com\/lv\/wp-json\/wp\/v2\/pages\/5553","targetHints":{"allow":["GET"]}}],"collection":[{"href":"https:\/\/ortoto.com\/lv\/wp-json\/wp\/v2\/pages"}],"about":[{"href":"https:\/\/ortoto.com\/lv\/wp-json\/wp\/v2\/types\/page"}],"author":[{"embeddable":true,"href":"https:\/\/ortoto.com\/lv\/wp-json\/wp\/v2\/users\/1"}],"replies":[{"embeddable":true,"href":"https:\/\/ortoto.com\/lv\/wp-json\/wp\/v2\/comments?post=5553"}],"version-history":[{"count":2,"href":"https:\/\/ortoto.com\/lv\/wp-json\/wp\/v2\/pages\/5553\/revisions"}],"predecessor-version":[{"id":5558,"href":"https:\/\/ortoto.com\/lv\/wp-json\/wp\/v2\/pages\/5553\/revisions\/5558"}],"wp:attachment":[{"href":"https:\/\/ortoto.com\/lv\/wp-json\/wp\/v2\/media?parent=5553"}],"curies":[{"name":"wp","href":"https:\/\/api.w.org\/{rel}","templated":true}]}}