{"id":5554,"date":"2024-12-11T10:44:51","date_gmt":"2024-12-11T08:44:51","guid":{"rendered":"https:\/\/ortoto.com\/atsauksmes\/"},"modified":"2026-05-06T02:27:20","modified_gmt":"2026-05-06T00:27:20","slug":"atsauksmes","status":"publish","type":"page","link":"https:\/\/ortoto.com\/lv\/atsauksmes\/","title":{"rendered":"Atsauksmes"},"content":{"rendered":"\t\t<div data-elementor-type=\"wp-page\" data-elementor-id=\"5554\" class=\"elementor elementor-5554 elementor-1419\" data-elementor-post-type=\"page\">\n\t\t\t\t<div class=\"elementor-element elementor-element-e9a5c4b e-flex e-con-boxed e-con e-parent\" data-id=\"e9a5c4b\" data-element_type=\"container\">\n\t\t\t\t\t<div class=\"e-con-inner\">\n\t\t\t\t<div class=\"elementor-element elementor-element-136e1d9 elementor-widget elementor-widget-spacer\" data-id=\"136e1d9\" data-element_type=\"widget\" data-widget_type=\"spacer.default\">\n\t\t\t\t\t\t\t<div class=\"elementor-spacer\">\n\t\t\t<div class=\"elementor-spacer-inner\"><\/div>\n\t\t<\/div>\n\t\t\t\t\t\t<\/div>\n\t\t\t\t<div class=\"elementor-element elementor-element-9e5546e elementor-widget elementor-widget-shortcode\" data-id=\"9e5546e\" data-element_type=\"widget\" data-widget_type=\"shortcode.default\">\n\t\t\t\t\t\t\t<div class=\"elementor-shortcode\">\n<div id=\"reviews-se-plugin\" class=\"wrap-for-sticky-nav\">\n\n    <div class=\"is-centered elementor-heading-title elementor-size-default\">\n        <h2 class=\"title title-lg\">Reviews & Testimonials<\/h2>\n    <\/div>\n    <section class=\"customer-reviews-nav-sticky header-down\">\n\n        <div class=\"app-container\">\n            <div class=\"p-inner\">\n                <div class=\"customer-reviews-nav page-anchor-menu\">\n                    <ul>\n                        <li class=\"section-customer-reviews active\">\n                            <a href=\"#section-customer-reviews\">Reviews<\/a>\n                        <\/li>\n                        <li class=\"section-expert-reviews\">\n                            <a href=\"#section-expert-reviews\">Experts Testimony<\/a>\n                        <\/li>\n                    <\/ul>\n                <\/div>\n\n            <\/div>\n        <\/div>\n   \n<\/section>    <div id=\"section-customer-reviews\" class=\"write_review_button_wrapper\">\n        <div id=\"reviews-se-plugin\">\n    <button class=\"write_review_button\">Leave a Review<\/button>\n    <div class=\"review-popup-overlay\" style=\"display: none;\">\n        <div class=\"review-popup\">\n            <button class=\"close-popup\">&times;<\/button>\n            <form>\n                <div class=\"star_block\">\n                    <label for=\"review-stars\">Rating:<\/label>\n                    <div id=\"star-rating\" data-selected=\"0\">\n                        <span class=\"star\" data-value=\"1\"><\/span>\n                        <span class=\"star\" data-value=\"2\"><\/span>\n                        <span class=\"star\" data-value=\"3\"><\/span>\n                        <span class=\"star\" data-value=\"4\"><\/span>\n                        <span class=\"star\" data-value=\"5\"><\/span>\n                    <\/div>\n                    <input type=\"hidden\" id=\"review-stars\" name=\"review_stars\" required>\n                <\/div>\n                <div>\n                    <label for=\"review-name\">Name, surname:<\/label>\n                    <input type=\"text\" id=\"review-name\" name=\"review_name\" required>\n                <\/div>\n                <div>\n                    <label for=\"review-email\">Email:<\/label>\n                    <input type=\"email\" id=\"review-email\" name=\"review_email\" required>\n                <\/div>\n                <div>\n                    <label for=\"review-content\">Tell us about your experience:<\/label>\n                    <textarea id=\"review-content\" name=\"review_content\" rows=\"4\" required><\/textarea>\n                <\/div>\n                <div>\n                    <label for=\"review-images\"> Drop your image here or Click to browse:<\/label>\n                    <input type=\"file\" id=\"review-images\" name=\"review_images[]\" multiple>\n                    <p id=\"file-chosen\"> No file chosen:<\/p>\n                <\/div>\n        \n                <input type=\"hidden\" name=\"post_id\" value=\"5554\">\n                <button class=\"write_review_button\" type=\"submit\"> Submit Review<\/button>\n            <\/form>\n        <\/div>\n    <\/div>\n<\/div>    <\/div>\n\n    <section class=\"section-customer-reviews\">\n        <div id=\"customer-reviews\" class=\"customer-review-list\">\n                                        <p>No reviews found.<\/p>\n                    <\/div>\n\n\n\n    <\/section>\n\n    <section id=\"section-expert-reviews\" class=\"section-expert-reviews section-slider\">\n        <div class=\"slider-head\">\n            <div class=\"app-title\">\n                <h2 class=\"elementor-heading-title elementor-size-defaul\">Industry Experts Recommend<\/h2>\n                <div class=\"desc\">Check industry experts testimony and why they recommend this product to their patients.<\/div>\n            <\/div>\n\n            <div class=\"swiper-buttons\">\n                <div class=\"swiper-button swiper-button-prev experts-prev swiper-button-disabled\" tabindex=\"-1\" role=\"button\" aria-label=\"Previous slide\" aria-controls=\"swiper-wrapper-ff20104f960810ca45\" aria-disabled=\"true\"><\/div>\n                <div class=\"swiper-button swiper-button-next experts-next\" tabindex=\"0\" role=\"button\" aria-label=\"Next slide\" aria-controls=\"swiper-wrapper-ff20104f960810ca45\" aria-disabled=\"false\"><\/div>\n            <\/div>\n        <\/div>\n        <div class=\"swiper experts-review-slider\">\n            <div class=\"swiper-wrapper\">\n                <p>No expert reviews found.<\/p>            <\/div>\n            <span class=\"swiper-notification\" aria-live=\"assertive\" aria-atomic=\"true\"><\/span>\n        <\/div>\n\n    <\/section>\n<\/div><\/div>\n\t\t\t\t\t\t<\/div>\n\t\t\t\t<div class=\"elementor-element elementor-element-e551bd2 elementor-widget elementor-widget-spacer\" data-id=\"e551bd2\" data-element_type=\"widget\" data-widget_type=\"spacer.default\">\n\t\t\t\t\t\t\t<div class=\"elementor-spacer\">\n\t\t\t<div class=\"elementor-spacer-inner\"><\/div>\n\t\t<\/div>\n\t\t\t\t\t\t<\/div>\n\t\t\t\t\t<\/div>\n\t\t\t\t<\/div>\n\t\t\t\t<\/div>\n\t\t","protected":false},"excerpt":{"rendered":"","protected":false},"author":1,"featured_media":0,"parent":0,"menu_order":0,"comment_status":"closed","ping_status":"closed","template":"","meta":{"_acf_changed":false,"footnotes":""},"class_list":["post-5554","page","type-page","status-publish","hentry"],"acf":[],"yoast_head":"<!-- This site is optimized with the Yoast SEO plugin v26.5 - https:\/\/yoast.com\/wordpress\/plugins\/seo\/ -->\n<title>%%%%%%%Atsauksmes% % -% %<\/title>\n<meta name=\"description\" content=\"Izlasiet sensor\u0101s labsaj\u016btas z\u012bmola atsauksmes no ORTOTO klientiem. Atkl\u0101jiet re\u0101lu pieredzi ar kust\u012bb\u0101m un sensoraj\u0101m sp\u0113l\u0113m.\" \/>\n<meta name=\"robots\" content=\"index, follow, max-snippet:-1, max-image-preview:large, max-video-preview:-1\" \/>\n<link rel=\"canonical\" href=\"https:\/\/ortoto.com\/lv\/atsauksmes\/\" \/>\n<meta property=\"og:locale\" content=\"lv_LV\" \/>\n<meta property=\"og:type\" content=\"article\" \/>\n<meta property=\"og:title\" content=\"%%%%%%%Atsauksmes% % -% %\" \/>\n<meta property=\"og:description\" content=\"Izlasiet sensor\u0101s labsaj\u016btas z\u012bmola atsauksmes no ORTOTO klientiem. Atkl\u0101jiet re\u0101lu pieredzi ar kust\u012bb\u0101m un sensoraj\u0101m sp\u0113l\u0113m.\" \/>\n<meta property=\"og:url\" content=\"https:\/\/ortoto.com\/lv\/atsauksmes\/\" \/>\n<meta property=\"og:site_name\" content=\"Ortoto\" \/>\n<meta property=\"article:modified_time\" content=\"2026-05-06T00:27:20+00:00\" \/>\n<meta name=\"twitter:card\" content=\"summary_large_image\" \/>\n<script type=\"application\/ld+json\" class=\"yoast-schema-graph\">{\"@context\":\"https:\/\/schema.org\",\"@graph\":[{\"@type\":\"WebPage\",\"@id\":\"https:\/\/ortoto.com\/lv\/atsauksmes\/\",\"url\":\"https:\/\/ortoto.com\/lv\/atsauksmes\/\",\"name\":\"%%%%%%%Atsauksmes% % -% %\",\"isPartOf\":{\"@id\":\"https:\/\/ortoto.com\/lv\/#website\"},\"datePublished\":\"2024-12-11T08:44:51+00:00\",\"dateModified\":\"2026-05-06T00:27:20+00:00\",\"description\":\"Izlasiet sensor\u0101s labsaj\u016btas z\u012bmola atsauksmes no ORTOTO klientiem. Atkl\u0101jiet re\u0101lu pieredzi ar kust\u012bb\u0101m un sensoraj\u0101m sp\u0113l\u0113m.\",\"breadcrumb\":{\"@id\":\"https:\/\/ortoto.com\/lv\/atsauksmes\/#breadcrumb\"},\"inLanguage\":\"lv\",\"potentialAction\":[{\"@type\":\"ReadAction\",\"target\":[\"https:\/\/ortoto.com\/lv\/atsauksmes\/\"]}]},{\"@type\":\"BreadcrumbList\",\"@id\":\"https:\/\/ortoto.com\/lv\/atsauksmes\/#breadcrumb\",\"itemListElement\":[{\"@type\":\"ListItem\",\"position\":1,\"name\":\"S\u0101kums\",\"item\":\"https:\/\/ortoto.com\/lv\/\"},{\"@type\":\"ListItem\",\"position\":2,\"name\":\"Atsauksmes\"}]},{\"@type\":\"WebSite\",\"@id\":\"https:\/\/ortoto.com\/lv\/#website\",\"url\":\"https:\/\/ortoto.com\/lv\/\",\"name\":\"Ortoto\",\"description\":\"Massage Puzzle Mats\",\"potentialAction\":[{\"@type\":\"SearchAction\",\"target\":{\"@type\":\"EntryPoint\",\"urlTemplate\":\"https:\/\/ortoto.com\/lv\/?s={search_term_string}\"},\"query-input\":{\"@type\":\"PropertyValueSpecification\",\"valueRequired\":true,\"valueName\":\"search_term_string\"}}],\"inLanguage\":\"lv\"}]}<\/script>\n<!-- \/ Yoast SEO plugin. -->","yoast_head_json":{"title":"%%%%%%%Atsauksmes% % -% %","description":"Izlasiet sensor\u0101s labsaj\u016btas z\u012bmola atsauksmes no ORTOTO klientiem. Atkl\u0101jiet re\u0101lu pieredzi ar kust\u012bb\u0101m un sensoraj\u0101m sp\u0113l\u0113m.","robots":{"index":"index","follow":"follow","max-snippet":"max-snippet:-1","max-image-preview":"max-image-preview:large","max-video-preview":"max-video-preview:-1"},"canonical":"https:\/\/ortoto.com\/lv\/atsauksmes\/","og_locale":"lv_LV","og_type":"article","og_title":"%%%%%%%Atsauksmes% % -% %","og_description":"Izlasiet sensor\u0101s labsaj\u016btas z\u012bmola atsauksmes no ORTOTO klientiem. Atkl\u0101jiet re\u0101lu pieredzi ar kust\u012bb\u0101m un sensoraj\u0101m sp\u0113l\u0113m.","og_url":"https:\/\/ortoto.com\/lv\/atsauksmes\/","og_site_name":"Ortoto","article_modified_time":"2026-05-06T00:27:20+00:00","twitter_card":"summary_large_image","schema":{"@context":"https:\/\/schema.org","@graph":[{"@type":"WebPage","@id":"https:\/\/ortoto.com\/lv\/atsauksmes\/","url":"https:\/\/ortoto.com\/lv\/atsauksmes\/","name":"%%%%%%%Atsauksmes% % -% %","isPartOf":{"@id":"https:\/\/ortoto.com\/lv\/#website"},"datePublished":"2024-12-11T08:44:51+00:00","dateModified":"2026-05-06T00:27:20+00:00","description":"Izlasiet sensor\u0101s labsaj\u016btas z\u012bmola atsauksmes no ORTOTO klientiem. Atkl\u0101jiet re\u0101lu pieredzi ar kust\u012bb\u0101m un sensoraj\u0101m sp\u0113l\u0113m.","breadcrumb":{"@id":"https:\/\/ortoto.com\/lv\/atsauksmes\/#breadcrumb"},"inLanguage":"lv","potentialAction":[{"@type":"ReadAction","target":["https:\/\/ortoto.com\/lv\/atsauksmes\/"]}]},{"@type":"BreadcrumbList","@id":"https:\/\/ortoto.com\/lv\/atsauksmes\/#breadcrumb","itemListElement":[{"@type":"ListItem","position":1,"name":"S\u0101kums","item":"https:\/\/ortoto.com\/lv\/"},{"@type":"ListItem","position":2,"name":"Atsauksmes"}]},{"@type":"WebSite","@id":"https:\/\/ortoto.com\/lv\/#website","url":"https:\/\/ortoto.com\/lv\/","name":"Ortoto","description":"Massage Puzzle Mats","potentialAction":[{"@type":"SearchAction","target":{"@type":"EntryPoint","urlTemplate":"https:\/\/ortoto.com\/lv\/?s={search_term_string}"},"query-input":{"@type":"PropertyValueSpecification","valueRequired":true,"valueName":"search_term_string"}}],"inLanguage":"lv"}]}},"_links":{"self":[{"href":"https:\/\/ortoto.com\/lv\/wp-json\/wp\/v2\/pages\/5554","targetHints":{"allow":["GET"]}}],"collection":[{"href":"https:\/\/ortoto.com\/lv\/wp-json\/wp\/v2\/pages"}],"about":[{"href":"https:\/\/ortoto.com\/lv\/wp-json\/wp\/v2\/types\/page"}],"author":[{"embeddable":true,"href":"https:\/\/ortoto.com\/lv\/wp-json\/wp\/v2\/users\/1"}],"replies":[{"embeddable":true,"href":"https:\/\/ortoto.com\/lv\/wp-json\/wp\/v2\/comments?post=5554"}],"version-history":[{"count":2,"href":"https:\/\/ortoto.com\/lv\/wp-json\/wp\/v2\/pages\/5554\/revisions"}],"predecessor-version":[{"id":5557,"href":"https:\/\/ortoto.com\/lv\/wp-json\/wp\/v2\/pages\/5554\/revisions\/5557"}],"wp:attachment":[{"href":"https:\/\/ortoto.com\/lv\/wp-json\/wp\/v2\/media?parent=5554"}],"curies":[{"name":"wp","href":"https:\/\/api.w.org\/{rel}","templated":true}]}}