{"id":5559,"date":"2025-04-01T11:38:26","date_gmt":"2025-04-01T09:38:26","guid":{"rendered":"https:\/\/ortoto.com\/ka-tas-palidz\/novers-ortopetiskas-problemas\/"},"modified":"2026-05-06T02:27:20","modified_gmt":"2026-05-06T00:27:20","slug":"novers-ortopetiskas-problemas","status":"publish","type":"page","link":"https:\/\/ortoto.com\/lv\/ka-tas-palidz\/novers-ortopetiskas-problemas\/","title":{"rendered":"Nov\u0113r\u0161 ortop\u0113tisk\u0101s probl\u0113mas"},"content":{"rendered":"\t\t<div data-elementor-type=\"wp-page\" data-elementor-id=\"5559\" class=\"elementor elementor-5559 elementor-2199\" data-elementor-post-type=\"page\">\n\t\t\t\t<div class=\"elementor-element elementor-element-8baad76 e-flex e-con-boxed e-con e-parent\" data-id=\"8baad76\" data-element_type=\"container\">\n\t\t\t\t\t<div class=\"e-con-inner\">\n\t\t\t\t<div class=\"elementor-element elementor-element-bb9c0cf elementor-widget__width-initial elementor-widget-widescreen__width-initial elementor-widget elementor-widget-heading\" data-id=\"bb9c0cf\" data-element_type=\"widget\" data-widget_type=\"heading.default\">\n\t\t\t\t\t<h1 class=\"elementor-heading-title elementor-size-default\">Nov\u0113r\u0161 ortop\u0113tisk\u0101s probl\u0113mas<\/h1>\t\t\t\t<\/div>\n\t\t\t\t<div class=\"elementor-element elementor-element-bba6b3f elementor-widget elementor-widget-spacer\" data-id=\"bba6b3f\" data-element_type=\"widget\" data-widget_type=\"spacer.default\">\n\t\t\t\t\t\t\t<div class=\"elementor-spacer\">\n\t\t\t<div class=\"elementor-spacer-inner\"><\/div>\n\t\t<\/div>\n\t\t\t\t\t\t<\/div>\n\t\t\t\t<div class=\"elementor-element elementor-element-eccb1e6 elementor-widget elementor-widget-text-editor\" data-id=\"eccb1e6\" data-element_type=\"widget\" data-widget_type=\"text-editor.default\">\n\t\t\t\t\t\t\t\t\t<p>Nov\u0113r\u0161 ortop\u0113diskas probl\u0113mas<\/p><p> <\/p><p>K\u0101 j\u016bs dro\u0161i vien zin\u0101t, visi b\u0113rni piedzimst ar plakan\u0101m p\u0113d\u0101m. Par to nav j\u0101uztraucas. Tas ir t\u0101p\u0113c, ka vi\u0146u p\u0113du musku\u013ci v\u0113l nav pien\u0101c\u012bgi att\u012bst\u012bju\u0161ies.  <\/p><p> <\/p><p>T\u0101 k\u0101 mazu\u013ci ar p\u0113d\u0101m iepaz\u012bst pasauli, vi\u0146u s\u012bkie p\u0113du musku\u013ci nostiprin\u0101s, piel\u0101gojoties da\u017e\u0101d\u0101m virsm\u0101m. Bet, kad m\u0113s uzvelkam apavus, apavu zoli un \u0101r\u0113jais atbalsts atvieglo situ\u0101ciju, liekot \u0161iem s\u012bkajiem musku\u013ciem str\u0101d\u0101t maz\u0101k. Tas ir t\u0101pat k\u0101 treni\u0146a laik\u0101 izmantot vieglus svarus un br\u012bn\u012bties, k\u0101p\u0113c neveidojas k\u0101rt\u012bgi musku\u013ci!  <\/p><p> <\/p><p>M\u016bsu p\u0113das nav paredz\u0113tas tikai staig\u0101\u0161anai &#8211; t\u0101s ir veidotas t\u0101, lai atbalst\u012btu visu m\u016bsu \u0137ermeni, uztur\u0113tu l\u012bdzsvaru, stabilit\u0101ti un gatav\u012bbu p\u0101rvar\u0113t jebkuru apvidu. Ja p\u0113du musku\u013ci ir nepietiekami att\u012bst\u012bti, tie nesp\u0113j m\u016bs pien\u0101c\u012bgi balst\u012bt, k\u0101 rezult\u0101t\u0101 kust\u012bbu laik\u0101 notiek nevienm\u0113r\u012bgs svara sadal\u012bjums un rodas ortop\u0113diskas probl\u0113mas, kas sniedzas daudz t\u0101l\u0101k par m\u016bsu p\u0113d\u0101m. <\/p><p> <\/p><p>Plakanas k\u0101jas&#8230;<\/p><p> <\/p><p>Plakan\u0101s p\u0113das rodas tad, ja p\u0113das p\u0113das balsta arka nav piln\u012bb\u0101 att\u012bst\u012bjusies, t\u0101p\u0113c pot\u012bte ir ieskr\u0113jusies uz iek\u0161u. Aug\u0161\u0113jais izliekums ir \u013coti svar\u012bgs svara atbalstam. Tas darbojas k\u0101 trampl\u012bns un amortizators. Ejot tas uzkr\u0101j un atbr\u012bvo ener\u0123iju, vienlaikus aizsarg\u0101jot p\u0113das nervus un asinsvadus. Da\u017e\u0101du tekst\u016bru un ciet\u012bbas l\u012bme\u0146a virsmu izp\u0113te bas\u0101m p\u0113d\u0101m liek \u0161iem p\u0113du musku\u013ciem str\u0101d\u0101t, veicinot pareizu plant\u0101r\u0101 loka att\u012bst\u012bbu un pareizu \u0137erme\u0146a izl\u012bdzin\u0101\u0161anu, t\u0101d\u0113j\u0101di nov\u0113r\u0161ot plakan\u0101s p\u0113das.    <\/p><p> <\/p><p>&#8230;un ne tikai.<\/p><p> <\/p><p>Ar\u012b plakan\u0101s p\u0113das var b\u016bt iemesls, k\u0101p\u0113c jums s\u0101p mugura! Ir zin\u0101tniski pier\u0101d\u012bts, ka plakan\u0101m p\u0113d\u0101m ir tie\u0161a ietekme uz muguras s\u0101p\u0113m pieaugu\u0161\u0101 vecum\u0101. Ja jums ir plakanas p\u0113das, j\u016bsu izliekums sabr\u016bk, un pot\u012btes nosl\u012bd uz iek\u0161u. Tas izjauc izl\u012bdzin\u0101jumu, kas virz\u0101s aug\u0161up pa k\u0101j\u0101m uz gurniem un muguras lejasda\u013cu, jo \u0137ermenis cen\u0161as dabiski kompens\u0113t izkrop\u013cojumus vis\u0101s iesp\u0113jam\u0101s viet\u0101s &#8211; \u0161aj\u0101 gad\u012bjum\u0101 gurnos un muguras lejasda\u013c\u0101. Au\u0161!    <\/p><p> <\/p><p>Nav viegli ce\u013cgaliem.<\/p><p> <\/p><p>Un m\u0113s v\u0113l neesam pabeigu\u0161i. Plakan\u0101s p\u0113das var veicin\u0101t ar\u012b ce\u013ca s\u0101pes un skrim\u0161\u013ca boj\u0101jumus pieaugu\u0161ajiem, jo pot\u012btes rot\u0101cijas d\u0113\u013c rada tie\u0161u slodzi skrim\u0161lim, kas laika gait\u0101 nodilst. Lai no t\u0101 izvair\u012btos, izmantojiet sensorus taustes pakl\u0101ji\u0146us, kas veicina dabisku p\u0113du att\u012bst\u012bbu. \u0160ie ortop\u0113diskie pakl\u0101ji\u0146i ir izstr\u0101d\u0101ti t\u0101, lai atbalst\u012btu dabiskas kust\u012bbas, nov\u0113rstu plakan\u0101s p\u0113das un aktiviz\u0113tu p\u0113du musku\u013cu aug\u0161anu, kas \u013cauj b\u0113rnam att\u012bst\u012bt vesel\u012bgu pamatu l\u012bdzsvarotam \u0137ermenim.   <\/p>\t\t\t\t\t\t\t\t<\/div>\n\t\t\t\t\t<\/div>\n\t\t\t\t<\/div>\n\t\t<div class=\"elementor-element elementor-element-15a44f3 e-flex e-con-boxed e-con e-parent\" data-id=\"15a44f3\" data-element_type=\"container\">\n\t\t\t\t\t<div class=\"e-con-inner\">\n\t\t\t\t<div class=\"elementor-element elementor-element-26e6baf elementor-widget elementor-widget-spacer\" data-id=\"26e6baf\" data-element_type=\"widget\" data-widget_type=\"spacer.default\">\n\t\t\t\t\t\t\t<div class=\"elementor-spacer\">\n\t\t\t<div class=\"elementor-spacer-inner\"><\/div>\n\t\t<\/div>\n\t\t\t\t\t\t<\/div>\n\t\t<div class=\"elementor-element elementor-element-029fa6b e-con-full e-flex e-con e-child\" data-id=\"029fa6b\" data-element_type=\"container\" data-settings=\"{&quot;background_background&quot;:&quot;classic&quot;}\">\n\t\t\t\t<\/div>\n\t\t\t\t<div class=\"elementor-element elementor-element-6dfb7fa elementor-widget elementor-widget-spacer\" data-id=\"6dfb7fa\" data-element_type=\"widget\" data-widget_type=\"spacer.default\">\n\t\t\t\t\t\t\t<div class=\"elementor-spacer\">\n\t\t\t<div class=\"elementor-spacer-inner\"><\/div>\n\t\t<\/div>\n\t\t\t\t\t\t<\/div>\n\t\t\t\t<div class=\"elementor-element elementor-element-08379d2 elementor-align-center elementor-widget elementor-widget-button\" data-id=\"08379d2\" data-element_type=\"widget\" data-widget_type=\"button.default\">\n\t\t\t\t\t\t\t\t\t\t<a class=\"elementor-button elementor-button-link elementor-size-sm\" href=\"\/product-category\/kids-barefoot-at-home\/\">\n\t\t\t\t\t\t<span class=\"elementor-button-content-wrapper\">\n\t\t\t\t\t\t<span class=\"elementor-button-icon\">\n\t\t\t\t\t\t\t<\/span>\n\t\t\t\t\t\t\t\t\t<span class=\"elementor-button-text\">SA\u0145EMIET ORTOTO<\/span>\n\t\t\t\t\t<\/span>\n\t\t\t\t\t<\/a>\n\t\t\t\t\t\t\t\t<\/div>\n\t\t\t\t<div class=\"elementor-element elementor-element-7f278a8 elementor-widget elementor-widget-spacer\" data-id=\"7f278a8\" data-element_type=\"widget\" data-widget_type=\"spacer.default\">\n\t\t\t\t\t\t\t<div class=\"elementor-spacer\">\n\t\t\t<div class=\"elementor-spacer-inner\"><\/div>\n\t\t<\/div>\n\t\t\t\t\t\t<\/div>\n\t\t\t\t\t<\/div>\n\t\t\t\t<\/div>\n\t\t<div class=\"elementor-element elementor-element-3e67803 e-flex e-con-boxed e-con e-parent\" data-id=\"3e67803\" data-element_type=\"container\">\n\t\t\t\t\t<div class=\"e-con-inner\">\n\t\t\t\t<div class=\"elementor-element elementor-element-29ff1b3 elementor-widget elementor-widget-text-editor\" data-id=\"29ff1b3\" data-element_type=\"widget\" data-widget_type=\"text-editor.default\">\n\t\t\t\t\t\t\t\t\t<p>P\u0101rejiet uz priek\u0161u \u0161o jaut\u0101jumu risin\u0101\u0161an\u0101 ar ORTOTO.  <\/p><p>Smags treni\u0146\u0161 \u0161o p\u0113du musku\u013ciem!  <\/p><p>Izveidojot ikdienas ieradumu ORTOTO bas\u0101m k\u0101j\u0101m rota\u013c\u0101ties uz sensor\u0101 sp\u0113\u013cu pakl\u0101ji\u0146a, j\u016bs nodro\u0161in\u0101siet intens\u012bvu ikdienas treni\u0146u p\u0113du musku\u013ciem. Kam\u0113r j\u016bsu p\u0113das p\u0113ta spilgt\u0101s saj\u016btas, ko sniedz skuju kauli\u0146i, tirpsto\u0161ie dzelo\u0146stiep\u013ci vai staig\u0101 pa akme\u0146ainu taku, vienlaikus t\u0101s piedz\u012bvo vesel\u012bgu svar\u012bgu p\u0113du musku\u013cu aktiviz\u0101ciju, kas veicina pareizu p\u0113du att\u012bst\u012bbu, jo \u012bpa\u0161i p\u0113du loku. Tas, savuk\u0101rt, pal\u012bdz uzlabot visp\u0101r\u0113jo \u0137erme\u0146a izl\u012bdzin\u0101\u0161anu, veicinot lab\u0101ku st\u0101ju, nov\u0113r\u0161ot plakan\u0101s p\u0113das un samazinot slodzi ce\u013cgaliem, gurniem un muguras lejasda\u013cai.  <\/p>\t\t\t\t\t\t\t\t<\/div>\n\t\t\t\t<div class=\"elementor-element elementor-element-7e4a3e6 elementor-widget elementor-widget-spacer\" data-id=\"7e4a3e6\" data-element_type=\"widget\" data-widget_type=\"spacer.default\">\n\t\t\t\t\t\t\t<div class=\"elementor-spacer\">\n\t\t\t<div class=\"elementor-spacer-inner\"><\/div>\n\t\t<\/div>\n\t\t\t\t\t\t<\/div>\n\t\t<div class=\"elementor-element elementor-element-703e9be e-con-full e-flex e-con e-child\" data-id=\"703e9be\" data-element_type=\"container\" data-settings=\"{&quot;background_background&quot;:&quot;classic&quot;}\">\n\t\t\t\t<\/div>\n\t\t\t\t<div class=\"elementor-element elementor-element-29cce7b elementor-widget elementor-widget-spacer\" data-id=\"29cce7b\" data-element_type=\"widget\" data-widget_type=\"spacer.default\">\n\t\t\t\t\t\t\t<div class=\"elementor-spacer\">\n\t\t\t<div class=\"elementor-spacer-inner\"><\/div>\n\t\t<\/div>\n\t\t\t\t\t\t<\/div>\n\t\t\t\t\t<\/div>\n\t\t\t\t<\/div>\n\t\t\t\t<\/div>\n\t\t","protected":false},"excerpt":{"rendered":"<p>Nov\u0113r\u0161 ortop\u0113tisk\u0101s probl\u0113mas Nov\u0113r\u0161 ortop\u0113diskas probl\u0113mas K\u0101 j\u016bs dro\u0161i vien zin\u0101t, visi b\u0113rni piedzimst ar plakan\u0101m p\u0113d\u0101m. Par to nav j\u0101uztraucas. Tas ir t\u0101p\u0113c, ka vi\u0146u p\u0113du musku\u013ci v\u0113l nav pien\u0101c\u012bgi att\u012bst\u012bju\u0161ies. T\u0101 k\u0101 mazu\u013ci ar p\u0113d\u0101m iepaz\u012bst pasauli, vi\u0146u s\u012bkie p\u0113du musku\u013ci nostiprin\u0101s, piel\u0101gojoties da\u017e\u0101d\u0101m virsm\u0101m. Bet, kad m\u0113s uzvelkam apavus, apavu zoli un [&hellip;]<\/p>\n","protected":false},"author":1,"featured_media":0,"parent":5506,"menu_order":0,"comment_status":"closed","ping_status":"closed","template":"","meta":{"_acf_changed":false,"footnotes":""},"class_list":["post-5559","page","type-page","status-publish","hentry"],"acf":[],"yoast_head":"<!-- This site is optimized with the Yoast SEO plugin v26.5 - https:\/\/yoast.com\/wordpress\/plugins\/seo\/ -->\n<title>%%%%%%%Nov\u0113r\u0161 ortop\u0113tisk\u0101s probl\u0113mas% % -% %<\/title>\n<meta name=\"description\" content=\"Uzziniet, k\u0101 sensorie pakl\u0101ji\u0146i var veicin\u0101t ortop\u0113disko vesel\u012bbu, apzinoties l\u012bdzsvaru un st\u0101ju, k\u0101 ar\u012b nov\u0113r\u0161ot plakan\u0101s p\u0113das.\" \/>\n<meta name=\"robots\" content=\"index, follow, max-snippet:-1, max-image-preview:large, max-video-preview:-1\" \/>\n<link rel=\"canonical\" href=\"https:\/\/ortoto.com\/lv\/ka-tas-palidz\/novers-ortopetiskas-problemas\/\" \/>\n<meta property=\"og:locale\" content=\"lv_LV\" \/>\n<meta property=\"og:type\" content=\"article\" \/>\n<meta property=\"og:title\" content=\"%%%%%%%Nov\u0113r\u0161 ortop\u0113tisk\u0101s probl\u0113mas% % -% %\" \/>\n<meta property=\"og:description\" content=\"Uzziniet, k\u0101 sensorie pakl\u0101ji\u0146i var veicin\u0101t ortop\u0113disko vesel\u012bbu, apzinoties l\u012bdzsvaru un st\u0101ju, k\u0101 ar\u012b nov\u0113r\u0161ot plakan\u0101s p\u0113das.\" \/>\n<meta property=\"og:url\" content=\"https:\/\/ortoto.com\/lv\/ka-tas-palidz\/novers-ortopetiskas-problemas\/\" \/>\n<meta property=\"og:site_name\" content=\"Ortoto\" \/>\n<meta property=\"article:modified_time\" content=\"2026-05-06T00:27:20+00:00\" \/>\n<meta name=\"twitter:card\" content=\"summary_large_image\" \/>\n<meta name=\"twitter:label1\" content=\"Paredzamais las\u012b\u0161anas laiks \" \/>\n\t<meta name=\"twitter:data1\" content=\"4 min\u016btes\" \/>\n<script type=\"application\/ld+json\" class=\"yoast-schema-graph\">{\"@context\":\"https:\/\/schema.org\",\"@graph\":[{\"@type\":\"WebPage\",\"@id\":\"https:\/\/ortoto.com\/lv\/ka-tas-palidz\/novers-ortopetiskas-problemas\/\",\"url\":\"https:\/\/ortoto.com\/lv\/ka-tas-palidz\/novers-ortopetiskas-problemas\/\",\"name\":\"%%%%%%%Nov\u0113r\u0161 ortop\u0113tisk\u0101s probl\u0113mas% % -% %\",\"isPartOf\":{\"@id\":\"https:\/\/ortoto.com\/lv\/#website\"},\"datePublished\":\"2025-04-01T09:38:26+00:00\",\"dateModified\":\"2026-05-06T00:27:20+00:00\",\"description\":\"Uzziniet, k\u0101 sensorie pakl\u0101ji\u0146i var veicin\u0101t ortop\u0113disko vesel\u012bbu, apzinoties l\u012bdzsvaru un st\u0101ju, k\u0101 ar\u012b nov\u0113r\u0161ot plakan\u0101s p\u0113das.\",\"breadcrumb\":{\"@id\":\"https:\/\/ortoto.com\/lv\/ka-tas-palidz\/novers-ortopetiskas-problemas\/#breadcrumb\"},\"inLanguage\":\"lv\",\"potentialAction\":[{\"@type\":\"ReadAction\",\"target\":[\"https:\/\/ortoto.com\/lv\/ka-tas-palidz\/novers-ortopetiskas-problemas\/\"]}]},{\"@type\":\"BreadcrumbList\",\"@id\":\"https:\/\/ortoto.com\/lv\/ka-tas-palidz\/novers-ortopetiskas-problemas\/#breadcrumb\",\"itemListElement\":[{\"@type\":\"ListItem\",\"position\":1,\"name\":\"S\u0101kums\",\"item\":\"https:\/\/ortoto.com\/lv\/\"},{\"@type\":\"ListItem\",\"position\":2,\"name\":\"K\u0101 tas pal\u012bdz\",\"item\":\"https:\/\/ortoto.com\/lv\/?page_id=5506\"},{\"@type\":\"ListItem\",\"position\":3,\"name\":\"Nov\u0113r\u0161 ortop\u0113tisk\u0101s probl\u0113mas\"}]},{\"@type\":\"WebSite\",\"@id\":\"https:\/\/ortoto.com\/lv\/#website\",\"url\":\"https:\/\/ortoto.com\/lv\/\",\"name\":\"Ortoto\",\"description\":\"Massage Puzzle Mats\",\"potentialAction\":[{\"@type\":\"SearchAction\",\"target\":{\"@type\":\"EntryPoint\",\"urlTemplate\":\"https:\/\/ortoto.com\/lv\/?s={search_term_string}\"},\"query-input\":{\"@type\":\"PropertyValueSpecification\",\"valueRequired\":true,\"valueName\":\"search_term_string\"}}],\"inLanguage\":\"lv\"}]}<\/script>\n<!-- \/ Yoast SEO plugin. -->","yoast_head_json":{"title":"%%%%%%%Nov\u0113r\u0161 ortop\u0113tisk\u0101s probl\u0113mas% % -% %","description":"Uzziniet, k\u0101 sensorie pakl\u0101ji\u0146i var veicin\u0101t ortop\u0113disko vesel\u012bbu, apzinoties l\u012bdzsvaru un st\u0101ju, k\u0101 ar\u012b nov\u0113r\u0161ot plakan\u0101s p\u0113das.","robots":{"index":"index","follow":"follow","max-snippet":"max-snippet:-1","max-image-preview":"max-image-preview:large","max-video-preview":"max-video-preview:-1"},"canonical":"https:\/\/ortoto.com\/lv\/ka-tas-palidz\/novers-ortopetiskas-problemas\/","og_locale":"lv_LV","og_type":"article","og_title":"%%%%%%%Nov\u0113r\u0161 ortop\u0113tisk\u0101s probl\u0113mas% % -% %","og_description":"Uzziniet, k\u0101 sensorie pakl\u0101ji\u0146i var veicin\u0101t ortop\u0113disko vesel\u012bbu, apzinoties l\u012bdzsvaru un st\u0101ju, k\u0101 ar\u012b nov\u0113r\u0161ot plakan\u0101s p\u0113das.","og_url":"https:\/\/ortoto.com\/lv\/ka-tas-palidz\/novers-ortopetiskas-problemas\/","og_site_name":"Ortoto","article_modified_time":"2026-05-06T00:27:20+00:00","twitter_card":"summary_large_image","twitter_misc":{"Paredzamais las\u012b\u0161anas laiks ":"4 min\u016btes"},"schema":{"@context":"https:\/\/schema.org","@graph":[{"@type":"WebPage","@id":"https:\/\/ortoto.com\/lv\/ka-tas-palidz\/novers-ortopetiskas-problemas\/","url":"https:\/\/ortoto.com\/lv\/ka-tas-palidz\/novers-ortopetiskas-problemas\/","name":"%%%%%%%Nov\u0113r\u0161 ortop\u0113tisk\u0101s probl\u0113mas% % -% %","isPartOf":{"@id":"https:\/\/ortoto.com\/lv\/#website"},"datePublished":"2025-04-01T09:38:26+00:00","dateModified":"2026-05-06T00:27:20+00:00","description":"Uzziniet, k\u0101 sensorie pakl\u0101ji\u0146i var veicin\u0101t ortop\u0113disko vesel\u012bbu, apzinoties l\u012bdzsvaru un st\u0101ju, k\u0101 ar\u012b nov\u0113r\u0161ot plakan\u0101s p\u0113das.","breadcrumb":{"@id":"https:\/\/ortoto.com\/lv\/ka-tas-palidz\/novers-ortopetiskas-problemas\/#breadcrumb"},"inLanguage":"lv","potentialAction":[{"@type":"ReadAction","target":["https:\/\/ortoto.com\/lv\/ka-tas-palidz\/novers-ortopetiskas-problemas\/"]}]},{"@type":"BreadcrumbList","@id":"https:\/\/ortoto.com\/lv\/ka-tas-palidz\/novers-ortopetiskas-problemas\/#breadcrumb","itemListElement":[{"@type":"ListItem","position":1,"name":"S\u0101kums","item":"https:\/\/ortoto.com\/lv\/"},{"@type":"ListItem","position":2,"name":"K\u0101 tas pal\u012bdz","item":"https:\/\/ortoto.com\/lv\/?page_id=5506"},{"@type":"ListItem","position":3,"name":"Nov\u0113r\u0161 ortop\u0113tisk\u0101s probl\u0113mas"}]},{"@type":"WebSite","@id":"https:\/\/ortoto.com\/lv\/#website","url":"https:\/\/ortoto.com\/lv\/","name":"Ortoto","description":"Massage Puzzle Mats","potentialAction":[{"@type":"SearchAction","target":{"@type":"EntryPoint","urlTemplate":"https:\/\/ortoto.com\/lv\/?s={search_term_string}"},"query-input":{"@type":"PropertyValueSpecification","valueRequired":true,"valueName":"search_term_string"}}],"inLanguage":"lv"}]}},"_links":{"self":[{"href":"https:\/\/ortoto.com\/lv\/wp-json\/wp\/v2\/pages\/5559","targetHints":{"allow":["GET"]}}],"collection":[{"href":"https:\/\/ortoto.com\/lv\/wp-json\/wp\/v2\/pages"}],"about":[{"href":"https:\/\/ortoto.com\/lv\/wp-json\/wp\/v2\/types\/page"}],"author":[{"embeddable":true,"href":"https:\/\/ortoto.com\/lv\/wp-json\/wp\/v2\/users\/1"}],"replies":[{"embeddable":true,"href":"https:\/\/ortoto.com\/lv\/wp-json\/wp\/v2\/comments?post=5559"}],"version-history":[{"count":2,"href":"https:\/\/ortoto.com\/lv\/wp-json\/wp\/v2\/pages\/5559\/revisions"}],"predecessor-version":[{"id":5565,"href":"https:\/\/ortoto.com\/lv\/wp-json\/wp\/v2\/pages\/5559\/revisions\/5565"}],"up":[{"embeddable":true,"href":"https:\/\/ortoto.com\/lv\/wp-json\/wp\/v2\/pages\/5506"}],"wp:attachment":[{"href":"https:\/\/ortoto.com\/lv\/wp-json\/wp\/v2\/media?parent=5559"}],"curies":[{"name":"wp","href":"https:\/\/api.w.org\/{rel}","templated":true}]}}