{"id":5569,"date":"2025-04-01T11:40:46","date_gmt":"2025-04-01T09:40:46","guid":{"rendered":"https:\/\/ortoto.com\/ka-tas-palidz\/uzlabo-izteli\/"},"modified":"2026-05-06T02:27:20","modified_gmt":"2026-05-06T00:27:20","slug":"uzlabo-izteli","status":"publish","type":"page","link":"https:\/\/ortoto.com\/lv\/ka-tas-palidz\/uzlabo-izteli\/","title":{"rendered":"Uzlabo izt\u0113li"},"content":{"rendered":"\t\t<div data-elementor-type=\"wp-page\" data-elementor-id=\"5569\" class=\"elementor elementor-5569 elementor-2204\" data-elementor-post-type=\"page\">\n\t\t\t\t<div class=\"elementor-element elementor-element-8baad76 e-flex e-con-boxed e-con e-parent\" data-id=\"8baad76\" data-element_type=\"container\">\n\t\t\t\t\t<div class=\"e-con-inner\">\n\t\t\t\t<div class=\"elementor-element elementor-element-bb9c0cf elementor-widget__width-initial elementor-widget-widescreen__width-initial elementor-widget elementor-widget-heading\" data-id=\"bb9c0cf\" data-element_type=\"widget\" data-widget_type=\"heading.default\">\n\t\t\t\t\t<h1 class=\"elementor-heading-title elementor-size-default\">Uzlabo izt\u0113li<\/h1>\t\t\t\t<\/div>\n\t\t\t\t<div class=\"elementor-element elementor-element-59df916 elementor-widget elementor-widget-spacer\" data-id=\"59df916\" data-element_type=\"widget\" data-widget_type=\"spacer.default\">\n\t\t\t\t\t\t\t<div class=\"elementor-spacer\">\n\t\t\t<div class=\"elementor-spacer-inner\"><\/div>\n\t\t<\/div>\n\t\t\t\t\t\t<\/div>\n\t\t\t\t<div class=\"elementor-element elementor-element-eccb1e6 elementor-widget elementor-widget-text-editor\" data-id=\"eccb1e6\" data-element_type=\"widget\" data-widget_type=\"text-editor.default\">\n\t\t\t\t\t\t\t\t\t<p>Izt\u0113le &#8211; t\u0101 ir dzin\u0113jsp\u0113ks, kas veicina katru rado\u0161uma uzplaiksn\u012bjumu, katru izr\u0101vienu un katru sasniegumu pasaul\u0113. T\u0101 ir visliel\u0101k\u0101 bag\u0101t\u012bba, ko m\u0113s visi nesam sev l\u012bdzi un kas izraisa p\u0101rmai\u0146as un progresu vis\u0101s paaudz\u0113s. Un tas viss s\u0101kas jau b\u0113rn\u012bb\u0101. Tajos mazajos pr\u0101tos, kuros mutu\u013co spilgtas, kr\u0101sainas idejas, kas acumirkl\u012b s\u0101k lidot.   <\/p><p>Bet k\u0101 m\u0113s varam tren\u0113t \u0161os pr\u0101tus, lai tie paceltos v\u0113l augst\u0101k? K\u0101 iedvesmot tos rad\u012bt visd\u012bvain\u0101kos st\u0101stus, att\u0113lus un koncepcijas? <\/p><p>Viena no metod\u0113m &#8211; konstrukt\u012bva sp\u0113le<\/p><p>Konstrukt\u012bva rota\u013ca ir praktiska, rado\u0161a darb\u012bba, kur\u0101 b\u0113rni izmanto atv\u0113rtus materi\u0101lus, lai b\u016bv\u0113tu, projekt\u0113tu un rad\u012btu. T\u0101 ir ne tikai jautra, bet ar\u012b b\u016btiska m\u0101c\u012b\u0161an\u0101s un att\u012bst\u012bbas proces\u0101. P\u0113tot un konstru\u0113jot, b\u0113rni atkl\u0101j un iepaz\u012bst apk\u0101rt\u0113jo pasauli.  <\/p><p>\u0160\u0101da veida sp\u0113les rosina rado\u0161umu, rosina izt\u0113li un veicina j\u0113gpilnu probl\u0113mu risin\u0101\u0161anu. Manipul\u0113jot ar rota\u013cu materi\u0101liem, b\u0113rni att\u012bsta telpisko apzi\u0146u, kognit\u012bvo elast\u012bbu un pamatzin\u0101\u0161anas matem\u0101tik\u0101 &#8211; izprot t\u0101dus j\u0113dzienus k\u0101 kr\u0101sa, izm\u0113rs, forma, tekst\u016bra un sec\u012bba. <\/p><p>ORTOTO sp\u0113le iet t\u0101lu!<\/p><p>M\u0113s esam izstr\u0101d\u0101ju\u0161i savus produktus t\u0101, lai tie b\u016btu ide\u0101ls pamats izt\u0113les rosin\u0101\u0161anai, \u013caujot b\u0113rniem veidot savas fant\u0101zijas pasaules, piedz\u012bvojumu kartes un bezgal\u012bgus darbi\u0146us.<\/p><p> <\/p>\t\t\t\t\t\t\t\t<\/div>\n\t\t\t\t<div class=\"elementor-element elementor-element-c030bac elementor-widget elementor-widget-spacer\" data-id=\"c030bac\" data-element_type=\"widget\" data-widget_type=\"spacer.default\">\n\t\t\t\t\t\t\t<div class=\"elementor-spacer\">\n\t\t\t<div class=\"elementor-spacer-inner\"><\/div>\n\t\t<\/div>\n\t\t\t\t\t\t<\/div>\n\t\t\t\t\t<\/div>\n\t\t\t\t<\/div>\n\t\t<div class=\"elementor-element elementor-element-15a44f3 e-flex e-con-boxed e-con e-parent\" data-id=\"15a44f3\" data-element_type=\"container\">\n\t\t\t\t\t<div class=\"e-con-inner\">\n\t\t<div class=\"elementor-element elementor-element-4ea3264 e-con-full e-flex e-con e-child\" data-id=\"4ea3264\" data-element_type=\"container\" data-settings=\"{&quot;background_background&quot;:&quot;classic&quot;}\">\n\t\t\t\t<\/div>\n\t\t\t\t<div class=\"elementor-element elementor-element-26e6baf elementor-widget elementor-widget-spacer\" data-id=\"26e6baf\" data-element_type=\"widget\" data-widget_type=\"spacer.default\">\n\t\t\t\t\t\t\t<div class=\"elementor-spacer\">\n\t\t\t<div class=\"elementor-spacer-inner\"><\/div>\n\t\t<\/div>\n\t\t\t\t\t\t<\/div>\n\t\t\t\t<div class=\"elementor-element elementor-element-82f94d3 elementor-align-center elementor-widget elementor-widget-button\" data-id=\"82f94d3\" data-element_type=\"widget\" data-widget_type=\"button.default\">\n\t\t\t\t\t\t\t\t\t\t<a class=\"elementor-button elementor-button-link elementor-size-sm\" href=\"\/product-category\/brain-development-games\/\">\n\t\t\t\t\t\t<span class=\"elementor-button-content-wrapper\">\n\t\t\t\t\t\t<span class=\"elementor-button-icon\">\n\t\t\t\t\t\t\t<\/span>\n\t\t\t\t\t\t\t\t\t<span class=\"elementor-button-text\">SA\u0145EMIET ORTOTO<\/span>\n\t\t\t\t\t<\/span>\n\t\t\t\t\t<\/a>\n\t\t\t\t\t\t\t\t<\/div>\n\t\t\t\t<div class=\"elementor-element elementor-element-27dedd2 elementor-widget elementor-widget-spacer\" data-id=\"27dedd2\" data-element_type=\"widget\" data-widget_type=\"spacer.default\">\n\t\t\t\t\t\t\t<div class=\"elementor-spacer\">\n\t\t\t<div class=\"elementor-spacer-inner\"><\/div>\n\t\t<\/div>\n\t\t\t\t\t\t<\/div>\n\t\t\t\t\t<\/div>\n\t\t\t\t<\/div>\n\t\t<div class=\"elementor-element elementor-element-3e67803 e-flex e-con-boxed e-con e-parent\" data-id=\"3e67803\" data-element_type=\"container\">\n\t\t\t\t\t<div class=\"e-con-inner\">\n\t\t\t\t<div class=\"elementor-element elementor-element-29ff1b3 elementor-widget elementor-widget-text-editor\" data-id=\"29ff1b3\" data-element_type=\"widget\" data-widget_type=\"text-editor.default\">\n\t\t\t\t\t\t\t\t\t<p>Piedz\u012bvojumu saj\u016btu ainavas!<\/p><p>Tekstur\u0113ti sensorie sp\u0113\u013cu pakl\u0101ji\u0146i? Vai varb\u016bt piedz\u012bvojumiem bag\u0101tas sensor\u0101s ainavas, kas rad\u012btas, lai j\u016bsu mazuli aizvestu ma\u0123isk\u0101 saj\u016btu atkl\u0101\u0161anas ce\u013cojum\u0101, kur\u0101 ik uz so\u013ca ir aizraujo\u0161as saj\u016btas. <\/p><p>Iedom\u0101jieties piram\u012bdu laukus, maigi kutino\u0161as m\u012bkstas p\u013cavas, nel\u012bdzenus klin\u0161ainus kalnus vai pat nolai\u0161anos Lielaj\u0101 kanjon\u0101. \u0160ie ortop\u0113diskie gr\u012bdas pakl\u0101ji\u0146i p\u0101rv\u0113r\u0161as par kart\u0113m, paverot pavisam jaunas pasaules, kur\u0101s mazie p\u0113tnieki var ienirt, vienlaikus \u013caujot vi\u0146u p\u0113d\u0101m ieg\u016bt visus vesel\u012bgai att\u012bst\u012bbai nepiecie\u0161amos ma\u0146u stimulus. <\/p><p>Vai ar\u012b, ja m\u0113s \u013caujam vi\u0146iem pa\u0161iem veidot savu saj\u016btu ce\u013cu? \u013baujiet vi\u0146u me\u017eon\u012bgajai izt\u0113lei uz\u0146emties vad\u012bbu un veidot savus rado\u0161iem l\u012bklo\u010diem un pagriezieniem piepild\u012btus ce\u013cojumus. Iesp\u0113ju ir bezgal\u012bgi daudz &#8211; pievienojiet jautr\u012bbu, izvietojot pakl\u0101ji\u0146us da\u017e\u0101d\u0101s telp\u0101s, veidojot rakstus vai p\u0101rv\u0113r\u0161ot tos par aizraujo\u0161iem kontrolpunktiem. Piedz\u012bvojumu veido\u0161ana ir j\u016bsu zi\u0146\u0101, t\u0101p\u0113c padariet to tik aizraujo\u0161u, cik vien sp\u0113jat!   <\/p><p>Izgl\u012btojo\u0161a b\u016bvniec\u012bbas sp\u0113le<\/p><p> <\/p><p>Kr\u0101sainu kluc\u012b\u0161u kaudze&#8230; vai dinozaurs, p\u012ble, varb\u016bt pat kaktuss? M\u016bsu interakt\u012bvie sensorie kluc\u012b\u0161i \u013cauj mazajiem p\u0101rv\u0113rst savas visdrosm\u012bg\u0101k\u0101s idejas darbos. \u0160ie izgl\u012btojo\u0161ie m\u012bkstie kluc\u012b\u0161i ar ko\u0161aj\u0101m kr\u0101s\u0101m un bezgal\u012bgaj\u0101m iesp\u0113j\u0101m aicina kraut un b\u016bv\u0113t visda\u017e\u0101d\u0101k\u0101s formas un veidus. Katra jauna b\u016bv\u0113\u0161ana paver izt\u0113les pilnu rota\u013cu pasauli, kas uzkurina, aizrauj un iedvesmo ne tikai bezgal\u012bgai jautr\u012bbai, bet ar\u012b veicina kognit\u012bvo att\u012bst\u012bbu. T\u0101 ir abpus\u0113ji izdev\u012bga situ\u0101cija katru reizi!    <\/p><p>V\u0113laties iedvesmu?<\/p><p>M\u0113s esam sagatavoju\u0161i da\u017eus b\u016bv\u0113\u0161anas piem\u0113rus \u012bpa\u0161aj\u0101s fig\u016bri\u0146u kart\u012bt\u0113s, kas tiek pieg\u0101d\u0101tas kop\u0101 ar katru kluc\u012b\u0161u komplektu. Instrukcijas un spilgt\u0101s ilustr\u0101cijas uzjund\u012bs j\u016bsu mazu\u013ca izt\u0113li un pal\u012bdz\u0113s g\u016bt impulsu savu unik\u0101lo fig\u016bru veido\u0161an\u0101. <\/p>\t\t\t\t\t\t\t\t<\/div>\n\t\t\t\t<div class=\"elementor-element elementor-element-7e4a3e6 elementor-widget elementor-widget-spacer\" data-id=\"7e4a3e6\" data-element_type=\"widget\" data-widget_type=\"spacer.default\">\n\t\t\t\t\t\t\t<div class=\"elementor-spacer\">\n\t\t\t<div class=\"elementor-spacer-inner\"><\/div>\n\t\t<\/div>\n\t\t\t\t\t\t<\/div>\n\t\t<div class=\"elementor-element elementor-element-029fa6b e-con-full e-flex e-con e-child\" data-id=\"029fa6b\" data-element_type=\"container\" data-settings=\"{&quot;background_background&quot;:&quot;classic&quot;}\">\n\t\t\t\t<\/div>\n\t\t\t\t<div class=\"elementor-element elementor-element-29cce7b elementor-widget elementor-widget-spacer\" data-id=\"29cce7b\" data-element_type=\"widget\" data-widget_type=\"spacer.default\">\n\t\t\t\t\t\t\t<div class=\"elementor-spacer\">\n\t\t\t<div class=\"elementor-spacer-inner\"><\/div>\n\t\t<\/div>\n\t\t\t\t\t\t<\/div>\n\t\t\t\t\t<\/div>\n\t\t\t\t<\/div>\n\t\t\t\t<\/div>\n\t\t","protected":false},"excerpt":{"rendered":"<p>Uzlabo izt\u0113li Izt\u0113le &#8211; t\u0101 ir dzin\u0113jsp\u0113ks, kas veicina katru rado\u0161uma uzplaiksn\u012bjumu, katru izr\u0101vienu un katru sasniegumu pasaul\u0113. T\u0101 ir visliel\u0101k\u0101 bag\u0101t\u012bba, ko m\u0113s visi nesam sev l\u012bdzi un kas izraisa p\u0101rmai\u0146as un progresu vis\u0101s paaudz\u0113s. Un tas viss s\u0101kas jau b\u0113rn\u012bb\u0101. Tajos mazajos pr\u0101tos, kuros mutu\u013co spilgtas, kr\u0101sainas idejas, kas acumirkl\u012b s\u0101k lidot. Bet [&hellip;]<\/p>\n","protected":false},"author":1,"featured_media":0,"parent":5506,"menu_order":0,"comment_status":"closed","ping_status":"closed","template":"","meta":{"_acf_changed":false,"footnotes":""},"class_list":["post-5569","page","type-page","status-publish","hentry"],"acf":[],"yoast_head":"<!-- This site is optimized with the Yoast SEO plugin v26.5 - https:\/\/yoast.com\/wordpress\/plugins\/seo\/ -->\n<title>%%%%%%%Uzlabo izt\u0113li% % -% %<\/title>\n<meta name=\"description\" content=\"Uzziniet, k\u0101 sensor\u0101s un taktil\u0101s rota\u013cas veicina izt\u0113li. Atv\u0113rt\u0101 kust\u012bba iedvesmo jaunie\u0161u un vec\u0101ka gadag\u0101juma cilv\u0113ku rado\u0161umu.\" \/>\n<meta name=\"robots\" content=\"index, follow, max-snippet:-1, max-image-preview:large, max-video-preview:-1\" \/>\n<link rel=\"canonical\" href=\"https:\/\/ortoto.com\/lv\/ka-tas-palidz\/uzlabo-izteli\/\" \/>\n<meta property=\"og:locale\" content=\"lv_LV\" \/>\n<meta property=\"og:type\" content=\"article\" \/>\n<meta property=\"og:title\" content=\"%%%%%%%Uzlabo izt\u0113li% % -% %\" \/>\n<meta property=\"og:description\" content=\"Uzziniet, k\u0101 sensor\u0101s un taktil\u0101s rota\u013cas veicina izt\u0113li. Atv\u0113rt\u0101 kust\u012bba iedvesmo jaunie\u0161u un vec\u0101ka gadag\u0101juma cilv\u0113ku rado\u0161umu.\" \/>\n<meta property=\"og:url\" content=\"https:\/\/ortoto.com\/lv\/ka-tas-palidz\/uzlabo-izteli\/\" \/>\n<meta property=\"og:site_name\" content=\"Ortoto\" \/>\n<meta property=\"article:modified_time\" content=\"2026-05-06T00:27:20+00:00\" \/>\n<meta name=\"twitter:card\" content=\"summary_large_image\" \/>\n<meta name=\"twitter:label1\" content=\"Paredzamais las\u012b\u0161anas laiks \" \/>\n\t<meta name=\"twitter:data1\" content=\"3 min\u016btes\" \/>\n<script type=\"application\/ld+json\" class=\"yoast-schema-graph\">{\"@context\":\"https:\/\/schema.org\",\"@graph\":[{\"@type\":\"WebPage\",\"@id\":\"https:\/\/ortoto.com\/lv\/ka-tas-palidz\/uzlabo-izteli\/\",\"url\":\"https:\/\/ortoto.com\/lv\/ka-tas-palidz\/uzlabo-izteli\/\",\"name\":\"%%%%%%%Uzlabo izt\u0113li% % -% %\",\"isPartOf\":{\"@id\":\"https:\/\/ortoto.com\/lv\/#website\"},\"datePublished\":\"2025-04-01T09:40:46+00:00\",\"dateModified\":\"2026-05-06T00:27:20+00:00\",\"description\":\"Uzziniet, k\u0101 sensor\u0101s un taktil\u0101s rota\u013cas veicina izt\u0113li. Atv\u0113rt\u0101 kust\u012bba iedvesmo jaunie\u0161u un vec\u0101ka gadag\u0101juma cilv\u0113ku rado\u0161umu.\",\"breadcrumb\":{\"@id\":\"https:\/\/ortoto.com\/lv\/ka-tas-palidz\/uzlabo-izteli\/#breadcrumb\"},\"inLanguage\":\"lv\",\"potentialAction\":[{\"@type\":\"ReadAction\",\"target\":[\"https:\/\/ortoto.com\/lv\/ka-tas-palidz\/uzlabo-izteli\/\"]}]},{\"@type\":\"BreadcrumbList\",\"@id\":\"https:\/\/ortoto.com\/lv\/ka-tas-palidz\/uzlabo-izteli\/#breadcrumb\",\"itemListElement\":[{\"@type\":\"ListItem\",\"position\":1,\"name\":\"S\u0101kums\",\"item\":\"https:\/\/ortoto.com\/lv\/\"},{\"@type\":\"ListItem\",\"position\":2,\"name\":\"K\u0101 tas pal\u012bdz\",\"item\":\"https:\/\/ortoto.com\/lv\/?page_id=5506\"},{\"@type\":\"ListItem\",\"position\":3,\"name\":\"Uzlabo izt\u0113li\"}]},{\"@type\":\"WebSite\",\"@id\":\"https:\/\/ortoto.com\/lv\/#website\",\"url\":\"https:\/\/ortoto.com\/lv\/\",\"name\":\"Ortoto\",\"description\":\"Massage Puzzle Mats\",\"potentialAction\":[{\"@type\":\"SearchAction\",\"target\":{\"@type\":\"EntryPoint\",\"urlTemplate\":\"https:\/\/ortoto.com\/lv\/?s={search_term_string}\"},\"query-input\":{\"@type\":\"PropertyValueSpecification\",\"valueRequired\":true,\"valueName\":\"search_term_string\"}}],\"inLanguage\":\"lv\"}]}<\/script>\n<!-- \/ Yoast SEO plugin. -->","yoast_head_json":{"title":"%%%%%%%Uzlabo izt\u0113li% % -% %","description":"Uzziniet, k\u0101 sensor\u0101s un taktil\u0101s rota\u013cas veicina izt\u0113li. Atv\u0113rt\u0101 kust\u012bba iedvesmo jaunie\u0161u un vec\u0101ka gadag\u0101juma cilv\u0113ku rado\u0161umu.","robots":{"index":"index","follow":"follow","max-snippet":"max-snippet:-1","max-image-preview":"max-image-preview:large","max-video-preview":"max-video-preview:-1"},"canonical":"https:\/\/ortoto.com\/lv\/ka-tas-palidz\/uzlabo-izteli\/","og_locale":"lv_LV","og_type":"article","og_title":"%%%%%%%Uzlabo izt\u0113li% % -% %","og_description":"Uzziniet, k\u0101 sensor\u0101s un taktil\u0101s rota\u013cas veicina izt\u0113li. Atv\u0113rt\u0101 kust\u012bba iedvesmo jaunie\u0161u un vec\u0101ka gadag\u0101juma cilv\u0113ku rado\u0161umu.","og_url":"https:\/\/ortoto.com\/lv\/ka-tas-palidz\/uzlabo-izteli\/","og_site_name":"Ortoto","article_modified_time":"2026-05-06T00:27:20+00:00","twitter_card":"summary_large_image","twitter_misc":{"Paredzamais las\u012b\u0161anas laiks ":"3 min\u016btes"},"schema":{"@context":"https:\/\/schema.org","@graph":[{"@type":"WebPage","@id":"https:\/\/ortoto.com\/lv\/ka-tas-palidz\/uzlabo-izteli\/","url":"https:\/\/ortoto.com\/lv\/ka-tas-palidz\/uzlabo-izteli\/","name":"%%%%%%%Uzlabo izt\u0113li% % -% %","isPartOf":{"@id":"https:\/\/ortoto.com\/lv\/#website"},"datePublished":"2025-04-01T09:40:46+00:00","dateModified":"2026-05-06T00:27:20+00:00","description":"Uzziniet, k\u0101 sensor\u0101s un taktil\u0101s rota\u013cas veicina izt\u0113li. Atv\u0113rt\u0101 kust\u012bba iedvesmo jaunie\u0161u un vec\u0101ka gadag\u0101juma cilv\u0113ku rado\u0161umu.","breadcrumb":{"@id":"https:\/\/ortoto.com\/lv\/ka-tas-palidz\/uzlabo-izteli\/#breadcrumb"},"inLanguage":"lv","potentialAction":[{"@type":"ReadAction","target":["https:\/\/ortoto.com\/lv\/ka-tas-palidz\/uzlabo-izteli\/"]}]},{"@type":"BreadcrumbList","@id":"https:\/\/ortoto.com\/lv\/ka-tas-palidz\/uzlabo-izteli\/#breadcrumb","itemListElement":[{"@type":"ListItem","position":1,"name":"S\u0101kums","item":"https:\/\/ortoto.com\/lv\/"},{"@type":"ListItem","position":2,"name":"K\u0101 tas pal\u012bdz","item":"https:\/\/ortoto.com\/lv\/?page_id=5506"},{"@type":"ListItem","position":3,"name":"Uzlabo izt\u0113li"}]},{"@type":"WebSite","@id":"https:\/\/ortoto.com\/lv\/#website","url":"https:\/\/ortoto.com\/lv\/","name":"Ortoto","description":"Massage Puzzle Mats","potentialAction":[{"@type":"SearchAction","target":{"@type":"EntryPoint","urlTemplate":"https:\/\/ortoto.com\/lv\/?s={search_term_string}"},"query-input":{"@type":"PropertyValueSpecification","valueRequired":true,"valueName":"search_term_string"}}],"inLanguage":"lv"}]}},"_links":{"self":[{"href":"https:\/\/ortoto.com\/lv\/wp-json\/wp\/v2\/pages\/5569","targetHints":{"allow":["GET"]}}],"collection":[{"href":"https:\/\/ortoto.com\/lv\/wp-json\/wp\/v2\/pages"}],"about":[{"href":"https:\/\/ortoto.com\/lv\/wp-json\/wp\/v2\/types\/page"}],"author":[{"embeddable":true,"href":"https:\/\/ortoto.com\/lv\/wp-json\/wp\/v2\/users\/1"}],"replies":[{"embeddable":true,"href":"https:\/\/ortoto.com\/lv\/wp-json\/wp\/v2\/comments?post=5569"}],"version-history":[{"count":2,"href":"https:\/\/ortoto.com\/lv\/wp-json\/wp\/v2\/pages\/5569\/revisions"}],"predecessor-version":[{"id":5575,"href":"https:\/\/ortoto.com\/lv\/wp-json\/wp\/v2\/pages\/5569\/revisions\/5575"}],"up":[{"embeddable":true,"href":"https:\/\/ortoto.com\/lv\/wp-json\/wp\/v2\/pages\/5506"}],"wp:attachment":[{"href":"https:\/\/ortoto.com\/lv\/wp-json\/wp\/v2\/media?parent=5569"}],"curies":[{"name":"wp","href":"https:\/\/api.w.org\/{rel}","templated":true}]}}