{"id":5574,"date":"2024-11-08T10:30:59","date_gmt":"2024-11-08T08:30:59","guid":{"rendered":"https:\/\/ortoto.com\/piegades-un-atgriesanas-politika\/"},"modified":"2026-05-06T02:27:21","modified_gmt":"2026-05-06T00:27:21","slug":"piegades-un-atgriesanas-politika","status":"publish","type":"page","link":"https:\/\/ortoto.com\/lv\/piegades-un-atgriesanas-politika\/","title":{"rendered":"Pieg\u0101des un atgrie\u0161anas politika"},"content":{"rendered":"\t\t<div data-elementor-type=\"wp-page\" data-elementor-id=\"5574\" class=\"elementor elementor-5574 elementor-9\" data-elementor-post-type=\"page\">\n\t\t\t\t<div class=\"elementor-element elementor-element-c04e255 e-flex e-con-boxed e-con e-parent\" data-id=\"c04e255\" data-element_type=\"container\">\n\t\t\t\t\t<div class=\"e-con-inner\">\n\t\t\t\t<div class=\"elementor-element elementor-element-1469dff elementor-widget elementor-widget-text-editor\" data-id=\"1469dff\" data-element_type=\"widget\" data-widget_type=\"text-editor.default\">\n\t\t\t\t\t\t\t\t\t<p><strong>&nbsp;<\/strong><\/p>\n<h1><strong>Pieg\u0101des un atgrie\u0161anas politika<\/strong><\/h1>\n<p><\/p>\n<h2><i>&#8220;ORTOTO uzskata, ka izcili produkti ir peln\u012bju\u0161i tikpat izsmalcin\u0101tu apkalpo\u0161anu. M\u016bsu pieg\u0101des un atgrie\u0161anas process ir izstr\u0101d\u0101ts t\u0101, lai tas b\u016btu skaidrs, uzticams un p\u0101rdom\u0101ti piel\u0101gots katram galam\u0113r\u0137im vis\u0101 pasaul\u0113.&#8221;&nbsp;<\/i><\/h2>\n<div><i>&nbsp;<\/i><\/div>\n<div><i>&nbsp;<\/i><\/div>\n<div><i>&nbsp;<\/i><\/div>\n<p><\/p>\n<h2>Pieg\u0101de vis\u0101 pasaul\u0113<\/h2>\n<p data-start=\"550\" data-end=\"703\">M\u0113s pied\u0101v\u0101jam <strong data-start=\"559\" data-end=\"581\">pieg\u0101di vis\u0101 pasaul\u0113,<\/strong> un pieg\u0101des iesp\u0113jas un cenas tiek piel\u0101gotas atkar\u012bb\u0101 no galam\u0113r\u0137a, lai nodro\u0161in\u0101tu visaugst\u0101ko uzticam\u012bbas un apr\u016bpes l\u012bmeni.<\/p>\n<p><span style=\"font-size: 1rem;\">Pieg\u0101des metodes, izmaksas un paredzamais pieg\u0101des laiks tiek apr\u0113\u0137in\u0101ti autom\u0101tiski un par\u0101d\u012bti pie kases pirms apmaksas.<\/span><span style=\"font-size: 1rem;\">&nbsp;<\/span><\/p>\n<p><span style=\"font-size: 1rem;\">&nbsp;<\/span><\/p>\n<h2>Pieg\u0101des iesp\u0113jas:<\/h2>\n<p data-start=\"844\" data-end=\"901\">Katram galam\u0113r\u0137im m\u0113s pied\u0101v\u0101jam <strong data-start=\"876\" data-end=\"900\">divas pieg\u0101des iesp\u0113jas<\/strong>:<\/p>\n<ul data-start=\"903\" data-end=\"1036\">\n<li data-start=\"903\" data-end=\"961\">\n<p data-start=\"905\" data-end=\"961\"><strong data-start=\"905\" data-end=\"926\">Standarta pieg\u0101de<\/strong> &#8211; uzticams un r\u016bp\u012bgi koordin\u0113ts pakalpojums<\/p>\n<\/li>\n<li data-start=\"962\" data-end=\"1036\">\n<p data-start=\"964\" data-end=\"1036\"><strong data-start=\"964\" data-end=\"984\">Express Delivery<\/strong> &#8211; <span style=\"background-color: transparent;\">priorit\u0101ra apstr\u0101de un pa\u0101trin\u0101ts tranz\u012bts par papildu samaksu<\/span><\/p>\n<\/li>\n<\/ul>\n<p data-start=\"1038\" data-end=\"1118\">Paredzamais pieg\u0101des laiks un cenas vienm\u0113r tiek nor\u0101d\u012btas pie kases pirms maks\u0101juma veik\u0161anas.<\/p>\n<p data-start=\"1038\" data-end=\"1118\">\n<\/p><h2>Pieg\u0101des zonas un apl\u0113ses:<\/h2>\n<p data-start=\"1157\" data-end=\"1206\">Pieg\u0101des laiks var at\u0161\u0137irties atkar\u012bb\u0101 no galam\u0113r\u0137a:<\/p>\n<ul data-start=\"1208\" data-end=\"1425\">\n<li data-start=\"1208\" data-end=\"1241\">\n<p data-start=\"1210\" data-end=\"1241\"><strong style=\"background-color: transparent;\" data-start=\"1244\" data-end=\"1261\">Baltijas valstis<\/strong><span style=\"background-color: transparent;\">: 2-5 darba dienas<\/span><\/p>\n<\/li>\n<li data-start=\"1283\" data-end=\"1321\">\n<p data-start=\"1285\" data-end=\"1321\"><strong data-start=\"1285\" data-end=\"1300\">ES kontinent\u0101l\u0101 da\u013ca<\/strong>: 3-7 darba dienas<\/p>\n<\/li>\n<li data-start=\"1322\" data-end=\"1378\">\n<p data-start=\"1324\" data-end=\"1378\"><strong data-start=\"1324\" data-end=\"1356\">Salas un att\u0101l\u0101s teritorijas<\/strong>: 7-14 darba dienas<\/p>\n<\/li>\n<li data-start=\"1322\" data-end=\"1378\">\n<p data-start=\"1324\" data-end=\"1378\"><b>Zieme\u013camerika, Kan\u0101da:<\/b> 5-8 darba dienas<\/p>\n<\/li>\n<li data-start=\"1379\" data-end=\"1425\">\n<p data-start=\"1381\" data-end=\"1425\"><strong data-start=\"1381\" data-end=\"1403\">\u0100rpus ES un vis\u0101 pasaul\u0113<\/strong>: 8-15 darba dienas<\/p>\n<\/li>\n<\/ul>\n<div>&nbsp;<\/div>\n<p data-start=\"1427\" data-end=\"1496\"><u><b>Ekspress pieg\u0101de<\/b> iev\u0113rojami sa\u012bsina p\u0101rvad\u0101\u0161anas laiku, ja t\u0101da ir pieejama<\/u>.<\/p>\n<p data-start=\"1038\" data-end=\"1118\">\n<\/p><blockquote data-start=\"1498\" data-end=\"1634\">\n<p data-start=\"1500\" data-end=\"1634\"><b>L\u016bdzu, \u0146emiet v\u0113r\u0101<\/b>: pieg\u0101des apl\u0113ses ir orient\u0113jo\u0161as, un t\u0101s var ietekm\u0113t muitas apstr\u0101de, laikapst\u0101k\u013ci vai viet\u0113j\u0101 kurjera kav\u0113\u0161an\u0101s.<\/p>\n<p data-start=\"1500\" data-end=\"1634\">\n<\/p><\/blockquote>\n<h2>Pieg\u0101des cenas un bezmaksas bezmaksas pieg\u0101de:<\/h2>\n<ul data-start=\"1677\" data-end=\"1967\">\n<li data-start=\"1677\" data-end=\"1771\">\n<p data-start=\"1679\" data-end=\"1771\">Pieg\u0101des maksa ir atkar\u012bga no <strong data-start=\"1703\" data-end=\"1720\">pieg\u0101des zonas,<\/strong> <strong data-start=\"1722\" data-end=\"1737\">pas\u016bt\u012bjuma v\u0113rt\u012bbas<\/strong> un <strong data-start=\"1743\" data-end=\"1771\">izv\u0113l\u0113t\u0101s pieg\u0101des iesp\u0113jas<\/strong>.<\/p>\n<\/li>\n<li data-start=\"1772\" data-end=\"1847\">\n<p data-start=\"1774\" data-end=\"1847\">Bezmaksas bezmaksas pieg\u0101de var b\u016bt pieejama noteiktiem galam\u0113r\u0137iem un pas\u016bt\u012bjumu v\u0113rt\u012bb\u0101m.<\/p>\n<\/li>\n<li data-start=\"1848\" data-end=\"1967\">\n<p data-start=\"1850\" data-end=\"1886\"><strong data-start=\"1850\" data-end=\"1882\">Bezmaksas pieg\u0101de neattiecas uz<\/strong>:<\/p>\n<ul data-start=\"1889\" data-end=\"1967\">\n<li data-start=\"1922\" data-end=\"1946\">\u0100frika; Oke\u0101nija; \u0100zija; Dienvidamerika galam\u0113r\u0137i<\/li>\n<li data-start=\"1949\" data-end=\"1967\">\n<p data-start=\"1951\" data-end=\"1967\">Ekspress pieg\u0101de<\/p>\n<\/li>\n<\/ul>\n<\/li>\n<\/ul>\n<p data-start=\"1969\" data-end=\"2037\">\n<\/p><p data-start=\"1969\" data-end=\"2037\">Visas piem\u0113rojam\u0101s pieg\u0101des izmaksas ir skaidri redzamas pirms apmaksas.<\/p>\n<p data-start=\"1969\" data-end=\"2037\">\n<\/p><h2>Muita, nodevas un nodok\u013ci:<\/h2>\n<p data-start=\"2073\" data-end=\"2115\">Pieg\u0101d\u0113m \u0101rpus Eiropas Savien\u012bbas:<\/p>\n<p data-start=\"1969\" data-end=\"2037\">\n<\/p><ul data-start=\"2116\" data-end=\"2322\">\n<li data-start=\"2116\" data-end=\"2171\">\n<p data-start=\"2118\" data-end=\"2171\">Var tikt piem\u0113rotas muitas nodevas, ievedmuitas nodok\u013ci vai viet\u0113j\u0101s nodevas.<\/p>\n<\/li>\n<li data-start=\"2172\" data-end=\"2256\">\n<p data-start=\"2174\" data-end=\"2256\">Da\u017eos gad\u012bjumos \u0161ie maks\u0101jumi <strong data-start=\"2192\" data-end=\"2208\">nav iek\u013cauti<\/strong> m\u016bsu cen\u0101s, un tie j\u0101sedz sa\u0146\u0113m\u0113jam.<\/p>\n<\/li>\n<li data-start=\"2257\" data-end=\"2322\">\n<p data-start=\"2259\" data-end=\"2322\">M\u0113s neesam atbild\u012bgi par muitas iest\u0101\u017eu izrais\u012btiem kav\u0113jumiem.<\/p>\n<\/li>\n<\/ul>\n<p data-start=\"1969\" data-end=\"2037\">\n<\/p><h2 data-start=\"2329\" data-end=\"2359\">Pas\u016bt\u012bjumu apstr\u0101de un izseko\u0161ana:<\/h2>\n<p><\/p>\n<ul data-start=\"2361\" data-end=\"2571\">\n<li data-start=\"2361\" data-end=\"2427\">\n<p data-start=\"2363\" data-end=\"2427\">Pas\u016bt\u012bjumi tiek r\u016bp\u012bgi sagatavoti un nos\u016bt\u012bti <strong data-start=\"2406\" data-end=\"2427\">1-2 darba dienu<\/strong> laik\u0101.<\/p>\n<\/li>\n<li data-start=\"2428\" data-end=\"2491\">\n<p data-start=\"2430\" data-end=\"2491\">P\u0113c nos\u016bt\u012b\u0161anas pa e-pastu sa\u0146emsiet <strong data-start=\"2463\" data-end=\"2482\">izseko\u0161anas numuru<\/strong>.<\/p>\n<\/li>\n<li data-start=\"2492\" data-end=\"2571\">\n<p data-start=\"2494\" data-end=\"2571\">Kad j\u016bsu pas\u016bt\u012bjums b\u016bs nos\u016bt\u012bts, sa\u0146emsiet apstiprin\u0101juma e-pastu ar izseko\u0161anas inform\u0101ciju, kas \u013caus jums sekot l\u012bdzi pieg\u0101dei no nos\u016bt\u012b\u0161anas l\u012bdz sa\u0146em\u0161anai.<\/p>\n<\/li>\n<\/ul>\n<div>&nbsp;<\/div>\n<p><\/p>\n<h2 data-start=\"2578\" data-end=\"2600\">Pre\u010du atgrie\u0161ana un apmai\u0146a:<\/h2>\n<h3 data-start=\"2602\" data-end=\"2619\"><b>Atgrie\u017e<\/b><\/h3>\n<ul data-start=\"2621\" data-end=\"2769\">\n<li data-start=\"2621\" data-end=\"2675\">\n<p data-start=\"2623\" data-end=\"2675\"><span style=\"font-size: 1rem;\"><span style=\"background-color: transparent;\">Ja j\u016bsu pirkums neatbilst gaid\u012btajam, preces var atdot atpaka\u013c. <\/span><strong data-start=\"2807\" data-end=\"2818\" style=\"background-color: transparent;\">14 dienu laik\u0101<\/strong><span style=\"background-color: transparent;\"> no pieg\u0101des br\u012b\u017ea.<\/span>&nbsp;<\/span><\/p>\n<\/li>\n<\/ul>\n<ul data-start=\"2621\" data-end=\"2769\">\n<li data-start=\"2676\" data-end=\"2769\">\n<p data-start=\"2678\" data-end=\"2695\">Produktiem j\u0101b\u016bt:<\/p>\n<ul data-start=\"2698\" data-end=\"2769\">\n<li data-start=\"2698\" data-end=\"2706\">\n<p data-start=\"2700\" data-end=\"2706\">Neizmantots<\/p>\n<\/li>\n<li data-start=\"2709\" data-end=\"2732\">\n<p data-start=\"2711\" data-end=\"2732\">Ori\u0123in\u0101laj\u0101 iepakojum\u0101<\/p>\n<\/li>\n<li data-start=\"2735\" data-end=\"2769\">\n<p data-start=\"2737\" data-end=\"2769\">Kop\u0101 ar pirkumu apliecino\u0161u dokumentu<\/p>\n<\/li>\n<\/ul>\n<\/li>\n<\/ul>\n<p data-start=\"2771\" data-end=\"2828\"><span style=\"font-size: 1rem;\">M\u0113s paturam ties\u012bbas atteikt atgrie\u0161anu, kas neatbilst \u0161iem nosac\u012bjumiem.<\/span><\/p>\n<p data-start=\"2771\" data-end=\"2828\"><span style=\"color: inherit; font-family: inherit; font-size: 1.75rem;\"><b>Atmaks\u0101\u0161ana un apmai\u0146a<\/b><\/span><\/p>\n<p><\/p>\n<ul data-start=\"2860\" data-end=\"3090\">\n<li data-start=\"2860\" data-end=\"2938\">\n<p data-start=\"2862\" data-end=\"2938\"><strong data-start=\"2887\" data-end=\"2897\">Atkar\u012bb\u0101<\/strong> no pieejam\u012bbas j\u016bs varat izv\u0113l\u0113ties <strong data-start=\"2887\" data-end=\"2897\">atmaks\u0101t naudu<\/strong> vai <strong data-start=\"2901\" data-end=\"2913\">veikt apmai\u0146u<\/strong>.<\/p>\n<\/li>\n<li data-start=\"2939\" data-end=\"3007\">\n<p data-start=\"2941\" data-end=\"3007\">Atmaks\u0101jam\u0101s summas p\u0113c p\u0101rbaudes tiek p\u0101rskait\u012btas uz s\u0101kotn\u0113jo maks\u0101juma veidu.<\/p>\n<\/li>\n<li data-start=\"3008\" data-end=\"3090\">\n<p data-start=\"3010\" data-end=\"3090\">S\u0101kotn\u0113j\u0101 s\u016bt\u012bjuma maksa nav atmaks\u0101jama, ja vien atgrie\u0161ana nav notikusi m\u016bsu k\u013c\u016bdas d\u0113\u013c.<\/p>\n<\/li>\n<\/ul>\n<div>&nbsp;<\/div>\n<div>\n<h3 data-start=\"3097\" data-end=\"3116\"><b>Atgrie\u0161anas pieg\u0101de<\/b><\/h3>\n<ul data-start=\"3118\" data-end=\"3356\">\n<li data-start=\"3118\" data-end=\"3223\">\n<p data-start=\"3120\" data-end=\"3223\">Par atpaka\u013cnos\u016bt\u012b\u0161anas izmaks\u0101m ir atbild\u012bgs klients, ja vien prece nav boj\u0101ta vai nepareiza.<\/p>\n<\/li>\n<li data-start=\"3224\" data-end=\"3273\">\n<p data-start=\"3226\" data-end=\"3273\">M\u0113s iesak\u0101m izmantot <strong data-start=\"3247\" data-end=\"3273\">izsekotu atgrie\u0161anas pakalpojumu<\/strong><\/p>\n<\/li>\n<li data-start=\"3274\" data-end=\"3356\">\n<p data-start=\"3276\" data-end=\"3356\">Par starptautisku pre\u010du atgrie\u0161anu atbild\u012bgs ir klients, kur\u0161 sedz muitas nodevas.<\/p>\n<\/li>\n<\/ul>\n<div>&nbsp;<\/div>\n<div>\n<h2 data-start=\"3363\" data-end=\"3390\">K\u0101 uzs\u0101kt atgrie\u0161anu:<\/h2>\n<p data-start=\"3392\" data-end=\"3507\">Lai s\u0101ktu atgrie\u0161anu vai apmai\u0146u, sazinieties ar m\u016bsu atbalsta komandu.<br data-start=\"3455\" data-end=\"3458\">M\u0113s jums soli pa solim pal\u012bdz\u0113sim veikt \u0161o procesu.<\/p>\n<p data-start=\"3392\" data-end=\"3507\">E-pasts: b2c@ortoto.com<\/p>\n<\/div>\n<\/div>\n<p><\/p>\n<p><strong>&nbsp;<\/strong><\/p>\n<h2 data-start=\"3544\" data-end=\"3576\">Pazi\u0146ojums par augsta riska galam\u0113r\u0137iem<\/h2>\n<p><\/p>\n<p data-start=\"3578\" data-end=\"3804\">Atsevi\u0161\u0137iem galam\u0113r\u0137iem ir nepiecie\u0161ama uzlabota lo\u0123istikas pl\u0101no\u0161ana \u0123eogr\u0101fisko vai darb\u012bbas sare\u017e\u0123\u012bjumu d\u0113\u013c. Pas\u016bt\u012bjumi uz \u0161iem re\u0123ioniem joproj\u0101m ir pieejami, ta\u010du, lai nodro\u0161in\u0101tu dro\u0161u un uzticamu pieg\u0101di, <b>tiek attiec\u012bgi kori\u0123\u0113ti<\/b> pieg\u0101des tarifi. <\/p>\n<p><strong>&nbsp;<\/strong><\/p>\n<h2 data-start=\"3907\" data-end=\"3923\">Klientu apkalpo\u0161ana<\/h2>\n<div>M\u016bsu klientu apkalpo\u0161anas komanda vienm\u0113r ir pieejama, lai pal\u012bdz\u0113tu ar jaut\u0101jumiem par pieg\u0101di vai atgrie\u0161anu.<\/div>\n<div><br><\/div>\n<p data-start=\"3925\" data-end=\"4023\">\n<\/p><p><strong>Sazinieties ar mums<\/strong><\/p>\n<p><\/p>\n<p>Ja rodas jaut\u0101jumi par pieg\u0101di vai atgrie\u0161anu, sazinieties ar mums, rakstot uz&gt;atbalsta e-pastu:<span style=\"font-size: 1rem;\"> b2c@ortoto.com.<\/span><\/p>\n<p><\/p>\n<p>M\u0113s nov\u0113rt\u0113jam j\u016bsu uztic\u0113\u0161anos ORTOTO un ceram, ka var\u0113sim nodro\u0161in\u0101t kvalit\u0101ti, r\u016bp\u012bbu un uzman\u012bbu deta\u013c\u0101m.<\/p>\n<p><\/p>\n<p><\/p>\n<p><\/p>\t\t\t\t\t\t\t\t<\/div>\n\t\t\t\t\t<\/div>\n\t\t\t\t<\/div>\n\t\t\t\t<\/div>\n\t\t","protected":false},"excerpt":{"rendered":"<p>&nbsp; Pieg\u0101des un atgrie\u0161anas politika &#8220;ORTOTO uzskata, ka izcili produkti ir peln\u012bju\u0161i tikpat izsmalcin\u0101tu apkalpo\u0161anu. M\u016bsu pieg\u0101des un atgrie\u0161anas process ir izstr\u0101d\u0101ts t\u0101, lai tas b\u016btu skaidrs, uzticams un p\u0101rdom\u0101ti piel\u0101gots katram galam\u0113r\u0137im vis\u0101 pasaul\u0113.&#8221;&nbsp; &nbsp; &nbsp; &nbsp; Pieg\u0101de vis\u0101 pasaul\u0113 M\u0113s pied\u0101v\u0101jam pieg\u0101di vis\u0101 pasaul\u0113, un pieg\u0101des iesp\u0113jas un cenas tiek piel\u0101gotas atkar\u012bb\u0101 no [&hellip;]<\/p>\n","protected":false},"author":1,"featured_media":0,"parent":0,"menu_order":0,"comment_status":"closed","ping_status":"closed","template":"","meta":{"_acf_changed":false,"footnotes":""},"class_list":["post-5574","page","type-page","status-publish","hentry"],"acf":[],"yoast_head":"<!-- This site is optimized with the Yoast SEO plugin v26.5 - https:\/\/yoast.com\/wordpress\/plugins\/seo\/ -->\n<title>%%%%%%%Pieg\u0101des un atgrie\u0161anas politika% % -% %<\/title>\n<meta name=\"description\" content=\"Uzziniet vair\u0101k par pieg\u0101di un atgrie\u0161anu no ORTOTO. Sensor\u0101s mas\u0101\u017eas un labsaj\u016btas z\u012bmols ar p\u0101rredzamiem un \u0101triem pieg\u0101des noteikumiem.\" \/>\n<meta name=\"robots\" content=\"index, follow, max-snippet:-1, max-image-preview:large, max-video-preview:-1\" \/>\n<link rel=\"canonical\" href=\"https:\/\/ortoto.com\/lv\/piegades-un-atgriesanas-politika\/\" \/>\n<meta property=\"og:locale\" content=\"lv_LV\" \/>\n<meta property=\"og:type\" content=\"article\" \/>\n<meta property=\"og:title\" content=\"%%%%%%%Pieg\u0101des un atgrie\u0161anas politika% % -% %\" \/>\n<meta property=\"og:description\" content=\"Uzziniet vair\u0101k par pieg\u0101di un atgrie\u0161anu no ORTOTO. Sensor\u0101s mas\u0101\u017eas un labsaj\u016btas z\u012bmols ar p\u0101rredzamiem un \u0101triem pieg\u0101des noteikumiem.\" \/>\n<meta property=\"og:url\" content=\"https:\/\/ortoto.com\/lv\/piegades-un-atgriesanas-politika\/\" \/>\n<meta property=\"og:site_name\" content=\"Ortoto\" \/>\n<meta property=\"article:modified_time\" content=\"2026-05-06T00:27:21+00:00\" \/>\n<meta name=\"twitter:card\" content=\"summary_large_image\" \/>\n<meta name=\"twitter:label1\" content=\"Paredzamais las\u012b\u0161anas laiks \" \/>\n\t<meta name=\"twitter:data1\" content=\"4 min\u016btes\" \/>\n<script type=\"application\/ld+json\" class=\"yoast-schema-graph\">{\"@context\":\"https:\/\/schema.org\",\"@graph\":[{\"@type\":\"WebPage\",\"@id\":\"https:\/\/ortoto.com\/lv\/piegades-un-atgriesanas-politika\/\",\"url\":\"https:\/\/ortoto.com\/lv\/piegades-un-atgriesanas-politika\/\",\"name\":\"%%%%%%%Pieg\u0101des un atgrie\u0161anas politika% % -% %\",\"isPartOf\":{\"@id\":\"https:\/\/ortoto.com\/lv\/#website\"},\"datePublished\":\"2024-11-08T08:30:59+00:00\",\"dateModified\":\"2026-05-06T00:27:21+00:00\",\"description\":\"Uzziniet vair\u0101k par pieg\u0101di un atgrie\u0161anu no ORTOTO. Sensor\u0101s mas\u0101\u017eas un labsaj\u016btas z\u012bmols ar p\u0101rredzamiem un \u0101triem pieg\u0101des noteikumiem.\",\"breadcrumb\":{\"@id\":\"https:\/\/ortoto.com\/lv\/piegades-un-atgriesanas-politika\/#breadcrumb\"},\"inLanguage\":\"lv\",\"potentialAction\":[{\"@type\":\"ReadAction\",\"target\":[\"https:\/\/ortoto.com\/lv\/piegades-un-atgriesanas-politika\/\"]}]},{\"@type\":\"BreadcrumbList\",\"@id\":\"https:\/\/ortoto.com\/lv\/piegades-un-atgriesanas-politika\/#breadcrumb\",\"itemListElement\":[{\"@type\":\"ListItem\",\"position\":1,\"name\":\"S\u0101kums\",\"item\":\"https:\/\/ortoto.com\/lv\/\"},{\"@type\":\"ListItem\",\"position\":2,\"name\":\"Pieg\u0101des un atgrie\u0161anas politika\"}]},{\"@type\":\"WebSite\",\"@id\":\"https:\/\/ortoto.com\/lv\/#website\",\"url\":\"https:\/\/ortoto.com\/lv\/\",\"name\":\"Ortoto\",\"description\":\"Massage Puzzle Mats\",\"potentialAction\":[{\"@type\":\"SearchAction\",\"target\":{\"@type\":\"EntryPoint\",\"urlTemplate\":\"https:\/\/ortoto.com\/lv\/?s={search_term_string}\"},\"query-input\":{\"@type\":\"PropertyValueSpecification\",\"valueRequired\":true,\"valueName\":\"search_term_string\"}}],\"inLanguage\":\"lv\"}]}<\/script>\n<!-- \/ Yoast SEO plugin. -->","yoast_head_json":{"title":"%%%%%%%Pieg\u0101des un atgrie\u0161anas politika% % -% %","description":"Uzziniet vair\u0101k par pieg\u0101di un atgrie\u0161anu no ORTOTO. Sensor\u0101s mas\u0101\u017eas un labsaj\u016btas z\u012bmols ar p\u0101rredzamiem un \u0101triem pieg\u0101des noteikumiem.","robots":{"index":"index","follow":"follow","max-snippet":"max-snippet:-1","max-image-preview":"max-image-preview:large","max-video-preview":"max-video-preview:-1"},"canonical":"https:\/\/ortoto.com\/lv\/piegades-un-atgriesanas-politika\/","og_locale":"lv_LV","og_type":"article","og_title":"%%%%%%%Pieg\u0101des un atgrie\u0161anas politika% % -% %","og_description":"Uzziniet vair\u0101k par pieg\u0101di un atgrie\u0161anu no ORTOTO. Sensor\u0101s mas\u0101\u017eas un labsaj\u016btas z\u012bmols ar p\u0101rredzamiem un \u0101triem pieg\u0101des noteikumiem.","og_url":"https:\/\/ortoto.com\/lv\/piegades-un-atgriesanas-politika\/","og_site_name":"Ortoto","article_modified_time":"2026-05-06T00:27:21+00:00","twitter_card":"summary_large_image","twitter_misc":{"Paredzamais las\u012b\u0161anas laiks ":"4 min\u016btes"},"schema":{"@context":"https:\/\/schema.org","@graph":[{"@type":"WebPage","@id":"https:\/\/ortoto.com\/lv\/piegades-un-atgriesanas-politika\/","url":"https:\/\/ortoto.com\/lv\/piegades-un-atgriesanas-politika\/","name":"%%%%%%%Pieg\u0101des un atgrie\u0161anas politika% % -% %","isPartOf":{"@id":"https:\/\/ortoto.com\/lv\/#website"},"datePublished":"2024-11-08T08:30:59+00:00","dateModified":"2026-05-06T00:27:21+00:00","description":"Uzziniet vair\u0101k par pieg\u0101di un atgrie\u0161anu no ORTOTO. Sensor\u0101s mas\u0101\u017eas un labsaj\u016btas z\u012bmols ar p\u0101rredzamiem un \u0101triem pieg\u0101des noteikumiem.","breadcrumb":{"@id":"https:\/\/ortoto.com\/lv\/piegades-un-atgriesanas-politika\/#breadcrumb"},"inLanguage":"lv","potentialAction":[{"@type":"ReadAction","target":["https:\/\/ortoto.com\/lv\/piegades-un-atgriesanas-politika\/"]}]},{"@type":"BreadcrumbList","@id":"https:\/\/ortoto.com\/lv\/piegades-un-atgriesanas-politika\/#breadcrumb","itemListElement":[{"@type":"ListItem","position":1,"name":"S\u0101kums","item":"https:\/\/ortoto.com\/lv\/"},{"@type":"ListItem","position":2,"name":"Pieg\u0101des un atgrie\u0161anas politika"}]},{"@type":"WebSite","@id":"https:\/\/ortoto.com\/lv\/#website","url":"https:\/\/ortoto.com\/lv\/","name":"Ortoto","description":"Massage Puzzle Mats","potentialAction":[{"@type":"SearchAction","target":{"@type":"EntryPoint","urlTemplate":"https:\/\/ortoto.com\/lv\/?s={search_term_string}"},"query-input":{"@type":"PropertyValueSpecification","valueRequired":true,"valueName":"search_term_string"}}],"inLanguage":"lv"}]}},"_links":{"self":[{"href":"https:\/\/ortoto.com\/lv\/wp-json\/wp\/v2\/pages\/5574","targetHints":{"allow":["GET"]}}],"collection":[{"href":"https:\/\/ortoto.com\/lv\/wp-json\/wp\/v2\/pages"}],"about":[{"href":"https:\/\/ortoto.com\/lv\/wp-json\/wp\/v2\/types\/page"}],"author":[{"embeddable":true,"href":"https:\/\/ortoto.com\/lv\/wp-json\/wp\/v2\/users\/1"}],"replies":[{"embeddable":true,"href":"https:\/\/ortoto.com\/lv\/wp-json\/wp\/v2\/comments?post=5574"}],"version-history":[{"count":2,"href":"https:\/\/ortoto.com\/lv\/wp-json\/wp\/v2\/pages\/5574\/revisions"}],"predecessor-version":[{"id":5577,"href":"https:\/\/ortoto.com\/lv\/wp-json\/wp\/v2\/pages\/5574\/revisions\/5577"}],"wp:attachment":[{"href":"https:\/\/ortoto.com\/lv\/wp-json\/wp\/v2\/media?parent=5574"}],"curies":[{"name":"wp","href":"https:\/\/api.w.org\/{rel}","templated":true}]}}