{"id":5582,"date":"2024-11-08T10:33:58","date_gmt":"2024-11-08T08:33:58","guid":{"rendered":"https:\/\/ortoto.com\/kontakti\/"},"modified":"2026-05-06T02:27:21","modified_gmt":"2026-05-06T00:27:21","slug":"kontakti","status":"publish","type":"page","link":"https:\/\/ortoto.com\/lv\/kontakti\/","title":{"rendered":"Kontakti"},"content":{"rendered":"\t\t<div data-elementor-type=\"wp-page\" data-elementor-id=\"5582\" class=\"elementor elementor-5582 elementor-1164\" data-elementor-post-type=\"page\">\n\t\t\t\t<div class=\"elementor-element elementor-element-cc10ef4 e-flex e-con-boxed e-con e-parent\" data-id=\"cc10ef4\" data-element_type=\"container\">\n\t\t\t\t\t<div class=\"e-con-inner\">\n\t\t\t\t<div class=\"elementor-element elementor-element-1acbfe7 elementor-widget elementor-widget-spacer\" data-id=\"1acbfe7\" data-element_type=\"widget\" data-widget_type=\"spacer.default\">\n\t\t\t\t\t\t\t<div class=\"elementor-spacer\">\n\t\t\t<div class=\"elementor-spacer-inner\"><\/div>\n\t\t<\/div>\n\t\t\t\t\t\t<\/div>\n\t\t\t\t\t<\/div>\n\t\t\t\t<\/div>\n\t\t<div class=\"elementor-element elementor-element-51777ab e-flex e-con-boxed e-con e-parent\" data-id=\"51777ab\" data-element_type=\"container\">\n\t\t\t\t\t<div class=\"e-con-inner\">\n\t\t<div class=\"elementor-element elementor-element-fe5acda e-con-full e-flex e-con e-child\" data-id=\"fe5acda\" data-element_type=\"container\">\n\t\t\t\t<div class=\"elementor-element elementor-element-a64e70e elementor-widget elementor-widget-text-editor\" data-id=\"a64e70e\" data-element_type=\"widget\" data-widget_type=\"text-editor.default\">\n\t\t\t\t\t\t\t\t\t<p><strong>SIA SPM ORTOTO<\/strong><\/p><p>Re\u0123istr\u0101cijas Nr.:40203618163,<\/p><p>PVN: LV4020203618163<\/p><p>Adrese: R\u012bga, Bazn\u012bcas iela 13-19, LV-1010<\/p><p> <\/p><p>Banka: BluOr<br>IBAN: LV21 CBBR 112B 4804 0001 0<\/p><p>Swift: CBBRLV22<\/p>\t\t\t\t\t\t\t\t<\/div>\n\t\t\t\t<\/div>\n\t\t<div class=\"elementor-element elementor-element-96babed e-con-full e-flex e-con e-child\" data-id=\"96babed\" data-element_type=\"container\">\n\t\t\t\t<div class=\"elementor-element elementor-element-8972d5e elementor-widget elementor-widget-spacer\" data-id=\"8972d5e\" data-element_type=\"widget\" data-widget_type=\"spacer.default\">\n\t\t\t\t\t\t\t<div class=\"elementor-spacer\">\n\t\t\t<div class=\"elementor-spacer-inner\"><\/div>\n\t\t<\/div>\n\t\t\t\t\t\t<\/div>\n\t\t\t\t<div class=\"elementor-element elementor-element-b536dfc elementor-widget__width-initial elementor-widget elementor-widget-heading\" data-id=\"b536dfc\" data-element_type=\"widget\" data-widget_type=\"heading.default\">\n\t\t\t\t\t<h2 class=\"elementor-heading-title elementor-size-default\">Re\u0123ion\u0101l\u0101 pal\u012bdz\u012bba<\/h2>\t\t\t\t<\/div>\n\t\t\t\t<div class=\"elementor-element elementor-element-b98b917 elementor-widget elementor-widget-text-editor\" data-id=\"b98b917\" data-element_type=\"widget\" data-widget_type=\"text-editor.default\">\n\t\t\t\t\t\t\t\t\t<p><a href=\"mailto:b2c@ortoto.com\">b2c@ortoto.com<\/a><\/p>\t\t\t\t\t\t\t\t<\/div>\n\t\t\t\t<\/div>\n\t\t<div class=\"elementor-element elementor-element-07f9c75 e-con-full e-flex e-con e-child\" data-id=\"07f9c75\" data-element_type=\"container\">\n\t\t\t\t<div class=\"elementor-element elementor-element-3cdf9a5 elementor-widget elementor-widget-spacer\" data-id=\"3cdf9a5\" data-element_type=\"widget\" data-widget_type=\"spacer.default\">\n\t\t\t\t\t\t\t<div class=\"elementor-spacer\">\n\t\t\t<div class=\"elementor-spacer-inner\"><\/div>\n\t\t<\/div>\n\t\t\t\t\t\t<\/div>\n\t\t\t\t<div class=\"elementor-element elementor-element-f09bc64 elementor-widget__width-initial elementor-widget elementor-widget-heading\" data-id=\"f09bc64\" data-element_type=\"widget\" data-widget_type=\"heading.default\">\n\t\t\t\t\t<h1 class=\"elementor-heading-title elementor-size-default\">Sazinieties ar mums<\/h1>\t\t\t\t<\/div>\n\t\t\t\t<div class=\"elementor-element elementor-element-66436ef elementor-button-align-start elementor-widget elementor-widget-form\" data-id=\"66436ef\" data-element_type=\"widget\" data-settings=\"{&quot;step_next_label&quot;:&quot;N\\u0101kamais&quot;,&quot;step_previous_label&quot;:&quot;Iepriek\\u0161\\u0113jais&quot;,&quot;button_width&quot;:&quot;100&quot;,&quot;step_type&quot;:&quot;number_text&quot;,&quot;step_icon_shape&quot;:&quot;circle&quot;}\" data-widget_type=\"form.default\">\n\t\t\t\t\t\t\t<form class=\"elementor-form\" method=\"post\" name=\"Sazinieties ar mums\" aria-label=\"Sazinieties ar mums\" novalidate=\"\">\n\t\t\t<input type=\"hidden\" name=\"post_id\" value=\"5582\"\/>\n\t\t\t<input type=\"hidden\" name=\"form_id\" value=\"66436ef\"\/>\n\t\t\t<input type=\"hidden\" name=\"referer_title\" value=\"%%%%%%%Kontakti% % -% %\" \/>\n\n\t\t\t\t\t\t\t<input type=\"hidden\" name=\"queried_id\" value=\"5582\"\/>\n\t\t\t\n\t\t\t<div class=\"elementor-form-fields-wrapper elementor-labels-above\">\n\t\t\t\t\t\t\t\t<div class=\"elementor-field-type-text elementor-field-group elementor-column elementor-field-group-name elementor-col-100\">\n\t\t\t\t\t\t\t\t\t\t\t\t<label for=\"form-field-name\" class=\"elementor-field-label\">\n\t\t\t\t\t\t\t\tNosaukums\t\t\t\t\t\t\t<\/label>\n\t\t\t\t\t\t\t\t\t\t\t\t\t\t<input size=\"1\" type=\"text\" name=\"form_fields[name]\" id=\"form-field-name\" class=\"elementor-field elementor-size-sm  elementor-field-textual\" placeholder=\"Nosaukums\">\n\t\t\t\t\t\t\t\t\t\t\t<\/div>\n\t\t\t\t\t\t\t\t<div class=\"elementor-field-type-email elementor-field-group elementor-column elementor-field-group-email elementor-col-100 elementor-field-required\">\n\t\t\t\t\t\t\t\t\t\t\t\t<label for=\"form-field-email\" class=\"elementor-field-label\">\n\t\t\t\t\t\t\t\tE-pasts\t\t\t\t\t\t\t<\/label>\n\t\t\t\t\t\t\t\t\t\t\t\t\t\t<input size=\"1\" type=\"email\" name=\"form_fields[email]\" id=\"form-field-email\" class=\"elementor-field elementor-size-sm  elementor-field-textual\" placeholder=\"E-pasts\" required=\"required\">\n\t\t\t\t\t\t\t\t\t\t\t<\/div>\n\t\t\t\t\t\t\t\t<div class=\"elementor-field-type-textarea elementor-field-group elementor-column elementor-field-group-message elementor-col-100\">\n\t\t\t\t\t\t\t\t\t\t\t\t<label for=\"form-field-message\" class=\"elementor-field-label\">\n\t\t\t\t\t\t\t\tZi\u0146a\t\t\t\t\t\t\t<\/label>\n\t\t\t\t\t\t<textarea class=\"elementor-field-textual elementor-field  elementor-size-sm\" name=\"form_fields[message]\" id=\"form-field-message\" rows=\"4\" placeholder=\"Zi\u0146a\"><\/textarea>\t\t\t\t<\/div>\n\t\t\t\t\t\t\t\t<div class=\"elementor-field-group elementor-column elementor-field-type-submit elementor-col-100 e-form__buttons\">\n\t\t\t\t\t<button class=\"elementor-button elementor-size-sm\" type=\"submit\">\n\t\t\t\t\t\t<span class=\"elementor-button-content-wrapper\">\n\t\t\t\t\t\t\t\t\t\t\t\t\t\t\t\t\t\t\t\t\t\t<span class=\"elementor-button-text\">S\u016bt\u012bt<\/span>\n\t\t\t\t\t\t\t\t\t\t\t\t\t<\/span>\n\t\t\t\t\t<\/button>\n\t\t\t\t<\/div>\n\t\t\t<\/div>\n\t\t<\/form>\n\t\t\t\t\t\t<\/div>\n\t\t\t\t<\/div>\n\t\t\t\t\t<\/div>\n\t\t\t\t<\/div>\n\t\t<div class=\"elementor-element elementor-element-674eb50 e-flex e-con-boxed e-con e-parent\" data-id=\"674eb50\" data-element_type=\"container\">\n\t\t\t\t\t<div class=\"e-con-inner\">\n\t\t\t\t<div class=\"elementor-element elementor-element-0b1baf9 elementor-widget elementor-widget-spacer\" data-id=\"0b1baf9\" data-element_type=\"widget\" data-widget_type=\"spacer.default\">\n\t\t\t\t\t\t\t<div class=\"elementor-spacer\">\n\t\t\t<div class=\"elementor-spacer-inner\"><\/div>\n\t\t<\/div>\n\t\t\t\t\t\t<\/div>\n\t\t\t\t\t<\/div>\n\t\t\t\t<\/div>\n\t\t\t\t<\/div>\n\t\t","protected":false},"excerpt":{"rendered":"<p>SIA SPM ORTOTO Re\u0123istr\u0101cijas Nr.:40203618163, PVN: LV4020203618163 Adrese: R\u012bga, Bazn\u012bcas iela 13-19, LV-1010 Banka: BluOrIBAN: LV21 CBBR 112B 4804 0001 0 Swift: CBBRLV22 Re\u0123ion\u0101l\u0101 pal\u012bdz\u012bba b2c@ortoto.com Sazinieties ar mums<\/p>\n","protected":false},"author":1,"featured_media":0,"parent":0,"menu_order":0,"comment_status":"closed","ping_status":"closed","template":"","meta":{"_acf_changed":false,"footnotes":""},"class_list":["post-5582","page","type-page","status-publish","hentry"],"acf":[],"yoast_head":"<!-- This site is optimized with the Yoast SEO plugin v26.5 - https:\/\/yoast.com\/wordpress\/plugins\/seo\/ -->\n<title>%%%%%%%Kontakti% % -% %<\/title>\n<meta name=\"description\" content=\"Sazinieties ar ORTOTO, sensor\u0101s labsaj\u016btas z\u012bmolu. M\u0113s pal\u012bdzam ar produktiem, pas\u016bt\u012bjumiem un jaut\u0101jumiem par sensor\u0101s mas\u0101\u017eas un rota\u013cu iesp\u0113j\u0101m.\" \/>\n<meta name=\"robots\" content=\"index, follow, max-snippet:-1, max-image-preview:large, max-video-preview:-1\" \/>\n<link rel=\"canonical\" href=\"https:\/\/ortoto.com\/lv\/kontakti\/\" \/>\n<meta property=\"og:locale\" content=\"lv_LV\" \/>\n<meta property=\"og:type\" content=\"article\" \/>\n<meta property=\"og:title\" content=\"%%%%%%%Kontakti% % -% %\" \/>\n<meta property=\"og:description\" content=\"Sazinieties ar ORTOTO, sensor\u0101s labsaj\u016btas z\u012bmolu. M\u0113s pal\u012bdzam ar produktiem, pas\u016bt\u012bjumiem un jaut\u0101jumiem par sensor\u0101s mas\u0101\u017eas un rota\u013cu iesp\u0113j\u0101m.\" \/>\n<meta property=\"og:url\" content=\"https:\/\/ortoto.com\/lv\/kontakti\/\" \/>\n<meta property=\"og:site_name\" content=\"Ortoto\" \/>\n<meta property=\"article:modified_time\" content=\"2026-05-06T00:27:21+00:00\" \/>\n<meta name=\"twitter:card\" content=\"summary_large_image\" \/>\n<script type=\"application\/ld+json\" class=\"yoast-schema-graph\">{\"@context\":\"https:\/\/schema.org\",\"@graph\":[{\"@type\":\"WebPage\",\"@id\":\"https:\/\/ortoto.com\/lv\/kontakti\/\",\"url\":\"https:\/\/ortoto.com\/lv\/kontakti\/\",\"name\":\"%%%%%%%Kontakti% % -% %\",\"isPartOf\":{\"@id\":\"https:\/\/ortoto.com\/lv\/#website\"},\"datePublished\":\"2024-11-08T08:33:58+00:00\",\"dateModified\":\"2026-05-06T00:27:21+00:00\",\"description\":\"Sazinieties ar ORTOTO, sensor\u0101s labsaj\u016btas z\u012bmolu. M\u0113s pal\u012bdzam ar produktiem, pas\u016bt\u012bjumiem un jaut\u0101jumiem par sensor\u0101s mas\u0101\u017eas un rota\u013cu iesp\u0113j\u0101m.\",\"breadcrumb\":{\"@id\":\"https:\/\/ortoto.com\/lv\/kontakti\/#breadcrumb\"},\"inLanguage\":\"lv\",\"potentialAction\":[{\"@type\":\"ReadAction\",\"target\":[\"https:\/\/ortoto.com\/lv\/kontakti\/\"]}]},{\"@type\":\"BreadcrumbList\",\"@id\":\"https:\/\/ortoto.com\/lv\/kontakti\/#breadcrumb\",\"itemListElement\":[{\"@type\":\"ListItem\",\"position\":1,\"name\":\"S\u0101kums\",\"item\":\"https:\/\/ortoto.com\/lv\/\"},{\"@type\":\"ListItem\",\"position\":2,\"name\":\"Kontakti\"}]},{\"@type\":\"WebSite\",\"@id\":\"https:\/\/ortoto.com\/lv\/#website\",\"url\":\"https:\/\/ortoto.com\/lv\/\",\"name\":\"Ortoto\",\"description\":\"Massage Puzzle Mats\",\"potentialAction\":[{\"@type\":\"SearchAction\",\"target\":{\"@type\":\"EntryPoint\",\"urlTemplate\":\"https:\/\/ortoto.com\/lv\/?s={search_term_string}\"},\"query-input\":{\"@type\":\"PropertyValueSpecification\",\"valueRequired\":true,\"valueName\":\"search_term_string\"}}],\"inLanguage\":\"lv\"}]}<\/script>\n<!-- \/ Yoast SEO plugin. -->","yoast_head_json":{"title":"%%%%%%%Kontakti% % -% %","description":"Sazinieties ar ORTOTO, sensor\u0101s labsaj\u016btas z\u012bmolu. M\u0113s pal\u012bdzam ar produktiem, pas\u016bt\u012bjumiem un jaut\u0101jumiem par sensor\u0101s mas\u0101\u017eas un rota\u013cu iesp\u0113j\u0101m.","robots":{"index":"index","follow":"follow","max-snippet":"max-snippet:-1","max-image-preview":"max-image-preview:large","max-video-preview":"max-video-preview:-1"},"canonical":"https:\/\/ortoto.com\/lv\/kontakti\/","og_locale":"lv_LV","og_type":"article","og_title":"%%%%%%%Kontakti% % -% %","og_description":"Sazinieties ar ORTOTO, sensor\u0101s labsaj\u016btas z\u012bmolu. M\u0113s pal\u012bdzam ar produktiem, pas\u016bt\u012bjumiem un jaut\u0101jumiem par sensor\u0101s mas\u0101\u017eas un rota\u013cu iesp\u0113j\u0101m.","og_url":"https:\/\/ortoto.com\/lv\/kontakti\/","og_site_name":"Ortoto","article_modified_time":"2026-05-06T00:27:21+00:00","twitter_card":"summary_large_image","schema":{"@context":"https:\/\/schema.org","@graph":[{"@type":"WebPage","@id":"https:\/\/ortoto.com\/lv\/kontakti\/","url":"https:\/\/ortoto.com\/lv\/kontakti\/","name":"%%%%%%%Kontakti% % -% %","isPartOf":{"@id":"https:\/\/ortoto.com\/lv\/#website"},"datePublished":"2024-11-08T08:33:58+00:00","dateModified":"2026-05-06T00:27:21+00:00","description":"Sazinieties ar ORTOTO, sensor\u0101s labsaj\u016btas z\u012bmolu. M\u0113s pal\u012bdzam ar produktiem, pas\u016bt\u012bjumiem un jaut\u0101jumiem par sensor\u0101s mas\u0101\u017eas un rota\u013cu iesp\u0113j\u0101m.","breadcrumb":{"@id":"https:\/\/ortoto.com\/lv\/kontakti\/#breadcrumb"},"inLanguage":"lv","potentialAction":[{"@type":"ReadAction","target":["https:\/\/ortoto.com\/lv\/kontakti\/"]}]},{"@type":"BreadcrumbList","@id":"https:\/\/ortoto.com\/lv\/kontakti\/#breadcrumb","itemListElement":[{"@type":"ListItem","position":1,"name":"S\u0101kums","item":"https:\/\/ortoto.com\/lv\/"},{"@type":"ListItem","position":2,"name":"Kontakti"}]},{"@type":"WebSite","@id":"https:\/\/ortoto.com\/lv\/#website","url":"https:\/\/ortoto.com\/lv\/","name":"Ortoto","description":"Massage Puzzle Mats","potentialAction":[{"@type":"SearchAction","target":{"@type":"EntryPoint","urlTemplate":"https:\/\/ortoto.com\/lv\/?s={search_term_string}"},"query-input":{"@type":"PropertyValueSpecification","valueRequired":true,"valueName":"search_term_string"}}],"inLanguage":"lv"}]}},"_links":{"self":[{"href":"https:\/\/ortoto.com\/lv\/wp-json\/wp\/v2\/pages\/5582","targetHints":{"allow":["GET"]}}],"collection":[{"href":"https:\/\/ortoto.com\/lv\/wp-json\/wp\/v2\/pages"}],"about":[{"href":"https:\/\/ortoto.com\/lv\/wp-json\/wp\/v2\/types\/page"}],"author":[{"embeddable":true,"href":"https:\/\/ortoto.com\/lv\/wp-json\/wp\/v2\/users\/1"}],"replies":[{"embeddable":true,"href":"https:\/\/ortoto.com\/lv\/wp-json\/wp\/v2\/comments?post=5582"}],"version-history":[{"count":2,"href":"https:\/\/ortoto.com\/lv\/wp-json\/wp\/v2\/pages\/5582\/revisions"}],"predecessor-version":[{"id":5585,"href":"https:\/\/ortoto.com\/lv\/wp-json\/wp\/v2\/pages\/5582\/revisions\/5585"}],"wp:attachment":[{"href":"https:\/\/ortoto.com\/lv\/wp-json\/wp\/v2\/media?parent=5582"}],"curies":[{"name":"wp","href":"https:\/\/api.w.org\/{rel}","templated":true}]}}