{"id":5586,"date":"2025-04-01T11:50:16","date_gmt":"2025-04-01T09:50:16","guid":{"rendered":"https:\/\/ortoto.com\/ka-tas-palidz\/uzlabo-telpisko-izpratni\/"},"modified":"2026-05-06T02:27:20","modified_gmt":"2026-05-06T00:27:20","slug":"uzlabo-telpisko-izpratni","status":"publish","type":"page","link":"https:\/\/ortoto.com\/lv\/ka-tas-palidz\/uzlabo-telpisko-izpratni\/","title":{"rendered":"Uzlabo telpisko izpratni"},"content":{"rendered":"\t\t<div data-elementor-type=\"wp-page\" data-elementor-id=\"5586\" class=\"elementor elementor-5586 elementor-2230\" data-elementor-post-type=\"page\">\n\t\t\t\t<div class=\"elementor-element elementor-element-8baad76 e-flex e-con-boxed e-con e-parent\" data-id=\"8baad76\" data-element_type=\"container\">\n\t\t\t\t\t<div class=\"e-con-inner\">\n\t\t\t\t<div class=\"elementor-element elementor-element-bb9c0cf elementor-widget__width-initial elementor-widget-widescreen__width-initial elementor-widget elementor-widget-heading\" data-id=\"bb9c0cf\" data-element_type=\"widget\" data-widget_type=\"heading.default\">\n\t\t\t\t\t<h1 class=\"elementor-heading-title elementor-size-default\">Uzlabo telpisko izpratni<\/h1>\t\t\t\t<\/div>\n\t\t\t\t<div class=\"elementor-element elementor-element-59df916 elementor-widget elementor-widget-spacer\" data-id=\"59df916\" data-element_type=\"widget\" data-widget_type=\"spacer.default\">\n\t\t\t\t\t\t\t<div class=\"elementor-spacer\">\n\t\t\t<div class=\"elementor-spacer-inner\"><\/div>\n\t\t<\/div>\n\t\t\t\t\t\t<\/div>\n\t\t\t\t<div class=\"elementor-element elementor-element-eccb1e6 elementor-widget elementor-widget-text-editor\" data-id=\"eccb1e6\" data-element_type=\"widget\" data-widget_type=\"text-editor.default\">\n\t\t\t\t\t\t\t\t\t<p>K\u0100 TAS PAL\u012aDZ: UZLABO TELPISKO IZPRATNI.<\/p><p>Telpisk\u0101 izpratne. Par to m\u0113s pat nedom\u0101jam. Tom\u0113r t\u0101 ir viena no vissvar\u012bg\u0101kaj\u0101m prasm\u0113m, ko m\u0113s att\u012bst\u0101m, s\u0101kot jau p\u0113c dzim\u0161anas. T\u0101 pal\u012bdz mums saprast, kur atrodas m\u016bsu \u0137ermenis attiec\u012bb\u0101 pret apk\u0101rt\u0113jo pasauli un kur atrodas objekti. T\u0101 pal\u012bdz mums efekt\u012bvi koordin\u0113t kust\u012bbas, uztvert priek\u0161metu st\u0101vokli un veikt ikdienas uzdevumus. Bez t\u0101s m\u0113s past\u0101v\u012bgi atsit\u012bsimies pret liet\u0101m, mums b\u016btu gr\u016bti lietot nazi un dak\u0161i\u0146u vai pat rakst\u012bt. M\u0113s nezin\u0101tu, vai kaut kas atrodas tuvu vai t\u0101lu, un priek\u0161metu satver\u0161ana b\u016btu diezgan sare\u017e\u0123\u012bts uzdevums. Izklaus\u0101s diezgan bied\u0113jo\u0161i, vai ne?       <\/p><p>Izkl\u0101st\u012bsim to s\u012bk\u0101k. Telpisk\u0101 izpratne sast\u0101v no \u0161iem galvenajiem aspektiem: <\/p><p>Atra\u0161an\u0101s vieta: Atra\u0161an\u0101s vieta: pal\u012bdz mums saprast objekta atra\u0161an\u0101s vietas kontekstu &#8211; vai tas atrodas virs, zem vai aiz k\u0101da cita objekta. Tas \u013cauj mums orient\u0113ties apk\u0101rt\u0113j\u0101 vid\u0113 un prec\u012bzi zin\u0101t, kur atrodas lietas cita attiec\u012bb\u0101 pret citu. <\/p><p>Att\u0101lums: Pal\u012bdz noteikt, cik t\u0101lu vai tuvu atrodas objekts. Pamatojoties uz \u0161o uztveri, j\u016bsu smadzenes piel\u0101go \u0137erme\u0146a kust\u012bbas, lai mijiedarbotos ar objektu &#8211; neatkar\u012bgi no t\u0101, vai tas noz\u012bm\u0113 kust\u012bbu pret objektu, ap to vai prom no t\u0101. T\u0101s ar\u012b vada j\u016bsu musku\u013cus, lai prec\u012bzi satvertu objektu, prec\u012bzi zinot, kur tas atrodas telp\u0101.  <\/p><p>Kust\u012bba: Telpisk\u0101 izpratne pal\u012bdz jums sekot l\u012bdzi cilv\u0113ku un objektu kust\u012bbai telp\u0101, \u013caujot jums viegli orient\u0113ties apk\u0101rt\u0113j\u0101 vid\u0113. Tas \u013cauj izvair\u012bties no sadursm\u0113m, saglab\u0101t komfortablu att\u0101lumu un vienm\u0113r\u012bgi p\u0101rvietoties aiz\u0146emt\u0101 vid\u0113. <\/p><p>Soci\u0101l\u0101s jomas: Telpisk\u0101 apzi\u0146a var ietekm\u0113t ar\u012b soci\u0101l\u0101s funkcijas, piem\u0113ram, personisk\u0101s telpas saglab\u0101\u0161anu. M\u0113s visi paz\u012bstam saj\u016btu, kad k\u0101ds st\u0101v p\u0101r\u0101k tuvu. Nu, varb\u016bt vi\u0146i nav rupji, vi\u0146iem vienk\u0101r\u0161i ir v\u0101ja telpisk\u0101 apzi\u0146a.  <\/p><p>Las\u012b\u0161ana un rakst\u012b\u0161ana: Lai izprastu teikuma strukt\u016bru un gramatiku, ir nepiecie\u0161ama telpisk\u0101 izpratne.<\/p><p>K\u0101 efekt\u012bvi tren\u0113t telpisko izpratni?<\/p><p>Kad runa ir par jebk\u0101d\u0101m izgl\u012btojo\u0161\u0101m aktivit\u0101t\u0113m m\u016bsu jaun\u0101kajiem p\u0113tniekiem, ir viens galvenais faktors, kas p\u0101rsp\u0113j visus p\u0101r\u0113jos. Tas ir &#8211; jautr\u012bba. Lai piesaist\u012btu b\u0113rna uzman\u012bbu, aktivit\u0101tei j\u0101b\u016bt aizraujo\u0161ai, dinamiskai un saisto\u0161ai. Ja par pamatu \u0146emam jautr\u012bbu, tad viena no efekt\u012bv\u0101kaj\u0101m zin\u0101tniski pier\u0101d\u012btaj\u0101m telpisk\u0101s izpratnes tren\u0113\u0161anas metod\u0113m ir \u0137ie\u0123e\u013cu b\u016bv\u0113\u0161ana. T\u0101 veicina p\u0113tniec\u012bbu, rado\u0161umu un praktisku probl\u0113mu risin\u0101\u0161anu, vienlaikus veicinot b\u0113rna izpratni par telpu, att\u0101lumu un kust\u012bbu.    <\/p><p>Kognit\u012bv\u0101s att\u012bst\u012bbas zi\u0146\u0101 t\u0101 ir viena no sp\u0113c\u012bg\u0101kaj\u0101m aktivit\u0101t\u0113m telpisko sp\u0113ju uzlabo\u0161anai. T\u0101 ietver tr\u012bs galven\u0101s dimensijas: <\/p><p>Telpisk\u0101 vizualiz\u0101cija &#8211; sp\u0113ja dom\u0101t tr\u012bs dimensij\u0101s un ment\u0101li manipul\u0113t ar divdimensiju vai tr\u012bsdimensiju att\u0113liem.<\/p><p>Formas uztvere &#8211; sp\u0113ja vizu\u0101li atpaz\u012bt objektus p\u0113c to formas, rakstu vai paz\u012bstam\u0101m iez\u012bm\u0113m.<\/p><p>Telpisk\u0101 m\u0113rogo\u0161ana &#8211; izpratne par to, k\u0101 att\u0101lumi da\u017e\u0101da lieluma telp\u0101s ir savstarp\u0113ji saist\u012bti.<\/p><p>Divas svar\u012bg\u0101k\u0101s telpisk\u0101s prasmes, kas saist\u012btas ar bloku veido\u0161anu, ir telpisk\u0101 vizualiz\u0101cija un formas uztvere. Telpisk\u0101 vizualiz\u0101cija \u013cauj b\u0113rniem ment\u0101li pagriezt un manipul\u0113t ar objektiem telp\u0101, savuk\u0101rt formas uztvere pal\u012bdz b\u0113rniem atpaz\u012bt un at\u0161\u0137irt formas, noteikt rakstus un sadal\u012bt objektus da\u013c\u0101s. <\/p>\t\t\t\t\t\t\t\t<\/div>\n\t\t\t\t<div class=\"elementor-element elementor-element-c030bac elementor-widget elementor-widget-spacer\" data-id=\"c030bac\" data-element_type=\"widget\" data-widget_type=\"spacer.default\">\n\t\t\t\t\t\t\t<div class=\"elementor-spacer\">\n\t\t\t<div class=\"elementor-spacer-inner\"><\/div>\n\t\t<\/div>\n\t\t\t\t\t\t<\/div>\n\t\t\t\t\t<\/div>\n\t\t\t\t<\/div>\n\t\t<div class=\"elementor-element elementor-element-15a44f3 e-flex e-con-boxed e-con e-parent\" data-id=\"15a44f3\" data-element_type=\"container\">\n\t\t\t\t\t<div class=\"e-con-inner\">\n\t\t<div class=\"elementor-element elementor-element-4ea3264 e-con-full e-flex e-con e-child\" data-id=\"4ea3264\" data-element_type=\"container\" data-settings=\"{&quot;background_background&quot;:&quot;classic&quot;}\">\n\t\t\t\t<\/div>\n\t\t\t\t<div class=\"elementor-element elementor-element-26e6baf elementor-widget elementor-widget-spacer\" data-id=\"26e6baf\" data-element_type=\"widget\" data-widget_type=\"spacer.default\">\n\t\t\t\t\t\t\t<div class=\"elementor-spacer\">\n\t\t\t<div class=\"elementor-spacer-inner\"><\/div>\n\t\t<\/div>\n\t\t\t\t\t\t<\/div>\n\t\t\t\t<div class=\"elementor-element elementor-element-774bacb elementor-align-center elementor-widget elementor-widget-button\" data-id=\"774bacb\" data-element_type=\"widget\" data-widget_type=\"button.default\">\n\t\t\t\t\t\t\t\t\t\t<a class=\"elementor-button elementor-button-link elementor-size-sm\" href=\"\/product-category\/brain-development-games\">\n\t\t\t\t\t\t<span class=\"elementor-button-content-wrapper\">\n\t\t\t\t\t\t\t\t\t<span class=\"elementor-button-text\">SA\u0145EMIET ORTOTO<\/span>\n\t\t\t\t\t<\/span>\n\t\t\t\t\t<\/a>\n\t\t\t\t\t\t\t\t<\/div>\n\t\t\t\t<div class=\"elementor-element elementor-element-92fd90e elementor-widget elementor-widget-spacer\" data-id=\"92fd90e\" data-element_type=\"widget\" data-widget_type=\"spacer.default\">\n\t\t\t\t\t\t\t<div class=\"elementor-spacer\">\n\t\t\t<div class=\"elementor-spacer-inner\"><\/div>\n\t\t<\/div>\n\t\t\t\t\t\t<\/div>\n\t\t\t\t\t<\/div>\n\t\t\t\t<\/div>\n\t\t<div class=\"elementor-element elementor-element-3e67803 e-flex e-con-boxed e-con e-parent\" data-id=\"3e67803\" data-element_type=\"container\">\n\t\t\t\t\t<div class=\"e-con-inner\">\n\t\t\t\t<div class=\"elementor-element elementor-element-29ff1b3 elementor-widget elementor-widget-text-editor\" data-id=\"29ff1b3\" data-element_type=\"widget\" data-widget_type=\"text-editor.default\">\n\t\t\t\t\t\t\t\t\t<p>ORTOTO \u0136IE\u0122E\u013bU SP\u0112LE &#8211; IESIM!<\/p><p>M\u016bsu interakt\u012bv\u0101 sensor\u0101 \u0137ie\u0123e\u013cu b\u016bv\u0113\u0161anas sp\u0113le maina sp\u0113les noteikumus, kad runa ir par to, k\u0101 m\u0101c\u012bt b\u0113rniem saprast un izmantot telpu. Ar kr\u0101sainiem m\u0101c\u012bbu puzles \u0137ie\u0123e\u013ciem rok\u0101s b\u0113rni iesaist\u0101s bezgal\u012bg\u0101 sp\u0113l\u0113, kr\u0101jot, \u0161\u0137irojot un k\u0101rtojot gabali\u0146us, lai atkl\u0101tu, k\u0101 objekti sader kop\u0101 fiziskaj\u0101 pasaul\u0113. B\u0113rni s\u0101k saprast, k\u0101 izvietot \u0137ie\u0123el\u012bti &#8211; vai \u0137ie\u0123el\u012btis atrodas priek\u0161\u0101, virs\u016b vai aiz cita, &#8211; un vienlaikus, sal\u012bdzinot un sak\u0101rtojot \u0137ie\u0123el\u012b\u0161us, izprot ar\u012b lieluma un att\u0101luma j\u0113dzienu.  <\/p><p>Bet tas nebeidzas! Vi\u0146i ar\u012b \u0161\u0137iro kr\u0101sas, izmanto savu rado\u0161umu, lai risin\u0101tu probl\u0113mas, un m\u0101c\u0101s, k\u0101 padar\u012bt savas konstrukcijas iztur\u012bgas un l\u012bdzsvarotas. Lab\u0101k\u0101 da\u013ca? \u0160o \u0137ie\u0123e\u013cu pagrie\u0161ana un redz\u0113\u0161ana, k\u0101 gabali\u0146i sader kop\u0101, pal\u012bdz pilnveidot telpisko vizualiz\u0101ciju &#8211; procesu, kur\u0101 ment\u0101li pagrie\u017e un pagrie\u017e objektus, lai redz\u0113tu, k\u0101 tie sakr\u012bt. \u0160\u012bs jautr\u0101s, praktisk\u0101s rota\u013cas att\u012bsta telpisko apzi\u0146u, probl\u0113mu risin\u0101\u0161anas prasmes un kognit\u012bvo elast\u012bbu, radot priek\u0161noteikumus turpm\u0101kai m\u0101c\u012b\u0161anai un nebeidzamam rado\u0161umam.      <\/p><p>Izmantojot interakt\u012bvos sensoros kluc\u012b\u0161us b\u0113rniem vai \u0137ie\u0123e\u013cus maziem b\u0113rniem, b\u0113rni var g\u016bt labumu no galveno kognit\u012bvo prasmju att\u012bst\u012b\u0161anas, vienlaikus baudot sensor\u0101s rota\u013cas. \u0160ie Montesori sensorie r\u012bki b\u0113rniem ir izstr\u0101d\u0101ti, lai veicin\u0101tu kognit\u012bvo att\u012bst\u012bbu, t\u0101p\u0113c tie ir lieliska izv\u0113le agr\u012bnai apm\u0101c\u012bbai. M\u016bsu izgl\u012btojo\u0161ie m\u012bkstie \u0137ie\u0123e\u013ci b\u0113rniem nodro\u0161ina, ka b\u0113rni var dro\u0161i iepaz\u012bt telpisko apzi\u0146u, vienlaikus att\u012bstot atmi\u0146u un probl\u0113mu risin\u0101\u0161anas prasmes.  <\/p>\t\t\t\t\t\t\t\t<\/div>\n\t\t\t\t<div class=\"elementor-element elementor-element-7e4a3e6 elementor-widget elementor-widget-spacer\" data-id=\"7e4a3e6\" data-element_type=\"widget\" data-widget_type=\"spacer.default\">\n\t\t\t\t\t\t\t<div class=\"elementor-spacer\">\n\t\t\t<div class=\"elementor-spacer-inner\"><\/div>\n\t\t<\/div>\n\t\t\t\t\t\t<\/div>\n\t\t<div class=\"elementor-element elementor-element-029fa6b e-con-full e-flex e-con e-child\" data-id=\"029fa6b\" data-element_type=\"container\" data-settings=\"{&quot;background_background&quot;:&quot;classic&quot;}\">\n\t\t\t\t<\/div>\n\t\t\t\t<div class=\"elementor-element elementor-element-29cce7b elementor-widget elementor-widget-spacer\" data-id=\"29cce7b\" data-element_type=\"widget\" data-widget_type=\"spacer.default\">\n\t\t\t\t\t\t\t<div class=\"elementor-spacer\">\n\t\t\t<div class=\"elementor-spacer-inner\"><\/div>\n\t\t<\/div>\n\t\t\t\t\t\t<\/div>\n\t\t\t\t\t<\/div>\n\t\t\t\t<\/div>\n\t\t\t\t<\/div>\n\t\t","protected":false},"excerpt":{"rendered":"<p>Uzlabo telpisko izpratni K\u0100 TAS PAL\u012aDZ: UZLABO TELPISKO IZPRATNI. Telpisk\u0101 izpratne. Par to m\u0113s pat nedom\u0101jam. Tom\u0113r t\u0101 ir viena no vissvar\u012bg\u0101kaj\u0101m prasm\u0113m, ko m\u0113s att\u012bst\u0101m, s\u0101kot jau p\u0113c dzim\u0161anas. T\u0101 pal\u012bdz mums saprast, kur atrodas m\u016bsu \u0137ermenis attiec\u012bb\u0101 pret apk\u0101rt\u0113jo pasauli un kur atrodas objekti. T\u0101 pal\u012bdz mums efekt\u012bvi koordin\u0113t kust\u012bbas, uztvert priek\u0161metu st\u0101vokli [&hellip;]<\/p>\n","protected":false},"author":1,"featured_media":0,"parent":5506,"menu_order":0,"comment_status":"closed","ping_status":"closed","template":"","meta":{"_acf_changed":false,"footnotes":""},"class_list":["post-5586","page","type-page","status-publish","hentry"],"acf":[],"yoast_head":"<!-- This site is optimized with the Yoast SEO plugin v26.5 - https:\/\/yoast.com\/wordpress\/plugins\/seo\/ -->\n<title>%%%%%%%Uzlabo telpisko izpratni% % -% %<\/title>\n<meta name=\"description\" content=\"Uzziniet, k\u0101 sensorie pakl\u0101ji\u0146i uzlabo telpisko apzi\u0146u, izmantojot kust\u012bbas un izp\u0113ti. J\u016bs varat to dar\u012bt no m\u0101j\u0101m.\" \/>\n<meta name=\"robots\" content=\"index, follow, max-snippet:-1, max-image-preview:large, max-video-preview:-1\" \/>\n<link rel=\"canonical\" href=\"https:\/\/ortoto.com\/lv\/ka-tas-palidz\/uzlabo-telpisko-izpratni\/\" \/>\n<meta property=\"og:locale\" content=\"lv_LV\" \/>\n<meta property=\"og:type\" content=\"article\" \/>\n<meta property=\"og:title\" content=\"%%%%%%%Uzlabo telpisko izpratni% % -% %\" \/>\n<meta property=\"og:description\" content=\"Uzziniet, k\u0101 sensorie pakl\u0101ji\u0146i uzlabo telpisko apzi\u0146u, izmantojot kust\u012bbas un izp\u0113ti. J\u016bs varat to dar\u012bt no m\u0101j\u0101m.\" \/>\n<meta property=\"og:url\" content=\"https:\/\/ortoto.com\/lv\/ka-tas-palidz\/uzlabo-telpisko-izpratni\/\" \/>\n<meta property=\"og:site_name\" content=\"Ortoto\" \/>\n<meta property=\"article:modified_time\" content=\"2026-05-06T00:27:20+00:00\" \/>\n<meta name=\"twitter:card\" content=\"summary_large_image\" \/>\n<meta name=\"twitter:label1\" content=\"Paredzamais las\u012b\u0161anas laiks \" \/>\n\t<meta name=\"twitter:data1\" content=\"5 min\u016btes\" \/>\n<script type=\"application\/ld+json\" class=\"yoast-schema-graph\">{\"@context\":\"https:\/\/schema.org\",\"@graph\":[{\"@type\":\"WebPage\",\"@id\":\"https:\/\/ortoto.com\/lv\/ka-tas-palidz\/uzlabo-telpisko-izpratni\/\",\"url\":\"https:\/\/ortoto.com\/lv\/ka-tas-palidz\/uzlabo-telpisko-izpratni\/\",\"name\":\"%%%%%%%Uzlabo telpisko izpratni% % -% %\",\"isPartOf\":{\"@id\":\"https:\/\/ortoto.com\/lv\/#website\"},\"datePublished\":\"2025-04-01T09:50:16+00:00\",\"dateModified\":\"2026-05-06T00:27:20+00:00\",\"description\":\"Uzziniet, k\u0101 sensorie pakl\u0101ji\u0146i uzlabo telpisko apzi\u0146u, izmantojot kust\u012bbas un izp\u0113ti. J\u016bs varat to dar\u012bt no m\u0101j\u0101m.\",\"breadcrumb\":{\"@id\":\"https:\/\/ortoto.com\/lv\/ka-tas-palidz\/uzlabo-telpisko-izpratni\/#breadcrumb\"},\"inLanguage\":\"lv\",\"potentialAction\":[{\"@type\":\"ReadAction\",\"target\":[\"https:\/\/ortoto.com\/lv\/ka-tas-palidz\/uzlabo-telpisko-izpratni\/\"]}]},{\"@type\":\"BreadcrumbList\",\"@id\":\"https:\/\/ortoto.com\/lv\/ka-tas-palidz\/uzlabo-telpisko-izpratni\/#breadcrumb\",\"itemListElement\":[{\"@type\":\"ListItem\",\"position\":1,\"name\":\"S\u0101kums\",\"item\":\"https:\/\/ortoto.com\/lv\/\"},{\"@type\":\"ListItem\",\"position\":2,\"name\":\"K\u0101 tas pal\u012bdz\",\"item\":\"https:\/\/ortoto.com\/lv\/?page_id=5506\"},{\"@type\":\"ListItem\",\"position\":3,\"name\":\"Uzlabo telpisko izpratni\"}]},{\"@type\":\"WebSite\",\"@id\":\"https:\/\/ortoto.com\/lv\/#website\",\"url\":\"https:\/\/ortoto.com\/lv\/\",\"name\":\"Ortoto\",\"description\":\"Massage Puzzle Mats\",\"potentialAction\":[{\"@type\":\"SearchAction\",\"target\":{\"@type\":\"EntryPoint\",\"urlTemplate\":\"https:\/\/ortoto.com\/lv\/?s={search_term_string}\"},\"query-input\":{\"@type\":\"PropertyValueSpecification\",\"valueRequired\":true,\"valueName\":\"search_term_string\"}}],\"inLanguage\":\"lv\"}]}<\/script>\n<!-- \/ Yoast SEO plugin. -->","yoast_head_json":{"title":"%%%%%%%Uzlabo telpisko izpratni% % -% %","description":"Uzziniet, k\u0101 sensorie pakl\u0101ji\u0146i uzlabo telpisko apzi\u0146u, izmantojot kust\u012bbas un izp\u0113ti. J\u016bs varat to dar\u012bt no m\u0101j\u0101m.","robots":{"index":"index","follow":"follow","max-snippet":"max-snippet:-1","max-image-preview":"max-image-preview:large","max-video-preview":"max-video-preview:-1"},"canonical":"https:\/\/ortoto.com\/lv\/ka-tas-palidz\/uzlabo-telpisko-izpratni\/","og_locale":"lv_LV","og_type":"article","og_title":"%%%%%%%Uzlabo telpisko izpratni% % -% %","og_description":"Uzziniet, k\u0101 sensorie pakl\u0101ji\u0146i uzlabo telpisko apzi\u0146u, izmantojot kust\u012bbas un izp\u0113ti. J\u016bs varat to dar\u012bt no m\u0101j\u0101m.","og_url":"https:\/\/ortoto.com\/lv\/ka-tas-palidz\/uzlabo-telpisko-izpratni\/","og_site_name":"Ortoto","article_modified_time":"2026-05-06T00:27:20+00:00","twitter_card":"summary_large_image","twitter_misc":{"Paredzamais las\u012b\u0161anas laiks ":"5 min\u016btes"},"schema":{"@context":"https:\/\/schema.org","@graph":[{"@type":"WebPage","@id":"https:\/\/ortoto.com\/lv\/ka-tas-palidz\/uzlabo-telpisko-izpratni\/","url":"https:\/\/ortoto.com\/lv\/ka-tas-palidz\/uzlabo-telpisko-izpratni\/","name":"%%%%%%%Uzlabo telpisko izpratni% % -% %","isPartOf":{"@id":"https:\/\/ortoto.com\/lv\/#website"},"datePublished":"2025-04-01T09:50:16+00:00","dateModified":"2026-05-06T00:27:20+00:00","description":"Uzziniet, k\u0101 sensorie pakl\u0101ji\u0146i uzlabo telpisko apzi\u0146u, izmantojot kust\u012bbas un izp\u0113ti. J\u016bs varat to dar\u012bt no m\u0101j\u0101m.","breadcrumb":{"@id":"https:\/\/ortoto.com\/lv\/ka-tas-palidz\/uzlabo-telpisko-izpratni\/#breadcrumb"},"inLanguage":"lv","potentialAction":[{"@type":"ReadAction","target":["https:\/\/ortoto.com\/lv\/ka-tas-palidz\/uzlabo-telpisko-izpratni\/"]}]},{"@type":"BreadcrumbList","@id":"https:\/\/ortoto.com\/lv\/ka-tas-palidz\/uzlabo-telpisko-izpratni\/#breadcrumb","itemListElement":[{"@type":"ListItem","position":1,"name":"S\u0101kums","item":"https:\/\/ortoto.com\/lv\/"},{"@type":"ListItem","position":2,"name":"K\u0101 tas pal\u012bdz","item":"https:\/\/ortoto.com\/lv\/?page_id=5506"},{"@type":"ListItem","position":3,"name":"Uzlabo telpisko izpratni"}]},{"@type":"WebSite","@id":"https:\/\/ortoto.com\/lv\/#website","url":"https:\/\/ortoto.com\/lv\/","name":"Ortoto","description":"Massage Puzzle Mats","potentialAction":[{"@type":"SearchAction","target":{"@type":"EntryPoint","urlTemplate":"https:\/\/ortoto.com\/lv\/?s={search_term_string}"},"query-input":{"@type":"PropertyValueSpecification","valueRequired":true,"valueName":"search_term_string"}}],"inLanguage":"lv"}]}},"_links":{"self":[{"href":"https:\/\/ortoto.com\/lv\/wp-json\/wp\/v2\/pages\/5586","targetHints":{"allow":["GET"]}}],"collection":[{"href":"https:\/\/ortoto.com\/lv\/wp-json\/wp\/v2\/pages"}],"about":[{"href":"https:\/\/ortoto.com\/lv\/wp-json\/wp\/v2\/types\/page"}],"author":[{"embeddable":true,"href":"https:\/\/ortoto.com\/lv\/wp-json\/wp\/v2\/users\/1"}],"replies":[{"embeddable":true,"href":"https:\/\/ortoto.com\/lv\/wp-json\/wp\/v2\/comments?post=5586"}],"version-history":[{"count":2,"href":"https:\/\/ortoto.com\/lv\/wp-json\/wp\/v2\/pages\/5586\/revisions"}],"predecessor-version":[{"id":5590,"href":"https:\/\/ortoto.com\/lv\/wp-json\/wp\/v2\/pages\/5586\/revisions\/5590"}],"up":[{"embeddable":true,"href":"https:\/\/ortoto.com\/lv\/wp-json\/wp\/v2\/pages\/5506"}],"wp:attachment":[{"href":"https:\/\/ortoto.com\/lv\/wp-json\/wp\/v2\/media?parent=5586"}],"curies":[{"name":"wp","href":"https:\/\/api.w.org\/{rel}","templated":true}]}}