{"id":5594,"date":"2025-04-01T12:01:33","date_gmt":"2025-04-01T10:01:33","guid":{"rendered":"https:\/\/ortoto.com\/ka-tas-palidz\/uzlabo-koordinaciju\/"},"modified":"2026-05-06T02:28:04","modified_gmt":"2026-05-06T00:28:04","slug":"uzlabo-koordinaciju","status":"publish","type":"page","link":"https:\/\/ortoto.com\/lv\/ka-tas-palidz\/uzlabo-koordinaciju\/","title":{"rendered":"Uzlabo koordin\u0101ciju"},"content":{"rendered":"\t\t<div data-elementor-type=\"wp-page\" data-elementor-id=\"5594\" class=\"elementor elementor-5594 elementor-2242\" data-elementor-post-type=\"page\">\n\t\t\t\t<div class=\"elementor-element elementor-element-8baad76 e-flex e-con-boxed e-con e-parent\" data-id=\"8baad76\" data-element_type=\"container\">\n\t\t\t\t\t<div class=\"e-con-inner\">\n\t\t\t\t<div class=\"elementor-element elementor-element-bb9c0cf elementor-widget__width-initial elementor-widget-widescreen__width-initial elementor-widget elementor-widget-heading\" data-id=\"bb9c0cf\" data-element_type=\"widget\" data-widget_type=\"heading.default\">\n\t\t\t\t\t<h1 class=\"elementor-heading-title elementor-size-default\">Uzlabo koordin\u0101ciju<\/h1>\t\t\t\t<\/div>\n\t\t\t\t<div class=\"elementor-element elementor-element-bba6b3f elementor-widget elementor-widget-spacer\" data-id=\"bba6b3f\" data-element_type=\"widget\" data-widget_type=\"spacer.default\">\n\t\t\t\t\t\t\t<div class=\"elementor-spacer\">\n\t\t\t<div class=\"elementor-spacer-inner\"><\/div>\n\t\t<\/div>\n\t\t\t\t\t\t<\/div>\n\t\t\t\t<div class=\"elementor-element elementor-element-eccb1e6 elementor-widget elementor-widget-text-editor\" data-id=\"eccb1e6\" data-element_type=\"widget\" data-widget_type=\"text-editor.default\">\n\t\t\t\t\t\t\t\t\t<p>Kas ir koordin\u0101cija?<\/p><p>Koordin\u0101cija ir k\u0101 labi noform\u0113ta deju komanda, kas sast\u0101v no j\u016bsu \u0137erme\u0146a da\u013c\u0101m. T\u0101 ir to sp\u0113ja vienm\u0113r\u012bgi un efekt\u012bvi sadarboties, lai veiktu ikdienas fiziskos uzdevumus. Musku\u013ci, loc\u012btavas un sensor\u0101s atgriezenisk\u0101s saites meh\u0101nismi kustas sinhroni, lai rad\u012btu kontrol\u0113tas kust\u012bbas. Katrai \u0137erme\u0146a da\u013cai ir sava loma, lai pal\u012bdz\u0113tu jums p\u0101rvietoties viegli un prec\u012bzi.   <\/p><p>Apskat\u012bsim katru komandas dal\u012bbnieku atsevi\u0161\u0137i:  <\/p><p>Acis: acis pal\u012bdz mums saprast, kur m\u0113s atrodamies telp\u0101, \u013caujot mums redz\u0113t un atpaz\u012bt apk\u0101rt eso\u0161os objektus. T\u0101m ir b\u016btiska noz\u012bme telpisk\u0101s apzi\u0146as veido\u0161an\u0101, par\u0101dot mums, k\u0101 m\u0113s esam saist\u012bti ar apk\u0101rt eso\u0161aj\u0101m liet\u0101m. <\/p><p>Ausis: Papildus dzirdei m\u016bsu ausis pal\u012bdz l\u012bdzsvarot l\u012bdzsvaru, izmantojot vestibul\u0101ro sist\u0113mu iek\u0161\u0113j\u0101 aus\u012b. \u0160\u012b sist\u0113ma, kas savienota ar vestibul\u0101ro nervu, s\u016bta sign\u0101lus uz smadzen\u0113m, pal\u012bdzot saglab\u0101t l\u012bdzsvaru un kontrol\u0113t kust\u012bbas. <\/p><p>Propriocepcija: Propriocepcija ir \u0137erme\u0146a saj\u016bta par t\u0101 da\u013cu atra\u0161an\u0101s vietu, nemekl\u0113jot t\u0101s. T\u0101 ir k\u0101 ieb\u016bv\u0113ts GPS, kas nor\u0101da j\u016bsu roku, k\u0101ju un citu \u0137erme\u0146a da\u013cu st\u0101vokli, pal\u012bdzot jums vienm\u0113r\u012bgi p\u0101rvietoties un apzin\u0101ties savu \u0137ermeni.   <\/p><p>Kur tad ir p\u0113das?<\/p><p>J\u016bsu p\u0113d\u0101s ir gandr\u012bz 200 000 sensoro receptoru. \u0160ie mazie sensori nep\u0101rtraukti apkopo svar\u012bgu inform\u0101ciju par virsm\u0101m, pa kur\u0101m staig\u0101jat, un nos\u016bta to uz j\u016bsu smadzen\u0113m, pal\u012bdzot saglab\u0101t l\u012bdzsvaru, veikl\u012bbu un koordin\u0101ciju. J\u016bsu p\u0113das ir atsl\u0113ga visa j\u016bsu \u0137erme\u0146a vad\u012bbai! Jo tie\u0161\u0101ks ir p\u0113du kontakts ar zemi, jo skaidr\u0101ki ir sign\u0101li uz smadzen\u0113m &#8211; un jo lab\u0101ka ir koordin\u0101cija. Tas ir tik vienk\u0101r\u0161i!    <\/p><p>P\u0113das biomeh\u0101nika<\/p><p>P\u0113das ir visa \u0137erme\u0146a pamats. T\u0101s ir vien\u012bg\u0101 da\u013ca, kas tie\u0161i saskaras ar zemi, nodro\u0161ina kust\u012bbu, l\u012bdzsvaru un svara atbalstu. Lai gan j\u016bsu k\u0101ju pirksti ir izstiepti, lai saglab\u0101tu j\u016bsu stabilit\u0101ti, \u012bstais varonis ir plant\u0101rais izliekums. Tas k\u0101 dabiska atspere absorb\u0113 un atbr\u012bvo ener\u0123iju ar katru soli, vienlaikus aizsarg\u0101jot nervus un asinsvadus p\u0113d\u0101s. Labi att\u012bst\u012bta p\u0113da ne tikai atbalsta j\u016bs &#8211; t\u0101 nodro\u0161ina pareizu \u0137erme\u0146a izl\u012bdzin\u0101\u0161anu, musku\u013cu l\u012bdzsvaru un pal\u012bdz jums sasniegt lab\u0101ko sniegumu!      <\/p>\t\t\t\t\t\t\t\t<\/div>\n\t\t\t\t<div class=\"elementor-element elementor-element-c030bac elementor-widget elementor-widget-spacer\" data-id=\"c030bac\" data-element_type=\"widget\" data-widget_type=\"spacer.default\">\n\t\t\t\t\t\t\t<div class=\"elementor-spacer\">\n\t\t\t<div class=\"elementor-spacer-inner\"><\/div>\n\t\t<\/div>\n\t\t\t\t\t\t<\/div>\n\t\t\t\t\t<\/div>\n\t\t\t\t<\/div>\n\t\t<div class=\"elementor-element elementor-element-15a44f3 e-flex e-con-boxed e-con e-parent\" data-id=\"15a44f3\" data-element_type=\"container\">\n\t\t\t\t\t<div class=\"e-con-inner\">\n\t\t<div class=\"elementor-element elementor-element-4ea3264 e-con-full e-flex e-con e-child\" data-id=\"4ea3264\" data-element_type=\"container\" data-settings=\"{&quot;background_background&quot;:&quot;classic&quot;}\">\n\t\t\t\t<\/div>\n\t\t\t\t<div class=\"elementor-element elementor-element-26e6baf elementor-widget elementor-widget-spacer\" data-id=\"26e6baf\" data-element_type=\"widget\" data-widget_type=\"spacer.default\">\n\t\t\t\t\t\t\t<div class=\"elementor-spacer\">\n\t\t\t<div class=\"elementor-spacer-inner\"><\/div>\n\t\t<\/div>\n\t\t\t\t\t\t<\/div>\n\t\t\t\t\t<\/div>\n\t\t\t\t<\/div>\n\t\t<div class=\"elementor-element elementor-element-3e67803 e-flex e-con-boxed e-con e-parent\" data-id=\"3e67803\" data-element_type=\"container\">\n\t\t\t\t\t<div class=\"e-con-inner\">\n\t\t\t\t<div class=\"elementor-element elementor-element-29ff1b3 elementor-widget elementor-widget-text-editor\" data-id=\"29ff1b3\" data-element_type=\"widget\" data-widget_type=\"text-editor.default\">\n\t\t\t\t\t\t\t\t\t<p>Kur ir ORTOTO loma?<\/p><p>Roku un acu koordin\u0101cija:<\/p><p>Uzlabojiet b\u0113rna roku un acu koordin\u0101ciju ar ORTOTO izgl\u012btojo\u0161o konstru\u0113\u0161anas sp\u0113li &#8211; interakt\u012bvajiem sensorajiem kluc\u012b\u0161iem! B\u016bv\u0113jot, saliekot un veidojot ar \u0161iem unik\u0101lajiem izgl\u012btojo\u0161ajiem m\u012bkstajiem kluc\u012b\u0161iem, vi\u0146i tren\u0113s savu ma\u0146u izpratni, kognit\u012bvo att\u012bst\u012bbu un uzlabos sp\u0113ju nov\u0113rt\u0113t poz\u012bcijas, le\u0146\u0137us un izl\u012bdzin\u0101jumus. Katra rota\u013cu sesija pal\u012bdz att\u012bst\u012bt roku un acu koordin\u0101ciju, kas nepiecie\u0161ama, lai manipul\u0113tu ar kluc\u012b\u0161iem un saliktu tos kop\u0101. Tas ir jautrs, dinamisks veids, k\u0101 rosin\u0101t rado\u0161umu, veicin\u0101t sensor\u0101s izp\u0113tes un atbalst\u012bt b\u0113rna vai mazu\u013ca visp\u0101r\u0113jo att\u012bst\u012bbu!   <\/p><p>Roku un k\u0101ju koordin\u0101cija:<\/p><p>Ienirstiet jaun\u0101 sensor\u0101s izklaides sf\u0113r\u0101 ar ORTOTO roku un k\u0101ju koordin\u0101cijas sp\u0113li maziem b\u0113rniem. Un sagatavojieties jautr\u012bbai un smiekliem, kad j\u016bsu mazulis risin\u0101s un atdarin\u0101s sare\u017e\u0123\u012btos roku un k\u0101ju rakstus, kas att\u0113loti uz \u012bpa\u0161aj\u0101m sp\u0113\u013cu kart\u0113m. \u0160\u012b unik\u0101l\u0101 smalko kust\u012bbu aktivit\u0101\u0161u sp\u0113le att\u012bst\u012bs koordin\u0101ciju, lo\u0123isko dom\u0101\u0161anu, uzlabos veikl\u012bbu un stimul\u0113s smadze\u0146u darb\u012bbu, vienlaikus saglab\u0101jot aizraut\u012bbas l\u012bmeni visaugst\u0101kaj\u0101 l\u012bmen\u012b.  <\/p><p>Pirkstu labirints:<\/p><p>Paaugstiniet koordin\u0101ciju n\u0101kamaj\u0101 l\u012bmen\u012b ar interakt\u012bvo ORTOTO sensoro pirkstu labirintu! \u0160\u012b praktisk\u0101 smadze\u0146u att\u012bst\u012bbas sp\u0113le liek b\u0113rniem izsekot sare\u017e\u0123\u012btus rakstus, izmantojot abas rokas vienlaic\u012bgi. P\u0101rvietojot katru roku atsevi\u0161\u0137i, b\u0113rni uzlabo koordin\u0101ciju starp da\u017e\u0101d\u0101m \u0137erme\u0146a da\u013c\u0101m, uzlabojot kust\u012bbu kontroli un koncentr\u0113\u0161anos jautr\u0101 un interakt\u012bv\u0101 veid\u0101. Un g\u016bst ar\u012b pat\u012bkamu nomierino\u0161as relaks\u0101cijas saj\u016btu.   <\/p><p>ORTOTO sensorie pakl\u0101ji\u0146i:<\/p><p>ORTOTO sensorie sp\u0113\u013cu pakl\u0101ji\u0146i paver durvis uz piln\u012bgi jaunu aizraujo\u0161u taustes saj\u016btu pasauli &#8211; tie\u0161i pie j\u016bsu k\u0101j\u0101m! Izbaudiet ce\u013cojumu pa akme\u0146ainu kanjonu, pastaig\u0101jieties pa akme\u0146ainu krastu vai izbaudiet pat\u012bkamo smil\u0161u vi\u013c\u0146u saj\u016btu. Tas viss, vienlaikus stimul\u0113jot p\u0113du treni\u0146u, stiprinot musku\u013cus, nov\u0113r\u0161ot plakan\u0101s p\u0113das un uzlabojot p\u0113du vesel\u012bbu. T\u0101 ir k\u0101 ortop\u0113diska visa \u0137erme\u0146a vingro\u0161ana, kas uzlabo kognit\u012bvo prasmju att\u012bst\u012bbu, visp\u0101r\u0113jo \u0137erme\u0146a koordin\u0101ciju, pal\u012bdz att\u012bst\u012bt lab\u0101ku l\u012bdzsvaru, kontroli un apzin\u0101\u0161anos ar katru soli.     <\/p>\t\t\t\t\t\t\t\t<\/div>\n\t\t\t\t<div class=\"elementor-element elementor-element-7e4a3e6 elementor-widget elementor-widget-spacer\" data-id=\"7e4a3e6\" data-element_type=\"widget\" data-widget_type=\"spacer.default\">\n\t\t\t\t\t\t\t<div class=\"elementor-spacer\">\n\t\t\t<div class=\"elementor-spacer-inner\"><\/div>\n\t\t<\/div>\n\t\t\t\t\t\t<\/div>\n\t\t<div class=\"elementor-element elementor-element-029fa6b e-con-full e-flex e-con e-child\" data-id=\"029fa6b\" data-element_type=\"container\" data-settings=\"{&quot;background_background&quot;:&quot;classic&quot;}\">\n\t\t\t\t<\/div>\n\t\t\t\t<div class=\"elementor-element elementor-element-29cce7b elementor-widget elementor-widget-spacer\" data-id=\"29cce7b\" data-element_type=\"widget\" data-widget_type=\"spacer.default\">\n\t\t\t\t\t\t\t<div class=\"elementor-spacer\">\n\t\t\t<div class=\"elementor-spacer-inner\"><\/div>\n\t\t<\/div>\n\t\t\t\t\t\t<\/div>\n\t\t\t\t<div class=\"elementor-element elementor-element-3a266b4 elementor-align-center elementor-widget elementor-widget-button\" data-id=\"3a266b4\" data-element_type=\"widget\" data-widget_type=\"button.default\">\n\t\t\t\t\t\t\t\t\t\t<a class=\"elementor-button elementor-button-link elementor-size-sm\" href=\"\/product-category\/brain-development-games\">\n\t\t\t\t\t\t<span class=\"elementor-button-content-wrapper\">\n\t\t\t\t\t\t\t\t\t<span class=\"elementor-button-text\">SA\u0145EMIET ORTOTO<\/span>\n\t\t\t\t\t<\/span>\n\t\t\t\t\t<\/a>\n\t\t\t\t\t\t\t\t<\/div>\n\t\t\t\t<div class=\"elementor-element elementor-element-d2f55a5 elementor-widget elementor-widget-spacer\" data-id=\"d2f55a5\" data-element_type=\"widget\" data-widget_type=\"spacer.default\">\n\t\t\t\t\t\t\t<div class=\"elementor-spacer\">\n\t\t\t<div class=\"elementor-spacer-inner\"><\/div>\n\t\t<\/div>\n\t\t\t\t\t\t<\/div>\n\t\t\t\t\t<\/div>\n\t\t\t\t<\/div>\n\t\t\t\t<\/div>\n\t\t","protected":false},"excerpt":{"rendered":"<p>Uzlabo koordin\u0101ciju Kas ir koordin\u0101cija? Koordin\u0101cija ir k\u0101 labi noform\u0113ta deju komanda, kas sast\u0101v no j\u016bsu \u0137erme\u0146a da\u013c\u0101m. T\u0101 ir to sp\u0113ja vienm\u0113r\u012bgi un efekt\u012bvi sadarboties, lai veiktu ikdienas fiziskos uzdevumus. Musku\u013ci, loc\u012btavas un sensor\u0101s atgriezenisk\u0101s saites meh\u0101nismi kustas sinhroni, lai rad\u012btu kontrol\u0113tas kust\u012bbas. Katrai \u0137erme\u0146a da\u013cai ir sava loma, lai pal\u012bdz\u0113tu jums p\u0101rvietoties viegli [&hellip;]<\/p>\n","protected":false},"author":1,"featured_media":0,"parent":5506,"menu_order":0,"comment_status":"closed","ping_status":"closed","template":"","meta":{"_acf_changed":false,"footnotes":""},"class_list":["post-5594","page","type-page","status-publish","hentry"],"acf":[],"yoast_head":"<!-- This site is optimized with the Yoast SEO plugin v26.5 - https:\/\/yoast.com\/wordpress\/plugins\/seo\/ -->\n<title>%%%%%%%Uzlabo koordin\u0101ciju% % -% %<\/title>\n<meta name=\"description\" content=\"Uzziniet, k\u0101 sensorie pakl\u0101ji\u0146i var uzlabot koordin\u0101ciju m\u0101j\u0101s. Roku un k\u0101ju sp\u0113le veicina \u0137erme\u0146a l\u012bdzsvaru un kontroli.\" \/>\n<meta name=\"robots\" content=\"index, follow, max-snippet:-1, max-image-preview:large, max-video-preview:-1\" \/>\n<link rel=\"canonical\" href=\"https:\/\/ortoto.com\/lv\/ka-tas-palidz\/uzlabo-koordinaciju\/\" \/>\n<meta property=\"og:locale\" content=\"lv_LV\" \/>\n<meta property=\"og:type\" content=\"article\" \/>\n<meta property=\"og:title\" content=\"%%%%%%%Uzlabo koordin\u0101ciju% % -% %\" \/>\n<meta property=\"og:description\" content=\"Uzziniet, k\u0101 sensorie pakl\u0101ji\u0146i var uzlabot koordin\u0101ciju m\u0101j\u0101s. Roku un k\u0101ju sp\u0113le veicina \u0137erme\u0146a l\u012bdzsvaru un kontroli.\" \/>\n<meta property=\"og:url\" content=\"https:\/\/ortoto.com\/lv\/ka-tas-palidz\/uzlabo-koordinaciju\/\" \/>\n<meta property=\"og:site_name\" content=\"Ortoto\" \/>\n<meta property=\"article:modified_time\" content=\"2026-05-06T00:28:04+00:00\" \/>\n<meta name=\"twitter:card\" content=\"summary_large_image\" \/>\n<meta name=\"twitter:label1\" content=\"Paredzamais las\u012b\u0161anas laiks \" \/>\n\t<meta name=\"twitter:data1\" content=\"4 min\u016btes\" \/>\n<script type=\"application\/ld+json\" class=\"yoast-schema-graph\">{\"@context\":\"https:\/\/schema.org\",\"@graph\":[{\"@type\":\"WebPage\",\"@id\":\"https:\/\/ortoto.com\/lv\/ka-tas-palidz\/uzlabo-koordinaciju\/\",\"url\":\"https:\/\/ortoto.com\/lv\/ka-tas-palidz\/uzlabo-koordinaciju\/\",\"name\":\"%%%%%%%Uzlabo koordin\u0101ciju% % -% %\",\"isPartOf\":{\"@id\":\"https:\/\/ortoto.com\/lv\/#website\"},\"datePublished\":\"2025-04-01T10:01:33+00:00\",\"dateModified\":\"2026-05-06T00:28:04+00:00\",\"description\":\"Uzziniet, k\u0101 sensorie pakl\u0101ji\u0146i var uzlabot koordin\u0101ciju m\u0101j\u0101s. Roku un k\u0101ju sp\u0113le veicina \u0137erme\u0146a l\u012bdzsvaru un kontroli.\",\"breadcrumb\":{\"@id\":\"https:\/\/ortoto.com\/lv\/ka-tas-palidz\/uzlabo-koordinaciju\/#breadcrumb\"},\"inLanguage\":\"lv\",\"potentialAction\":[{\"@type\":\"ReadAction\",\"target\":[\"https:\/\/ortoto.com\/lv\/ka-tas-palidz\/uzlabo-koordinaciju\/\"]}]},{\"@type\":\"BreadcrumbList\",\"@id\":\"https:\/\/ortoto.com\/lv\/ka-tas-palidz\/uzlabo-koordinaciju\/#breadcrumb\",\"itemListElement\":[{\"@type\":\"ListItem\",\"position\":1,\"name\":\"S\u0101kums\",\"item\":\"https:\/\/ortoto.com\/lv\/\"},{\"@type\":\"ListItem\",\"position\":2,\"name\":\"K\u0101 tas pal\u012bdz\",\"item\":\"https:\/\/ortoto.com\/lv\/?page_id=5506\"},{\"@type\":\"ListItem\",\"position\":3,\"name\":\"Uzlabo koordin\u0101ciju\"}]},{\"@type\":\"WebSite\",\"@id\":\"https:\/\/ortoto.com\/lv\/#website\",\"url\":\"https:\/\/ortoto.com\/lv\/\",\"name\":\"Ortoto\",\"description\":\"Massage Puzzle Mats\",\"potentialAction\":[{\"@type\":\"SearchAction\",\"target\":{\"@type\":\"EntryPoint\",\"urlTemplate\":\"https:\/\/ortoto.com\/lv\/?s={search_term_string}\"},\"query-input\":{\"@type\":\"PropertyValueSpecification\",\"valueRequired\":true,\"valueName\":\"search_term_string\"}}],\"inLanguage\":\"lv\"}]}<\/script>\n<!-- \/ Yoast SEO plugin. -->","yoast_head_json":{"title":"%%%%%%%Uzlabo koordin\u0101ciju% % -% %","description":"Uzziniet, k\u0101 sensorie pakl\u0101ji\u0146i var uzlabot koordin\u0101ciju m\u0101j\u0101s. Roku un k\u0101ju sp\u0113le veicina \u0137erme\u0146a l\u012bdzsvaru un kontroli.","robots":{"index":"index","follow":"follow","max-snippet":"max-snippet:-1","max-image-preview":"max-image-preview:large","max-video-preview":"max-video-preview:-1"},"canonical":"https:\/\/ortoto.com\/lv\/ka-tas-palidz\/uzlabo-koordinaciju\/","og_locale":"lv_LV","og_type":"article","og_title":"%%%%%%%Uzlabo koordin\u0101ciju% % -% %","og_description":"Uzziniet, k\u0101 sensorie pakl\u0101ji\u0146i var uzlabot koordin\u0101ciju m\u0101j\u0101s. Roku un k\u0101ju sp\u0113le veicina \u0137erme\u0146a l\u012bdzsvaru un kontroli.","og_url":"https:\/\/ortoto.com\/lv\/ka-tas-palidz\/uzlabo-koordinaciju\/","og_site_name":"Ortoto","article_modified_time":"2026-05-06T00:28:04+00:00","twitter_card":"summary_large_image","twitter_misc":{"Paredzamais las\u012b\u0161anas laiks ":"4 min\u016btes"},"schema":{"@context":"https:\/\/schema.org","@graph":[{"@type":"WebPage","@id":"https:\/\/ortoto.com\/lv\/ka-tas-palidz\/uzlabo-koordinaciju\/","url":"https:\/\/ortoto.com\/lv\/ka-tas-palidz\/uzlabo-koordinaciju\/","name":"%%%%%%%Uzlabo koordin\u0101ciju% % -% %","isPartOf":{"@id":"https:\/\/ortoto.com\/lv\/#website"},"datePublished":"2025-04-01T10:01:33+00:00","dateModified":"2026-05-06T00:28:04+00:00","description":"Uzziniet, k\u0101 sensorie pakl\u0101ji\u0146i var uzlabot koordin\u0101ciju m\u0101j\u0101s. Roku un k\u0101ju sp\u0113le veicina \u0137erme\u0146a l\u012bdzsvaru un kontroli.","breadcrumb":{"@id":"https:\/\/ortoto.com\/lv\/ka-tas-palidz\/uzlabo-koordinaciju\/#breadcrumb"},"inLanguage":"lv","potentialAction":[{"@type":"ReadAction","target":["https:\/\/ortoto.com\/lv\/ka-tas-palidz\/uzlabo-koordinaciju\/"]}]},{"@type":"BreadcrumbList","@id":"https:\/\/ortoto.com\/lv\/ka-tas-palidz\/uzlabo-koordinaciju\/#breadcrumb","itemListElement":[{"@type":"ListItem","position":1,"name":"S\u0101kums","item":"https:\/\/ortoto.com\/lv\/"},{"@type":"ListItem","position":2,"name":"K\u0101 tas pal\u012bdz","item":"https:\/\/ortoto.com\/lv\/?page_id=5506"},{"@type":"ListItem","position":3,"name":"Uzlabo koordin\u0101ciju"}]},{"@type":"WebSite","@id":"https:\/\/ortoto.com\/lv\/#website","url":"https:\/\/ortoto.com\/lv\/","name":"Ortoto","description":"Massage Puzzle Mats","potentialAction":[{"@type":"SearchAction","target":{"@type":"EntryPoint","urlTemplate":"https:\/\/ortoto.com\/lv\/?s={search_term_string}"},"query-input":{"@type":"PropertyValueSpecification","valueRequired":true,"valueName":"search_term_string"}}],"inLanguage":"lv"}]}},"_links":{"self":[{"href":"https:\/\/ortoto.com\/lv\/wp-json\/wp\/v2\/pages\/5594","targetHints":{"allow":["GET"]}}],"collection":[{"href":"https:\/\/ortoto.com\/lv\/wp-json\/wp\/v2\/pages"}],"about":[{"href":"https:\/\/ortoto.com\/lv\/wp-json\/wp\/v2\/types\/page"}],"author":[{"embeddable":true,"href":"https:\/\/ortoto.com\/lv\/wp-json\/wp\/v2\/users\/1"}],"replies":[{"embeddable":true,"href":"https:\/\/ortoto.com\/lv\/wp-json\/wp\/v2\/comments?post=5594"}],"version-history":[{"count":2,"href":"https:\/\/ortoto.com\/lv\/wp-json\/wp\/v2\/pages\/5594\/revisions"}],"predecessor-version":[{"id":5600,"href":"https:\/\/ortoto.com\/lv\/wp-json\/wp\/v2\/pages\/5594\/revisions\/5600"}],"up":[{"embeddable":true,"href":"https:\/\/ortoto.com\/lv\/wp-json\/wp\/v2\/pages\/5506"}],"wp:attachment":[{"href":"https:\/\/ortoto.com\/lv\/wp-json\/wp\/v2\/media?parent=5594"}],"curies":[{"name":"wp","href":"https:\/\/api.w.org\/{rel}","templated":true}]}}