{"id":5596,"date":"2025-09-09T11:35:30","date_gmt":"2025-09-09T09:35:30","guid":{"rendered":"https:\/\/ortoto.com\/atmaksasanas-un-atgriesanas-politika\/"},"modified":"2026-05-06T02:28:02","modified_gmt":"2026-05-06T00:28:02","slug":"atmaksasanas-un-atgriesanas-politika","status":"publish","type":"page","link":"https:\/\/ortoto.com\/lv\/atmaksasanas-un-atgriesanas-politika\/","title":{"rendered":"Atmaks\u0101\u0161anas un atgrie\u0161anas politika"},"content":{"rendered":"\n<p><b>\u0160\u012b ir parauga lapa.<\/b><\/p>\n\n<h2 class=\"wp-block-heading\">P\u0101rskats<\/h2>\n\n<p>M\u016bsu atmaksas un atgrie\u0161anas politika ilgst 30 dienas. Ja kop\u0161 pirkuma ir pag\u0101ju\u0161as 30 dienas, m\u0113s nevaram jums pied\u0101v\u0101t pilnu atmaksu vai apmai\u0146u. <\/p>\n\n<p>Lai preci var\u0113tu atgriezt, tai j\u0101b\u016bt neizmantotai un t\u0101d\u0101 pa\u0161\u0101 st\u0101vokl\u012b, k\u0101d\u0101 to sa\u0146\u0113m\u0101t. Tai j\u0101b\u016bt ar\u012b ori\u0123in\u0101laj\u0101 iepakojum\u0101. <\/p>\n\n<p>Vair\u0101ki pre\u010du veidi ir atbr\u012bvoti no atgrie\u0161anas. Nav iesp\u0113jams atdot \u0101tri boj\u0101jo\u0161\u0101s preces, piem\u0113ram, p\u0101rtiku, ziedus, av\u012bzes vai \u017eurn\u0101lus. M\u0113s nepie\u0146emam ar\u012b preces, kas ir int\u012bmpreces vai higi\u0113nas preces, b\u012bstamus materi\u0101lus vai uzliesmojo\u0161us \u0161\u0137idrumus vai g\u0101zes.  <\/p>\n\n<p>Papildu preces, kas nav atgrie\u017eamas:<\/p>\n\n<ul class=\"wp-block-list\">\n<li>D\u0101vanu kartes<\/li>\n<li>Lejupiel\u0101d\u0113jami programmat\u016bras produkti<\/li>\n<li>Da\u017eas vesel\u012bbas un person\u012bg\u0101s higi\u0113nas preces<\/li>\n<\/ul>\n\n<p>Lai pabeigtu atgrie\u0161anu, mums ir nepiecie\u0161ams pirkuma kv\u012bts vai pirkuma apliecin\u0101jums.<\/p>\n\n<p>L\u016bdzu, nes\u016btiet savu pirkumu atpaka\u013c ra\u017eot\u0101jam.<\/p>\n\n<p>Da\u017e\u0101s situ\u0101cij\u0101s tiek pie\u0161\u0137irtas tikai da\u013c\u0113jas kompens\u0101cijas:<\/p>\n\n<ul class=\"wp-block-list\">\n<li>Gr\u0101mata ar ac\u012bmredzam\u0101m lieto\u0161anas paz\u012bm\u0113m<\/li>\n<li>CD, DVD, VHS lentes, programmat\u016bras, videosp\u0113les, kasetes lentes vai vinila plates, kas ir atv\u0113rtas.<\/li>\n<li>Jebkura prece nav s\u0101kotn\u0113j\u0101 st\u0101vokl\u012b, ir boj\u0101ta vai tai tr\u016bkst deta\u013cu t\u0101du iemeslu d\u0113\u013c, kas nav radu\u0161ies m\u016bsu k\u013c\u016bdas d\u0113\u013c.<\/li>\n<li>Jebkura prece, kas tiek atgriezta v\u0113l\u0101k nek\u0101 30 dienas p\u0113c pieg\u0101des.<\/li>\n<\/ul>\n\n<h2>Kompens\u0101cijas<\/h2>\n\n<p>P\u0113c tam, kad atgriezt\u0101 prece b\u016bs sa\u0146emta un p\u0101rbaud\u012bta, m\u0113s nos\u016bt\u012bsim jums e-pastu, lai pazi\u0146otu, ka esam sa\u0146\u0113mu\u0161i j\u016bsu atgriezt\u0101s preces. M\u0113s ar\u012b inform\u0113sim j\u016bs par atmaksas apstiprin\u0101\u0161anu vai noraid\u012b\u0161anu. <\/p>\n\n<p>Ja j\u016bsu atmaksa tiks apstiprin\u0101ta, atmaksa tiks apstr\u0101d\u0101ta un kred\u012bts tiks autom\u0101tiski p\u0101rskait\u012bts uz j\u016bsu kred\u012btkarti vai s\u0101kotn\u0113jo maks\u0101juma veidu noteiktu dienu laik\u0101.<\/p>\n\n<h3 class=\"wp-block-heading\">Nokav\u0113tas vai nesa\u0146emtas kompens\u0101cijas<\/h3>\n\n<p>Ja v\u0113l neesat sa\u0146\u0113mis atmaksu, vispirms v\u0113lreiz p\u0101rbaudiet savu bankas kontu.<\/p>\n\n<p>P\u0113c tam sazinieties ar kred\u012btkartes uz\u0146\u0113mumu, jo var paiet zin\u0101ms laiks, l\u012bdz atmaksa tiks ofici\u0101li p\u0101rskait\u012bta.<\/p>\n\n<p>P\u0113c tam sazinieties ar savu banku. Bie\u017ei vien ir nepiecie\u0161ams zin\u0101ms apstr\u0101des laiks, pirms atmaksa tiek ieskait\u012bta. <\/p>\n\n<p>Ja esat izdar\u012bjis visu iepriek\u0161min\u0113to un joproj\u0101m neesat sa\u0146\u0113mis atmaks\u0101to naudu, l\u016bdzu, sazinieties ar mums, rakstot uz {pasta adrese}.<\/p>\n\n<h3 class=\"wp-block-heading\">Akcijas preces<\/h3>\n\n<p>Atmaks\u0101t var tikai parast\u0101s cenas preces. Izp\u0101rdo\u0161anas preces nevar atmaks\u0101t. <\/p>\n\n<h2>Apmai\u0146as<\/h2>\n\n<p>M\u0113s preces nomain\u0101m tikai tad, ja t\u0101s ir boj\u0101tas vai boj\u0101tas. Ja v\u0113laties apmain\u012bt preci pret t\u0101du pa\u0161u preci, s\u016btiet mums e-pastu uz {pasta adrese} un s\u016btiet savu preci uz \u0161\u0101du adresi: Nos\u016btiet savu s\u016bt\u012bjumu uz adresi: {fizisk\u0101 adrese}. <\/p>\n\n<h2>D\u0101vanas<\/h2>\n\n<p>Ja prece ieg\u0101des br\u012bd\u012b tika atz\u012bm\u0113ta k\u0101 d\u0101vana un nos\u016bt\u012bta tie\u0161i jums, j\u016bs sa\u0146emsiet d\u0101vanu kred\u012btu atgrie\u0161anas v\u0113rt\u012bbas apm\u0113r\u0101. P\u0113c atgriezt\u0101s preces sa\u0146em\u0161anas jums pa pastu tiks nos\u016bt\u012bts d\u0101vanu kupons. <\/p>\n\n<p>Ja prece ieg\u0101des br\u012bd\u012b nebija mar\u0137\u0113ta k\u0101 d\u0101vana vai ja d\u0101vanas dev\u0113js pas\u016bt\u012bjumu nos\u016bt\u012bja sev, lai v\u0113l\u0101k to nodotu jums, m\u0113s nos\u016bt\u012bsim naudu atpaka\u013c d\u0101vanas dev\u0113jam, un vi\u0146\u0161 uzzin\u0101s par j\u016bsu atgrie\u0161anu.<\/p>\n\n<h2>Pieg\u0101des atgrie\u0161ana<\/h2>\n\n<p>Lai atdotu produktu, jums tas j\u0101nos\u016bta pa pastu uz \u0161\u0101du adresi: Ja s\u016bt\u012bjums nav nos\u016bt\u012bts, nos\u016btiet s\u016bt\u012bjumu atpaka\u013c uz adresi: {fizisk\u0101 adrese}.<\/p>\n\n<p>Jums pa\u0161am b\u016bs j\u0101sedz s\u016bt\u012b\u0161anas izmaksas, kas saist\u012btas ar preces atgrie\u0161anu. Pieg\u0101des izmaksas netiek atmaks\u0101tas. Ja jums tiks atmaks\u0101ta nauda, no atmaks\u0101t\u0101s summas tiks atskait\u012btas atpaka\u013c s\u016bt\u012bjuma izmaksas.  <\/p>\n\n<p>Atkar\u012bb\u0101 no j\u016bsu dz\u012bvesvietas var at\u0161\u0137irties laiks, kas nepiecie\u0161ams, lai j\u016bsu apmain\u012btais produkts j\u016bs sasniegtu.<\/p>\n\n<p>Ja atgrie\u017eat d\u0101rg\u0101kas preces, varat apsv\u0113rt iesp\u0113ju izmantot izsekojamu pieg\u0101des pakalpojumu vai ieg\u0101d\u0101ties pieg\u0101des apdro\u0161in\u0101\u0161anu. M\u0113s negarant\u0113jam, ka sa\u0146emsim j\u016bsu s\u016bt\u012bto preci. <\/p>\n\n<h2>Nepiecie\u0161ama pal\u012bdz\u012bba?<\/h2>\n\n<p>Jaut\u0101jumus par naudas atmaksu un atgrie\u0161anu var uzdot, rakstot mums uz e-pasta adresi {email}.<\/p>\n","protected":false},"excerpt":{"rendered":"<p>\u0160\u012b ir parauga lapa. P\u0101rskats M\u016bsu atmaksas un atgrie\u0161anas politika ilgst 30 dienas. Ja kop\u0161 pirkuma ir pag\u0101ju\u0161as 30 dienas, m\u0113s nevaram jums pied\u0101v\u0101t pilnu atmaksu vai apmai\u0146u. Lai preci var\u0113tu atgriezt, tai j\u0101b\u016bt neizmantotai un t\u0101d\u0101 pa\u0161\u0101 st\u0101vokl\u012b, k\u0101d\u0101 to sa\u0146\u0113m\u0101t. Tai j\u0101b\u016bt ar\u012b ori\u0123in\u0101laj\u0101 iepakojum\u0101. Vair\u0101ki pre\u010du veidi ir atbr\u012bvoti no atgrie\u0161anas. Nav [&hellip;]<\/p>\n","protected":false},"author":1,"featured_media":0,"parent":0,"menu_order":0,"comment_status":"closed","ping_status":"closed","template":"","meta":{"_acf_changed":false,"footnotes":""},"class_list":["post-5596","page","type-page","status-publish","hentry"],"acf":[],"yoast_head":"<!-- This site is optimized with the Yoast SEO plugin v26.5 - https:\/\/yoast.com\/wordpress\/plugins\/seo\/ -->\n<title>%%%%%%%Atmaks\u0101\u0161anas un atgrie\u0161anas politika% % -% %<\/title>\n<meta name=\"robots\" content=\"index, follow, max-snippet:-1, max-image-preview:large, max-video-preview:-1\" \/>\n<link rel=\"canonical\" href=\"https:\/\/ortoto.com\/lv\/atmaksasanas-un-atgriesanas-politika\/\" \/>\n<meta property=\"og:locale\" content=\"lv_LV\" \/>\n<meta property=\"og:type\" content=\"article\" \/>\n<meta property=\"og:title\" content=\"%%%%%%%Atmaks\u0101\u0161anas un atgrie\u0161anas politika% % -% %\" \/>\n<meta property=\"og:description\" content=\"\u0160\u012b ir parauga lapa. P\u0101rskats M\u016bsu atmaksas un atgrie\u0161anas politika ilgst 30 dienas. Ja kop\u0161 pirkuma ir pag\u0101ju\u0161as 30 dienas, m\u0113s nevaram jums pied\u0101v\u0101t pilnu atmaksu vai apmai\u0146u. Lai preci var\u0113tu atgriezt, tai j\u0101b\u016bt neizmantotai un t\u0101d\u0101 pa\u0161\u0101 st\u0101vokl\u012b, k\u0101d\u0101 to sa\u0146\u0113m\u0101t. Tai j\u0101b\u016bt ar\u012b ori\u0123in\u0101laj\u0101 iepakojum\u0101. Vair\u0101ki pre\u010du veidi ir atbr\u012bvoti no atgrie\u0161anas. Nav [&hellip;]\" \/>\n<meta property=\"og:url\" content=\"https:\/\/ortoto.com\/lv\/atmaksasanas-un-atgriesanas-politika\/\" \/>\n<meta property=\"og:site_name\" content=\"Ortoto\" \/>\n<meta property=\"article:modified_time\" content=\"2026-05-06T00:28:02+00:00\" \/>\n<meta name=\"twitter:card\" content=\"summary_large_image\" \/>\n<meta name=\"twitter:label1\" content=\"Paredzamais las\u012b\u0161anas laiks \" \/>\n\t<meta name=\"twitter:data1\" content=\"4 min\u016btes\" \/>\n<script type=\"application\/ld+json\" class=\"yoast-schema-graph\">{\"@context\":\"https:\/\/schema.org\",\"@graph\":[{\"@type\":\"WebPage\",\"@id\":\"https:\/\/ortoto.com\/lv\/atmaksasanas-un-atgriesanas-politika\/\",\"url\":\"https:\/\/ortoto.com\/lv\/atmaksasanas-un-atgriesanas-politika\/\",\"name\":\"%%%%%%%Atmaks\u0101\u0161anas un atgrie\u0161anas politika% % -% %\",\"isPartOf\":{\"@id\":\"https:\/\/ortoto.com\/lv\/#website\"},\"datePublished\":\"2025-09-09T09:35:30+00:00\",\"dateModified\":\"2026-05-06T00:28:02+00:00\",\"breadcrumb\":{\"@id\":\"https:\/\/ortoto.com\/lv\/atmaksasanas-un-atgriesanas-politika\/#breadcrumb\"},\"inLanguage\":\"lv\",\"potentialAction\":[{\"@type\":\"ReadAction\",\"target\":[\"https:\/\/ortoto.com\/lv\/atmaksasanas-un-atgriesanas-politika\/\"]}]},{\"@type\":\"BreadcrumbList\",\"@id\":\"https:\/\/ortoto.com\/lv\/atmaksasanas-un-atgriesanas-politika\/#breadcrumb\",\"itemListElement\":[{\"@type\":\"ListItem\",\"position\":1,\"name\":\"S\u0101kums\",\"item\":\"https:\/\/ortoto.com\/lv\/\"},{\"@type\":\"ListItem\",\"position\":2,\"name\":\"Atmaks\u0101\u0161anas un atgrie\u0161anas politika\"}]},{\"@type\":\"WebSite\",\"@id\":\"https:\/\/ortoto.com\/lv\/#website\",\"url\":\"https:\/\/ortoto.com\/lv\/\",\"name\":\"Ortoto\",\"description\":\"Massage Puzzle Mats\",\"potentialAction\":[{\"@type\":\"SearchAction\",\"target\":{\"@type\":\"EntryPoint\",\"urlTemplate\":\"https:\/\/ortoto.com\/lv\/?s={search_term_string}\"},\"query-input\":{\"@type\":\"PropertyValueSpecification\",\"valueRequired\":true,\"valueName\":\"search_term_string\"}}],\"inLanguage\":\"lv\"}]}<\/script>\n<!-- \/ Yoast SEO plugin. -->","yoast_head_json":{"title":"%%%%%%%Atmaks\u0101\u0161anas un atgrie\u0161anas politika% % -% %","robots":{"index":"index","follow":"follow","max-snippet":"max-snippet:-1","max-image-preview":"max-image-preview:large","max-video-preview":"max-video-preview:-1"},"canonical":"https:\/\/ortoto.com\/lv\/atmaksasanas-un-atgriesanas-politika\/","og_locale":"lv_LV","og_type":"article","og_title":"%%%%%%%Atmaks\u0101\u0161anas un atgrie\u0161anas politika% % -% %","og_description":"\u0160\u012b ir parauga lapa. P\u0101rskats M\u016bsu atmaksas un atgrie\u0161anas politika ilgst 30 dienas. Ja kop\u0161 pirkuma ir pag\u0101ju\u0161as 30 dienas, m\u0113s nevaram jums pied\u0101v\u0101t pilnu atmaksu vai apmai\u0146u. Lai preci var\u0113tu atgriezt, tai j\u0101b\u016bt neizmantotai un t\u0101d\u0101 pa\u0161\u0101 st\u0101vokl\u012b, k\u0101d\u0101 to sa\u0146\u0113m\u0101t. Tai j\u0101b\u016bt ar\u012b ori\u0123in\u0101laj\u0101 iepakojum\u0101. Vair\u0101ki pre\u010du veidi ir atbr\u012bvoti no atgrie\u0161anas. Nav [&hellip;]","og_url":"https:\/\/ortoto.com\/lv\/atmaksasanas-un-atgriesanas-politika\/","og_site_name":"Ortoto","article_modified_time":"2026-05-06T00:28:02+00:00","twitter_card":"summary_large_image","twitter_misc":{"Paredzamais las\u012b\u0161anas laiks ":"4 min\u016btes"},"schema":{"@context":"https:\/\/schema.org","@graph":[{"@type":"WebPage","@id":"https:\/\/ortoto.com\/lv\/atmaksasanas-un-atgriesanas-politika\/","url":"https:\/\/ortoto.com\/lv\/atmaksasanas-un-atgriesanas-politika\/","name":"%%%%%%%Atmaks\u0101\u0161anas un atgrie\u0161anas politika% % -% %","isPartOf":{"@id":"https:\/\/ortoto.com\/lv\/#website"},"datePublished":"2025-09-09T09:35:30+00:00","dateModified":"2026-05-06T00:28:02+00:00","breadcrumb":{"@id":"https:\/\/ortoto.com\/lv\/atmaksasanas-un-atgriesanas-politika\/#breadcrumb"},"inLanguage":"lv","potentialAction":[{"@type":"ReadAction","target":["https:\/\/ortoto.com\/lv\/atmaksasanas-un-atgriesanas-politika\/"]}]},{"@type":"BreadcrumbList","@id":"https:\/\/ortoto.com\/lv\/atmaksasanas-un-atgriesanas-politika\/#breadcrumb","itemListElement":[{"@type":"ListItem","position":1,"name":"S\u0101kums","item":"https:\/\/ortoto.com\/lv\/"},{"@type":"ListItem","position":2,"name":"Atmaks\u0101\u0161anas un atgrie\u0161anas politika"}]},{"@type":"WebSite","@id":"https:\/\/ortoto.com\/lv\/#website","url":"https:\/\/ortoto.com\/lv\/","name":"Ortoto","description":"Massage Puzzle Mats","potentialAction":[{"@type":"SearchAction","target":{"@type":"EntryPoint","urlTemplate":"https:\/\/ortoto.com\/lv\/?s={search_term_string}"},"query-input":{"@type":"PropertyValueSpecification","valueRequired":true,"valueName":"search_term_string"}}],"inLanguage":"lv"}]}},"_links":{"self":[{"href":"https:\/\/ortoto.com\/lv\/wp-json\/wp\/v2\/pages\/5596","targetHints":{"allow":["GET"]}}],"collection":[{"href":"https:\/\/ortoto.com\/lv\/wp-json\/wp\/v2\/pages"}],"about":[{"href":"https:\/\/ortoto.com\/lv\/wp-json\/wp\/v2\/types\/page"}],"author":[{"embeddable":true,"href":"https:\/\/ortoto.com\/lv\/wp-json\/wp\/v2\/users\/1"}],"replies":[{"embeddable":true,"href":"https:\/\/ortoto.com\/lv\/wp-json\/wp\/v2\/comments?post=5596"}],"version-history":[{"count":2,"href":"https:\/\/ortoto.com\/lv\/wp-json\/wp\/v2\/pages\/5596\/revisions"}],"predecessor-version":[{"id":5601,"href":"https:\/\/ortoto.com\/lv\/wp-json\/wp\/v2\/pages\/5596\/revisions\/5601"}],"wp:attachment":[{"href":"https:\/\/ortoto.com\/lv\/wp-json\/wp\/v2\/media?parent=5596"}],"curies":[{"name":"wp","href":"https:\/\/api.w.org\/{rel}","templated":true}]}}