{"id":5602,"date":"2025-04-01T12:04:31","date_gmt":"2025-04-01T10:04:31","guid":{"rendered":"https:\/\/ortoto.com\/ka-tas-palidz\/samazina-stresa-limeni\/"},"modified":"2026-05-06T02:28:04","modified_gmt":"2026-05-06T00:28:04","slug":"samazina-stresa-limeni","status":"publish","type":"page","link":"https:\/\/ortoto.com\/lv\/ka-tas-palidz\/samazina-stresa-limeni\/","title":{"rendered":"Samazina stresa l\u012bmeni"},"content":{"rendered":"\t\t<div data-elementor-type=\"wp-page\" data-elementor-id=\"5602\" class=\"elementor elementor-5602 elementor-2238\" data-elementor-post-type=\"page\">\n\t\t\t\t<div class=\"elementor-element elementor-element-8baad76 e-flex e-con-boxed e-con e-parent\" data-id=\"8baad76\" data-element_type=\"container\">\n\t\t\t\t\t<div class=\"e-con-inner\">\n\t\t\t\t<div class=\"elementor-element elementor-element-bb9c0cf elementor-widget__width-initial elementor-widget-widescreen__width-initial elementor-widget elementor-widget-heading\" data-id=\"bb9c0cf\" data-element_type=\"widget\" data-widget_type=\"heading.default\">\n\t\t\t\t\t<h1 class=\"elementor-heading-title elementor-size-default\">Samazina stresa l\u012bmeni<\/h1>\t\t\t\t<\/div>\n\t\t\t\t<div class=\"elementor-element elementor-element-bba6b3f elementor-widget elementor-widget-spacer\" data-id=\"bba6b3f\" data-element_type=\"widget\" data-widget_type=\"spacer.default\">\n\t\t\t\t\t\t\t<div class=\"elementor-spacer\">\n\t\t\t<div class=\"elementor-spacer-inner\"><\/div>\n\t\t<\/div>\n\t\t\t\t\t\t<\/div>\n\t\t\t\t<div class=\"elementor-element elementor-element-eccb1e6 elementor-widget elementor-widget-text-editor\" data-id=\"eccb1e6\" data-element_type=\"widget\" data-widget_type=\"text-editor.default\">\n\t\t\t\t\t\t\t\t\t<p>\u0160is ir dom\u0101ts pieaugu\u0161ajiem, kuri ir non\u0101ku\u0161i pieaugu\u0161o dz\u012bves haos\u0101 &#8211; termi\u0146i, nebeidzamie dar\u0101mo darbu saraksti un, protams, &#8220;d\u0101vana&#8221;, kas n\u0101k kop\u0101 ar to visu &#8211; stress.<\/p><p>Stress &#8211; liel\u0101kais kaitnieks m\u016bsu vesel\u012bbai<\/p><p>Vai zin\u0101j\u0101t, ka stress ir pamat\u0101 liel\u0101kajai da\u013cai vesel\u012bbas probl\u0113mu vis\u0101 pasaul\u0113? Apbr\u012bnojamie 62% cilv\u0113ku apgalvo, ka stress ir ietekm\u0113jis vi\u0146u ikdienas dz\u012bvi. <\/p><p>Bet k\u0101 tie\u0161i stress ietekm\u0113 m\u016bsu vesel\u012bbu?<\/p><p>Lai saprastu, k\u0101 stress ietekm\u0113 m\u016bsu vesel\u012bbu, mums ir j\u0101iepaz\u012bstas ar to mazliet dzi\u013c\u0101k:<\/p><p>Sirds un asinsvadu sist\u0113ma<\/p><p>Stress liek j\u016bsu sirdij darboties ar lielu jaudu &#8211; sirds s\u0101k strauj\u0101k pukst\u0113t, sp\u0113c\u012bg\u0101k s\u016bkn\u0113t un vair\u0101k asi\u0146u iepl\u016bst musku\u013cos. Lai gan \u012bstermi\u0146\u0101 tas ir labi, ilgtermi\u0146\u0101 stress uztur organismu c\u012b\u0146as vai b\u0113g\u0161anas re\u017e\u012bm\u0101, ietekm\u0113jot asinsvadus, paaugstinot holester\u012bna l\u012bmeni un palielinot sirds probl\u0113mu risku. <\/p><p>Elpo\u0161anas sist\u0113ma<\/p><p>Stresa d\u0113\u013c j\u016bs aizdusa, elpo\u0161ana k\u013c\u016bst sekla un strauja. Tas v\u0101jina j\u016bsu im\u016bnsist\u0113mu, padarot j\u016bs neaizsarg\u0101t\u0101ku pret infekcij\u0101m un pasliktinot t\u0101das slim\u012bbas k\u0101 astma un HOPS. Turkl\u0101t tas var izrais\u012bt elpce\u013cu iekaisumu, padarot katru elpu gr\u016bt\u0101ku.  <\/p><p>Ku\u0146\u0123a un zarnu sist\u0113ma<\/p><p>Stress pal\u0113nina gremo\u0161anu, izraisot v\u0113dera p\u016b\u0161anos, aizciet\u0113jumus vai caureju. Tas ar\u012b v\u0101jina zarnu aizsargbarjeru, padarot t\u0101s jut\u012bg\u0101kas pret iekaisumiem un infekcij\u0101m. Stress var izjaukt zarnu un smadze\u0146u saikni, veicinot gremo\u0161anas probl\u0113mas.  <\/p><p>Musku\u013cu un skeleta sist\u0113ma<\/p><p>Stresa ietekm\u0113 musku\u013ci sasprindzin\u0101s, izraisot visu, s\u0101kot no galvass\u0101p\u0113m l\u012bdz s\u0101p\u0113m \u017eokl\u012b un beidzot ar muguras s\u0101p\u0113m. Ilgsto\u0161s stress p\u0101rpludina j\u016bsu organismu ar kortizolu, kas v\u0101jina musku\u013cus un kaulus un palielina hronisku s\u0101pju un t\u0101du slim\u012bbu k\u0101 fibromial\u0123ija risku. <\/p><p>Im\u016bnsist\u0113ma<\/p><p>Hronisks stress aktiviz\u0113 organisma &#8220;c\u012b\u0146as vai b\u0113g\u0161anas&#8221; re\u017e\u012bmu, kas var nov\u0101jin\u0101t im\u016bnsist\u0113mu. Augsts stresa hormonu, piem\u0113ram, kortizola, l\u012bmenis pazemina im\u016bnsist\u0113mas reakciju, t\u0101p\u0113c ir viegl\u0101k saslimt, pal\u0113nin\u0101s dziedin\u0101\u0161ana un pastiprin\u0101s iekaisums. Laika gait\u0101 tas var veicin\u0101t autoim\u016bno un hronisku iekaisuma slim\u012bbu ra\u0161anos.  <\/p><p>K\u0101 mazin\u0101t stresu m\u016bsu straujaj\u0101 un nep\u0101rtrauktaj\u0101 dz\u012bves ritm\u0101?<\/p><p>No\u0146emot apavus un \u013caujot k\u0101j\u0101m sa\u0146emt nomierino\u0161u un relaks\u0113jo\u0161u saj\u016btu mas\u0101\u017eu.<\/p><p>Nomieriniet nervus<\/p><p>M\u016bsu nervu sist\u0113mu veido centr\u0101l\u0101 nervu sist\u0113ma, perif\u0113r\u0101 nervu sist\u0113ma, somatisk\u0101 nervu sist\u0113ma un autonom\u0101 nervu sist\u0113ma. Perif\u0113risk\u0101 sist\u0113ma kontrol\u0113 nervus musku\u013cos, ac\u012bs un aus\u012bs, savuk\u0101rt somatisk\u0101 un autonom\u0101 sist\u0113ma vada attiec\u012bgi m\u016bsu apzin\u0101t\u0101s kust\u012bbas un piespiedu darb\u012bbas. <\/p><p>Tom\u0113r centr\u0101l\u0101 nervu sist\u0113ma ir tie\u0161i saist\u012bta ar m\u016bsu smadzen\u0113m. Kad m\u0113s izj\u016btam stresu, autonom\u0101 nervu sist\u0113ma s\u0101k darboties, sagatavojot \u0137ermeni briesm\u0101m vai konfront\u0101cijai. Ta\u010du \u0161eit ir interesants pav\u0113rsiens: staig\u0101\u0161ana bas\u0101m k\u0101j\u0101m paties\u012bb\u0101 var pal\u012bdz\u0113t \u0161o sist\u0113mu nomierin\u0101t. Staig\u0101jot pa da\u017e\u0101d\u0101m tekst\u016br\u0101m, j\u016bs varat izjaukt stresa reakciju, novirzot l\u012bdzsvaru no &#8220;c\u012b\u0146as vai b\u0113g\u0161anas&#8221; re\u017e\u012bma. Tas \u013cauj \u0137ermenim atsl\u0101bin\u0101ties, nerviem atsl\u0101bin\u0101ties un stresam izk\u016bst.    <\/p>\t\t\t\t\t\t\t\t<\/div>\n\t\t\t\t<div class=\"elementor-element elementor-element-c030bac elementor-widget elementor-widget-spacer\" data-id=\"c030bac\" data-element_type=\"widget\" data-widget_type=\"spacer.default\">\n\t\t\t\t\t\t\t<div class=\"elementor-spacer\">\n\t\t\t<div class=\"elementor-spacer-inner\"><\/div>\n\t\t<\/div>\n\t\t\t\t\t\t<\/div>\n\t\t\t\t\t<\/div>\n\t\t\t\t<\/div>\n\t\t<div class=\"elementor-element elementor-element-15a44f3 e-flex e-con-boxed e-con e-parent\" data-id=\"15a44f3\" data-element_type=\"container\">\n\t\t\t\t\t<div class=\"e-con-inner\">\n\t\t<div class=\"elementor-element elementor-element-4ea3264 e-con-full e-flex e-con e-child\" data-id=\"4ea3264\" data-element_type=\"container\" data-settings=\"{&quot;background_background&quot;:&quot;classic&quot;}\">\n\t\t\t\t<\/div>\n\t\t\t\t<div class=\"elementor-element elementor-element-26e6baf elementor-widget elementor-widget-spacer\" data-id=\"26e6baf\" data-element_type=\"widget\" data-widget_type=\"spacer.default\">\n\t\t\t\t\t\t\t<div class=\"elementor-spacer\">\n\t\t\t<div class=\"elementor-spacer-inner\"><\/div>\n\t\t<\/div>\n\t\t\t\t\t\t<\/div>\n\t\t\t\t<div class=\"elementor-element elementor-element-cdc7d6a elementor-align-center elementor-widget elementor-widget-button\" data-id=\"cdc7d6a\" data-element_type=\"widget\" data-widget_type=\"button.default\">\n\t\t\t\t\t\t\t\t\t\t<a class=\"elementor-button elementor-button-link elementor-size-sm\" href=\"\/product-category\/adults-intensive-massage\/\">\n\t\t\t\t\t\t<span class=\"elementor-button-content-wrapper\">\n\t\t\t\t\t\t\t\t\t<span class=\"elementor-button-text\">SA\u0145EMIET ORTOTO<\/span>\n\t\t\t\t\t<\/span>\n\t\t\t\t\t<\/a>\n\t\t\t\t\t\t\t\t<\/div>\n\t\t\t\t<div class=\"elementor-element elementor-element-b5e6b48 elementor-widget elementor-widget-spacer\" data-id=\"b5e6b48\" data-element_type=\"widget\" data-widget_type=\"spacer.default\">\n\t\t\t\t\t\t\t<div class=\"elementor-spacer\">\n\t\t\t<div class=\"elementor-spacer-inner\"><\/div>\n\t\t<\/div>\n\t\t\t\t\t\t<\/div>\n\t\t\t\t\t<\/div>\n\t\t\t\t<\/div>\n\t\t<div class=\"elementor-element elementor-element-3e67803 e-flex e-con-boxed e-con e-parent\" data-id=\"3e67803\" data-element_type=\"container\">\n\t\t\t\t\t<div class=\"e-con-inner\">\n\t\t\t\t<div class=\"elementor-element elementor-element-29ff1b3 elementor-widget elementor-widget-text-editor\" data-id=\"29ff1b3\" data-element_type=\"widget\" data-widget_type=\"text-editor.default\">\n\t\t\t\t\t\t\t\t\t<p>K\u0101 tas darbojas?<\/p><p>Refleksolo\u0123ija darbojas, stimul\u0113jot nervu sist\u0113mu. Ideja ir vienk\u0101r\u0161a: viegli spie\u017eot uz konkr\u0113tiem p\u0113du punktiem, tiek raid\u012bti sign\u0101li uz centr\u0101lo nervu sist\u0113mu, kas pal\u012bdz izrais\u012bt relaks\u0101cijas reakciju vis\u0101 \u0137ermen\u012b. Tas ne tikai nomierina, bet ar\u012b pozit\u012bvi ietekm\u0113, piem\u0113ram, elpo\u0161anu, asinsriti, im\u016bnsist\u0113mu un citas lietas.  <\/p><p>Tas izraisa \u0137\u0113des reakciju ar pozit\u012bvu ietekmi. Katra \u0137erme\u0146a da\u013ca ir atkar\u012bga no mugurkaula nervu sign\u0101liem. Ja mugurkaul\u0101 ir p\u0101r\u0101k liels sasprindzin\u0101jums, musku\u013ci gar mugurkaulu sasprindzin\u0101s, radot spiedienu uz nerviem un izraisot s\u0101pes. Bet, kad spriedze tiek atbr\u012bvota, musku\u013ci atsl\u0101bst, un asinsvadi atsl\u0101bst. Tas uzlabo asinsriti, \u013caujot sk\u0101beklim un bar\u012bbas viel\u0101m br\u012bv\u0101k pl\u016bst uz org\u0101niem un audiem. Turkl\u0101t tas pal\u012bdz organismam atbr\u012bvoties no toks\u012bniem, padarot j\u016bs l\u012bdzsvarot\u0101ku un svaig\u0101ku.     <\/p><p>Asinis ir atbild\u012bgas par sk\u0101bek\u013ca un bar\u012bbas vielu pieg\u0101di \u0161\u016bn\u0101m, vienlaikus izvadot atkritumus. Lai tas notiktu efekt\u012bvi, asinsvadiem j\u0101b\u016bt elast\u012bgiem. Tom\u0113r stresa ietekm\u0113 tie var sa\u0161aurin\u0101ties, pal\u0113ninot asinsriti un veicinot asinsspiediena probl\u0113mas. Refleksolo\u0123ija pal\u012bdz mazin\u0101t spriedzi, \u013caujot asinsvadiem atsl\u0101bin\u0101ties un pareizi darboties. Tas ne tikai uzlabo asinsriti, bet ar\u012b pal\u012bdz organismam efekt\u012bv\u0101k atbr\u012bvoties no toks\u012bniem.    <\/p><p>ORTOTO Intens\u012bvie sensorie pakl\u0101ji\u0146i &#8211; j\u016bsu nomierino\u0161\u0101 sensor\u0101 gl\u0101bi\u0146a<\/p><p>ORTOTO intens\u012bv\u0101s sensor\u0101s taustes pakl\u0101ji\u0146i ir izstr\u0101d\u0101ti t\u0101, lai sniegtu maksim\u0101lu sensor\u0101s mas\u0101\u017eas efektu j\u016bsu p\u0113d\u0101m, un tiem ir da\u017e\u0101das tekst\u016bras, kas aktiviz\u0113 visas refleksu zonas j\u016bsu p\u0113d\u0101s. Tas pal\u012bdz mazin\u0101t stresu, uzlabot relaks\u0101ciju un visp\u0101r\u0113jo labsaj\u016btu. Tas ir k\u0101 mini atva\u013cin\u0101jums j\u016bsu p\u0113d\u0101m!  <\/p>\t\t\t\t\t\t\t\t<\/div>\n\t\t\t\t<div class=\"elementor-element elementor-element-7e4a3e6 elementor-widget elementor-widget-spacer\" data-id=\"7e4a3e6\" data-element_type=\"widget\" data-widget_type=\"spacer.default\">\n\t\t\t\t\t\t\t<div class=\"elementor-spacer\">\n\t\t\t<div class=\"elementor-spacer-inner\"><\/div>\n\t\t<\/div>\n\t\t\t\t\t\t<\/div>\n\t\t<div class=\"elementor-element elementor-element-029fa6b e-con-full e-flex e-con e-child\" data-id=\"029fa6b\" data-element_type=\"container\" data-settings=\"{&quot;background_background&quot;:&quot;classic&quot;}\">\n\t\t\t\t<\/div>\n\t\t\t\t<div class=\"elementor-element elementor-element-29cce7b elementor-widget elementor-widget-spacer\" data-id=\"29cce7b\" data-element_type=\"widget\" data-widget_type=\"spacer.default\">\n\t\t\t\t\t\t\t<div class=\"elementor-spacer\">\n\t\t\t<div class=\"elementor-spacer-inner\"><\/div>\n\t\t<\/div>\n\t\t\t\t\t\t<\/div>\n\t\t\t\t\t<\/div>\n\t\t\t\t<\/div>\n\t\t<div class=\"elementor-element elementor-element-cd1c67c e-flex e-con-boxed e-con e-parent\" data-id=\"cd1c67c\" data-element_type=\"container\">\n\t\t\t\t\t<div class=\"e-con-inner\">\n\t\t\t\t<div class=\"elementor-element elementor-element-fe5a273 elementor-widget elementor-widget-text-editor\" data-id=\"fe5a273\" data-element_type=\"widget\" data-widget_type=\"text-editor.default\">\n\t\t\t\t\t\t\t\t\t<p>V\u0113l viena stresa mazin\u0101\u0161anas metode &#8211; atk\u0101rto\u0161ana<\/p><p>Atk\u0101rtotas kust\u012bbas pal\u012bdz divos galvenajos veidos. Pirmk\u0101rt, t\u0101 novirza m\u016bsu uzman\u012bbu no trauksmi izraiso\u0161iem stimuliem, atvieglojot m\u016bsu pr\u0101tu no stresa, akt\u012bva st\u0101vok\u013ca uz mier\u012bgu, pas\u012bvu. Otrk\u0101rt, atk\u0101rtotas kust\u012bbas \u013cauj mums pak\u0101peniski atbr\u012bvoties no negat\u012bv\u0101s ener\u0123ijas, &#8220;sadedzinot&#8221; spriedzi vienm\u0113r\u012bg\u0101, konstrukt\u012bv\u0101 veid\u0101. T\u0101 viet\u0101, lai justos iztuk\u0161oti p\u0113k\u0161\u0146as atbr\u012bvo\u0161an\u0101s d\u0113\u013c, m\u0113s varam piel\u0101goties pak\u0101peniskai stresa mazin\u0101\u0161anai, kad tas notiek.   <\/p><p>ORTOTO sensor\u0101 pirkstu labirinta sp\u0113le<\/p><p>M\u0113s esam izstr\u0101d\u0101ju\u0161i ORTOTO labirinta sp\u0113li ne tikai b\u0113rniem, lai uzlabotu roku un acu koordin\u0101ciju, bet ar\u012b k\u0101 stresa mazin\u0101\u0161anas, relaks\u0101cijas un apzin\u0101t\u012bbas sp\u0113li ikvienam. L\u0113na pirkstu vilk\u0161ana pa tekstur\u0113to ce\u013cu liek ab\u0101m smadze\u0146u puslod\u0113m darboties vienlaic\u012bgi, k\u0101 ar\u012b vada j\u016bs ar nomierino\u0161\u0101m, atk\u0101rtojo\u0161\u0101m kust\u012bb\u0101m, kas nomierina pr\u0101tu. Koncentr\u0113joties uz uzdevumu, stress izz\u016bd, un \u0137ermenis ar katru vienm\u0113r\u012bgu kust\u012bbu atsl\u0101bst. Tas ir vienk\u0101r\u0161s, bet iedarb\u012bgs veids, k\u0101 rast sev\u012b miera br\u012bdi.   <\/p>\t\t\t\t\t\t\t\t<\/div>\n\t\t\t\t<div class=\"elementor-element elementor-element-fa5b0b9 elementor-widget elementor-widget-spacer\" data-id=\"fa5b0b9\" data-element_type=\"widget\" data-widget_type=\"spacer.default\">\n\t\t\t\t\t\t\t<div class=\"elementor-spacer\">\n\t\t\t<div class=\"elementor-spacer-inner\"><\/div>\n\t\t<\/div>\n\t\t\t\t\t\t<\/div>\n\t\t<div class=\"elementor-element elementor-element-d984f5b e-con-full e-flex e-con e-child\" data-id=\"d984f5b\" data-element_type=\"container\" data-settings=\"{&quot;background_background&quot;:&quot;classic&quot;}\">\n\t\t\t\t<\/div>\n\t\t\t\t<div class=\"elementor-element elementor-element-7ebe44b elementor-widget elementor-widget-spacer\" data-id=\"7ebe44b\" data-element_type=\"widget\" data-widget_type=\"spacer.default\">\n\t\t\t\t\t\t\t<div class=\"elementor-spacer\">\n\t\t\t<div class=\"elementor-spacer-inner\"><\/div>\n\t\t<\/div>\n\t\t\t\t\t\t<\/div>\n\t\t\t\t\t<\/div>\n\t\t\t\t<\/div>\n\t\t<div class=\"elementor-element elementor-element-8d4cbc1 e-flex e-con-boxed e-con e-parent\" data-id=\"8d4cbc1\" data-element_type=\"container\">\n\t\t\t\t\t<div class=\"e-con-inner\">\n\t\t\t\t<div class=\"elementor-element elementor-element-b661d58 elementor-widget elementor-widget-text-editor\" data-id=\"b661d58\" data-element_type=\"widget\" data-widget_type=\"text-editor.default\">\n\t\t\t\t\t\t\t\t\t<p>Blo\u0137\u0113jiet savu stresu prom!<\/p><p>V\u0113l viens aizraujo\u0161s veids, k\u0101 atbr\u012bvoties no stresa, &#8211; izm\u0113\u0123iniet m\u016bsu terapijas sensoro produktu &#8211; izgl\u012btojo\u0161o konstru\u0113\u0161anas sp\u0113li ORTOTO! Vienk\u0101r\u0161a m\u012bksto sensoro \u0137ie\u0123e\u013cu k\u0101rto\u0161ana, da\u017e\u0101du konstrukciju veido\u0161ana un rado\u0161uma izpausmes pal\u012bdz koncentr\u0113ties un atsl\u0101bin\u0101ties. B\u016bv\u0113jot j\u016bsu pr\u0101ts p\u0101riet no ikdienas r\u016bp\u0113m uz rota\u013c\u012bgas relaks\u0101cijas un apzin\u0101t\u012bbas st\u0101vokli, \u013caujot stresam izkust\u0113ties &#8211; pa vienam \u0137ie\u0123elim.  <\/p>\t\t\t\t\t\t\t\t<\/div>\n\t\t\t\t<div class=\"elementor-element elementor-element-4e972ce elementor-widget elementor-widget-spacer\" data-id=\"4e972ce\" data-element_type=\"widget\" data-widget_type=\"spacer.default\">\n\t\t\t\t\t\t\t<div class=\"elementor-spacer\">\n\t\t\t<div class=\"elementor-spacer-inner\"><\/div>\n\t\t<\/div>\n\t\t\t\t\t\t<\/div>\n\t\t\t\t\t<\/div>\n\t\t\t\t<\/div>\n\t\t\t\t<\/div>\n\t\t","protected":false},"excerpt":{"rendered":"<p>Samazina stresa l\u012bmeni \u0160is ir dom\u0101ts pieaugu\u0161ajiem, kuri ir non\u0101ku\u0161i pieaugu\u0161o dz\u012bves haos\u0101 &#8211; termi\u0146i, nebeidzamie dar\u0101mo darbu saraksti un, protams, &#8220;d\u0101vana&#8221;, kas n\u0101k kop\u0101 ar to visu &#8211; stress. Stress &#8211; liel\u0101kais kaitnieks m\u016bsu vesel\u012bbai Vai zin\u0101j\u0101t, ka stress ir pamat\u0101 liel\u0101kajai da\u013cai vesel\u012bbas probl\u0113mu vis\u0101 pasaul\u0113? Apbr\u012bnojamie 62% cilv\u0113ku apgalvo, ka stress ir [&hellip;]<\/p>\n","protected":false},"author":1,"featured_media":0,"parent":5506,"menu_order":0,"comment_status":"closed","ping_status":"closed","template":"","meta":{"_acf_changed":false,"footnotes":""},"class_list":["post-5602","page","type-page","status-publish","hentry"],"acf":[],"yoast_head":"<!-- This site is optimized with the Yoast SEO plugin v26.5 - https:\/\/yoast.com\/wordpress\/plugins\/seo\/ -->\n<title>%%%%%%%Samazina stresa l\u012bmeni% % -% %<\/title>\n<meta name=\"description\" content=\"Uzziniet, k\u0101 sensorie pakl\u0101ji\u0146i mazina stresu. Maigas tekst\u016bras atbalsta mier\u012bgus mirk\u013cus un apzin\u0101tas kust\u012bbas j\u016bsu ikdienas rut\u012bn\u0101.\" \/>\n<meta name=\"robots\" content=\"index, follow, max-snippet:-1, max-image-preview:large, max-video-preview:-1\" \/>\n<link rel=\"canonical\" href=\"https:\/\/ortoto.com\/lv\/ka-tas-palidz\/samazina-stresa-limeni\/\" \/>\n<meta property=\"og:locale\" content=\"lv_LV\" \/>\n<meta property=\"og:type\" content=\"article\" \/>\n<meta property=\"og:title\" content=\"%%%%%%%Samazina stresa l\u012bmeni% % -% %\" \/>\n<meta property=\"og:description\" content=\"Uzziniet, k\u0101 sensorie pakl\u0101ji\u0146i mazina stresu. Maigas tekst\u016bras atbalsta mier\u012bgus mirk\u013cus un apzin\u0101tas kust\u012bbas j\u016bsu ikdienas rut\u012bn\u0101.\" \/>\n<meta property=\"og:url\" content=\"https:\/\/ortoto.com\/lv\/ka-tas-palidz\/samazina-stresa-limeni\/\" \/>\n<meta property=\"og:site_name\" content=\"Ortoto\" \/>\n<meta property=\"article:modified_time\" content=\"2026-05-06T00:28:04+00:00\" \/>\n<meta name=\"twitter:card\" content=\"summary_large_image\" \/>\n<meta name=\"twitter:label1\" content=\"Paredzamais las\u012b\u0161anas laiks \" \/>\n\t<meta name=\"twitter:data1\" content=\"6 min\u016btes\" \/>\n<script type=\"application\/ld+json\" class=\"yoast-schema-graph\">{\"@context\":\"https:\/\/schema.org\",\"@graph\":[{\"@type\":\"WebPage\",\"@id\":\"https:\/\/ortoto.com\/lv\/ka-tas-palidz\/samazina-stresa-limeni\/\",\"url\":\"https:\/\/ortoto.com\/lv\/ka-tas-palidz\/samazina-stresa-limeni\/\",\"name\":\"%%%%%%%Samazina stresa l\u012bmeni% % -% %\",\"isPartOf\":{\"@id\":\"https:\/\/ortoto.com\/lv\/#website\"},\"datePublished\":\"2025-04-01T10:04:31+00:00\",\"dateModified\":\"2026-05-06T00:28:04+00:00\",\"description\":\"Uzziniet, k\u0101 sensorie pakl\u0101ji\u0146i mazina stresu. Maigas tekst\u016bras atbalsta mier\u012bgus mirk\u013cus un apzin\u0101tas kust\u012bbas j\u016bsu ikdienas rut\u012bn\u0101.\",\"breadcrumb\":{\"@id\":\"https:\/\/ortoto.com\/lv\/ka-tas-palidz\/samazina-stresa-limeni\/#breadcrumb\"},\"inLanguage\":\"lv\",\"potentialAction\":[{\"@type\":\"ReadAction\",\"target\":[\"https:\/\/ortoto.com\/lv\/ka-tas-palidz\/samazina-stresa-limeni\/\"]}]},{\"@type\":\"BreadcrumbList\",\"@id\":\"https:\/\/ortoto.com\/lv\/ka-tas-palidz\/samazina-stresa-limeni\/#breadcrumb\",\"itemListElement\":[{\"@type\":\"ListItem\",\"position\":1,\"name\":\"S\u0101kums\",\"item\":\"https:\/\/ortoto.com\/lv\/\"},{\"@type\":\"ListItem\",\"position\":2,\"name\":\"K\u0101 tas pal\u012bdz\",\"item\":\"https:\/\/ortoto.com\/lv\/?page_id=5506\"},{\"@type\":\"ListItem\",\"position\":3,\"name\":\"Samazina stresa l\u012bmeni\"}]},{\"@type\":\"WebSite\",\"@id\":\"https:\/\/ortoto.com\/lv\/#website\",\"url\":\"https:\/\/ortoto.com\/lv\/\",\"name\":\"Ortoto\",\"description\":\"Massage Puzzle Mats\",\"potentialAction\":[{\"@type\":\"SearchAction\",\"target\":{\"@type\":\"EntryPoint\",\"urlTemplate\":\"https:\/\/ortoto.com\/lv\/?s={search_term_string}\"},\"query-input\":{\"@type\":\"PropertyValueSpecification\",\"valueRequired\":true,\"valueName\":\"search_term_string\"}}],\"inLanguage\":\"lv\"}]}<\/script>\n<!-- \/ Yoast SEO plugin. -->","yoast_head_json":{"title":"%%%%%%%Samazina stresa l\u012bmeni% % -% %","description":"Uzziniet, k\u0101 sensorie pakl\u0101ji\u0146i mazina stresu. Maigas tekst\u016bras atbalsta mier\u012bgus mirk\u013cus un apzin\u0101tas kust\u012bbas j\u016bsu ikdienas rut\u012bn\u0101.","robots":{"index":"index","follow":"follow","max-snippet":"max-snippet:-1","max-image-preview":"max-image-preview:large","max-video-preview":"max-video-preview:-1"},"canonical":"https:\/\/ortoto.com\/lv\/ka-tas-palidz\/samazina-stresa-limeni\/","og_locale":"lv_LV","og_type":"article","og_title":"%%%%%%%Samazina stresa l\u012bmeni% % -% %","og_description":"Uzziniet, k\u0101 sensorie pakl\u0101ji\u0146i mazina stresu. Maigas tekst\u016bras atbalsta mier\u012bgus mirk\u013cus un apzin\u0101tas kust\u012bbas j\u016bsu ikdienas rut\u012bn\u0101.","og_url":"https:\/\/ortoto.com\/lv\/ka-tas-palidz\/samazina-stresa-limeni\/","og_site_name":"Ortoto","article_modified_time":"2026-05-06T00:28:04+00:00","twitter_card":"summary_large_image","twitter_misc":{"Paredzamais las\u012b\u0161anas laiks ":"6 min\u016btes"},"schema":{"@context":"https:\/\/schema.org","@graph":[{"@type":"WebPage","@id":"https:\/\/ortoto.com\/lv\/ka-tas-palidz\/samazina-stresa-limeni\/","url":"https:\/\/ortoto.com\/lv\/ka-tas-palidz\/samazina-stresa-limeni\/","name":"%%%%%%%Samazina stresa l\u012bmeni% % -% %","isPartOf":{"@id":"https:\/\/ortoto.com\/lv\/#website"},"datePublished":"2025-04-01T10:04:31+00:00","dateModified":"2026-05-06T00:28:04+00:00","description":"Uzziniet, k\u0101 sensorie pakl\u0101ji\u0146i mazina stresu. Maigas tekst\u016bras atbalsta mier\u012bgus mirk\u013cus un apzin\u0101tas kust\u012bbas j\u016bsu ikdienas rut\u012bn\u0101.","breadcrumb":{"@id":"https:\/\/ortoto.com\/lv\/ka-tas-palidz\/samazina-stresa-limeni\/#breadcrumb"},"inLanguage":"lv","potentialAction":[{"@type":"ReadAction","target":["https:\/\/ortoto.com\/lv\/ka-tas-palidz\/samazina-stresa-limeni\/"]}]},{"@type":"BreadcrumbList","@id":"https:\/\/ortoto.com\/lv\/ka-tas-palidz\/samazina-stresa-limeni\/#breadcrumb","itemListElement":[{"@type":"ListItem","position":1,"name":"S\u0101kums","item":"https:\/\/ortoto.com\/lv\/"},{"@type":"ListItem","position":2,"name":"K\u0101 tas pal\u012bdz","item":"https:\/\/ortoto.com\/lv\/?page_id=5506"},{"@type":"ListItem","position":3,"name":"Samazina stresa l\u012bmeni"}]},{"@type":"WebSite","@id":"https:\/\/ortoto.com\/lv\/#website","url":"https:\/\/ortoto.com\/lv\/","name":"Ortoto","description":"Massage Puzzle Mats","potentialAction":[{"@type":"SearchAction","target":{"@type":"EntryPoint","urlTemplate":"https:\/\/ortoto.com\/lv\/?s={search_term_string}"},"query-input":{"@type":"PropertyValueSpecification","valueRequired":true,"valueName":"search_term_string"}}],"inLanguage":"lv"}]}},"_links":{"self":[{"href":"https:\/\/ortoto.com\/lv\/wp-json\/wp\/v2\/pages\/5602","targetHints":{"allow":["GET"]}}],"collection":[{"href":"https:\/\/ortoto.com\/lv\/wp-json\/wp\/v2\/pages"}],"about":[{"href":"https:\/\/ortoto.com\/lv\/wp-json\/wp\/v2\/types\/page"}],"author":[{"embeddable":true,"href":"https:\/\/ortoto.com\/lv\/wp-json\/wp\/v2\/users\/1"}],"replies":[{"embeddable":true,"href":"https:\/\/ortoto.com\/lv\/wp-json\/wp\/v2\/comments?post=5602"}],"version-history":[{"count":2,"href":"https:\/\/ortoto.com\/lv\/wp-json\/wp\/v2\/pages\/5602\/revisions"}],"predecessor-version":[{"id":5609,"href":"https:\/\/ortoto.com\/lv\/wp-json\/wp\/v2\/pages\/5602\/revisions\/5609"}],"up":[{"embeddable":true,"href":"https:\/\/ortoto.com\/lv\/wp-json\/wp\/v2\/pages\/5506"}],"wp:attachment":[{"href":"https:\/\/ortoto.com\/lv\/wp-json\/wp\/v2\/media?parent=5602"}],"curies":[{"name":"wp","href":"https:\/\/api.w.org\/{rel}","templated":true}]}}