{"id":5610,"date":"2025-04-01T12:07:41","date_gmt":"2025-04-01T10:07:41","guid":{"rendered":"https:\/\/ortoto.com\/ka-tas-palidz\/mazina-muguras-un-jostasvietas-sapes\/"},"modified":"2026-05-06T02:28:04","modified_gmt":"2026-05-06T00:28:04","slug":"mazina-muguras-un-jostasvietas-sapes","status":"publish","type":"page","link":"https:\/\/ortoto.com\/lv\/ka-tas-palidz\/mazina-muguras-un-jostasvietas-sapes\/","title":{"rendered":"Mazina muguras un jostasvietas s\u0101pes"},"content":{"rendered":"\t\t<div data-elementor-type=\"wp-page\" data-elementor-id=\"5610\" class=\"elementor elementor-5610 elementor-2247\" data-elementor-post-type=\"page\">\n\t\t\t\t<div class=\"elementor-element elementor-element-8baad76 e-flex e-con-boxed e-con e-parent\" data-id=\"8baad76\" data-element_type=\"container\">\n\t\t\t\t\t<div class=\"e-con-inner\">\n\t\t\t\t<div class=\"elementor-element elementor-element-bb9c0cf elementor-widget__width-initial elementor-widget-widescreen__width-initial elementor-widget elementor-widget-heading\" data-id=\"bb9c0cf\" data-element_type=\"widget\" data-widget_type=\"heading.default\">\n\t\t\t\t\t<h1 class=\"elementor-heading-title elementor-size-default\">Mazina muguras un jostasvietas s\u0101pes<\/h1>\t\t\t\t<\/div>\n\t\t\t\t<div class=\"elementor-element elementor-element-bba6b3f elementor-widget elementor-widget-spacer\" data-id=\"bba6b3f\" data-element_type=\"widget\" data-widget_type=\"spacer.default\">\n\t\t\t\t\t\t\t<div class=\"elementor-spacer\">\n\t\t\t<div class=\"elementor-spacer-inner\"><\/div>\n\t\t<\/div>\n\t\t\t\t\t\t<\/div>\n\t\t\t\t<div class=\"elementor-element elementor-element-eccb1e6 elementor-widget elementor-widget-text-editor\" data-id=\"eccb1e6\" data-element_type=\"widget\" data-widget_type=\"text-editor.default\">\n\t\t\t\t\t\t\t\t\t<p>S\u0101pes mugur\u0101. Ar vecumu t\u0101s k\u013c\u016bst k\u0101 neaicin\u0101ts viesis, kas atsak\u0101s aiziet &#8211; vienm\u0113r ir kl\u0101t, sl\u0113pjas un ar katru kust\u012bbu liek par sevi man\u012bt. <\/p><p>2020. gad\u0101 gandr\u012bz 619 miljoni cilv\u0113ku &#8211; vair\u0101k nek\u0101 10 % pasaules iedz\u012bvot\u0101ju &#8211; cieta no muguras s\u0101p\u0113m. Apl\u0113ses liecina, ka l\u012bdz pat 80 % cilv\u0113ku k\u0101d\u0101 dz\u012bves posm\u0101 saskarsies ar t\u0101m. Tas, kas agr\u0101k tika uzskat\u012bts par galvenok\u0101rt pieaugu\u0161o probl\u0113mu, tagad ir izplat\u012bjies ar\u012b jaunie\u0161u vid\u016b, padarot muguras s\u0101pes par b\u016btisku glob\u0101lu vesel\u012bbas probl\u0113mu.  <\/p><p>Kas izraisa muguras s\u0101pes?<\/p><p>Visbie\u017e\u0101k m\u016bsu ikdienas paradumi &#8211; \u012bpa\u0161i m\u016bsu st\u0101ja. St\u0101ja ir tas, k\u0101 m\u016bsu \u0137erme\u0146a da\u013cas izl\u012bdzin\u0101s un savienojas. Ja \u0161\u012b izl\u012bdzin\u0101\u0161ana nav pareiza, rodas probl\u0113mas. Daudzi cilv\u0113ki stund\u0101m ilgi s\u0113\u017e vai s\u0113\u017e saspiedu\u0161ies, izmantojot m\u0113beles, kas neatbalsta pareizu st\u0101ju. Laika gait\u0101 \u0161\u012b main\u012bg\u0101 izk\u0101rtojuma d\u0113\u013c da\u017ei musku\u013ci p\u0101rm\u0113r\u012bgi kompens\u0113jas, izstumjot loc\u012btavas no vietas. Tas rada spiedienu uz nerviem ap \u0161\u012bm loc\u012btav\u0101m, izraisot s\u0101pes. Kad \u0137ermenis piel\u0101gojas, lai mazin\u0101tu diskomfortu, citi musku\u013ci k\u013c\u016bst nel\u012bdzsvaroti, un \u0161is cikls turpin\u0101s.      <\/p><p>Veiciet vingrin\u0101jumus!<\/p><p>Bez regul\u0101r\u0101m fizisk\u0101m aktivit\u0101t\u0113m musku\u013ci, kas balsta mugurkaulu &#8211; \u012bpa\u0161i v\u0113dera un muguras musku\u013ci &#8211; k\u013c\u016bst v\u0101ji. T\u0101 rezult\u0101t\u0101 tie nesp\u0113j efekt\u012bvi atbalst\u012bt mugurkaulu, radot papildu slodzi uz noteikt\u0101m loc\u012btav\u0101m un veicinot s\u0101pes. <\/p><p>M\u016bsu k\u0101jas!<\/p><p>Run\u0101jot par muguras s\u0101p\u0113m, p\u0113du meh\u0101nika bie\u017ei tiek piemirsta, ta\u010du tai ir iz\u0161\u0137iro\u0161a noz\u012bme. P\u0113t\u012bjumi liecina, ka cilv\u0113kiem ar plakan\u0101m p\u0113d\u0101m 4,5 reizes bie\u017e\u0101k ir hroniskas s\u0101pes muguras lejasda\u013c\u0101, t\u0101d\u0113j\u0101di uzsverot, cik svar\u012bgi ir m\u016bsu st\u0101jas pamati visp\u0101r\u0113jai labsaj\u016btai. <\/p><p>P\u0101rpron\u0101cija (plakan\u0101s p\u0113das): Tas notiek, ja p\u0113das p\u0101r\u0101k daudz ieskritu\u0161as uz iek\u0161u, izraisot k\u0101ju rot\u0101ciju uz iek\u0161u. T\u0101 rezult\u0101t\u0101 iegurnis noliecas uz priek\u0161u, palielinot mugurkaula izliekumu un radot papildu slodzi muguras lejasda\u013cas musku\u013ciem un sait\u0113m. <\/p><p>Slikts st\u0101jas pamats: Tas var izrais\u012bt p\u0101rm\u0113r\u012bgu slodzi uz muguras lejasda\u013cas musku\u013ciem, loc\u012btav\u0101m un sait\u0113m, k\u0101 ar\u012b musku\u013cu nel\u012bdzsvarot\u012bbu un ierobe\u017eotu kust\u012bgumu. T\u0101 k\u0101 mugura kompens\u0113 \u0137erme\u0146a balstu, t\u0101 str\u0101d\u0101 smag\u0101k, kas galu gal\u0101 izraisa s\u0101pes. <\/p><p>Apavi: Apavi, kuriem tr\u016bkst atbalsta, polster\u0113juma vai stabilit\u0101tes, var izjaukt j\u016bsu izl\u012bdzin\u0101\u0161anu un rad\u012bt nevienm\u0113r\u012bgu svara sadal\u012bjumu, t\u0101d\u0113j\u0101di radot papildu slodzi j\u016bsu mugurai. \u012apa\u0161i augstpap\u0113\u017eu kurpes p\u0101rvieto \u0137erme\u0146a svaru uz priek\u0161u, palielinot spiedienu uz muguras lejasda\u013cu un palielinot s\u0101pju risku. <\/p>\t\t\t\t\t\t\t\t<\/div>\n\t\t\t\t<div class=\"elementor-element elementor-element-c030bac elementor-widget elementor-widget-spacer\" data-id=\"c030bac\" data-element_type=\"widget\" data-widget_type=\"spacer.default\">\n\t\t\t\t\t\t\t<div class=\"elementor-spacer\">\n\t\t\t<div class=\"elementor-spacer-inner\"><\/div>\n\t\t<\/div>\n\t\t\t\t\t\t<\/div>\n\t\t\t\t\t<\/div>\n\t\t\t\t<\/div>\n\t\t<div class=\"elementor-element elementor-element-15a44f3 e-flex e-con-boxed e-con e-parent\" data-id=\"15a44f3\" data-element_type=\"container\">\n\t\t\t\t\t<div class=\"e-con-inner\">\n\t\t<div class=\"elementor-element elementor-element-4ea3264 e-con-full e-flex e-con e-child\" data-id=\"4ea3264\" data-element_type=\"container\" data-settings=\"{&quot;background_background&quot;:&quot;classic&quot;}\">\n\t\t\t\t<\/div>\n\t\t\t\t<div class=\"elementor-element elementor-element-26e6baf elementor-widget elementor-widget-spacer\" data-id=\"26e6baf\" data-element_type=\"widget\" data-widget_type=\"spacer.default\">\n\t\t\t\t\t\t\t<div class=\"elementor-spacer\">\n\t\t\t<div class=\"elementor-spacer-inner\"><\/div>\n\t\t<\/div>\n\t\t\t\t\t\t<\/div>\n\t\t\t\t\t<\/div>\n\t\t\t\t<\/div>\n\t\t<div class=\"elementor-element elementor-element-3e67803 e-flex e-con-boxed e-con e-parent\" data-id=\"3e67803\" data-element_type=\"container\">\n\t\t\t\t\t<div class=\"e-con-inner\">\n\t\t\t\t<div class=\"elementor-element elementor-element-29ff1b3 elementor-widget elementor-widget-text-editor\" data-id=\"29ff1b3\" data-element_type=\"widget\" data-widget_type=\"text-editor.default\">\n\t\t\t\t\t\t\t\t\t<p>K\u0101 iz\u0101rst\u0113t? Labs p\u0113du treni\u0146\u0161! <\/p><p>Ir zin\u0101tniski pier\u0101d\u012bts, ka p\u0113du mas\u0101\u017ea var efekt\u012bvi mazin\u0101t s\u0101pes, atsl\u0101binot musku\u013cus, uzlabojot asinsriti un pal\u012bdzot izskalot vielmai\u0146as atkritumus. T\u0101 pal\u012bdz ar\u012b mazin\u0101t trauksmi, mazin\u0101t stresu un pat uzlabot miegu. Mas\u0101\u017ea, kas v\u0113rsta gan uz fizisko sasprindzin\u0101jumu, gan gar\u012bgo stresu, nodro\u0161ina holistisku pieeju, lai justos lab\u0101k.  <\/p><p>Staig\u0101\u0161ana bas\u0101m k\u0101j\u0101m pa da\u017e\u0101d\u0101m virsm\u0101m var pal\u012bdz\u0113t mazin\u0101t muguras s\u0101pes, stimul\u0113jot galvenos spiediena punktus uz p\u0113d\u0101m. \u0160\u012b dabisk\u0101 kust\u012bba veicina musku\u013cu atsl\u0101bin\u0101\u0161anos un uzlabo asinsriti, kas var mazin\u0101t spriedzi mugur\u0101. Aktiviz\u0113jot \u0161os spiediena punktus un \u013caujot p\u0113d\u0101m kust\u0113ties pl\u016bsto\u0161\u0101k, staig\u0101\u0161ana bas\u0101m p\u0113d\u0101m pal\u012bdz mazin\u0101t s\u0101pes.  <\/p>\t\t\t\t\t\t\t\t<\/div>\n\t\t\t\t<div class=\"elementor-element elementor-element-7e4a3e6 elementor-widget elementor-widget-spacer\" data-id=\"7e4a3e6\" data-element_type=\"widget\" data-widget_type=\"spacer.default\">\n\t\t\t\t\t\t\t<div class=\"elementor-spacer\">\n\t\t\t<div class=\"elementor-spacer-inner\"><\/div>\n\t\t<\/div>\n\t\t\t\t\t\t<\/div>\n\t\t<div class=\"elementor-element elementor-element-029fa6b e-con-full e-flex e-con e-child\" data-id=\"029fa6b\" data-element_type=\"container\" data-settings=\"{&quot;background_background&quot;:&quot;classic&quot;}\">\n\t\t\t\t<\/div>\n\t\t\t\t<div class=\"elementor-element elementor-element-29cce7b elementor-widget elementor-widget-spacer\" data-id=\"29cce7b\" data-element_type=\"widget\" data-widget_type=\"spacer.default\">\n\t\t\t\t\t\t\t<div class=\"elementor-spacer\">\n\t\t\t<div class=\"elementor-spacer-inner\"><\/div>\n\t\t<\/div>\n\t\t\t\t\t\t<\/div>\n\t\t\t\t<div class=\"elementor-element elementor-element-b5399ea elementor-align-center elementor-widget elementor-widget-button\" data-id=\"b5399ea\" data-element_type=\"widget\" data-widget_type=\"button.default\">\n\t\t\t\t\t\t\t\t\t\t<a class=\"elementor-button elementor-button-link elementor-size-sm\" href=\"\/product-category\/adults-intensive-massage\">\n\t\t\t\t\t\t<span class=\"elementor-button-content-wrapper\">\n\t\t\t\t\t\t\t\t\t<span class=\"elementor-button-text\">SA\u0145EMIET ORTOTO<\/span>\n\t\t\t\t\t<\/span>\n\t\t\t\t\t<\/a>\n\t\t\t\t\t\t\t\t<\/div>\n\t\t\t\t<div class=\"elementor-element elementor-element-ce87af5 elementor-widget elementor-widget-spacer\" data-id=\"ce87af5\" data-element_type=\"widget\" data-widget_type=\"spacer.default\">\n\t\t\t\t\t\t\t<div class=\"elementor-spacer\">\n\t\t\t<div class=\"elementor-spacer-inner\"><\/div>\n\t\t<\/div>\n\t\t\t\t\t\t<\/div>\n\t\t\t\t\t<\/div>\n\t\t\t\t<\/div>\n\t\t<div class=\"elementor-element elementor-element-3f0fdf2 e-flex e-con-boxed e-con e-parent\" data-id=\"3f0fdf2\" data-element_type=\"container\">\n\t\t\t\t\t<div class=\"e-con-inner\">\n\t\t\t\t<div class=\"elementor-element elementor-element-16698de elementor-widget elementor-widget-text-editor\" data-id=\"16698de\" data-element_type=\"widget\" data-widget_type=\"text-editor.default\">\n\t\t\t\t\t\t\t\t\t<p>Ar ORTOTO muguras s\u0101p\u0113m nav atpaka\u013cce\u013ca.<\/p><p>Intens\u012bv\u0101s ORTOTO sensor\u0101s mas\u0101\u017eas puzles pakl\u0101ji\u0146i ar da\u017e\u0101d\u0101m dabas iedvesmot\u0101m virsm\u0101m, kas paredz\u0113tas, lai uzlabotu labsaj\u016btu vis\u0101 \u0137ermen\u012b. Tie ne tikai nodro\u0161ina efekt\u012bvu taustes sensor\u0101s mas\u0101\u017eas proced\u016bru visiem svar\u012bg\u0101kajiem p\u0113du refleksolo\u0123ijas punktiem, bet ar\u012b aktiviz\u0113 p\u0113du musku\u013cus, stiprinot tos un veicinot visp\u0101r\u0113jo vesel\u012bbu. Tas ir \u0101trs un efekt\u012bvs veids, k\u0101 justies mier\u012bg\u0101kam, lab\u0101kam un ener\u0123isk\u0101kam, vienlaikus sperot tikai da\u017eus so\u013cus dien\u0101.  <\/p>\t\t\t\t\t\t\t\t<\/div>\n\t\t\t\t<div class=\"elementor-element elementor-element-94080f7 elementor-widget elementor-widget-spacer\" data-id=\"94080f7\" data-element_type=\"widget\" data-widget_type=\"spacer.default\">\n\t\t\t\t\t\t\t<div class=\"elementor-spacer\">\n\t\t\t<div class=\"elementor-spacer-inner\"><\/div>\n\t\t<\/div>\n\t\t\t\t\t\t<\/div>\n\t\t<div class=\"elementor-element elementor-element-7230c7e e-con-full e-flex e-con e-child\" data-id=\"7230c7e\" data-element_type=\"container\" data-settings=\"{&quot;background_background&quot;:&quot;classic&quot;}\">\n\t\t\t\t<\/div>\n\t\t\t\t<div class=\"elementor-element elementor-element-b39908a elementor-widget elementor-widget-spacer\" data-id=\"b39908a\" data-element_type=\"widget\" data-widget_type=\"spacer.default\">\n\t\t\t\t\t\t\t<div class=\"elementor-spacer\">\n\t\t\t<div class=\"elementor-spacer-inner\"><\/div>\n\t\t<\/div>\n\t\t\t\t\t\t<\/div>\n\t\t\t\t\t<\/div>\n\t\t\t\t<\/div>\n\t\t\t\t<\/div>\n\t\t","protected":false},"excerpt":{"rendered":"<p>Mazina muguras un jostasvietas s\u0101pes S\u0101pes mugur\u0101. Ar vecumu t\u0101s k\u013c\u016bst k\u0101 neaicin\u0101ts viesis, kas atsak\u0101s aiziet &#8211; vienm\u0113r ir kl\u0101t, sl\u0113pjas un ar katru kust\u012bbu liek par sevi man\u012bt. 2020. gad\u0101 gandr\u012bz 619 miljoni cilv\u0113ku &#8211; vair\u0101k nek\u0101 10 % pasaules iedz\u012bvot\u0101ju &#8211; cieta no muguras s\u0101p\u0113m. Apl\u0113ses liecina, ka l\u012bdz pat 80 % [&hellip;]<\/p>\n","protected":false},"author":1,"featured_media":0,"parent":5506,"menu_order":0,"comment_status":"closed","ping_status":"closed","template":"","meta":{"_acf_changed":false,"footnotes":""},"class_list":["post-5610","page","type-page","status-publish","hentry"],"acf":[],"yoast_head":"<!-- This site is optimized with the Yoast SEO plugin v26.5 - https:\/\/yoast.com\/wordpress\/plugins\/seo\/ -->\n<title>%%%%%%%Mazina muguras un jostasvietas s\u0101pes% % -% %<\/title>\n<meta name=\"description\" content=\"Uzziniet, k\u0101 sensorie pakl\u0101ji\u0146i atbalsta st\u0101ju un pal\u012bdz atvieglot ikdienas muguras diskomfortu un atbr\u012bvot muguru no sasprindzin\u0101juma.\" \/>\n<meta name=\"robots\" content=\"index, follow, max-snippet:-1, max-image-preview:large, max-video-preview:-1\" \/>\n<link rel=\"canonical\" href=\"https:\/\/ortoto.com\/lv\/ka-tas-palidz\/mazina-muguras-un-jostasvietas-sapes\/\" \/>\n<meta property=\"og:locale\" content=\"lv_LV\" \/>\n<meta property=\"og:type\" content=\"article\" \/>\n<meta property=\"og:title\" content=\"%%%%%%%Mazina muguras un jostasvietas s\u0101pes% % -% %\" \/>\n<meta property=\"og:description\" content=\"Uzziniet, k\u0101 sensorie pakl\u0101ji\u0146i atbalsta st\u0101ju un pal\u012bdz atvieglot ikdienas muguras diskomfortu un atbr\u012bvot muguru no sasprindzin\u0101juma.\" \/>\n<meta property=\"og:url\" content=\"https:\/\/ortoto.com\/lv\/ka-tas-palidz\/mazina-muguras-un-jostasvietas-sapes\/\" \/>\n<meta property=\"og:site_name\" content=\"Ortoto\" \/>\n<meta property=\"article:modified_time\" content=\"2026-05-06T00:28:04+00:00\" \/>\n<meta name=\"twitter:card\" content=\"summary_large_image\" \/>\n<meta name=\"twitter:label1\" content=\"Paredzamais las\u012b\u0161anas laiks \" \/>\n\t<meta name=\"twitter:data1\" content=\"4 min\u016btes\" \/>\n<script type=\"application\/ld+json\" class=\"yoast-schema-graph\">{\"@context\":\"https:\/\/schema.org\",\"@graph\":[{\"@type\":\"WebPage\",\"@id\":\"https:\/\/ortoto.com\/lv\/ka-tas-palidz\/mazina-muguras-un-jostasvietas-sapes\/\",\"url\":\"https:\/\/ortoto.com\/lv\/ka-tas-palidz\/mazina-muguras-un-jostasvietas-sapes\/\",\"name\":\"%%%%%%%Mazina muguras un jostasvietas s\u0101pes% % -% %\",\"isPartOf\":{\"@id\":\"https:\/\/ortoto.com\/lv\/#website\"},\"datePublished\":\"2025-04-01T10:07:41+00:00\",\"dateModified\":\"2026-05-06T00:28:04+00:00\",\"description\":\"Uzziniet, k\u0101 sensorie pakl\u0101ji\u0146i atbalsta st\u0101ju un pal\u012bdz atvieglot ikdienas muguras diskomfortu un atbr\u012bvot muguru no sasprindzin\u0101juma.\",\"breadcrumb\":{\"@id\":\"https:\/\/ortoto.com\/lv\/ka-tas-palidz\/mazina-muguras-un-jostasvietas-sapes\/#breadcrumb\"},\"inLanguage\":\"lv\",\"potentialAction\":[{\"@type\":\"ReadAction\",\"target\":[\"https:\/\/ortoto.com\/lv\/ka-tas-palidz\/mazina-muguras-un-jostasvietas-sapes\/\"]}]},{\"@type\":\"BreadcrumbList\",\"@id\":\"https:\/\/ortoto.com\/lv\/ka-tas-palidz\/mazina-muguras-un-jostasvietas-sapes\/#breadcrumb\",\"itemListElement\":[{\"@type\":\"ListItem\",\"position\":1,\"name\":\"S\u0101kums\",\"item\":\"https:\/\/ortoto.com\/lv\/\"},{\"@type\":\"ListItem\",\"position\":2,\"name\":\"K\u0101 tas pal\u012bdz\",\"item\":\"https:\/\/ortoto.com\/lv\/?page_id=5506\"},{\"@type\":\"ListItem\",\"position\":3,\"name\":\"Mazina muguras un jostasvietas s\u0101pes\"}]},{\"@type\":\"WebSite\",\"@id\":\"https:\/\/ortoto.com\/lv\/#website\",\"url\":\"https:\/\/ortoto.com\/lv\/\",\"name\":\"Ortoto\",\"description\":\"Massage Puzzle Mats\",\"potentialAction\":[{\"@type\":\"SearchAction\",\"target\":{\"@type\":\"EntryPoint\",\"urlTemplate\":\"https:\/\/ortoto.com\/lv\/?s={search_term_string}\"},\"query-input\":{\"@type\":\"PropertyValueSpecification\",\"valueRequired\":true,\"valueName\":\"search_term_string\"}}],\"inLanguage\":\"lv\"}]}<\/script>\n<!-- \/ Yoast SEO plugin. -->","yoast_head_json":{"title":"%%%%%%%Mazina muguras un jostasvietas s\u0101pes% % -% %","description":"Uzziniet, k\u0101 sensorie pakl\u0101ji\u0146i atbalsta st\u0101ju un pal\u012bdz atvieglot ikdienas muguras diskomfortu un atbr\u012bvot muguru no sasprindzin\u0101juma.","robots":{"index":"index","follow":"follow","max-snippet":"max-snippet:-1","max-image-preview":"max-image-preview:large","max-video-preview":"max-video-preview:-1"},"canonical":"https:\/\/ortoto.com\/lv\/ka-tas-palidz\/mazina-muguras-un-jostasvietas-sapes\/","og_locale":"lv_LV","og_type":"article","og_title":"%%%%%%%Mazina muguras un jostasvietas s\u0101pes% % -% %","og_description":"Uzziniet, k\u0101 sensorie pakl\u0101ji\u0146i atbalsta st\u0101ju un pal\u012bdz atvieglot ikdienas muguras diskomfortu un atbr\u012bvot muguru no sasprindzin\u0101juma.","og_url":"https:\/\/ortoto.com\/lv\/ka-tas-palidz\/mazina-muguras-un-jostasvietas-sapes\/","og_site_name":"Ortoto","article_modified_time":"2026-05-06T00:28:04+00:00","twitter_card":"summary_large_image","twitter_misc":{"Paredzamais las\u012b\u0161anas laiks ":"4 min\u016btes"},"schema":{"@context":"https:\/\/schema.org","@graph":[{"@type":"WebPage","@id":"https:\/\/ortoto.com\/lv\/ka-tas-palidz\/mazina-muguras-un-jostasvietas-sapes\/","url":"https:\/\/ortoto.com\/lv\/ka-tas-palidz\/mazina-muguras-un-jostasvietas-sapes\/","name":"%%%%%%%Mazina muguras un jostasvietas s\u0101pes% % -% %","isPartOf":{"@id":"https:\/\/ortoto.com\/lv\/#website"},"datePublished":"2025-04-01T10:07:41+00:00","dateModified":"2026-05-06T00:28:04+00:00","description":"Uzziniet, k\u0101 sensorie pakl\u0101ji\u0146i atbalsta st\u0101ju un pal\u012bdz atvieglot ikdienas muguras diskomfortu un atbr\u012bvot muguru no sasprindzin\u0101juma.","breadcrumb":{"@id":"https:\/\/ortoto.com\/lv\/ka-tas-palidz\/mazina-muguras-un-jostasvietas-sapes\/#breadcrumb"},"inLanguage":"lv","potentialAction":[{"@type":"ReadAction","target":["https:\/\/ortoto.com\/lv\/ka-tas-palidz\/mazina-muguras-un-jostasvietas-sapes\/"]}]},{"@type":"BreadcrumbList","@id":"https:\/\/ortoto.com\/lv\/ka-tas-palidz\/mazina-muguras-un-jostasvietas-sapes\/#breadcrumb","itemListElement":[{"@type":"ListItem","position":1,"name":"S\u0101kums","item":"https:\/\/ortoto.com\/lv\/"},{"@type":"ListItem","position":2,"name":"K\u0101 tas pal\u012bdz","item":"https:\/\/ortoto.com\/lv\/?page_id=5506"},{"@type":"ListItem","position":3,"name":"Mazina muguras un jostasvietas s\u0101pes"}]},{"@type":"WebSite","@id":"https:\/\/ortoto.com\/lv\/#website","url":"https:\/\/ortoto.com\/lv\/","name":"Ortoto","description":"Massage Puzzle Mats","potentialAction":[{"@type":"SearchAction","target":{"@type":"EntryPoint","urlTemplate":"https:\/\/ortoto.com\/lv\/?s={search_term_string}"},"query-input":{"@type":"PropertyValueSpecification","valueRequired":true,"valueName":"search_term_string"}}],"inLanguage":"lv"}]}},"_links":{"self":[{"href":"https:\/\/ortoto.com\/lv\/wp-json\/wp\/v2\/pages\/5610","targetHints":{"allow":["GET"]}}],"collection":[{"href":"https:\/\/ortoto.com\/lv\/wp-json\/wp\/v2\/pages"}],"about":[{"href":"https:\/\/ortoto.com\/lv\/wp-json\/wp\/v2\/types\/page"}],"author":[{"embeddable":true,"href":"https:\/\/ortoto.com\/lv\/wp-json\/wp\/v2\/users\/1"}],"replies":[{"embeddable":true,"href":"https:\/\/ortoto.com\/lv\/wp-json\/wp\/v2\/comments?post=5610"}],"version-history":[{"count":2,"href":"https:\/\/ortoto.com\/lv\/wp-json\/wp\/v2\/pages\/5610\/revisions"}],"predecessor-version":[{"id":5616,"href":"https:\/\/ortoto.com\/lv\/wp-json\/wp\/v2\/pages\/5610\/revisions\/5616"}],"up":[{"embeddable":true,"href":"https:\/\/ortoto.com\/lv\/wp-json\/wp\/v2\/pages\/5506"}],"wp:attachment":[{"href":"https:\/\/ortoto.com\/lv\/wp-json\/wp\/v2\/media?parent=5610"}],"curies":[{"name":"wp","href":"https:\/\/api.w.org\/{rel}","templated":true}]}}