{"id":5618,"date":"2025-04-01T12:09:34","date_gmt":"2025-04-01T10:09:34","guid":{"rendered":"https:\/\/ortoto.com\/ka-tas-palidz\/novers-muskulu-spazmas\/"},"modified":"2026-05-06T02:28:04","modified_gmt":"2026-05-06T00:28:04","slug":"novers-muskulu-spazmas","status":"publish","type":"page","link":"https:\/\/ortoto.com\/lv\/ka-tas-palidz\/novers-muskulu-spazmas\/","title":{"rendered":"Nov\u0113r\u0161 musku\u013cu spazmas"},"content":{"rendered":"\t\t<div data-elementor-type=\"wp-page\" data-elementor-id=\"5618\" class=\"elementor elementor-5618 elementor-2256\" data-elementor-post-type=\"page\">\n\t\t\t\t<div class=\"elementor-element elementor-element-8baad76 e-flex e-con-boxed e-con e-parent\" data-id=\"8baad76\" data-element_type=\"container\">\n\t\t\t\t\t<div class=\"e-con-inner\">\n\t\t\t\t<div class=\"elementor-element elementor-element-bb9c0cf elementor-widget__width-initial elementor-widget-widescreen__width-initial elementor-widget elementor-widget-heading\" data-id=\"bb9c0cf\" data-element_type=\"widget\" data-widget_type=\"heading.default\">\n\t\t\t\t\t<h1 class=\"elementor-heading-title elementor-size-default\">Nov\u0113r\u0161 musku\u013cu spazmas<\/h1>\t\t\t\t<\/div>\n\t\t\t\t<div class=\"elementor-element elementor-element-bba6b3f elementor-widget elementor-widget-spacer\" data-id=\"bba6b3f\" data-element_type=\"widget\" data-widget_type=\"spacer.default\">\n\t\t\t\t\t\t\t<div class=\"elementor-spacer\">\n\t\t\t<div class=\"elementor-spacer-inner\"><\/div>\n\t\t<\/div>\n\t\t\t\t\t\t<\/div>\n\t\t\t\t<div class=\"elementor-element elementor-element-eccb1e6 elementor-widget elementor-widget-text-editor\" data-id=\"eccb1e6\" data-element_type=\"widget\" data-widget_type=\"text-editor.default\">\n\t\t\t\t\t\t\t\t\t<p>Iesp\u0113jams, jums jau ir gad\u012bjies to piedz\u012bvot: viens nepareizs solis, un p\u0113k\u0161\u0146i mugur\u0101 j\u016btat asas, dzel\u017eainas s\u0101pes. Apsveicam, j\u016bs tikko sask\u0101r\u0101ties ar musku\u013cu spazmu. T\u0101 ir viena no visbie\u017e\u0101k sastopamaj\u0101m muguras s\u0101pju form\u0101m, kas var izpausties gan k\u0101 nelielas, s\u012bkas krampji\u0146as, gan intens\u012bvas, krop\u013cojo\u0161as kontrakcijas. At\u0161\u0137ir\u012bb\u0101 no musku\u013cu krampju \u012bslaic\u012bg\u0101 diskomforta musku\u013cu spazmas bie\u017ei vien ir notur\u012bg\u0101kas, un musku\u013ci ir saspringti vai st\u012bvi.   <\/p><p>Kas izraisa musku\u013cu spazmas?<\/p><p>Daudz faktoru. Viens no visbie\u017e\u0101k sastopamajiem c\u0113lo\u0146iem ir nepareiza st\u0101ja. Ja m\u0113s sasveramies vai ilgsto\u0161i atrodamies nepareiz\u0101 poz\u0101, mugurkauls izkrop\u013cojas, liekot musku\u013ciem str\u0101d\u0101t virsstundas, lai atbalst\u012btu \u0137ermeni. V\u0113l viens vaininieks ir nepietiekama asins pl\u016bsma. Ja musku\u013ci nesa\u0146em pietiekami daudz sk\u0101bek\u013ca vai bar\u012bbas vielu, tie var raust\u012bties vai spazm\u0113t, cen\u0161oties palielin\u0101t asinsriti attiec\u012bgaj\u0101 zon\u0101, t\u0101d\u0113j\u0101di signaliz\u0113jot organismam, lai uzlabotu asins pl\u016bsmu.    <\/p>\t\t\t\t\t\t\t\t<\/div>\n\t\t\t\t<div class=\"elementor-element elementor-element-c030bac elementor-widget elementor-widget-spacer\" data-id=\"c030bac\" data-element_type=\"widget\" data-widget_type=\"spacer.default\">\n\t\t\t\t\t\t\t<div class=\"elementor-spacer\">\n\t\t\t<div class=\"elementor-spacer-inner\"><\/div>\n\t\t<\/div>\n\t\t\t\t\t\t<\/div>\n\t\t\t\t\t<\/div>\n\t\t\t\t<\/div>\n\t\t<div class=\"elementor-element elementor-element-15a44f3 e-flex e-con-boxed e-con e-parent\" data-id=\"15a44f3\" data-element_type=\"container\">\n\t\t\t\t\t<div class=\"e-con-inner\">\n\t\t<div class=\"elementor-element elementor-element-4ea3264 e-con-full e-flex e-con e-child\" data-id=\"4ea3264\" data-element_type=\"container\" data-settings=\"{&quot;background_background&quot;:&quot;classic&quot;}\">\n\t\t\t\t<\/div>\n\t\t\t\t<div class=\"elementor-element elementor-element-26e6baf elementor-widget elementor-widget-spacer\" data-id=\"26e6baf\" data-element_type=\"widget\" data-widget_type=\"spacer.default\">\n\t\t\t\t\t\t\t<div class=\"elementor-spacer\">\n\t\t\t<div class=\"elementor-spacer-inner\"><\/div>\n\t\t<\/div>\n\t\t\t\t\t\t<\/div>\n\t\t\t\t<div class=\"elementor-element elementor-element-6c19ad5 elementor-align-center elementor-widget elementor-widget-button\" data-id=\"6c19ad5\" data-element_type=\"widget\" data-widget_type=\"button.default\">\n\t\t\t\t\t\t\t\t\t\t<a class=\"elementor-button elementor-button-link elementor-size-sm\" href=\"\/product-category\/adults-intensive-massage\">\n\t\t\t\t\t\t<span class=\"elementor-button-content-wrapper\">\n\t\t\t\t\t\t\t\t\t<span class=\"elementor-button-text\">SA\u0145EMIET ORTOTO<\/span>\n\t\t\t\t\t<\/span>\n\t\t\t\t\t<\/a>\n\t\t\t\t\t\t\t\t<\/div>\n\t\t\t\t<div class=\"elementor-element elementor-element-9d4af55 elementor-widget elementor-widget-spacer\" data-id=\"9d4af55\" data-element_type=\"widget\" data-widget_type=\"spacer.default\">\n\t\t\t\t\t\t\t<div class=\"elementor-spacer\">\n\t\t\t<div class=\"elementor-spacer-inner\"><\/div>\n\t\t<\/div>\n\t\t\t\t\t\t<\/div>\n\t\t\t\t\t<\/div>\n\t\t\t\t<\/div>\n\t\t<div class=\"elementor-element elementor-element-3e67803 e-flex e-con-boxed e-con e-parent\" data-id=\"3e67803\" data-element_type=\"container\">\n\t\t\t\t\t<div class=\"e-con-inner\">\n\t\t\t\t<div class=\"elementor-element elementor-element-29ff1b3 elementor-widget elementor-widget-text-editor\" data-id=\"29ff1b3\" data-element_type=\"widget\" data-widget_type=\"text-editor.default\">\n\t\t\t\t\t\t\t\t\t<p>Kur ir j\u016bsu k\u0101jas?  <\/p><p>Staig\u0101\u0161ana bas\u0101m k\u0101j\u0101m pal\u012bdz atjaunot dabisko st\u0101ju, stiprinot p\u0113du musku\u013cus &#8211; musku\u013cus, kas ir svar\u012bgi, lai viss \u0137ermenis b\u016btu l\u012bdzsvar\u0101. Turkl\u0101t juteklisk\u0101 p\u0113du mas\u0101\u017ea uzlabo asins pl\u016bsmu viet\u0101s, kas saist\u012btas ar p\u0113du spiediena punktiem, t\u0101d\u0113j\u0101di veicinot visp\u0101r\u0113jo asinsriti. <\/p><p>K\u0101p\u0113c ORTOTO?<\/p><p>ORTOTO intens\u012bvo saj\u016btu sp\u0113\u013cu pakl\u0101ji\u0146i pied\u0101v\u0101 efekt\u012bvu taktil\u0101s p\u0113du mas\u0101\u017eu, kas mazina stresu un aktiviz\u0113 p\u0113du spiediena punktus, nos\u016btot m\u0113r\u0137tiec\u012bgus sign\u0101lus uz attiec\u012bgaj\u0101m \u0137erme\u0146a zon\u0101m. Tas uzlabo asinsriti, kori\u0123\u0113 st\u0101ju st\u0101ju st\u0101ju st\u0101ju st\u0101ju st\u0101ju st\u0101ju st\u0101ju musku\u013cus, c\u012bpslas un saites, k\u0101 ar\u012b stiprina p\u0113das musku\u013cus, c\u012bpslas un saites. Rezult\u0101ts? Lab\u0101ka asinsrite un maz\u0101ks musku\u013cu spazmu risks, kas pal\u012bdz j\u016bsu \u0137ermenim kust\u0113ties un atkal justies k\u0101 jaunam.   <\/p>\t\t\t\t\t\t\t\t<\/div>\n\t\t\t\t<div class=\"elementor-element elementor-element-7e4a3e6 elementor-widget elementor-widget-spacer\" data-id=\"7e4a3e6\" data-element_type=\"widget\" data-widget_type=\"spacer.default\">\n\t\t\t\t\t\t\t<div class=\"elementor-spacer\">\n\t\t\t<div class=\"elementor-spacer-inner\"><\/div>\n\t\t<\/div>\n\t\t\t\t\t\t<\/div>\n\t\t<div class=\"elementor-element elementor-element-029fa6b e-con-full e-flex e-con e-child\" data-id=\"029fa6b\" data-element_type=\"container\" data-settings=\"{&quot;background_background&quot;:&quot;classic&quot;}\">\n\t\t\t\t<\/div>\n\t\t\t\t<div class=\"elementor-element elementor-element-29cce7b elementor-widget elementor-widget-spacer\" data-id=\"29cce7b\" data-element_type=\"widget\" data-widget_type=\"spacer.default\">\n\t\t\t\t\t\t\t<div class=\"elementor-spacer\">\n\t\t\t<div class=\"elementor-spacer-inner\"><\/div>\n\t\t<\/div>\n\t\t\t\t\t\t<\/div>\n\t\t\t\t\t<\/div>\n\t\t\t\t<\/div>\n\t\t\t\t<\/div>\n\t\t","protected":false},"excerpt":{"rendered":"<p>Nov\u0113r\u0161 musku\u013cu spazmas Iesp\u0113jams, jums jau ir gad\u012bjies to piedz\u012bvot: viens nepareizs solis, un p\u0113k\u0161\u0146i mugur\u0101 j\u016btat asas, dzel\u017eainas s\u0101pes. Apsveicam, j\u016bs tikko sask\u0101r\u0101ties ar musku\u013cu spazmu. T\u0101 ir viena no visbie\u017e\u0101k sastopamaj\u0101m muguras s\u0101pju form\u0101m, kas var izpausties gan k\u0101 nelielas, s\u012bkas krampji\u0146as, gan intens\u012bvas, krop\u013cojo\u0161as kontrakcijas. At\u0161\u0137ir\u012bb\u0101 no musku\u013cu krampju \u012bslaic\u012bg\u0101 diskomforta musku\u013cu [&hellip;]<\/p>\n","protected":false},"author":1,"featured_media":0,"parent":5506,"menu_order":0,"comment_status":"closed","ping_status":"closed","template":"","meta":{"_acf_changed":false,"footnotes":""},"class_list":["post-5618","page","type-page","status-publish","hentry"],"acf":[],"yoast_head":"<!-- This site is optimized with the Yoast SEO plugin v26.5 - https:\/\/yoast.com\/wordpress\/plugins\/seo\/ -->\n<title>%%%%%%%Nov\u0113r\u0161 musku\u013cu spazmas% % -% %<\/title>\n<meta name=\"description\" content=\"Uzziniet, k\u0101 sensorie pakl\u0101ji\u0146i var mazin\u0101t musku\u013cu sasprindzin\u0101jumu. Maiga stimul\u0101cija veicina p\u0113du un \u0137erme\u0146a relaks\u0101ciju, lai mazin\u0101tu spazmas.\" \/>\n<meta name=\"robots\" content=\"index, follow, max-snippet:-1, max-image-preview:large, max-video-preview:-1\" \/>\n<link rel=\"canonical\" href=\"https:\/\/ortoto.com\/lv\/ka-tas-palidz\/novers-muskulu-spazmas\/\" \/>\n<meta property=\"og:locale\" content=\"lv_LV\" \/>\n<meta property=\"og:type\" content=\"article\" \/>\n<meta property=\"og:title\" content=\"%%%%%%%Nov\u0113r\u0161 musku\u013cu spazmas% % -% %\" \/>\n<meta property=\"og:description\" content=\"Uzziniet, k\u0101 sensorie pakl\u0101ji\u0146i var mazin\u0101t musku\u013cu sasprindzin\u0101jumu. Maiga stimul\u0101cija veicina p\u0113du un \u0137erme\u0146a relaks\u0101ciju, lai mazin\u0101tu spazmas.\" \/>\n<meta property=\"og:url\" content=\"https:\/\/ortoto.com\/lv\/ka-tas-palidz\/novers-muskulu-spazmas\/\" \/>\n<meta property=\"og:site_name\" content=\"Ortoto\" \/>\n<meta property=\"article:modified_time\" content=\"2026-05-06T00:28:04+00:00\" \/>\n<meta name=\"twitter:card\" content=\"summary_large_image\" \/>\n<meta name=\"twitter:label1\" content=\"Paredzamais las\u012b\u0161anas laiks \" \/>\n\t<meta name=\"twitter:data1\" content=\"2 min\u016btes\" \/>\n<script type=\"application\/ld+json\" class=\"yoast-schema-graph\">{\"@context\":\"https:\/\/schema.org\",\"@graph\":[{\"@type\":\"WebPage\",\"@id\":\"https:\/\/ortoto.com\/lv\/ka-tas-palidz\/novers-muskulu-spazmas\/\",\"url\":\"https:\/\/ortoto.com\/lv\/ka-tas-palidz\/novers-muskulu-spazmas\/\",\"name\":\"%%%%%%%Nov\u0113r\u0161 musku\u013cu spazmas% % -% %\",\"isPartOf\":{\"@id\":\"https:\/\/ortoto.com\/lv\/#website\"},\"datePublished\":\"2025-04-01T10:09:34+00:00\",\"dateModified\":\"2026-05-06T00:28:04+00:00\",\"description\":\"Uzziniet, k\u0101 sensorie pakl\u0101ji\u0146i var mazin\u0101t musku\u013cu sasprindzin\u0101jumu. Maiga stimul\u0101cija veicina p\u0113du un \u0137erme\u0146a relaks\u0101ciju, lai mazin\u0101tu spazmas.\",\"breadcrumb\":{\"@id\":\"https:\/\/ortoto.com\/lv\/ka-tas-palidz\/novers-muskulu-spazmas\/#breadcrumb\"},\"inLanguage\":\"lv\",\"potentialAction\":[{\"@type\":\"ReadAction\",\"target\":[\"https:\/\/ortoto.com\/lv\/ka-tas-palidz\/novers-muskulu-spazmas\/\"]}]},{\"@type\":\"BreadcrumbList\",\"@id\":\"https:\/\/ortoto.com\/lv\/ka-tas-palidz\/novers-muskulu-spazmas\/#breadcrumb\",\"itemListElement\":[{\"@type\":\"ListItem\",\"position\":1,\"name\":\"S\u0101kums\",\"item\":\"https:\/\/ortoto.com\/lv\/\"},{\"@type\":\"ListItem\",\"position\":2,\"name\":\"K\u0101 tas pal\u012bdz\",\"item\":\"https:\/\/ortoto.com\/lv\/?page_id=5506\"},{\"@type\":\"ListItem\",\"position\":3,\"name\":\"Nov\u0113r\u0161 musku\u013cu spazmas\"}]},{\"@type\":\"WebSite\",\"@id\":\"https:\/\/ortoto.com\/lv\/#website\",\"url\":\"https:\/\/ortoto.com\/lv\/\",\"name\":\"Ortoto\",\"description\":\"Massage Puzzle Mats\",\"potentialAction\":[{\"@type\":\"SearchAction\",\"target\":{\"@type\":\"EntryPoint\",\"urlTemplate\":\"https:\/\/ortoto.com\/lv\/?s={search_term_string}\"},\"query-input\":{\"@type\":\"PropertyValueSpecification\",\"valueRequired\":true,\"valueName\":\"search_term_string\"}}],\"inLanguage\":\"lv\"}]}<\/script>\n<!-- \/ Yoast SEO plugin. -->","yoast_head_json":{"title":"%%%%%%%Nov\u0113r\u0161 musku\u013cu spazmas% % -% %","description":"Uzziniet, k\u0101 sensorie pakl\u0101ji\u0146i var mazin\u0101t musku\u013cu sasprindzin\u0101jumu. Maiga stimul\u0101cija veicina p\u0113du un \u0137erme\u0146a relaks\u0101ciju, lai mazin\u0101tu spazmas.","robots":{"index":"index","follow":"follow","max-snippet":"max-snippet:-1","max-image-preview":"max-image-preview:large","max-video-preview":"max-video-preview:-1"},"canonical":"https:\/\/ortoto.com\/lv\/ka-tas-palidz\/novers-muskulu-spazmas\/","og_locale":"lv_LV","og_type":"article","og_title":"%%%%%%%Nov\u0113r\u0161 musku\u013cu spazmas% % -% %","og_description":"Uzziniet, k\u0101 sensorie pakl\u0101ji\u0146i var mazin\u0101t musku\u013cu sasprindzin\u0101jumu. Maiga stimul\u0101cija veicina p\u0113du un \u0137erme\u0146a relaks\u0101ciju, lai mazin\u0101tu spazmas.","og_url":"https:\/\/ortoto.com\/lv\/ka-tas-palidz\/novers-muskulu-spazmas\/","og_site_name":"Ortoto","article_modified_time":"2026-05-06T00:28:04+00:00","twitter_card":"summary_large_image","twitter_misc":{"Paredzamais las\u012b\u0161anas laiks ":"2 min\u016btes"},"schema":{"@context":"https:\/\/schema.org","@graph":[{"@type":"WebPage","@id":"https:\/\/ortoto.com\/lv\/ka-tas-palidz\/novers-muskulu-spazmas\/","url":"https:\/\/ortoto.com\/lv\/ka-tas-palidz\/novers-muskulu-spazmas\/","name":"%%%%%%%Nov\u0113r\u0161 musku\u013cu spazmas% % -% %","isPartOf":{"@id":"https:\/\/ortoto.com\/lv\/#website"},"datePublished":"2025-04-01T10:09:34+00:00","dateModified":"2026-05-06T00:28:04+00:00","description":"Uzziniet, k\u0101 sensorie pakl\u0101ji\u0146i var mazin\u0101t musku\u013cu sasprindzin\u0101jumu. Maiga stimul\u0101cija veicina p\u0113du un \u0137erme\u0146a relaks\u0101ciju, lai mazin\u0101tu spazmas.","breadcrumb":{"@id":"https:\/\/ortoto.com\/lv\/ka-tas-palidz\/novers-muskulu-spazmas\/#breadcrumb"},"inLanguage":"lv","potentialAction":[{"@type":"ReadAction","target":["https:\/\/ortoto.com\/lv\/ka-tas-palidz\/novers-muskulu-spazmas\/"]}]},{"@type":"BreadcrumbList","@id":"https:\/\/ortoto.com\/lv\/ka-tas-palidz\/novers-muskulu-spazmas\/#breadcrumb","itemListElement":[{"@type":"ListItem","position":1,"name":"S\u0101kums","item":"https:\/\/ortoto.com\/lv\/"},{"@type":"ListItem","position":2,"name":"K\u0101 tas pal\u012bdz","item":"https:\/\/ortoto.com\/lv\/?page_id=5506"},{"@type":"ListItem","position":3,"name":"Nov\u0113r\u0161 musku\u013cu spazmas"}]},{"@type":"WebSite","@id":"https:\/\/ortoto.com\/lv\/#website","url":"https:\/\/ortoto.com\/lv\/","name":"Ortoto","description":"Massage Puzzle Mats","potentialAction":[{"@type":"SearchAction","target":{"@type":"EntryPoint","urlTemplate":"https:\/\/ortoto.com\/lv\/?s={search_term_string}"},"query-input":{"@type":"PropertyValueSpecification","valueRequired":true,"valueName":"search_term_string"}}],"inLanguage":"lv"}]}},"_links":{"self":[{"href":"https:\/\/ortoto.com\/lv\/wp-json\/wp\/v2\/pages\/5618","targetHints":{"allow":["GET"]}}],"collection":[{"href":"https:\/\/ortoto.com\/lv\/wp-json\/wp\/v2\/pages"}],"about":[{"href":"https:\/\/ortoto.com\/lv\/wp-json\/wp\/v2\/types\/page"}],"author":[{"embeddable":true,"href":"https:\/\/ortoto.com\/lv\/wp-json\/wp\/v2\/users\/1"}],"replies":[{"embeddable":true,"href":"https:\/\/ortoto.com\/lv\/wp-json\/wp\/v2\/comments?post=5618"}],"version-history":[{"count":2,"href":"https:\/\/ortoto.com\/lv\/wp-json\/wp\/v2\/pages\/5618\/revisions"}],"predecessor-version":[{"id":5622,"href":"https:\/\/ortoto.com\/lv\/wp-json\/wp\/v2\/pages\/5618\/revisions\/5622"}],"up":[{"embeddable":true,"href":"https:\/\/ortoto.com\/lv\/wp-json\/wp\/v2\/pages\/5506"}],"wp:attachment":[{"href":"https:\/\/ortoto.com\/lv\/wp-json\/wp\/v2\/media?parent=5618"}],"curies":[{"name":"wp","href":"https:\/\/api.w.org\/{rel}","templated":true}]}}