{"id":5221,"date":"2025-02-12T21:41:09","date_gmt":"2025-02-12T21:41:09","guid":{"rendered":"https:\/\/ortoto.com\/product\/sensorais-paklajs-pilns-komplekts-2\/"},"modified":"2026-05-06T02:24:07","modified_gmt":"2026-05-06T00:24:07","slug":"sensorais-paklajs-pilns-komplekts-2","status":"publish","type":"product","link":"https:\/\/ortoto.com\/lv\/products\/sensorais-paklajs-pilns-komplekts-2\/","title":{"rendered":"Sensorais pakl\u0101js (pilns komplekts)"},"content":{"rendered":"\t\t<div data-elementor-type=\"product-post\" data-elementor-id=\"5221\" class=\"elementor elementor-5221 elementor-1958\" data-elementor-post-type=\"product\">\n\t\t\t\t<div class=\"elementor-element elementor-element-65b973e e-flex e-con-boxed e-con e-parent\" data-id=\"65b973e\" data-element_type=\"container\">\n\t\t\t\t\t<div class=\"e-con-inner\">\n\t\t\t\t<div class=\"elementor-element elementor-element-7d3162c elementor-widget elementor-widget-video\" data-id=\"7d3162c\" data-element_type=\"widget\" data-settings=\"{&quot;video_type&quot;:&quot;hosted&quot;,&quot;autoplay&quot;:&quot;yes&quot;,&quot;play_on_mobile&quot;:&quot;yes&quot;,&quot;mute&quot;:&quot;yes&quot;,&quot;loop&quot;:&quot;yes&quot;}\" data-widget_type=\"video.default\">\n\t\t\t\t\t\t\t<div class=\"e-hosted-video elementor-wrapper elementor-open-inline\">\n\t\t\t\t\t<video class=\"elementor-video\" src=\"https:\/\/ortoto.com\/app\/uploads\/2024\/10\/videoplaceholder.mp4\" autoplay=\"\" loop=\"\" muted=\"muted\" playsinline=\"\" controlsList=\"nodownload\"><\/video>\n\t\t\t\t<\/div>\n\t\t\t\t\t\t<\/div>\n\t\t\t\t\t<\/div>\n\t\t\t\t<\/div>\n\t\t\t\t<\/div>\n\t\t","protected":false},"excerpt":{"rendered":"<p>Atkl\u0101jiet aizraujo\u0161as ainavas ar saj\u016btu prieku! M\u016bsu liel\u0101kais ORTOTO sensor\u0101 sp\u0113\u013cu pakl\u0101ji\u0146a komplekts sniedz \u0101ra piedz\u012bvojumus tie\u0161i j\u016bsu m\u0101j\u0101s! Ar autentisk\u0101m, dab\u0101 atveidot\u0101m virsm\u0101m, kas j\u016bsu mazu\u013ciem sniegs daudz stundu jautras un vesel\u012bgas izklaides.  <\/p>\n","protected":false},"featured_media":1888,"comment_status":"open","ping_status":"closed","template":"","meta":{"_acf_changed":false},"product_brand":[],"product_cat":[100],"product_tag":[],"class_list":{"0":"post-5221","1":"product","2":"type-product","3":"status-publish","4":"has-post-thumbnail","6":"product_cat-berni-basam-kajam-majas","8":"first","9":"instock","10":"featured","11":"taxable","12":"shipping-taxable","13":"purchasable","14":"product-type-variable","15":"has-default-attributes"},"acf":[],"yoast_head":"<!-- This site is optimized with the Yoast SEO plugin v26.5 - https:\/\/yoast.com\/wordpress\/plugins\/seo\/ -->\n<title>%%%%%%%Sensorais pakl\u0101js (pilns komplekts)% % -% %<\/title>\n<meta name=\"description\" content=\"Augstas klases sensorais sp\u0113\u013cu pakl\u0101ji\u0146\u0161, kas veicina vesel\u012bgu p\u0113du att\u012bst\u012bbu, koordin\u0101ciju un izt\u0113li. Unik\u0101las dabiskas tekst\u016bras p\u0101rv\u0113r\u0161 ikdienas kust\u012bbas par jautru sensorisku piedz\u012bvojumu.\" \/>\n<meta name=\"robots\" content=\"index, follow, max-snippet:-1, max-image-preview:large, max-video-preview:-1\" \/>\n<link rel=\"canonical\" href=\"https:\/\/ortoto.com\/lv\/products\/sensorais-paklajs-pilns-komplekts-2\/\" \/>\n<meta property=\"og:locale\" content=\"lv_LV\" \/>\n<meta property=\"og:type\" content=\"article\" \/>\n<meta property=\"og:title\" content=\"%%%%%%%Sensorais pakl\u0101js (pilns komplekts)% % -% %\" \/>\n<meta property=\"og:description\" content=\"Augstas klases sensorais sp\u0113\u013cu pakl\u0101ji\u0146\u0161, kas veicina vesel\u012bgu p\u0113du att\u012bst\u012bbu, koordin\u0101ciju un izt\u0113li. Unik\u0101las dabiskas tekst\u016bras p\u0101rv\u0113r\u0161 ikdienas kust\u012bbas par jautru sensorisku piedz\u012bvojumu.\" \/>\n<meta property=\"og:url\" content=\"https:\/\/ortoto.com\/lv\/products\/sensorais-paklajs-pilns-komplekts-2\/\" \/>\n<meta property=\"og:site_name\" content=\"Ortoto\" \/>\n<meta property=\"article:modified_time\" content=\"2026-05-06T00:24:07+00:00\" \/>\n<meta property=\"og:image\" content=\"https:\/\/ortoto.com\/app\/uploads\/2025\/01\/Adobe-Express-file-1-768x1024.png\" \/>\n\t<meta property=\"og:image:width\" content=\"768\" \/>\n\t<meta property=\"og:image:height\" content=\"1024\" \/>\n\t<meta property=\"og:image:type\" content=\"image\/png\" \/>\n<meta name=\"twitter:card\" content=\"summary_large_image\" \/>\n<script type=\"application\/ld+json\" class=\"yoast-schema-graph\">{\"@context\":\"https:\/\/schema.org\",\"@graph\":[{\"@type\":\"WebPage\",\"@id\":\"https:\/\/ortoto.com\/lv\/products\/sensorais-paklajs-pilns-komplekts-2\/\",\"url\":\"https:\/\/ortoto.com\/lv\/products\/sensorais-paklajs-pilns-komplekts-2\/\",\"name\":\"%%%%%%%Sensorais pakl\u0101js (pilns komplekts)% % -% %\",\"isPartOf\":{\"@id\":\"https:\/\/ortoto.com\/lv\/#website\"},\"primaryImageOfPage\":{\"@id\":\"https:\/\/ortoto.com\/lv\/products\/sensorais-paklajs-pilns-komplekts-2\/#primaryimage\"},\"image\":{\"@id\":\"https:\/\/ortoto.com\/lv\/products\/sensorais-paklajs-pilns-komplekts-2\/#primaryimage\"},\"thumbnailUrl\":\"https:\/\/ortoto.com\/app\/uploads\/2025\/01\/Adobe-Express-file-1.png\",\"datePublished\":\"2025-02-12T21:41:09+00:00\",\"dateModified\":\"2026-05-06T00:24:07+00:00\",\"description\":\"Augstas klases sensorais sp\u0113\u013cu pakl\u0101ji\u0146\u0161, kas veicina vesel\u012bgu p\u0113du att\u012bst\u012bbu, koordin\u0101ciju un izt\u0113li. Unik\u0101las dabiskas tekst\u016bras p\u0101rv\u0113r\u0161 ikdienas kust\u012bbas par jautru sensorisku piedz\u012bvojumu.\",\"breadcrumb\":{\"@id\":\"https:\/\/ortoto.com\/lv\/products\/sensorais-paklajs-pilns-komplekts-2\/#breadcrumb\"},\"inLanguage\":\"lv\",\"potentialAction\":[{\"@type\":\"ReadAction\",\"target\":[\"https:\/\/ortoto.com\/lv\/products\/sensorais-paklajs-pilns-komplekts-2\/\"]}]},{\"@type\":\"ImageObject\",\"inLanguage\":\"lv\",\"@id\":\"https:\/\/ortoto.com\/lv\/products\/sensorais-paklajs-pilns-komplekts-2\/#primaryimage\",\"url\":\"https:\/\/ortoto.com\/app\/uploads\/2025\/01\/Adobe-Express-file-1.png\",\"contentUrl\":\"https:\/\/ortoto.com\/app\/uploads\/2025\/01\/Adobe-Express-file-1.png\",\"width\":1920,\"height\":2560},{\"@type\":\"BreadcrumbList\",\"@id\":\"https:\/\/ortoto.com\/lv\/products\/sensorais-paklajs-pilns-komplekts-2\/#breadcrumb\",\"itemListElement\":[{\"@type\":\"ListItem\",\"position\":1,\"name\":\"S\u0101kums\",\"item\":\"https:\/\/ortoto.com\/lv\/\"},{\"@type\":\"ListItem\",\"position\":2,\"name\":\"Veikals\",\"item\":\"https:\/\/ortoto.com\/veikals\/\"},{\"@type\":\"ListItem\",\"position\":3,\"name\":\"Sensorais pakl\u0101js (pilns komplekts)\"}]},{\"@type\":\"WebSite\",\"@id\":\"https:\/\/ortoto.com\/lv\/#website\",\"url\":\"https:\/\/ortoto.com\/lv\/\",\"name\":\"Ortoto\",\"description\":\"Massage Puzzle Mats\",\"potentialAction\":[{\"@type\":\"SearchAction\",\"target\":{\"@type\":\"EntryPoint\",\"urlTemplate\":\"https:\/\/ortoto.com\/lv\/?s={search_term_string}\"},\"query-input\":{\"@type\":\"PropertyValueSpecification\",\"valueRequired\":true,\"valueName\":\"search_term_string\"}}],\"inLanguage\":\"lv\"}]}<\/script>\n<!-- \/ Yoast SEO plugin. -->","yoast_head_json":{"title":"%%%%%%%Sensorais pakl\u0101js (pilns komplekts)% % -% %","description":"Augstas klases sensorais sp\u0113\u013cu pakl\u0101ji\u0146\u0161, kas veicina vesel\u012bgu p\u0113du att\u012bst\u012bbu, koordin\u0101ciju un izt\u0113li. Unik\u0101las dabiskas tekst\u016bras p\u0101rv\u0113r\u0161 ikdienas kust\u012bbas par jautru sensorisku piedz\u012bvojumu.","robots":{"index":"index","follow":"follow","max-snippet":"max-snippet:-1","max-image-preview":"max-image-preview:large","max-video-preview":"max-video-preview:-1"},"canonical":"https:\/\/ortoto.com\/lv\/products\/sensorais-paklajs-pilns-komplekts-2\/","og_locale":"lv_LV","og_type":"article","og_title":"%%%%%%%Sensorais pakl\u0101js (pilns komplekts)% % -% %","og_description":"Augstas klases sensorais sp\u0113\u013cu pakl\u0101ji\u0146\u0161, kas veicina vesel\u012bgu p\u0113du att\u012bst\u012bbu, koordin\u0101ciju un izt\u0113li. Unik\u0101las dabiskas tekst\u016bras p\u0101rv\u0113r\u0161 ikdienas kust\u012bbas par jautru sensorisku piedz\u012bvojumu.","og_url":"https:\/\/ortoto.com\/lv\/products\/sensorais-paklajs-pilns-komplekts-2\/","og_site_name":"Ortoto","article_modified_time":"2026-05-06T00:24:07+00:00","og_image":[{"width":768,"height":1024,"url":"https:\/\/ortoto.com\/app\/uploads\/2025\/01\/Adobe-Express-file-1-768x1024.png","type":"image\/png"}],"twitter_card":"summary_large_image","schema":{"@context":"https:\/\/schema.org","@graph":[{"@type":"WebPage","@id":"https:\/\/ortoto.com\/lv\/products\/sensorais-paklajs-pilns-komplekts-2\/","url":"https:\/\/ortoto.com\/lv\/products\/sensorais-paklajs-pilns-komplekts-2\/","name":"%%%%%%%Sensorais pakl\u0101js (pilns komplekts)% % -% %","isPartOf":{"@id":"https:\/\/ortoto.com\/lv\/#website"},"primaryImageOfPage":{"@id":"https:\/\/ortoto.com\/lv\/products\/sensorais-paklajs-pilns-komplekts-2\/#primaryimage"},"image":{"@id":"https:\/\/ortoto.com\/lv\/products\/sensorais-paklajs-pilns-komplekts-2\/#primaryimage"},"thumbnailUrl":"https:\/\/ortoto.com\/app\/uploads\/2025\/01\/Adobe-Express-file-1.png","datePublished":"2025-02-12T21:41:09+00:00","dateModified":"2026-05-06T00:24:07+00:00","description":"Augstas klases sensorais sp\u0113\u013cu pakl\u0101ji\u0146\u0161, kas veicina vesel\u012bgu p\u0113du att\u012bst\u012bbu, koordin\u0101ciju un izt\u0113li. Unik\u0101las dabiskas tekst\u016bras p\u0101rv\u0113r\u0161 ikdienas kust\u012bbas par jautru sensorisku piedz\u012bvojumu.","breadcrumb":{"@id":"https:\/\/ortoto.com\/lv\/products\/sensorais-paklajs-pilns-komplekts-2\/#breadcrumb"},"inLanguage":"lv","potentialAction":[{"@type":"ReadAction","target":["https:\/\/ortoto.com\/lv\/products\/sensorais-paklajs-pilns-komplekts-2\/"]}]},{"@type":"ImageObject","inLanguage":"lv","@id":"https:\/\/ortoto.com\/lv\/products\/sensorais-paklajs-pilns-komplekts-2\/#primaryimage","url":"https:\/\/ortoto.com\/app\/uploads\/2025\/01\/Adobe-Express-file-1.png","contentUrl":"https:\/\/ortoto.com\/app\/uploads\/2025\/01\/Adobe-Express-file-1.png","width":1920,"height":2560},{"@type":"BreadcrumbList","@id":"https:\/\/ortoto.com\/lv\/products\/sensorais-paklajs-pilns-komplekts-2\/#breadcrumb","itemListElement":[{"@type":"ListItem","position":1,"name":"S\u0101kums","item":"https:\/\/ortoto.com\/lv\/"},{"@type":"ListItem","position":2,"name":"Veikals","item":"https:\/\/ortoto.com\/veikals\/"},{"@type":"ListItem","position":3,"name":"Sensorais pakl\u0101js (pilns komplekts)"}]},{"@type":"WebSite","@id":"https:\/\/ortoto.com\/lv\/#website","url":"https:\/\/ortoto.com\/lv\/","name":"Ortoto","description":"Massage Puzzle Mats","potentialAction":[{"@type":"SearchAction","target":{"@type":"EntryPoint","urlTemplate":"https:\/\/ortoto.com\/lv\/?s={search_term_string}"},"query-input":{"@type":"PropertyValueSpecification","valueRequired":true,"valueName":"search_term_string"}}],"inLanguage":"lv"}]}},"_links":{"self":[{"href":"https:\/\/ortoto.com\/lv\/wp-json\/wp\/v2\/product\/5221","targetHints":{"allow":["GET"]}}],"collection":[{"href":"https:\/\/ortoto.com\/lv\/wp-json\/wp\/v2\/product"}],"about":[{"href":"https:\/\/ortoto.com\/lv\/wp-json\/wp\/v2\/types\/product"}],"replies":[{"embeddable":true,"href":"https:\/\/ortoto.com\/lv\/wp-json\/wp\/v2\/comments?post=5221"}],"version-history":[{"count":2,"href":"https:\/\/ortoto.com\/lv\/wp-json\/wp\/v2\/product\/5221\/revisions"}],"predecessor-version":[{"id":5234,"href":"https:\/\/ortoto.com\/lv\/wp-json\/wp\/v2\/product\/5221\/revisions\/5234"}],"wp:featuredmedia":[{"embeddable":true,"href":"https:\/\/ortoto.com\/lv\/wp-json\/wp\/v2\/media\/1888"}],"wp:attachment":[{"href":"https:\/\/ortoto.com\/lv\/wp-json\/wp\/v2\/media?parent=5221"}],"wp:term":[{"taxonomy":"product_brand","embeddable":true,"href":"https:\/\/ortoto.com\/lv\/wp-json\/wp\/v2\/product_brand?post=5221"},{"taxonomy":"product_cat","embeddable":true,"href":"https:\/\/ortoto.com\/lv\/wp-json\/wp\/v2\/product_cat?post=5221"},{"taxonomy":"product_tag","embeddable":true,"href":"https:\/\/ortoto.com\/lv\/wp-json\/wp\/v2\/product_tag?post=5221"}],"curies":[{"name":"wp","href":"https:\/\/api.w.org\/{rel}","templated":true}]}}