{"id":5257,"date":"2025-02-13T11:43:01","date_gmt":"2025-02-13T11:43:01","guid":{"rendered":"https:\/\/ortoto.com\/product\/sensorais-paklajs-sakuma-komplekts-3\/"},"modified":"2026-05-06T02:24:05","modified_gmt":"2026-05-06T00:24:05","slug":"sensorais-paklajs-sakuma-komplekts-3","status":"publish","type":"product","link":"https:\/\/ortoto.com\/lv\/products\/sensorais-paklajs-sakuma-komplekts-3\/","title":{"rendered":"Sensorais pakl\u0101js (s\u0101kuma komplekts)"},"content":{"rendered":"<div style=\"width: 640px;\" class=\"wp-video\"><video class=\"wp-video-shortcode\" id=\"video-5257-1\" width=\"640\" height=\"360\" preload=\"metadata\" controls=\"controls\"><source type=\"video\/mp4\" src=\"https:\/\/ortoto.com\/app\/uploads\/2024\/10\/videoplaceholder.mp4?_=1\" \/><a href=\"https:\/\/ortoto.com\/app\/uploads\/2024\/10\/videoplaceholder.mp4\">https:\/\/ortoto.com\/app\/uploads\/2024\/10\/videoplaceholder.mp4<\/a><\/video><\/div>\n","protected":false},"excerpt":{"rendered":"<p>Atkl\u0101jiet aizraujo\u0161as ainavas ar saj\u016btu prieku! M\u016bsu iepaz\u012b\u0161an\u0101s ORTOTO sensor\u0101 rota\u013cu pakl\u0101ji\u0146a komplekts sniedz \u0101ra piedz\u012bvojumus tie\u0161i j\u016bsu m\u0101j\u0101s! Ar autentisk\u0101m, dab\u0101 atveidot\u0101m virsm\u0101m, kas j\u016bsu mazu\u013ciem sniegs daudz stundu jautras un vesel\u012bgas izklaides.  <\/p>\n","protected":false},"featured_media":4399,"comment_status":"open","ping_status":"closed","template":"","meta":{"_acf_changed":false},"product_brand":[],"product_cat":[100],"product_tag":[],"class_list":{"0":"post-5257","1":"product","2":"type-product","3":"status-publish","4":"has-post-thumbnail","6":"product_cat-berni-basam-kajam-majas","8":"first","9":"instock","10":"featured","11":"taxable","12":"shipping-taxable","13":"purchasable","14":"product-type-variable","15":"has-default-attributes"},"acf":[],"yoast_head":"<!-- This site is optimized with the Yoast SEO plugin v26.5 - https:\/\/yoast.com\/wordpress\/plugins\/seo\/ -->\n<title>%%%%%%%Sensorais pakl\u0101js (s\u0101kuma komplekts)% % -% %<\/title>\n<meta name=\"description\" content=\"Spilgts sensorais sp\u0113\u013cu pakl\u0101js, kas veicina kust\u012bbas, koordin\u0101ciju un sensor\u0101s izp\u0113tes iesp\u0113jas. Izstr\u0101d\u0101ts, lai padar\u012btu vesel\u012bgu ieradumu, piem\u0113ram, sp\u0113li jau no pirm\u0101 so\u013ca.\" \/>\n<meta name=\"robots\" content=\"index, follow, max-snippet:-1, max-image-preview:large, max-video-preview:-1\" \/>\n<link rel=\"canonical\" href=\"https:\/\/ortoto.com\/lv\/products\/sensorais-paklajs-sakuma-komplekts-3\/\" \/>\n<meta property=\"og:locale\" content=\"lv_LV\" \/>\n<meta property=\"og:type\" content=\"article\" \/>\n<meta property=\"og:title\" content=\"%%%%%%%Sensorais pakl\u0101js (s\u0101kuma komplekts)% % -% %\" \/>\n<meta property=\"og:description\" content=\"Spilgts sensorais sp\u0113\u013cu pakl\u0101js, kas veicina kust\u012bbas, koordin\u0101ciju un sensor\u0101s izp\u0113tes iesp\u0113jas. Izstr\u0101d\u0101ts, lai padar\u012btu vesel\u012bgu ieradumu, piem\u0113ram, sp\u0113li jau no pirm\u0101 so\u013ca.\" \/>\n<meta property=\"og:url\" content=\"https:\/\/ortoto.com\/lv\/products\/sensorais-paklajs-sakuma-komplekts-3\/\" \/>\n<meta property=\"og:site_name\" content=\"Ortoto\" \/>\n<meta property=\"article:modified_time\" content=\"2026-05-06T00:24:05+00:00\" \/>\n<meta property=\"og:image\" content=\"https:\/\/ortoto.com\/app\/uploads\/2025\/02\/Ortoto_Comb2_Scene1_C_noBG_new-940x1024.png\" \/>\n\t<meta property=\"og:image:width\" content=\"940\" \/>\n\t<meta property=\"og:image:height\" content=\"1024\" \/>\n\t<meta property=\"og:image:type\" content=\"image\/png\" \/>\n<meta name=\"twitter:card\" content=\"summary_large_image\" \/>\n<script type=\"application\/ld+json\" class=\"yoast-schema-graph\">{\"@context\":\"https:\/\/schema.org\",\"@graph\":[{\"@type\":\"WebPage\",\"@id\":\"https:\/\/ortoto.com\/lv\/products\/sensorais-paklajs-sakuma-komplekts-3\/\",\"url\":\"https:\/\/ortoto.com\/lv\/products\/sensorais-paklajs-sakuma-komplekts-3\/\",\"name\":\"%%%%%%%Sensorais pakl\u0101js (s\u0101kuma komplekts)% % -% %\",\"isPartOf\":{\"@id\":\"https:\/\/ortoto.com\/lv\/#website\"},\"primaryImageOfPage\":{\"@id\":\"https:\/\/ortoto.com\/lv\/products\/sensorais-paklajs-sakuma-komplekts-3\/#primaryimage\"},\"image\":{\"@id\":\"https:\/\/ortoto.com\/lv\/products\/sensorais-paklajs-sakuma-komplekts-3\/#primaryimage\"},\"thumbnailUrl\":\"https:\/\/ortoto.com\/app\/uploads\/2025\/02\/Ortoto_Comb2_Scene1_C_noBG_new.png\",\"datePublished\":\"2025-02-13T11:43:01+00:00\",\"dateModified\":\"2026-05-06T00:24:05+00:00\",\"description\":\"Spilgts sensorais sp\u0113\u013cu pakl\u0101js, kas veicina kust\u012bbas, koordin\u0101ciju un sensor\u0101s izp\u0113tes iesp\u0113jas. Izstr\u0101d\u0101ts, lai padar\u012btu vesel\u012bgu ieradumu, piem\u0113ram, sp\u0113li jau no pirm\u0101 so\u013ca.\",\"breadcrumb\":{\"@id\":\"https:\/\/ortoto.com\/lv\/products\/sensorais-paklajs-sakuma-komplekts-3\/#breadcrumb\"},\"inLanguage\":\"lv\",\"potentialAction\":[{\"@type\":\"ReadAction\",\"target\":[\"https:\/\/ortoto.com\/lv\/products\/sensorais-paklajs-sakuma-komplekts-3\/\"]}]},{\"@type\":\"ImageObject\",\"inLanguage\":\"lv\",\"@id\":\"https:\/\/ortoto.com\/lv\/products\/sensorais-paklajs-sakuma-komplekts-3\/#primaryimage\",\"url\":\"https:\/\/ortoto.com\/app\/uploads\/2025\/02\/Ortoto_Comb2_Scene1_C_noBG_new.png\",\"contentUrl\":\"https:\/\/ortoto.com\/app\/uploads\/2025\/02\/Ortoto_Comb2_Scene1_C_noBG_new.png\",\"width\":1302,\"height\":1419},{\"@type\":\"BreadcrumbList\",\"@id\":\"https:\/\/ortoto.com\/lv\/products\/sensorais-paklajs-sakuma-komplekts-3\/#breadcrumb\",\"itemListElement\":[{\"@type\":\"ListItem\",\"position\":1,\"name\":\"S\u0101kums\",\"item\":\"https:\/\/ortoto.com\/lv\/\"},{\"@type\":\"ListItem\",\"position\":2,\"name\":\"Veikals\",\"item\":\"https:\/\/ortoto.com\/veikals\/\"},{\"@type\":\"ListItem\",\"position\":3,\"name\":\"Sensorais pakl\u0101js (s\u0101kuma komplekts)\"}]},{\"@type\":\"WebSite\",\"@id\":\"https:\/\/ortoto.com\/lv\/#website\",\"url\":\"https:\/\/ortoto.com\/lv\/\",\"name\":\"Ortoto\",\"description\":\"Massage Puzzle Mats\",\"potentialAction\":[{\"@type\":\"SearchAction\",\"target\":{\"@type\":\"EntryPoint\",\"urlTemplate\":\"https:\/\/ortoto.com\/lv\/?s={search_term_string}\"},\"query-input\":{\"@type\":\"PropertyValueSpecification\",\"valueRequired\":true,\"valueName\":\"search_term_string\"}}],\"inLanguage\":\"lv\"}]}<\/script>\n<!-- \/ Yoast SEO plugin. -->","yoast_head_json":{"title":"%%%%%%%Sensorais pakl\u0101js (s\u0101kuma komplekts)% % -% %","description":"Spilgts sensorais sp\u0113\u013cu pakl\u0101js, kas veicina kust\u012bbas, koordin\u0101ciju un sensor\u0101s izp\u0113tes iesp\u0113jas. Izstr\u0101d\u0101ts, lai padar\u012btu vesel\u012bgu ieradumu, piem\u0113ram, sp\u0113li jau no pirm\u0101 so\u013ca.","robots":{"index":"index","follow":"follow","max-snippet":"max-snippet:-1","max-image-preview":"max-image-preview:large","max-video-preview":"max-video-preview:-1"},"canonical":"https:\/\/ortoto.com\/lv\/products\/sensorais-paklajs-sakuma-komplekts-3\/","og_locale":"lv_LV","og_type":"article","og_title":"%%%%%%%Sensorais pakl\u0101js (s\u0101kuma komplekts)% % -% %","og_description":"Spilgts sensorais sp\u0113\u013cu pakl\u0101js, kas veicina kust\u012bbas, koordin\u0101ciju un sensor\u0101s izp\u0113tes iesp\u0113jas. Izstr\u0101d\u0101ts, lai padar\u012btu vesel\u012bgu ieradumu, piem\u0113ram, sp\u0113li jau no pirm\u0101 so\u013ca.","og_url":"https:\/\/ortoto.com\/lv\/products\/sensorais-paklajs-sakuma-komplekts-3\/","og_site_name":"Ortoto","article_modified_time":"2026-05-06T00:24:05+00:00","og_image":[{"width":940,"height":1024,"url":"https:\/\/ortoto.com\/app\/uploads\/2025\/02\/Ortoto_Comb2_Scene1_C_noBG_new-940x1024.png","type":"image\/png"}],"twitter_card":"summary_large_image","schema":{"@context":"https:\/\/schema.org","@graph":[{"@type":"WebPage","@id":"https:\/\/ortoto.com\/lv\/products\/sensorais-paklajs-sakuma-komplekts-3\/","url":"https:\/\/ortoto.com\/lv\/products\/sensorais-paklajs-sakuma-komplekts-3\/","name":"%%%%%%%Sensorais pakl\u0101js (s\u0101kuma komplekts)% % -% %","isPartOf":{"@id":"https:\/\/ortoto.com\/lv\/#website"},"primaryImageOfPage":{"@id":"https:\/\/ortoto.com\/lv\/products\/sensorais-paklajs-sakuma-komplekts-3\/#primaryimage"},"image":{"@id":"https:\/\/ortoto.com\/lv\/products\/sensorais-paklajs-sakuma-komplekts-3\/#primaryimage"},"thumbnailUrl":"https:\/\/ortoto.com\/app\/uploads\/2025\/02\/Ortoto_Comb2_Scene1_C_noBG_new.png","datePublished":"2025-02-13T11:43:01+00:00","dateModified":"2026-05-06T00:24:05+00:00","description":"Spilgts sensorais sp\u0113\u013cu pakl\u0101js, kas veicina kust\u012bbas, koordin\u0101ciju un sensor\u0101s izp\u0113tes iesp\u0113jas. Izstr\u0101d\u0101ts, lai padar\u012btu vesel\u012bgu ieradumu, piem\u0113ram, sp\u0113li jau no pirm\u0101 so\u013ca.","breadcrumb":{"@id":"https:\/\/ortoto.com\/lv\/products\/sensorais-paklajs-sakuma-komplekts-3\/#breadcrumb"},"inLanguage":"lv","potentialAction":[{"@type":"ReadAction","target":["https:\/\/ortoto.com\/lv\/products\/sensorais-paklajs-sakuma-komplekts-3\/"]}]},{"@type":"ImageObject","inLanguage":"lv","@id":"https:\/\/ortoto.com\/lv\/products\/sensorais-paklajs-sakuma-komplekts-3\/#primaryimage","url":"https:\/\/ortoto.com\/app\/uploads\/2025\/02\/Ortoto_Comb2_Scene1_C_noBG_new.png","contentUrl":"https:\/\/ortoto.com\/app\/uploads\/2025\/02\/Ortoto_Comb2_Scene1_C_noBG_new.png","width":1302,"height":1419},{"@type":"BreadcrumbList","@id":"https:\/\/ortoto.com\/lv\/products\/sensorais-paklajs-sakuma-komplekts-3\/#breadcrumb","itemListElement":[{"@type":"ListItem","position":1,"name":"S\u0101kums","item":"https:\/\/ortoto.com\/lv\/"},{"@type":"ListItem","position":2,"name":"Veikals","item":"https:\/\/ortoto.com\/veikals\/"},{"@type":"ListItem","position":3,"name":"Sensorais pakl\u0101js (s\u0101kuma komplekts)"}]},{"@type":"WebSite","@id":"https:\/\/ortoto.com\/lv\/#website","url":"https:\/\/ortoto.com\/lv\/","name":"Ortoto","description":"Massage Puzzle Mats","potentialAction":[{"@type":"SearchAction","target":{"@type":"EntryPoint","urlTemplate":"https:\/\/ortoto.com\/lv\/?s={search_term_string}"},"query-input":{"@type":"PropertyValueSpecification","valueRequired":true,"valueName":"search_term_string"}}],"inLanguage":"lv"}]}},"_links":{"self":[{"href":"https:\/\/ortoto.com\/lv\/wp-json\/wp\/v2\/product\/5257","targetHints":{"allow":["GET"]}}],"collection":[{"href":"https:\/\/ortoto.com\/lv\/wp-json\/wp\/v2\/product"}],"about":[{"href":"https:\/\/ortoto.com\/lv\/wp-json\/wp\/v2\/types\/product"}],"replies":[{"embeddable":true,"href":"https:\/\/ortoto.com\/lv\/wp-json\/wp\/v2\/comments?post=5257"}],"version-history":[{"count":1,"href":"https:\/\/ortoto.com\/lv\/wp-json\/wp\/v2\/product\/5257\/revisions"}],"predecessor-version":[{"id":5265,"href":"https:\/\/ortoto.com\/lv\/wp-json\/wp\/v2\/product\/5257\/revisions\/5265"}],"wp:featuredmedia":[{"embeddable":true,"href":"https:\/\/ortoto.com\/lv\/wp-json\/wp\/v2\/media\/4399"}],"wp:attachment":[{"href":"https:\/\/ortoto.com\/lv\/wp-json\/wp\/v2\/media?parent=5257"}],"wp:term":[{"taxonomy":"product_brand","embeddable":true,"href":"https:\/\/ortoto.com\/lv\/wp-json\/wp\/v2\/product_brand?post=5257"},{"taxonomy":"product_cat","embeddable":true,"href":"https:\/\/ortoto.com\/lv\/wp-json\/wp\/v2\/product_cat?post=5257"},{"taxonomy":"product_tag","embeddable":true,"href":"https:\/\/ortoto.com\/lv\/wp-json\/wp\/v2\/product_tag?post=5257"}],"curies":[{"name":"wp","href":"https:\/\/api.w.org\/{rel}","templated":true}]}}